{"id":860,"date":"2021-04-30T21:16:42","date_gmt":"2021-05-01T02:16:42","guid":{"rendered":"http:\/\/web.undar.edu.pe\/?page_id=860"},"modified":"2025-03-25T15:56:00","modified_gmt":"2025-03-25T20:56:00","slug":"programa-de-insercion-laboral-y-seguimiento-al-egresado-inicio","status":"publish","type":"page","link":"http:\/\/www.undar.edu.pe\/index.php\/programa-de-insercion-laboral-y-seguimiento-al-egresado-inicio\/","title":{"rendered":"PROGRAMA DE INSERCI\u00d3N LABORAL Y SEGUIMIENTO AL EGRESADO &#8211; INICIO"},"content":{"rendered":"\t\t<div data-elementor-type=\"wp-page\" data-elementor-id=\"860\" class=\"elementor elementor-860\" data-elementor-post-type=\"page\">\n\t\t\t\t\t\t<section class=\"elementor-section elementor-top-section elementor-element elementor-element-65510cb2 elementor-section-full_width elementor-section-content-space-between elementor-section-height-default elementor-section-height-default\" data-id=\"65510cb2\" data-element_type=\"section\">\n\t\t\t\t\t\t<div class=\"elementor-container elementor-column-gap-no\">\n\t\t\t\t\t<div class=\"elementor-column elementor-col-100 elementor-top-column elementor-element elementor-element-7002b566\" data-id=\"7002b566\" data-element_type=\"column\">\n\t\t\t<div class=\"elementor-widget-wrap elementor-element-populated\">\n\t\t\t\t\t\t<div class=\"elementor-element elementor-element-1d701f26 elementor-widget__width-inherit elementor--h-position-center elementor--v-position-middle elementor-arrows-position-inside elementor-widget elementor-widget-slides\" data-id=\"1d701f26\" data-element_type=\"widget\" data-settings=\"{&quot;navigation&quot;:&quot;arrows&quot;,&quot;motion_fx_motion_fx_scrolling&quot;:&quot;yes&quot;,&quot;autoplay&quot;:&quot;yes&quot;,&quot;pause_on_hover&quot;:&quot;yes&quot;,&quot;pause_on_interaction&quot;:&quot;yes&quot;,&quot;autoplay_speed&quot;:5000,&quot;infinite&quot;:&quot;yes&quot;,&quot;transition&quot;:&quot;slide&quot;,&quot;transition_speed&quot;:500,&quot;motion_fx_devices&quot;:[&quot;desktop&quot;,&quot;tablet&quot;,&quot;mobile&quot;]}\" data-widget_type=\"slides.default\">\n\t\t\t\t<div class=\"elementor-widget-container\">\n\t\t\t\t\t<div class=\"elementor-swiper\">\n\t\t\t<div class=\"elementor-slides-wrapper elementor-main-swiper swiper\" dir=\"ltr\" data-animation=\"fadeInUp\">\n\t\t\t\t<div class=\"swiper-wrapper elementor-slides\">\n\t\t\t\t\t\t\t\t\t\t<div class=\"elementor-repeater-item-378399b swiper-slide\"><div class=\"swiper-slide-bg\" role=\"img\"><\/div><div class=\"elementor-background-overlay\"><\/div><div class=\"swiper-slide-inner\" ><div class=\"swiper-slide-contents\"><div class=\"elementor-slide-heading\">PROGRAMA DE INSERCI\u00d3N LABORAL <BR> Y SEGUIMIENTO AL EGRESADO<\/div><\/div><\/div><\/div>\t\t\t\t<\/div>\n\t\t\t\t\t\t\t<\/div>\n\t\t<\/div>\n\t\t\t\t<\/div>\n\t\t\t\t<\/div>\n\t\t\t\t\t<\/div>\n\t\t<\/div>\n\t\t\t\t\t<\/div>\n\t\t<\/section>\n\t\t\t\t<section class=\"elementor-section elementor-top-section elementor-element elementor-element-c0febf6 elementor-section-boxed elementor-section-height-default elementor-section-height-default\" data-id=\"c0febf6\" data-element_type=\"section\" data-settings=\"{&quot;background_background&quot;:&quot;classic&quot;}\">\n\t\t\t\t\t\t<div class=\"elementor-container elementor-column-gap-default\">\n\t\t\t\t\t<div class=\"elementor-column elementor-col-100 elementor-top-column elementor-element elementor-element-7e2ed9f\" data-id=\"7e2ed9f\" data-element_type=\"column\">\n\t\t\t<div class=\"elementor-widget-wrap elementor-element-populated\">\n\t\t\t\t\t\t<div class=\"elementor-element elementor-element-b50888a elementor-nav-menu--dropdown-tablet elementor-nav-menu__text-align-aside elementor-nav-menu--toggle elementor-nav-menu--burger elementor-widget elementor-widget-nav-menu\" data-id=\"b50888a\" data-element_type=\"widget\" data-settings=\"{&quot;layout&quot;:&quot;horizontal&quot;,&quot;submenu_icon&quot;:{&quot;value&quot;:&quot;&lt;i class=\\&quot;fas fa-caret-down\\&quot;&gt;&lt;\\\/i&gt;&quot;,&quot;library&quot;:&quot;fa-solid&quot;},&quot;toggle&quot;:&quot;burger&quot;}\" data-widget_type=\"nav-menu.default\">\n\t\t\t\t<div class=\"elementor-widget-container\">\n\t\t\t\t\t\t<nav aria-label=\"Men\u00fa\" class=\"elementor-nav-menu--main elementor-nav-menu__container elementor-nav-menu--layout-horizontal e--pointer-underline e--animation-fade\">\n\t\t\t\t<ul id=\"menu-1-b50888a\" class=\"elementor-nav-menu\"><li class=\"menu-item menu-item-type-custom menu-item-object-custom menu-item-779\"><a href=\"https:\/\/www.undar.edu.pe\/index.php\/programa-de-insercion-laboral-y-seguimiento-al-egresado-inicio\/\" class=\"elementor-item\">Inicio<\/a><\/li>\n<li class=\"menu-item menu-item-type-custom menu-item-object-custom menu-item-780\"><a href=\"https:\/\/www.undar.edu.pe\/index.php\/programa-de-insercion-laboral-y-seguimiento-al-egresado-bolsa-de-trabajo\/\" class=\"elementor-item\">Bolsa de Trabajo<\/a><\/li>\n<li class=\"menu-item menu-item-type-custom menu-item-object-custom menu-item-59362\"><a href=\"https:\/\/www.undar.edu.pe\/index.php\/programa-de-insercion-laboral-y-seguimiento-al-egresado-empresa\/\" class=\"elementor-item\">Empresa<\/a><\/li>\n<li class=\"menu-item menu-item-type-custom menu-item-object-custom menu-item-59363\"><a href=\"https:\/\/www.undar.edu.pe\/index.php\/programa-de-insercion-laboral-y-seguimiento-al-egresado-seguimiento-al-egresado\/\" class=\"elementor-item\">Seguimiento al Egresado<\/a><\/li>\n<li class=\"menu-item menu-item-type-custom menu-item-object-custom menu-item-783\"><a href=\"https:\/\/www.undar.edu.pe\/index.php\/programa-de-insercion-laboral-y-seguimiento-al-egresado-talleres-y-charlas\" class=\"elementor-item\">Talleres y charlas<\/a><\/li>\n<li class=\"menu-item menu-item-type-custom menu-item-object-custom menu-item-784\"><a href=\"https:\/\/www.undar.edu.pe\/index.php\/programa-de-insercion-laboral-y-seguimiento-al-egresado-informacion-de-interes\" class=\"elementor-item\">Informaci\u00f3n de inter\u00e9s<\/a><\/li>\n<\/ul>\t\t\t<\/nav>\n\t\t\t\t\t<div class=\"elementor-menu-toggle\" role=\"button\" tabindex=\"0\" aria-label=\"Alternar men\u00fa\" aria-expanded=\"false\">\n\t\t\t<i aria-hidden=\"true\" role=\"presentation\" class=\"elementor-menu-toggle__icon--open eicon-menu-bar\"><\/i><i aria-hidden=\"true\" role=\"presentation\" class=\"elementor-menu-toggle__icon--close eicon-close\"><\/i>\t\t\t<span class=\"elementor-screen-only\">Men\u00fa<\/span>\n\t\t<\/div>\n\t\t\t\t\t<nav class=\"elementor-nav-menu--dropdown elementor-nav-menu__container\" aria-hidden=\"true\">\n\t\t\t\t<ul id=\"menu-2-b50888a\" class=\"elementor-nav-menu\"><li class=\"menu-item menu-item-type-custom menu-item-object-custom menu-item-779\"><a href=\"https:\/\/www.undar.edu.pe\/index.php\/programa-de-insercion-laboral-y-seguimiento-al-egresado-inicio\/\" class=\"elementor-item\" tabindex=\"-1\">Inicio<\/a><\/li>\n<li class=\"menu-item menu-item-type-custom menu-item-object-custom menu-item-780\"><a href=\"https:\/\/www.undar.edu.pe\/index.php\/programa-de-insercion-laboral-y-seguimiento-al-egresado-bolsa-de-trabajo\/\" class=\"elementor-item\" tabindex=\"-1\">Bolsa de Trabajo<\/a><\/li>\n<li class=\"menu-item menu-item-type-custom menu-item-object-custom menu-item-59362\"><a href=\"https:\/\/www.undar.edu.pe\/index.php\/programa-de-insercion-laboral-y-seguimiento-al-egresado-empresa\/\" class=\"elementor-item\" tabindex=\"-1\">Empresa<\/a><\/li>\n<li class=\"menu-item menu-item-type-custom menu-item-object-custom menu-item-59363\"><a href=\"https:\/\/www.undar.edu.pe\/index.php\/programa-de-insercion-laboral-y-seguimiento-al-egresado-seguimiento-al-egresado\/\" class=\"elementor-item\" tabindex=\"-1\">Seguimiento al Egresado<\/a><\/li>\n<li class=\"menu-item menu-item-type-custom menu-item-object-custom menu-item-783\"><a href=\"https:\/\/www.undar.edu.pe\/index.php\/programa-de-insercion-laboral-y-seguimiento-al-egresado-talleres-y-charlas\" class=\"elementor-item\" tabindex=\"-1\">Talleres y charlas<\/a><\/li>\n<li class=\"menu-item menu-item-type-custom menu-item-object-custom menu-item-784\"><a href=\"https:\/\/www.undar.edu.pe\/index.php\/programa-de-insercion-laboral-y-seguimiento-al-egresado-informacion-de-interes\" class=\"elementor-item\" tabindex=\"-1\">Informaci\u00f3n de inter\u00e9s<\/a><\/li>\n<\/ul>\t\t\t<\/nav>\n\t\t\t\t<\/div>\n\t\t\t\t<\/div>\n\t\t\t\t\t<\/div>\n\t\t<\/div>\n\t\t\t\t\t<\/div>\n\t\t<\/section>\n\t\t\t\t<section class=\"elementor-section elementor-top-section elementor-element elementor-element-a4f11bd elementor-section-boxed elementor-section-height-default elementor-section-height-default\" data-id=\"a4f11bd\" data-element_type=\"section\">\n\t\t\t\t\t\t<div class=\"elementor-container elementor-column-gap-default\">\n\t\t\t\t\t<div class=\"elementor-column elementor-col-100 elementor-top-column elementor-element elementor-element-72f8261\" data-id=\"72f8261\" data-element_type=\"column\">\n\t\t\t<div class=\"elementor-widget-wrap elementor-element-populated\">\n\t\t\t\t\t\t<div class=\"elementor-element elementor-element-86dc58a elementor-widget elementor-widget-heading\" data-id=\"86dc58a\" data-element_type=\"widget\" data-widget_type=\"heading.default\">\n\t\t\t\t<div class=\"elementor-widget-container\">\n\t\t\t<h6 class=\"elementor-heading-title elementor-size-small\"><b>Universidad Nacional Daniel Alom\u00eda Robles<\/b> - Programa de Inserci\u00f3n Laboral y Seguimiento al Egresado - Inicio<\/h6>\t\t<\/div>\n\t\t\t\t<\/div>\n\t\t\t\t\t<\/div>\n\t\t<\/div>\n\t\t\t\t\t<\/div>\n\t\t<\/section>\n\t\t\t\t<section class=\"elementor-section elementor-top-section elementor-element elementor-element-6b96bae elementor-section-boxed elementor-section-height-default elementor-section-height-default\" data-id=\"6b96bae\" data-element_type=\"section\">\n\t\t\t\t\t\t<div class=\"elementor-container elementor-column-gap-default\">\n\t\t\t\t\t<div class=\"elementor-column elementor-col-50 elementor-top-column elementor-element elementor-element-c78f165\" data-id=\"c78f165\" data-element_type=\"column\">\n\t\t\t<div class=\"elementor-widget-wrap elementor-element-populated\">\n\t\t\t\t\t\t<div class=\"elementor-element elementor-element-43ab117 elementor-widget elementor-widget-text-editor\" data-id=\"43ab117\" data-element_type=\"widget\" data-widget_type=\"text-editor.default\">\n\t\t\t\t<div class=\"elementor-widget-container\">\n\t\t\t\t\t\t\t<p>La <span style=\"color: #b3224e;\"><strong>Direcci\u00f3n de Bienestar Universitario<\/strong><\/span>, a trav\u00e9s del Programa de Inserci\u00f3n Laboral y Seguimiento al Egresado, fomenta un v\u00ednculo permanente entre estudiantes y egresados con la universidad, intercede y promueve mecanismos que faciliten la inserci\u00f3n laboral y mejoren la empleabilidad de los egresados. Adem\u00e1s, recopila informaci\u00f3n sobre la situaci\u00f3n laboral y el desempe\u00f1o de los egresados, lo cual permite evaluar la calidad y pertinencia de la educaci\u00f3n superior brindada.<\/p><ul><li><span style=\"color: #f6921e;\"><strong>Bolsa de Trabajo:<\/strong><\/span> es un servicio orientado a brindar informaci\u00f3n sobre las ofertas laborales de empresas p\u00fablicas o privadas para que el estudiante o egresado establezca contacto con ellas y finalmente logre obtener el trabajo deseado.<\/li><\/ul><ul><li><strong><span style=\"color: #f6921e;\">Seguimiento al Egresado:<\/span><\/strong> Tiene como finalidad obtener informaci\u00f3n de la situaci\u00f3n laboral y del desempe\u00f1o de los egresados para evaluar la calidad y pertinencia de la educaci\u00f3n superior brindada y proponer mecanismos que contribuyan a la mejora de su rendimiento acad\u00e9mico-profesional.<\/li><\/ul>\t\t\t\t\t\t<\/div>\n\t\t\t\t<\/div>\n\t\t\t\t\t<\/div>\n\t\t<\/div>\n\t\t\t\t<div class=\"elementor-column elementor-col-50 elementor-top-column elementor-element elementor-element-82836f8\" data-id=\"82836f8\" data-element_type=\"column\">\n\t\t\t<div class=\"elementor-widget-wrap elementor-element-populated\">\n\t\t\t\t\t\t<div class=\"elementor-element elementor-element-4d9d2c6 elementor-widget elementor-widget-image\" data-id=\"4d9d2c6\" data-element_type=\"widget\" data-widget_type=\"image.default\">\n\t\t\t\t<div class=\"elementor-widget-container\">\n\t\t\t\t\t\t\t\t\t\t\t\t\t<img fetchpriority=\"high\" decoding=\"async\" width=\"800\" height=\"534\" src=\"http:\/\/www.undar.edu.pe\/wp-content\/uploads\/2022\/01\/Insercion-laboral-y-seguimiento-al-egresado_web-1024x684.jpg\" class=\"attachment-large size-large wp-image-8429\" alt=\"\" srcset=\"http:\/\/www.undar.edu.pe\/wp-content\/uploads\/2022\/01\/Insercion-laboral-y-seguimiento-al-egresado_web-1024x684.jpg 1024w, http:\/\/www.undar.edu.pe\/wp-content\/uploads\/2022\/01\/Insercion-laboral-y-seguimiento-al-egresado_web-300x200.jpg 300w, http:\/\/www.undar.edu.pe\/wp-content\/uploads\/2022\/01\/Insercion-laboral-y-seguimiento-al-egresado_web-768x513.jpg 768w, http:\/\/www.undar.edu.pe\/wp-content\/uploads\/2022\/01\/Insercion-laboral-y-seguimiento-al-egresado_web-1536x1025.jpg 1536w, http:\/\/www.undar.edu.pe\/wp-content\/uploads\/2022\/01\/Insercion-laboral-y-seguimiento-al-egresado_web-2048x1367.jpg 2048w\" sizes=\"(max-width: 800px) 100vw, 800px\" \/>\t\t\t\t\t\t\t\t\t\t\t\t\t<\/div>\n\t\t\t\t<\/div>\n\t\t\t\t<div class=\"elementor-element elementor-element-ea445ee elementor-widget elementor-widget-text-editor\" data-id=\"ea445ee\" data-element_type=\"widget\" data-widget_type=\"text-editor.default\">\n\t\t\t\t<div class=\"elementor-widget-container\">\n\t\t\t\t\t\t\t<p><em>Especialista de Inserci\u00f3n Laboral y Seguimiento al Egresado trabajando en oficina.<\/em><\/p>\t\t\t\t\t\t<\/div>\n\t\t\t\t<\/div>\n\t\t\t\t\t<\/div>\n\t\t<\/div>\n\t\t\t\t\t<\/div>\n\t\t<\/section>\n\t\t\t\t<section class=\"elementor-section elementor-top-section elementor-element elementor-element-ee7f7ce elementor-section-boxed elementor-section-height-default elementor-section-height-default\" data-id=\"ee7f7ce\" data-element_type=\"section\">\n\t\t\t\t\t\t<div class=\"elementor-container elementor-column-gap-default\">\n\t\t\t\t\t<div class=\"elementor-column elementor-col-100 elementor-top-column elementor-element elementor-element-79a8cad\" data-id=\"79a8cad\" data-element_type=\"column\">\n\t\t\t<div class=\"elementor-widget-wrap elementor-element-populated\">\n\t\t\t\t\t\t<div class=\"elementor-element elementor-element-5bebafb elementor-widget elementor-widget-video\" data-id=\"5bebafb\" data-element_type=\"widget\" data-settings=\"{&quot;video_type&quot;:&quot;hosted&quot;,&quot;controls&quot;:&quot;yes&quot;}\" data-widget_type=\"video.default\">\n\t\t\t\t<div class=\"elementor-widget-container\">\n\t\t\t\t\t<div class=\"e-hosted-video elementor-wrapper elementor-open-inline\">\n\t\t\t\t\t<video class=\"elementor-video\" src=\"http:\/\/www.undar.edu.pe\/wp-content\/uploads\/2023\/05\/VIDEO-INSERCION-LABORAL-Y-SEGUIMIENTO-AL-EGRESADO.mp4\" controls=\"\" preload=\"metadata\" controlsList=\"nodownload\" poster=\"http:\/\/www.undar.edu.pe\/wp-content\/uploads\/2023\/05\/ILSE.png\"><\/video>\n\t\t\t\t<\/div>\n\t\t\t\t<\/div>\n\t\t\t\t<\/div>\n\t\t\t\t<section class=\"elementor-section elementor-inner-section elementor-element elementor-element-8808ce9 elementor-section-boxed elementor-section-height-default elementor-section-height-default\" data-id=\"8808ce9\" data-element_type=\"section\">\n\t\t\t\t\t\t<div class=\"elementor-container elementor-column-gap-default\">\n\t\t\t\t\t<div class=\"elementor-column elementor-col-100 elementor-inner-column elementor-element elementor-element-9c20ea4\" data-id=\"9c20ea4\" data-element_type=\"column\">\n\t\t\t<div class=\"elementor-widget-wrap elementor-element-populated\">\n\t\t\t\t\t\t<div class=\"elementor-element elementor-element-977ae0a elementor-widget elementor-widget-text-editor\" data-id=\"977ae0a\" data-element_type=\"widget\" data-widget_type=\"text-editor.default\">\n\t\t\t\t<div class=\"elementor-widget-container\">\n\t\t\t\t\t\t\t<p><em>Video del Programa de Inserci\u00f3n Laboral y Seguimiento al Egresado<\/em><\/p>\t\t\t\t\t\t<\/div>\n\t\t\t\t<\/div>\n\t\t\t\t<div class=\"elementor-element elementor-element-7e42b3a elementor-align-justify elementor-widget__width-inherit elementor-widget elementor-widget-button\" data-id=\"7e42b3a\" data-element_type=\"widget\" data-widget_type=\"button.default\">\n\t\t\t\t<div class=\"elementor-widget-container\">\n\t\t\t\t\t\t\t<div class=\"elementor-button-wrapper\">\n\t\t\t\t\t<a class=\"elementor-button elementor-button-link elementor-size-md\" href=\"https:\/\/www.undar.edu.pe\/index.php\/academico-direccion-de-bienestar-universitario-programas-y-servicios\/\">\n\t\t\t\t\t\t<span class=\"elementor-button-content-wrapper\">\n\t\t\t\t\t\t<span class=\"elementor-button-icon\">\n\t\t\t\t<i aria-hidden=\"true\" class=\"fas fa-arrow-left\"><\/i>\t\t\t<\/span>\n\t\t\t\t\t\t\t\t\t<span class=\"elementor-button-text\">VOLVER A PROGRAMAS Y SERVICIOS<\/span>\n\t\t\t\t\t<\/span>\n\t\t\t\t\t<\/a>\n\t\t\t\t<\/div>\n\t\t\t\t\t\t<\/div>\n\t\t\t\t<\/div>\n\t\t\t\t\t<\/div>\n\t\t<\/div>\n\t\t\t\t\t<\/div>\n\t\t<\/section>\n\t\t\t\t<div class=\"elementor-element elementor-element-9e67d81 elementor-widget elementor-widget-text-editor\" data-id=\"9e67d81\" data-element_type=\"widget\" data-widget_type=\"text-editor.default\">\n\t\t\t\t<div class=\"elementor-widget-container\">\n\t\t\t\t\t\t\t<p><span style=\"color: #343434;\"><button id=\"listenButton1\" class=\"responsivevoice-button\" type=\"button\" value=\"Play\" title=\"ResponsiveVoice Tap to Start\/Stop Speech\"><span>&#128266; Listen to this<\/span><\/button>\n        <script>\n            listenButton1.onclick = function(){\n                if(responsiveVoice.isPlaying()){\n                    responsiveVoice.cancel();\n                }else{\n                    responsiveVoice.speak(\"PROGRAMA DE INSERCI\u00d3N LABORAL Y SEGUIMIENTO AL EGRESADO Universidad Nacional Daniel Alom\u00eda Robles - Programa de Inserci\u00f3n Laboral y Seguimiento al Egresado - Inicio La Direcci\u00f3n de Bienestar Universitario, a trav\u00e9s del Programa de Inserci\u00f3n Laboral y Seguimiento al Egresado, fomenta un v\u00ednculo permanente entre estudiantes y egresados con la universidad, intercede y promueve mecanismos que faciliten la inserci\u00f3n laboral y mejoren la empleabilidad de los egresados. Adem\u00e1s, recopila informaci\u00f3n sobre la situaci\u00f3n laboral y el desempe\u00f1o de los egresados, lo cual permite evaluar la calidad y pertinencia de la educaci\u00f3n superior brindada.Bolsa de Trabajo: es un servicio orientado a brindar informaci\u00f3n sobre las ofertas laborales de empresas p\u00fablicas o privadas para que el estudiante o egresado establezca contacto con ellas y finalmente logre obtener el trabajo deseado.Seguimiento al Egresado: Tiene como finalidad obtener informaci\u00f3n de la situaci\u00f3n laboral y del desempe\u00f1o de los egresados para evaluar la calidad y pertinencia de la educaci\u00f3n superior brindada y proponer mecanismos que contribuyan a la mejora de su rendimiento acad\u00e9mico-profesional. Especialista de Inserci\u00f3n Laboral y Seguimiento al Egresado trabajando en oficina.http:\/\/www.undar.edu.pe\/wp-content\/uploads\/2023\/05\/VIDEO-INSERCION-LABORAL-Y-SEGUIMIENTO-AL-EGRESADO.mp4Video del Programa de Inserci\u00f3n Laboral y Seguimiento al Egresado VOLVER A PROGRAMAS Y SERVICIOS \u00a0 Contacte con nosotros: L\u00cdNEA DE ATENCI\u00d3N (062) 289 722 ESCR\u00cdBENOS bolsadetrabajo@undar.edu.pe seguimientoalegresado@undar.edu.pe UB\u00cdCANOS Jr. Hermilio Valdiz\u00e1n # 653, Hu\u00e1nuco - Per\u00fa\", \"UK English Female\");\n                }\n            };\n        <\/script>\n    \u00a0<\/span><\/p>\t\t\t\t\t\t<\/div>\n\t\t\t\t<\/div>\n\t\t\t\t\t<\/div>\n\t\t<\/div>\n\t\t\t\t\t<\/div>\n\t\t<\/section>\n\t\t\t\t<section class=\"elementor-section elementor-top-section elementor-element elementor-element-e17ae0 elementor-section-boxed elementor-section-height-default elementor-section-height-default\" data-id=\"e17ae0\" data-element_type=\"section\" data-settings=\"{&quot;background_background&quot;:&quot;classic&quot;}\">\n\t\t\t\t\t\t<div class=\"elementor-container elementor-column-gap-default\">\n\t\t\t\t\t<div class=\"elementor-column elementor-col-100 elementor-top-column elementor-element elementor-element-2450e69\" data-id=\"2450e69\" data-element_type=\"column\">\n\t\t\t<div class=\"elementor-widget-wrap elementor-element-populated\">\n\t\t\t\t\t\t<section class=\"elementor-section elementor-inner-section elementor-element elementor-element-123ae1f9 elementor-section-full_width elementor-section-height-default elementor-section-height-default\" data-id=\"123ae1f9\" data-element_type=\"section\">\n\t\t\t\t\t\t<div class=\"elementor-container elementor-column-gap-default\">\n\t\t\t\t\t<div class=\"elementor-column elementor-col-100 elementor-inner-column elementor-element elementor-element-47c49e8c\" data-id=\"47c49e8c\" data-element_type=\"column\">\n\t\t\t<div class=\"elementor-widget-wrap elementor-element-populated\">\n\t\t\t\t\t\t<div class=\"elementor-element elementor-element-624ad873 elementor-widget elementor-widget-heading\" data-id=\"624ad873\" data-element_type=\"widget\" data-widget_type=\"heading.default\">\n\t\t\t\t<div class=\"elementor-widget-container\">\n\t\t\t<h2 class=\"elementor-heading-title elementor-size-default\">Contacte con nosotros:<\/h2>\t\t<\/div>\n\t\t\t\t<\/div>\n\t\t\t\t\t<\/div>\n\t\t<\/div>\n\t\t\t\t\t<\/div>\n\t\t<\/section>\n\t\t\t\t<section class=\"elementor-section elementor-inner-section elementor-element elementor-element-6cfecc0c elementor-section-full_width elementor-section-height-default elementor-section-height-default\" data-id=\"6cfecc0c\" data-element_type=\"section\">\n\t\t\t\t\t\t<div class=\"elementor-container elementor-column-gap-default\">\n\t\t\t\t\t<div class=\"elementor-column elementor-col-33 elementor-inner-column elementor-element elementor-element-74104262\" data-id=\"74104262\" data-element_type=\"column\">\n\t\t\t<div class=\"elementor-widget-wrap elementor-element-populated\">\n\t\t\t\t\t\t<div class=\"elementor-element elementor-element-5dd11e23 elementor-widget elementor-widget-heading\" data-id=\"5dd11e23\" data-element_type=\"widget\" data-widget_type=\"heading.default\">\n\t\t\t\t<div class=\"elementor-widget-container\">\n\t\t\t<h2 class=\"elementor-heading-title elementor-size-default\">L\u00cdNEA DE ATENCI\u00d3N<\/h2>\t\t<\/div>\n\t\t\t\t<\/div>\n\t\t\t\t<div class=\"elementor-element elementor-element-13e08936 elementor-widget elementor-widget-heading\" data-id=\"13e08936\" data-element_type=\"widget\" data-widget_type=\"heading.default\">\n\t\t\t\t<div class=\"elementor-widget-container\">\n\t\t\t<h2 class=\"elementor-heading-title elementor-size-default\">(062) 289 722<\/h2>\t\t<\/div>\n\t\t\t\t<\/div>\n\t\t\t\t\t<\/div>\n\t\t<\/div>\n\t\t\t\t<div class=\"elementor-column elementor-col-33 elementor-inner-column elementor-element elementor-element-765a5ee8\" data-id=\"765a5ee8\" data-element_type=\"column\">\n\t\t\t<div class=\"elementor-widget-wrap elementor-element-populated\">\n\t\t\t\t\t\t<div class=\"elementor-element elementor-element-4102933 elementor-widget elementor-widget-heading\" data-id=\"4102933\" data-element_type=\"widget\" data-widget_type=\"heading.default\">\n\t\t\t\t<div class=\"elementor-widget-container\">\n\t\t\t<h2 class=\"elementor-heading-title elementor-size-default\">ESCR\u00cdBENOS<\/h2>\t\t<\/div>\n\t\t\t\t<\/div>\n\t\t\t\t<div class=\"elementor-element elementor-element-7925ab15 elementor-widget elementor-widget-heading\" data-id=\"7925ab15\" data-element_type=\"widget\" data-widget_type=\"heading.default\">\n\t\t\t\t<div class=\"elementor-widget-container\">\n\t\t\t<h2 class=\"elementor-heading-title elementor-size-default\">bolsadetrabajo@undar.edu.pe<\/h2>\t\t<\/div>\n\t\t\t\t<\/div>\n\t\t\t\t<div class=\"elementor-element elementor-element-a5ccabc elementor-widget elementor-widget-heading\" data-id=\"a5ccabc\" data-element_type=\"widget\" data-widget_type=\"heading.default\">\n\t\t\t\t<div class=\"elementor-widget-container\">\n\t\t\t<h2 class=\"elementor-heading-title elementor-size-default\">seguimientoalegresado@undar.edu.pe<\/h2>\t\t<\/div>\n\t\t\t\t<\/div>\n\t\t\t\t\t<\/div>\n\t\t<\/div>\n\t\t\t\t<div class=\"elementor-column elementor-col-33 elementor-inner-column elementor-element elementor-element-25c2e36c\" data-id=\"25c2e36c\" data-element_type=\"column\">\n\t\t\t<div class=\"elementor-widget-wrap elementor-element-populated\">\n\t\t\t\t\t\t<div class=\"elementor-element elementor-element-78a89272 elementor-widget elementor-widget-heading\" data-id=\"78a89272\" data-element_type=\"widget\" data-widget_type=\"heading.default\">\n\t\t\t\t<div class=\"elementor-widget-container\">\n\t\t\t<h2 class=\"elementor-heading-title elementor-size-default\">UB\u00cdCANOS<\/h2>\t\t<\/div>\n\t\t\t\t<\/div>\n\t\t\t\t<div class=\"elementor-element elementor-element-7ec8ab93 elementor-widget__width-initial elementor-widget elementor-widget-heading\" data-id=\"7ec8ab93\" data-element_type=\"widget\" data-widget_type=\"heading.default\">\n\t\t\t\t<div class=\"elementor-widget-container\">\n\t\t\t<h2 class=\"elementor-heading-title elementor-size-default\">Jr. Hermilio Valdiz\u00e1n # 653, Hu\u00e1nuco - Per\u00fa<\/h2>\t\t<\/div>\n\t\t\t\t<\/div>\n\t\t\t\t\t<\/div>\n\t\t<\/div>\n\t\t\t\t\t<\/div>\n\t\t<\/section>\n\t\t\t\t\t<\/div>\n\t\t<\/div>\n\t\t\t\t\t<\/div>\n\t\t<\/section>\n\t\t\t\t<\/div>\n\t\t","protected":false},"excerpt":{"rendered":"<p>PROGRAMA DE INSERCI\u00d3N LABORAL Y SEGUIMIENTO AL EGRESADO Universidad Nacional Daniel Alom\u00eda Robles &#8211; Programa de Inserci\u00f3n Laboral y Seguimiento al Egresado &#8211; Inicio La Direcci\u00f3n de Bienestar Universitario, a trav\u00e9s del Programa de Inserci\u00f3n Laboral y Seguimiento al Egresado, fomenta un v\u00ednculo permanente entre estudiantes y egresados con la universidad, intercede y promueve mecanismos [&hellip;]<\/p>\n","protected":false},"author":1,"featured_media":0,"parent":0,"menu_order":0,"comment_status":"closed","ping_status":"closed","template":"","meta":{"_uf_show_specific_survey":0,"_uf_disable_surveys":false,"footnotes":""},"class_list":["post-860","page","type-page","status-publish","hentry"],"aioseo_notices":[],"_links":{"self":[{"href":"http:\/\/www.undar.edu.pe\/index.php\/wp-json\/wp\/v2\/pages\/860","targetHints":{"allow":["GET"]}}],"collection":[{"href":"http:\/\/www.undar.edu.pe\/index.php\/wp-json\/wp\/v2\/pages"}],"about":[{"href":"http:\/\/www.undar.edu.pe\/index.php\/wp-json\/wp\/v2\/types\/page"}],"author":[{"embeddable":true,"href":"http:\/\/www.undar.edu.pe\/index.php\/wp-json\/wp\/v2\/users\/1"}],"replies":[{"embeddable":true,"href":"http:\/\/www.undar.edu.pe\/index.php\/wp-json\/wp\/v2\/comments?post=860"}],"version-history":[{"count":359,"href":"http:\/\/www.undar.edu.pe\/index.php\/wp-json\/wp\/v2\/pages\/860\/revisions"}],"predecessor-version":[{"id":61341,"href":"http:\/\/www.undar.edu.pe\/index.php\/wp-json\/wp\/v2\/pages\/860\/revisions\/61341"}],"wp:attachment":[{"href":"http:\/\/www.undar.edu.pe\/index.php\/wp-json\/wp\/v2\/media?parent=860"}],"curies":[{"name":"wp","href":"https:\/\/api.w.org\/{rel}","templated":true}]}}