{"id":8245,"date":"2022-01-19T00:32:46","date_gmt":"2022-01-19T05:32:46","guid":{"rendered":"http:\/\/web.undar.edu.pe\/?page_id=8245"},"modified":"2025-03-25T15:52:30","modified_gmt":"2025-03-25T20:52:30","slug":"academico-direccion-de-bienestar-universitario-programas-y-servicios-servicio-social","status":"publish","type":"page","link":"http:\/\/www.undar.edu.pe\/index.php\/academico-direccion-de-bienestar-universitario-programas-y-servicios-servicio-social\/","title":{"rendered":"ACAD\u00c9MICO &#8211; DBU &#8211; PROGRAMAS Y SERVICIOS &#8211; SERVICIO SOCIAL"},"content":{"rendered":"\t\t<div data-elementor-type=\"wp-page\" data-elementor-id=\"8245\" class=\"elementor elementor-8245\" data-elementor-post-type=\"page\">\n\t\t\t\t\t\t<section class=\"elementor-section elementor-top-section elementor-element elementor-element-6ef339b elementor-section-full_width elementor-section-content-space-between elementor-section-height-default elementor-section-height-default\" data-id=\"6ef339b\" data-element_type=\"section\">\n\t\t\t\t\t\t<div class=\"elementor-container elementor-column-gap-no\">\n\t\t\t\t\t<div class=\"elementor-column elementor-col-100 elementor-top-column elementor-element elementor-element-710e6ba\" data-id=\"710e6ba\" data-element_type=\"column\">\n\t\t\t<div class=\"elementor-widget-wrap elementor-element-populated\">\n\t\t\t\t\t\t<div class=\"elementor-element elementor-element-294e726 elementor-widget__width-inherit elementor--h-position-center elementor--v-position-middle elementor-arrows-position-inside elementor-widget elementor-widget-slides\" data-id=\"294e726\" data-element_type=\"widget\" data-settings=\"{&quot;navigation&quot;:&quot;arrows&quot;,&quot;motion_fx_motion_fx_scrolling&quot;:&quot;yes&quot;,&quot;autoplay&quot;:&quot;yes&quot;,&quot;pause_on_hover&quot;:&quot;yes&quot;,&quot;pause_on_interaction&quot;:&quot;yes&quot;,&quot;autoplay_speed&quot;:5000,&quot;infinite&quot;:&quot;yes&quot;,&quot;transition&quot;:&quot;slide&quot;,&quot;transition_speed&quot;:500,&quot;motion_fx_devices&quot;:[&quot;desktop&quot;,&quot;tablet&quot;,&quot;mobile&quot;]}\" data-widget_type=\"slides.default\">\n\t\t\t\t<div class=\"elementor-widget-container\">\n\t\t\t\t\t<div class=\"elementor-swiper\">\n\t\t\t<div class=\"elementor-slides-wrapper elementor-main-swiper swiper\" dir=\"ltr\" data-animation=\"fadeInUp\">\n\t\t\t\t<div class=\"swiper-wrapper elementor-slides\">\n\t\t\t\t\t\t\t\t\t\t<div class=\"elementor-repeater-item-378399b swiper-slide\"><div class=\"swiper-slide-bg\" role=\"img\"><\/div><div class=\"elementor-background-overlay\"><\/div><div class=\"swiper-slide-inner\" ><div class=\"swiper-slide-contents\"><div class=\"elementor-slide-heading\">DIRECCI\u00d3N DE BIENESTAR UNIVERSITARIO<\/div><\/div><\/div><\/div><div class=\"elementor-repeater-item-0b64865 swiper-slide\"><div class=\"swiper-slide-bg\" role=\"img\"><\/div><div class=\"elementor-background-overlay\"><\/div><div class=\"swiper-slide-inner\" ><div class=\"swiper-slide-contents\"><div class=\"elementor-slide-heading\">DIRECCI\u00d3N DE BIENESTAR UNIVERSITARIO<\/div><\/div><\/div><\/div><div class=\"elementor-repeater-item-6611a15 swiper-slide\"><div class=\"swiper-slide-bg\" role=\"img\"><\/div><div class=\"elementor-background-overlay\"><\/div><div class=\"swiper-slide-inner\" ><div class=\"swiper-slide-contents\"><div class=\"elementor-slide-heading\">DIRECCI\u00d3N DE BIENESTAR UNIVERSITARIO<\/div><\/div><\/div><\/div>\t\t\t\t<\/div>\n\t\t\t\t\t\t\t\t\t\t\t\t\t\t\t\t\t\t\t\t<div class=\"elementor-swiper-button elementor-swiper-button-prev\" role=\"button\" tabindex=\"0\">\n\t\t\t\t\t\t\t<i aria-hidden=\"true\" class=\"eicon-chevron-left\"><\/i>\t\t\t\t\t\t\t<span class=\"elementor-screen-only\">Diapositiva anterior<\/span>\n\t\t\t\t\t\t<\/div>\n\t\t\t\t\t\t<div class=\"elementor-swiper-button elementor-swiper-button-next\" role=\"button\" tabindex=\"0\">\n\t\t\t\t\t\t\t<i aria-hidden=\"true\" class=\"eicon-chevron-right\"><\/i>\t\t\t\t\t\t\t<span class=\"elementor-screen-only\">Diapositiva siguiente<\/span>\n\t\t\t\t\t\t<\/div>\n\t\t\t\t\t\t\t\t\t\t\t\t<\/div>\n\t\t<\/div>\n\t\t\t\t<\/div>\n\t\t\t\t<\/div>\n\t\t\t\t\t<\/div>\n\t\t<\/div>\n\t\t\t\t\t<\/div>\n\t\t<\/section>\n\t\t\t\t<section class=\"elementor-section elementor-top-section elementor-element elementor-element-433cf9e elementor-section-boxed elementor-section-height-default elementor-section-height-default\" data-id=\"433cf9e\" data-element_type=\"section\">\n\t\t\t\t\t\t<div class=\"elementor-container elementor-column-gap-default\">\n\t\t\t\t\t<div class=\"elementor-column elementor-col-100 elementor-top-column elementor-element elementor-element-612327a\" data-id=\"612327a\" data-element_type=\"column\">\n\t\t\t<div class=\"elementor-widget-wrap elementor-element-populated\">\n\t\t\t\t\t\t<div class=\"elementor-element elementor-element-a46ad50 elementor-widget elementor-widget-heading\" data-id=\"a46ad50\" data-element_type=\"widget\" data-widget_type=\"heading.default\">\n\t\t\t\t<div class=\"elementor-widget-container\">\n\t\t\t<h6 class=\"elementor-heading-title elementor-size-small\"><b>Universidad Nacional Daniel Alom\u00eda Robles<\/b> - Acad\u00e9mico - Direcci\u00f3n de Bienestar Universitario - Programas y Servicios - Servicio Social<\/h6>\t\t<\/div>\n\t\t\t\t<\/div>\n\t\t\t\t\t<\/div>\n\t\t<\/div>\n\t\t\t\t\t<\/div>\n\t\t<\/section>\n\t\t\t\t<section class=\"elementor-section elementor-top-section elementor-element elementor-element-fe8944f elementor-section-boxed elementor-section-height-default elementor-section-height-default\" data-id=\"fe8944f\" data-element_type=\"section\">\n\t\t\t\t\t\t<div class=\"elementor-container elementor-column-gap-default\">\n\t\t\t\t\t<div class=\"elementor-column elementor-col-50 elementor-top-column elementor-element elementor-element-0ffd394\" data-id=\"0ffd394\" data-element_type=\"column\">\n\t\t\t<div class=\"elementor-widget-wrap elementor-element-populated\">\n\t\t\t\t\t\t<div class=\"elementor-element elementor-element-ededbaa elementor-widget elementor-widget-text-editor\" data-id=\"ededbaa\" data-element_type=\"widget\" data-widget_type=\"text-editor.default\">\n\t\t\t\t<div class=\"elementor-widget-container\">\n\t\t\t\t\t\t\t<h5 style=\"text-align: justify;\"><strong><span style=\"color: #b3224e;\">SERVICIO SOCIAL<\/span><\/strong><\/h5><p style=\"text-align: justify;\"><span style=\"color: #f6921e;\"><strong>Programa de becas por sustituci\u00f3n econ\u00f3mica, rendimiento acad\u00e9mico y rendimiento deportivo<\/strong><\/span><br \/><span style=\"font-size: 1rem;\">Se brindan becas a los estudiantes para su estad\u00eda en la universidad a modo de soporte frente a problemas econ\u00f3micos o un incentivo al alto rendimiento acad\u00e9mico y deportivo.<\/span><\/p><p><span style=\"color: #f6921e;\"><strong>Programa de acceso, permanencia y acompa\u00f1amiento<\/strong><\/span><br \/><span style=\"font-size: 1rem;\">Se establecen acciones basadas en la necesidad de los estudiantes, que permita el acceso, tr\u00e1nsito y culminaci\u00f3n de la carrera universitaria de manera satisfactoria, reforzando as\u00ed el derecho a la educaci\u00f3n superior de calidad y garantizando estrategias que acompa\u00f1en su vida universitaria.<\/span><\/p>\t\t\t\t\t\t<\/div>\n\t\t\t\t<\/div>\n\t\t\t\t\t<\/div>\n\t\t<\/div>\n\t\t\t\t<div class=\"elementor-column elementor-col-50 elementor-top-column elementor-element elementor-element-f99e0d3\" data-id=\"f99e0d3\" data-element_type=\"column\">\n\t\t\t<div class=\"elementor-widget-wrap elementor-element-populated\">\n\t\t\t\t\t\t<div class=\"elementor-element elementor-element-db8413c elementor-widget elementor-widget-image\" data-id=\"db8413c\" data-element_type=\"widget\" data-widget_type=\"image.default\">\n\t\t\t\t<div class=\"elementor-widget-container\">\n\t\t\t\t\t\t\t\t\t\t\t\t\t<img fetchpriority=\"high\" decoding=\"async\" width=\"800\" height=\"534\" src=\"http:\/\/www.undar.edu.pe\/wp-content\/uploads\/2024\/08\/servicio_social-1024x683.jpg\" class=\"attachment-large size-large wp-image-57363\" alt=\"Foto de trabajadora social atendiendo a estudiante.\" srcset=\"http:\/\/www.undar.edu.pe\/wp-content\/uploads\/2024\/08\/servicio_social-1024x683.jpg 1024w, http:\/\/www.undar.edu.pe\/wp-content\/uploads\/2024\/08\/servicio_social-300x200.jpg 300w, http:\/\/www.undar.edu.pe\/wp-content\/uploads\/2024\/08\/servicio_social-768x512.jpg 768w, http:\/\/www.undar.edu.pe\/wp-content\/uploads\/2024\/08\/servicio_social-1536x1024.jpg 1536w, http:\/\/www.undar.edu.pe\/wp-content\/uploads\/2024\/08\/servicio_social-2048x1365.jpg 2048w\" sizes=\"(max-width: 800px) 100vw, 800px\" \/>\t\t\t\t\t\t\t\t\t\t\t\t\t<\/div>\n\t\t\t\t<\/div>\n\t\t\t\t<div class=\"elementor-element elementor-element-e07119a elementor-widget elementor-widget-text-editor\" data-id=\"e07119a\" data-element_type=\"widget\" data-widget_type=\"text-editor.default\">\n\t\t\t\t<div class=\"elementor-widget-container\">\n\t\t\t\t\t\t\t<p><em>Trabajadora social atendiendo a estudiante.<\/em><\/p>\t\t\t\t\t\t<\/div>\n\t\t\t\t<\/div>\n\t\t\t\t<section class=\"elementor-section elementor-inner-section elementor-element elementor-element-40f9aa8 elementor-section-boxed elementor-section-height-default elementor-section-height-default\" data-id=\"40f9aa8\" data-element_type=\"section\">\n\t\t\t\t\t\t<div class=\"elementor-container elementor-column-gap-default\">\n\t\t\t\t\t<div class=\"elementor-column elementor-col-100 elementor-inner-column elementor-element elementor-element-3532765\" data-id=\"3532765\" data-element_type=\"column\">\n\t\t\t<div class=\"elementor-widget-wrap elementor-element-populated\">\n\t\t\t\t\t\t<div class=\"elementor-element elementor-element-806301d elementor-align-justify elementor-widget__width-inherit elementor-widget elementor-widget-button\" data-id=\"806301d\" data-element_type=\"widget\" data-widget_type=\"button.default\">\n\t\t\t\t<div class=\"elementor-widget-container\">\n\t\t\t\t\t\t\t<div class=\"elementor-button-wrapper\">\n\t\t\t\t\t<a class=\"elementor-button elementor-button-link elementor-size-md\" href=\"https:\/\/www.undar.edu.pe\/index.php\/academico-direccion-de-bienestar-universitario-programas-y-servicios\/\">\n\t\t\t\t\t\t<span class=\"elementor-button-content-wrapper\">\n\t\t\t\t\t\t<span class=\"elementor-button-icon\">\n\t\t\t\t<i aria-hidden=\"true\" class=\"fas fa-arrow-left\"><\/i>\t\t\t<\/span>\n\t\t\t\t\t\t\t\t\t<span class=\"elementor-button-text\">VOLVER A PROGRAMAS Y SERVICIOS<\/span>\n\t\t\t\t\t<\/span>\n\t\t\t\t\t<\/a>\n\t\t\t\t<\/div>\n\t\t\t\t\t\t<\/div>\n\t\t\t\t<\/div>\n\t\t\t\t\t<\/div>\n\t\t<\/div>\n\t\t\t\t\t<\/div>\n\t\t<\/section>\n\t\t\t\t\t<\/div>\n\t\t<\/div>\n\t\t\t\t\t<\/div>\n\t\t<\/section>\n\t\t\t\t<section class=\"elementor-section elementor-top-section elementor-element elementor-element-e4e7b9c elementor-section-boxed elementor-section-height-default elementor-section-height-default\" data-id=\"e4e7b9c\" data-element_type=\"section\">\n\t\t\t\t\t\t<div class=\"elementor-container elementor-column-gap-default\">\n\t\t\t\t\t<div class=\"elementor-column elementor-col-100 elementor-top-column elementor-element elementor-element-d841fd0\" data-id=\"d841fd0\" data-element_type=\"column\">\n\t\t\t<div class=\"elementor-widget-wrap elementor-element-populated\">\n\t\t\t\t\t\t<div class=\"elementor-element elementor-element-8156077 elementor-widget elementor-widget-text-editor\" data-id=\"8156077\" data-element_type=\"widget\" data-widget_type=\"text-editor.default\">\n\t\t\t\t<div class=\"elementor-widget-container\">\n\t\t\t\t\t\t\t<p><span style=\"color: #343434;\"><button id=\"listenButton1\" class=\"responsivevoice-button\" type=\"button\" value=\"Play\" title=\"ResponsiveVoice Tap to Start\/Stop Speech\"><span>&#128266; Listen to this<\/span><\/button>\n        <script>\n            listenButton1.onclick = function(){\n                if(responsiveVoice.isPlaying()){\n                    responsiveVoice.cancel();\n                }else{\n                    responsiveVoice.speak(\"DIRECCI\u00d3N DE BIENESTAR UNIVERSITARIODIRECCI\u00d3N DE BIENESTAR UNIVERSITARIODIRECCI\u00d3N DE BIENESTAR UNIVERSITARIO Diapositiva anterior Diapositiva siguiente Universidad Nacional Daniel Alom\u00eda Robles - Acad\u00e9mico - Direcci\u00f3n de Bienestar Universitario - Programas y Servicios - Servicio Social SERVICIO SOCIALPrograma de becas por sustituci\u00f3n econ\u00f3mica, rendimiento acad\u00e9mico y rendimiento deportivoSe brindan becas a los estudiantes para su estad\u00eda en la universidad a modo de soporte frente a problemas econ\u00f3micos o un incentivo al alto rendimiento acad\u00e9mico y deportivo.Programa de acceso, permanencia y acompa\u00f1amientoSe establecen acciones basadas en la necesidad de los estudiantes, que permita el acceso, tr\u00e1nsito y culminaci\u00f3n de la carrera universitaria de manera satisfactoria, reforzando as\u00ed el derecho a la educaci\u00f3n superior de calidad y garantizando estrategias que acompa\u00f1en su vida universitaria. Trabajadora social atendiendo a estudiante. VOLVER A PROGRAMAS Y SERVICIOS \u00a0\", \"UK English Female\");\n                }\n            };\n        <\/script>\n    \u00a0<\/span><\/p>\t\t\t\t\t\t<\/div>\n\t\t\t\t<\/div>\n\t\t\t\t\t<\/div>\n\t\t<\/div>\n\t\t\t\t\t<\/div>\n\t\t<\/section>\n\t\t\t\t<\/div>\n\t\t","protected":false},"excerpt":{"rendered":"<p>DIRECCI\u00d3N DE BIENESTAR UNIVERSITARIODIRECCI\u00d3N DE BIENESTAR UNIVERSITARIODIRECCI\u00d3N DE BIENESTAR UNIVERSITARIO Diapositiva anterior Diapositiva siguiente Universidad Nacional Daniel Alom\u00eda Robles &#8211; Acad\u00e9mico &#8211; Direcci\u00f3n de Bienestar Universitario &#8211; Programas y Servicios &#8211; Servicio Social SERVICIO SOCIAL Programa de becas por sustituci\u00f3n econ\u00f3mica, rendimiento acad\u00e9mico y rendimiento deportivoSe brindan becas a los estudiantes para su estad\u00eda en [&hellip;]<\/p>\n","protected":false},"author":1,"featured_media":0,"parent":0,"menu_order":0,"comment_status":"closed","ping_status":"closed","template":"","meta":{"_uf_show_specific_survey":0,"_uf_disable_surveys":false,"footnotes":""},"class_list":["post-8245","page","type-page","status-publish","hentry"],"aioseo_notices":[],"_links":{"self":[{"href":"http:\/\/www.undar.edu.pe\/index.php\/wp-json\/wp\/v2\/pages\/8245","targetHints":{"allow":["GET"]}}],"collection":[{"href":"http:\/\/www.undar.edu.pe\/index.php\/wp-json\/wp\/v2\/pages"}],"about":[{"href":"http:\/\/www.undar.edu.pe\/index.php\/wp-json\/wp\/v2\/types\/page"}],"author":[{"embeddable":true,"href":"http:\/\/www.undar.edu.pe\/index.php\/wp-json\/wp\/v2\/users\/1"}],"replies":[{"embeddable":true,"href":"http:\/\/www.undar.edu.pe\/index.php\/wp-json\/wp\/v2\/comments?post=8245"}],"version-history":[{"count":213,"href":"http:\/\/www.undar.edu.pe\/index.php\/wp-json\/wp\/v2\/pages\/8245\/revisions"}],"predecessor-version":[{"id":61335,"href":"http:\/\/www.undar.edu.pe\/index.php\/wp-json\/wp\/v2\/pages\/8245\/revisions\/61335"}],"wp:attachment":[{"href":"http:\/\/www.undar.edu.pe\/index.php\/wp-json\/wp\/v2\/media?parent=8245"}],"curies":[{"name":"wp","href":"https:\/\/api.w.org\/{rel}","templated":true}]}}