{"id":63379,"date":"2025-07-31T15:33:27","date_gmt":"2025-07-31T20:33:27","guid":{"rendered":"http:\/\/www.undar.edu.pe\/?page_id=63379"},"modified":"2025-07-31T15:39:32","modified_gmt":"2025-07-31T20:39:32","slug":"becas-de-matricula-2025-ii","status":"publish","type":"page","link":"http:\/\/www.undar.edu.pe\/index.php\/becas-de-matricula-2025-ii\/","title":{"rendered":"BECAS DE MATR\u00cdCULA 2024-I"},"content":{"rendered":"\t\t<div data-elementor-type=\"wp-page\" data-elementor-id=\"63379\" class=\"elementor elementor-63379\" data-elementor-post-type=\"page\">\n\t\t\t\t\t\t<section class=\"elementor-section elementor-top-section elementor-element elementor-element-6efdd4e5 elementor-section-full_width elementor-section-content-middle elementor-section-height-default elementor-section-height-default\" data-id=\"6efdd4e5\" data-element_type=\"section\">\n\t\t\t\t\t\t<div class=\"elementor-container elementor-column-gap-no\">\n\t\t\t\t\t<div class=\"elementor-column elementor-col-100 elementor-top-column elementor-element elementor-element-74c3c43f\" data-id=\"74c3c43f\" data-element_type=\"column\">\n\t\t\t<div class=\"elementor-widget-wrap elementor-element-populated\">\n\t\t\t\t\t\t<div class=\"elementor-element elementor-element-53883766 elementor-widget__width-inherit elementor--h-position-center elementor--v-position-middle elementor-arrows-position-inside elementor-widget elementor-widget-slides\" data-id=\"53883766\" data-element_type=\"widget\" data-settings=\"{&quot;navigation&quot;:&quot;arrows&quot;,&quot;motion_fx_motion_fx_scrolling&quot;:&quot;yes&quot;,&quot;autoplay&quot;:&quot;yes&quot;,&quot;pause_on_hover&quot;:&quot;yes&quot;,&quot;pause_on_interaction&quot;:&quot;yes&quot;,&quot;autoplay_speed&quot;:5000,&quot;infinite&quot;:&quot;yes&quot;,&quot;transition&quot;:&quot;slide&quot;,&quot;transition_speed&quot;:500,&quot;motion_fx_devices&quot;:[&quot;desktop&quot;,&quot;tablet&quot;,&quot;mobile&quot;]}\" data-widget_type=\"slides.default\">\n\t\t\t\t<div class=\"elementor-widget-container\">\n\t\t\t\t\t<div class=\"elementor-swiper\">\n\t\t\t<div class=\"elementor-slides-wrapper elementor-main-swiper swiper\" dir=\"ltr\" data-animation=\"fadeInUp\">\n\t\t\t\t<div class=\"swiper-wrapper elementor-slides\">\n\t\t\t\t\t\t\t\t\t\t<div class=\"elementor-repeater-item-35217f3 swiper-slide\"><div class=\"swiper-slide-bg\" role=\"img\"><\/div><div class=\"elementor-background-overlay\"><\/div><div class=\"swiper-slide-inner\" ><div class=\"swiper-slide-contents\"><div class=\"elementor-slide-heading\">BECAS DE MATR\u00cdCULA<\/div><\/div><\/div><\/div>\t\t\t\t<\/div>\n\t\t\t\t\t\t\t<\/div>\n\t\t<\/div>\n\t\t\t\t<\/div>\n\t\t\t\t<\/div>\n\t\t\t\t\t<\/div>\n\t\t<\/div>\n\t\t\t\t\t<\/div>\n\t\t<\/section>\n\t\t\t\t<section class=\"elementor-section elementor-top-section elementor-element elementor-element-68c3b83 elementor-section-boxed elementor-section-height-default elementor-section-height-default\" data-id=\"68c3b83\" data-element_type=\"section\">\n\t\t\t\t\t\t<div class=\"elementor-container elementor-column-gap-default\">\n\t\t\t\t\t<div class=\"elementor-column elementor-col-100 elementor-top-column elementor-element elementor-element-a4be8b4\" data-id=\"a4be8b4\" data-element_type=\"column\">\n\t\t\t<div class=\"elementor-widget-wrap elementor-element-populated\">\n\t\t\t\t\t\t<div class=\"elementor-element elementor-element-deaf142 elementor-widget elementor-widget-heading\" data-id=\"deaf142\" data-element_type=\"widget\" data-widget_type=\"heading.default\">\n\t\t\t\t<div class=\"elementor-widget-container\">\n\t\t\t<h6 class=\"elementor-heading-title elementor-size-small\"><b>Universidad Nacional Daniel Alom\u00eda Robles<\/b> - Becas de matr\u00edcula<\/h6>\t\t<\/div>\n\t\t\t\t<\/div>\n\t\t\t\t\t<\/div>\n\t\t<\/div>\n\t\t\t\t\t<\/div>\n\t\t<\/section>\n\t\t\t\t<section class=\"elementor-section elementor-top-section elementor-element elementor-element-d72c31a elementor-section-boxed elementor-section-height-default elementor-section-height-default\" data-id=\"d72c31a\" data-element_type=\"section\">\n\t\t\t\t\t\t<div class=\"elementor-container elementor-column-gap-default\">\n\t\t\t\t\t<div class=\"elementor-column elementor-col-50 elementor-top-column elementor-element elementor-element-5f2b685\" data-id=\"5f2b685\" data-element_type=\"column\">\n\t\t\t<div class=\"elementor-widget-wrap elementor-element-populated\">\n\t\t\t\t\t\t<div class=\"elementor-element elementor-element-a402183 elementor-nav-menu--dropdown-tablet elementor-nav-menu__text-align-aside elementor-nav-menu--toggle elementor-nav-menu--burger elementor-widget elementor-widget-nav-menu\" data-id=\"a402183\" data-element_type=\"widget\" data-settings=\"{&quot;layout&quot;:&quot;vertical&quot;,&quot;submenu_icon&quot;:{&quot;value&quot;:&quot;&lt;i class=\\&quot;fas fa-caret-down\\&quot;&gt;&lt;\\\/i&gt;&quot;,&quot;library&quot;:&quot;fa-solid&quot;},&quot;toggle&quot;:&quot;burger&quot;}\" data-widget_type=\"nav-menu.default\">\n\t\t\t\t<div class=\"elementor-widget-container\">\n\t\t\t\t\t\t<nav aria-label=\"Men\u00fa\" class=\"elementor-nav-menu--main elementor-nav-menu__container elementor-nav-menu--layout-vertical e--pointer-underline e--animation-fade\">\n\t\t\t\t<ul id=\"menu-1-a402183\" class=\"elementor-nav-menu sm-vertical\"><li class=\"menu-item menu-item-type-custom menu-item-object-custom menu-item-19109\"><a href=\"https:\/\/www.undar.edu.pe\/index.php\/becas-de-matricula-2022-i\" class=\"elementor-item\">BECAS DE MATR\u00cdCULA 2022-I<\/a><\/li>\n<li class=\"menu-item menu-item-type-custom menu-item-object-custom menu-item-28298\"><a href=\"https:\/\/www.undar.edu.pe\/index.php\/becas-de-matricula-2022-ii\/\" class=\"elementor-item\">BECAS DE MATR\u00cdCULA 2022-II<\/a><\/li>\n<li class=\"menu-item menu-item-type-post_type menu-item-object-page menu-item-52887\"><a href=\"http:\/\/www.undar.edu.pe\/index.php\/becas-de-matricula-2024-i\/\" class=\"elementor-item\">BECAS DE MATR\u00cdCULA 2024-I<\/a><\/li>\n<li class=\"menu-item menu-item-type-post_type menu-item-object-page menu-item-63393\"><a href=\"http:\/\/www.undar.edu.pe\/index.php\/becas-de-matricula-2025-ii\/\" class=\"elementor-item\">BECAS DE MATR\u00cdCULA 2025-II<\/a><\/li>\n<\/ul>\t\t\t<\/nav>\n\t\t\t\t\t<div class=\"elementor-menu-toggle\" role=\"button\" tabindex=\"0\" aria-label=\"Alternar men\u00fa\" aria-expanded=\"false\">\n\t\t\t<i aria-hidden=\"true\" role=\"presentation\" class=\"elementor-menu-toggle__icon--open eicon-menu-bar\"><\/i><i aria-hidden=\"true\" role=\"presentation\" class=\"elementor-menu-toggle__icon--close eicon-close\"><\/i>\t\t\t<span class=\"elementor-screen-only\">Men\u00fa<\/span>\n\t\t<\/div>\n\t\t\t\t\t<nav class=\"elementor-nav-menu--dropdown elementor-nav-menu__container\" aria-hidden=\"true\">\n\t\t\t\t<ul id=\"menu-2-a402183\" class=\"elementor-nav-menu sm-vertical\"><li class=\"menu-item menu-item-type-custom menu-item-object-custom menu-item-19109\"><a href=\"https:\/\/www.undar.edu.pe\/index.php\/becas-de-matricula-2022-i\" class=\"elementor-item\" tabindex=\"-1\">BECAS DE MATR\u00cdCULA 2022-I<\/a><\/li>\n<li class=\"menu-item menu-item-type-custom menu-item-object-custom menu-item-28298\"><a href=\"https:\/\/www.undar.edu.pe\/index.php\/becas-de-matricula-2022-ii\/\" class=\"elementor-item\" tabindex=\"-1\">BECAS DE MATR\u00cdCULA 2022-II<\/a><\/li>\n<li class=\"menu-item menu-item-type-post_type menu-item-object-page menu-item-52887\"><a href=\"http:\/\/www.undar.edu.pe\/index.php\/becas-de-matricula-2024-i\/\" class=\"elementor-item\" tabindex=\"-1\">BECAS DE MATR\u00cdCULA 2024-I<\/a><\/li>\n<li class=\"menu-item menu-item-type-post_type menu-item-object-page menu-item-63393\"><a href=\"http:\/\/www.undar.edu.pe\/index.php\/becas-de-matricula-2025-ii\/\" class=\"elementor-item\" tabindex=\"-1\">BECAS DE MATR\u00cdCULA 2025-II<\/a><\/li>\n<\/ul>\t\t\t<\/nav>\n\t\t\t\t<\/div>\n\t\t\t\t<\/div>\n\t\t\t\t\t<\/div>\n\t\t<\/div>\n\t\t\t\t<div class=\"elementor-column elementor-col-50 elementor-top-column elementor-element elementor-element-01cc37f\" data-id=\"01cc37f\" data-element_type=\"column\">\n\t\t\t<div class=\"elementor-widget-wrap elementor-element-populated\">\n\t\t\t\t\t\t<div class=\"elementor-element elementor-element-7400185 elementor-widget elementor-widget-heading\" data-id=\"7400185\" data-element_type=\"widget\" data-widget_type=\"heading.default\">\n\t\t\t\t<div class=\"elementor-widget-container\">\n\t\t\t<h3 class=\"elementor-heading-title elementor-size-default\">BASES PARA LA CONVOCATORIA AL CONCURSO DE BECA MATRICULA, PERIODO 2025 \u2013 II APROBADO CON RESOLUCI\u00d3N DE COMISI\u00d3N ORGANIZADORA N\u00b0252-2025-CO-UNDAR<\/h3>\t\t<\/div>\n\t\t\t\t<\/div>\n\t\t\t\t<div class=\"elementor-element elementor-element-9df5a67 elementor-widget elementor-widget-text-editor\" data-id=\"9df5a67\" data-element_type=\"widget\" data-widget_type=\"text-editor.default\">\n\t\t\t\t<div class=\"elementor-widget-container\">\n\t\t\t\t\t\t\t<ul><li><h6><a href=\"https:\/\/www.gob.pe\/institucion\/undar\/normas-legales\/6995234-252-2025-co-undar\" target=\"_blank\" rel=\"noopener\"><span style=\"color: #343434;\">Bases<\/span><\/a><\/h6><\/li><\/ul>\t\t\t\t\t\t<\/div>\n\t\t\t\t<\/div>\n\t\t\t\t<div class=\"elementor-element elementor-element-67031a2 elementor-widget elementor-widget-text-editor\" data-id=\"67031a2\" data-element_type=\"widget\" data-widget_type=\"text-editor.default\">\n\t\t\t\t<div class=\"elementor-widget-container\">\n\t\t\t\t\t\t\t<ul><li><h6><a href=\"https:\/\/forms.gle\/QxrtnZAA485RZayQ8\" target=\"_blank\" rel=\"noopener\"><span style=\"color: #343434;\">Solicitud<\/span><\/a><\/h6><\/li><\/ul>\t\t\t\t\t\t<\/div>\n\t\t\t\t<\/div>\n\t\t\t\t<div class=\"elementor-element elementor-element-8066eea elementor-widget elementor-widget-text-editor\" data-id=\"8066eea\" data-element_type=\"widget\" data-widget_type=\"text-editor.default\">\n\t\t\t\t<div class=\"elementor-widget-container\">\n\t\t\t\t\t\t\t<ul><li><h6><a href=\"https:\/\/forms.gle\/JfqdHFrJZxFmA1oNA\" target=\"_blank\" rel=\"noopener\"><span style=\"color: #343434;\">Anexo N\u00b0 1 &#8211; Ficha socioecon\u00f3mica<\/span><\/a><\/h6><\/li><\/ul>\t\t\t\t\t\t<\/div>\n\t\t\t\t<\/div>\n\t\t\t\t<div class=\"elementor-element elementor-element-5dca31b elementor-widget elementor-widget-text-editor\" data-id=\"5dca31b\" data-element_type=\"widget\" data-widget_type=\"text-editor.default\">\n\t\t\t\t<div class=\"elementor-widget-container\">\n\t\t\t\t\t\t\t<ul><li><h6><a href=\"https:\/\/forms.gle\/6BAZk8b82h6VkM516\" target=\"_blank\" rel=\"noopener\"><span style=\"color: #343434;\">Anexo N\u00b02: Declaraci\u00f3n jurada de no adeudo<\/span><\/a><\/h6><\/li><\/ul>\t\t\t\t\t\t<\/div>\n\t\t\t\t<\/div>\n\t\t\t\t<section class=\"elementor-section elementor-inner-section elementor-element elementor-element-c454938 elementor-section-boxed elementor-section-height-default elementor-section-height-default\" data-id=\"c454938\" data-element_type=\"section\">\n\t\t\t\t\t\t<div class=\"elementor-container elementor-column-gap-default\">\n\t\t\t\t\t<div class=\"elementor-column elementor-col-100 elementor-inner-column elementor-element elementor-element-4ba8103\" data-id=\"4ba8103\" data-element_type=\"column\">\n\t\t\t<div class=\"elementor-widget-wrap elementor-element-populated\">\n\t\t\t\t\t\t<div class=\"elementor-element elementor-element-b9bf22c elementor-align-justify elementor-widget__width-inherit elementor-widget elementor-widget-button\" data-id=\"b9bf22c\" data-element_type=\"widget\" data-widget_type=\"button.default\">\n\t\t\t\t<div class=\"elementor-widget-container\">\n\t\t\t\t\t\t\t<div class=\"elementor-button-wrapper\">\n\t\t\t\t\t<a class=\"elementor-button elementor-button-link elementor-size-md\" href=\"https:\/\/www.undar.edu.pe\/index.php\/academico-direccion-de-bienestar-universitario-informacion-de-interes\/\">\n\t\t\t\t\t\t<span class=\"elementor-button-content-wrapper\">\n\t\t\t\t\t\t<span class=\"elementor-button-icon\">\n\t\t\t\t<i aria-hidden=\"true\" class=\"fas fa-arrow-left\"><\/i>\t\t\t<\/span>\n\t\t\t\t\t\t\t\t\t<span class=\"elementor-button-text\">VOLVER A INFORMACI\u00d3N DE INTER\u00c9S<\/span>\n\t\t\t\t\t<\/span>\n\t\t\t\t\t<\/a>\n\t\t\t\t<\/div>\n\t\t\t\t\t\t<\/div>\n\t\t\t\t<\/div>\n\t\t\t\t\t<\/div>\n\t\t<\/div>\n\t\t\t\t\t<\/div>\n\t\t<\/section>\n\t\t\t\t\t<\/div>\n\t\t<\/div>\n\t\t\t\t\t<\/div>\n\t\t<\/section>\n\t\t\t\t<section class=\"elementor-section elementor-top-section elementor-element elementor-element-b02a119 elementor-section-boxed elementor-section-height-default elementor-section-height-default\" data-id=\"b02a119\" data-element_type=\"section\">\n\t\t\t\t\t\t<div class=\"elementor-container elementor-column-gap-default\">\n\t\t\t\t\t<div class=\"elementor-column elementor-col-100 elementor-top-column elementor-element elementor-element-11423b2\" data-id=\"11423b2\" data-element_type=\"column\">\n\t\t\t<div class=\"elementor-widget-wrap elementor-element-populated\">\n\t\t\t\t\t\t<div class=\"elementor-element elementor-element-8a31445 elementor-widget elementor-widget-text-editor\" data-id=\"8a31445\" data-element_type=\"widget\" data-widget_type=\"text-editor.default\">\n\t\t\t\t<div class=\"elementor-widget-container\">\n\t\t\t\t\t\t\t<p><span style=\"color: #343434;\"><button id=\"listenButton1\" class=\"responsivevoice-button\" type=\"button\" value=\"Play\" title=\"ResponsiveVoice Tap to Start\/Stop Speech\"><span>&#128266; Listen to this<\/span><\/button>\n        <script>\n            listenButton1.onclick = function(){\n                if(responsiveVoice.isPlaying()){\n                    responsiveVoice.cancel();\n                }else{\n                    responsiveVoice.speak(\"BECAS DE MATR\u00cdCULA Universidad Nacional Daniel Alom\u00eda Robles - Becas de matr\u00edcula BASES PARA LA CONVOCATORIA AL CONCURSO DE BECA MATRICULA, PERIODO 2025 \u2013 II APROBADO CON RESOLUCI\u00d3N DE COMISI\u00d3N ORGANIZADORA N\u00b0252-2025-CO-UNDAR BasesSolicitudAnexo N\u00b0 1 - Ficha socioecon\u00f3micaAnexo N\u00b02: Declaraci\u00f3n jurada de no adeudo VOLVER A INFORMACI\u00d3N DE INTER\u00c9S \u00a0\", \"UK English Female\");\n                }\n            };\n        <\/script>\n    \u00a0<\/span><\/p>\t\t\t\t\t\t<\/div>\n\t\t\t\t<\/div>\n\t\t\t\t\t<\/div>\n\t\t<\/div>\n\t\t\t\t\t<\/div>\n\t\t<\/section>\n\t\t\t\t<\/div>\n\t\t","protected":false},"excerpt":{"rendered":"<p>BECAS DE MATR\u00cdCULA Universidad Nacional Daniel Alom\u00eda Robles &#8211; Becas de matr\u00edcula BASES PARA LA CONVOCATORIA AL CONCURSO DE BECA MATRICULA, PERIODO 2025 \u2013 II APROBADO CON RESOLUCI\u00d3N DE COMISI\u00d3N ORGANIZADORA N\u00b0252-2025-CO-UNDAR Bases Solicitud Anexo N\u00b0 1 &#8211; Ficha socioecon\u00f3mica Anexo N\u00b02: Declaraci\u00f3n jurada de no adeudo VOLVER A INFORMACI\u00d3N DE INTER\u00c9S \u00a0<\/p>\n","protected":false},"author":1,"featured_media":0,"parent":0,"menu_order":0,"comment_status":"closed","ping_status":"closed","template":"","meta":{"_uf_show_specific_survey":0,"_uf_disable_surveys":false,"footnotes":""},"class_list":["post-63379","page","type-page","status-publish","hentry"],"aioseo_notices":[],"_links":{"self":[{"href":"http:\/\/www.undar.edu.pe\/index.php\/wp-json\/wp\/v2\/pages\/63379","targetHints":{"allow":["GET"]}}],"collection":[{"href":"http:\/\/www.undar.edu.pe\/index.php\/wp-json\/wp\/v2\/pages"}],"about":[{"href":"http:\/\/www.undar.edu.pe\/index.php\/wp-json\/wp\/v2\/types\/page"}],"author":[{"embeddable":true,"href":"http:\/\/www.undar.edu.pe\/index.php\/wp-json\/wp\/v2\/users\/1"}],"replies":[{"embeddable":true,"href":"http:\/\/www.undar.edu.pe\/index.php\/wp-json\/wp\/v2\/comments?post=63379"}],"version-history":[{"count":16,"href":"http:\/\/www.undar.edu.pe\/index.php\/wp-json\/wp\/v2\/pages\/63379\/revisions"}],"predecessor-version":[{"id":63400,"href":"http:\/\/www.undar.edu.pe\/index.php\/wp-json\/wp\/v2\/pages\/63379\/revisions\/63400"}],"wp:attachment":[{"href":"http:\/\/www.undar.edu.pe\/index.php\/wp-json\/wp\/v2\/media?parent=63379"}],"curies":[{"name":"wp","href":"https:\/\/api.w.org\/{rel}","templated":true}]}}