{"id":62307,"date":"2025-05-21T10:58:24","date_gmt":"2025-05-21T15:58:24","guid":{"rendered":"http:\/\/www.undar.edu.pe\/?page_id=62307"},"modified":"2025-09-12T08:29:14","modified_gmt":"2025-09-12T13:29:14","slug":"vicepresidencia-de-investigacion-docentes-investigadores","status":"publish","type":"page","link":"http:\/\/www.undar.edu.pe\/index.php\/vicepresidencia-de-investigacion-docentes-investigadores\/","title":{"rendered":"VICEPRESIDENCIA DE INVESTIGACI\u00d3N &#8211; DOCENTE INVESTIGADORE"},"content":{"rendered":"\t\t<div data-elementor-type=\"wp-page\" data-elementor-id=\"62307\" class=\"elementor elementor-62307\" data-elementor-post-type=\"page\">\n\t\t\t\t\t\t<section class=\"elementor-section elementor-top-section elementor-element elementor-element-6efdd4e5 elementor-section-full_width elementor-section-content-space-between elementor-section-height-default elementor-section-height-default\" data-id=\"6efdd4e5\" data-element_type=\"section\">\n\t\t\t\t\t\t<div class=\"elementor-container elementor-column-gap-no\">\n\t\t\t\t\t<div class=\"elementor-column elementor-col-100 elementor-top-column elementor-element elementor-element-74c3c43f\" data-id=\"74c3c43f\" data-element_type=\"column\">\n\t\t\t<div class=\"elementor-widget-wrap elementor-element-populated\">\n\t\t\t\t\t\t<div class=\"elementor-element elementor-element-53883766 elementor-widget__width-inherit elementor--h-position-center elementor--v-position-middle elementor-arrows-position-inside elementor-widget elementor-widget-slides\" data-id=\"53883766\" data-element_type=\"widget\" data-settings=\"{&quot;navigation&quot;:&quot;arrows&quot;,&quot;motion_fx_motion_fx_scrolling&quot;:&quot;yes&quot;,&quot;autoplay&quot;:&quot;yes&quot;,&quot;pause_on_hover&quot;:&quot;yes&quot;,&quot;pause_on_interaction&quot;:&quot;yes&quot;,&quot;autoplay_speed&quot;:5000,&quot;infinite&quot;:&quot;yes&quot;,&quot;transition&quot;:&quot;slide&quot;,&quot;transition_speed&quot;:500,&quot;motion_fx_devices&quot;:[&quot;desktop&quot;,&quot;tablet&quot;,&quot;mobile&quot;]}\" data-widget_type=\"slides.default\">\n\t\t\t\t<div class=\"elementor-widget-container\">\n\t\t\t\t\t<div class=\"elementor-swiper\">\n\t\t\t<div class=\"elementor-slides-wrapper elementor-main-swiper swiper\" dir=\"ltr\" data-animation=\"fadeInUp\">\n\t\t\t\t<div class=\"swiper-wrapper elementor-slides\">\n\t\t\t\t\t\t\t\t\t\t<div class=\"elementor-repeater-item-378399b swiper-slide\"><div class=\"swiper-slide-bg\" role=\"img\"><\/div><div class=\"elementor-background-overlay\"><\/div><div class=\"swiper-slide-inner\" ><div class=\"swiper-slide-contents\"><div class=\"elementor-slide-heading\">DOCENTES INVESTIGADORES<\/div><\/div><\/div><\/div><div class=\"elementor-repeater-item-f851c1c swiper-slide\"><div class=\"swiper-slide-bg\" role=\"img\"><\/div><div class=\"elementor-background-overlay\"><\/div><div class=\"swiper-slide-inner\" ><div class=\"swiper-slide-contents\"><div class=\"elementor-slide-heading\">DOCENTES INVESTIGADORES<\/div><\/div><\/div><\/div>\t\t\t\t<\/div>\n\t\t\t\t\t\t\t\t\t\t\t\t\t\t\t\t\t\t\t\t<div class=\"elementor-swiper-button elementor-swiper-button-prev\" role=\"button\" tabindex=\"0\">\n\t\t\t\t\t\t\t<i aria-hidden=\"true\" class=\"eicon-chevron-left\"><\/i>\t\t\t\t\t\t\t<span class=\"elementor-screen-only\">Diapositiva anterior<\/span>\n\t\t\t\t\t\t<\/div>\n\t\t\t\t\t\t<div class=\"elementor-swiper-button elementor-swiper-button-next\" role=\"button\" tabindex=\"0\">\n\t\t\t\t\t\t\t<i aria-hidden=\"true\" class=\"eicon-chevron-right\"><\/i>\t\t\t\t\t\t\t<span class=\"elementor-screen-only\">Diapositiva siguiente<\/span>\n\t\t\t\t\t\t<\/div>\n\t\t\t\t\t\t\t\t\t\t\t\t<\/div>\n\t\t<\/div>\n\t\t\t\t<\/div>\n\t\t\t\t<\/div>\n\t\t\t\t\t<\/div>\n\t\t<\/div>\n\t\t\t\t\t<\/div>\n\t\t<\/section>\n\t\t\t\t<section class=\"elementor-section elementor-top-section elementor-element elementor-element-f72d6b5 elementor-section-boxed elementor-section-height-default elementor-section-height-default\" data-id=\"f72d6b5\" data-element_type=\"section\" data-settings=\"{&quot;background_background&quot;:&quot;classic&quot;}\">\n\t\t\t\t\t\t<div class=\"elementor-container elementor-column-gap-default\">\n\t\t\t\t\t<div class=\"elementor-column elementor-col-100 elementor-top-column elementor-element elementor-element-8a5250e\" data-id=\"8a5250e\" data-element_type=\"column\">\n\t\t\t<div class=\"elementor-widget-wrap elementor-element-populated\">\n\t\t\t\t\t\t<div class=\"elementor-element elementor-element-1bd864c elementor-nav-menu__align-start elementor-widget__width-initial elementor-nav-menu--dropdown-tablet elementor-nav-menu__text-align-aside elementor-nav-menu--toggle elementor-nav-menu--burger elementor-widget elementor-widget-nav-menu\" data-id=\"1bd864c\" data-element_type=\"widget\" data-settings=\"{&quot;layout&quot;:&quot;horizontal&quot;,&quot;submenu_icon&quot;:{&quot;value&quot;:&quot;&lt;i class=\\&quot;fas fa-caret-down\\&quot;&gt;&lt;\\\/i&gt;&quot;,&quot;library&quot;:&quot;fa-solid&quot;},&quot;toggle&quot;:&quot;burger&quot;}\" data-widget_type=\"nav-menu.default\">\n\t\t\t\t<div class=\"elementor-widget-container\">\n\t\t\t\t\t\t<nav aria-label=\"Men\u00fa\" class=\"elementor-nav-menu--main elementor-nav-menu__container elementor-nav-menu--layout-horizontal e--pointer-underline e--animation-fade\">\n\t\t\t\t<ul id=\"menu-1-1bd864c\" class=\"elementor-nav-menu\"><li class=\"menu-item menu-item-type-custom menu-item-object-custom menu-item-1856\"><a href=\"https:\/\/www.undar.edu.pe\/index.php\/investigacion-vicepresidencia-de-investigacion-inicio\" class=\"elementor-item\">Inicio<\/a><\/li>\n<li class=\"menu-item menu-item-type-custom menu-item-object-custom menu-item-1857\"><a href=\"https:\/\/www.undar.edu.pe\/index.php\/investigacion-vicepresidencia-de-investigacion-organos-dependientes\" class=\"elementor-item\">\u00d3rganos dependientes<\/a><\/li>\n<li class=\"menu-item menu-item-type-custom menu-item-object-custom menu-item-1858\"><a href=\"https:\/\/www.undar.edu.pe\/index.php\/investigacion-vicepresidencia-de-investigacion-capacitaciones-y-eventos\" class=\"elementor-item\">Capacitaciones y eventos<\/a><\/li>\n<li class=\"menu-item menu-item-type-custom menu-item-object-custom menu-item-1859\"><a href=\"https:\/\/www.undar.edu.pe\/index.php\/investigacion-vicepresidencia-de-investigacion-informacion-de-interes\" class=\"elementor-item\">Informaci\u00f3n de inter\u00e9s<\/a><\/li>\n<li class=\"menu-item menu-item-type-post_type menu-item-object-page menu-item-62322\"><a href=\"http:\/\/www.undar.edu.pe\/index.php\/vicepresidencia-de-investigacion-docentes-investigadores\/\" class=\"elementor-item\">Docentes Investigadores<\/a><\/li>\n<\/ul>\t\t\t<\/nav>\n\t\t\t\t\t<div class=\"elementor-menu-toggle\" role=\"button\" tabindex=\"0\" aria-label=\"Alternar men\u00fa\" aria-expanded=\"false\">\n\t\t\t<i aria-hidden=\"true\" role=\"presentation\" class=\"elementor-menu-toggle__icon--open eicon-menu-bar\"><\/i><i aria-hidden=\"true\" role=\"presentation\" class=\"elementor-menu-toggle__icon--close eicon-close\"><\/i>\t\t\t<span class=\"elementor-screen-only\">Men\u00fa<\/span>\n\t\t<\/div>\n\t\t\t\t\t<nav class=\"elementor-nav-menu--dropdown elementor-nav-menu__container\" aria-hidden=\"true\">\n\t\t\t\t<ul id=\"menu-2-1bd864c\" class=\"elementor-nav-menu\"><li class=\"menu-item menu-item-type-custom menu-item-object-custom menu-item-1856\"><a href=\"https:\/\/www.undar.edu.pe\/index.php\/investigacion-vicepresidencia-de-investigacion-inicio\" class=\"elementor-item\" tabindex=\"-1\">Inicio<\/a><\/li>\n<li class=\"menu-item menu-item-type-custom menu-item-object-custom menu-item-1857\"><a href=\"https:\/\/www.undar.edu.pe\/index.php\/investigacion-vicepresidencia-de-investigacion-organos-dependientes\" class=\"elementor-item\" tabindex=\"-1\">\u00d3rganos dependientes<\/a><\/li>\n<li class=\"menu-item menu-item-type-custom menu-item-object-custom menu-item-1858\"><a href=\"https:\/\/www.undar.edu.pe\/index.php\/investigacion-vicepresidencia-de-investigacion-capacitaciones-y-eventos\" class=\"elementor-item\" tabindex=\"-1\">Capacitaciones y eventos<\/a><\/li>\n<li class=\"menu-item menu-item-type-custom menu-item-object-custom menu-item-1859\"><a href=\"https:\/\/www.undar.edu.pe\/index.php\/investigacion-vicepresidencia-de-investigacion-informacion-de-interes\" class=\"elementor-item\" tabindex=\"-1\">Informaci\u00f3n de inter\u00e9s<\/a><\/li>\n<li class=\"menu-item menu-item-type-post_type menu-item-object-page menu-item-62322\"><a href=\"http:\/\/www.undar.edu.pe\/index.php\/vicepresidencia-de-investigacion-docentes-investigadores\/\" class=\"elementor-item\" tabindex=\"-1\">Docentes Investigadores<\/a><\/li>\n<\/ul>\t\t\t<\/nav>\n\t\t\t\t<\/div>\n\t\t\t\t<\/div>\n\t\t\t\t\t<\/div>\n\t\t<\/div>\n\t\t\t\t\t<\/div>\n\t\t<\/section>\n\t\t\t\t<section class=\"elementor-section elementor-top-section elementor-element elementor-element-2abc6de elementor-section-boxed elementor-section-height-default elementor-section-height-default\" data-id=\"2abc6de\" data-element_type=\"section\">\n\t\t\t\t\t\t<div class=\"elementor-container elementor-column-gap-default\">\n\t\t\t\t\t<div class=\"elementor-column elementor-col-100 elementor-top-column elementor-element elementor-element-247f636\" data-id=\"247f636\" data-element_type=\"column\">\n\t\t\t<div class=\"elementor-widget-wrap elementor-element-populated\">\n\t\t\t\t\t\t<div class=\"elementor-element elementor-element-552344b elementor-widget elementor-widget-heading\" data-id=\"552344b\" data-element_type=\"widget\" data-widget_type=\"heading.default\">\n\t\t\t\t<div class=\"elementor-widget-container\">\n\t\t\t<h6 class=\"elementor-heading-title elementor-size-small\"><b>Universidad Nacional Daniel Alom\u00eda Robles<\/b> - Vicepresidencia de Investigaci\u00f3n - Docentes Investigadores<\/h6>\t\t<\/div>\n\t\t\t\t<\/div>\n\t\t\t\t\t<\/div>\n\t\t<\/div>\n\t\t\t\t\t<\/div>\n\t\t<\/section>\n\t\t\t\t<section class=\"elementor-section elementor-top-section elementor-element elementor-element-d72c31a elementor-section-boxed elementor-section-height-default elementor-section-height-default\" data-id=\"d72c31a\" data-element_type=\"section\">\n\t\t\t\t\t\t<div class=\"elementor-container elementor-column-gap-default\">\n\t\t\t\t\t<div class=\"elementor-column elementor-col-50 elementor-top-column elementor-element elementor-element-5f2b685\" data-id=\"5f2b685\" data-element_type=\"column\">\n\t\t\t<div class=\"elementor-widget-wrap elementor-element-populated\">\n\t\t\t\t\t\t<div class=\"elementor-element elementor-element-a402183 elementor-nav-menu--dropdown-tablet elementor-nav-menu__text-align-aside elementor-nav-menu--toggle elementor-nav-menu--burger elementor-widget elementor-widget-nav-menu\" data-id=\"a402183\" data-element_type=\"widget\" data-settings=\"{&quot;layout&quot;:&quot;vertical&quot;,&quot;submenu_icon&quot;:{&quot;value&quot;:&quot;&lt;i class=\\&quot;fas fa-caret-down\\&quot;&gt;&lt;\\\/i&gt;&quot;,&quot;library&quot;:&quot;fa-solid&quot;},&quot;toggle&quot;:&quot;burger&quot;}\" data-widget_type=\"nav-menu.default\">\n\t\t\t\t<div class=\"elementor-widget-container\">\n\t\t\t\t\t\t<nav aria-label=\"Men\u00fa\" class=\"elementor-nav-menu--main elementor-nav-menu__container elementor-nav-menu--layout-vertical e--pointer-underline e--animation-fade\">\n\t\t\t\t<ul id=\"menu-1-a402183\" class=\"elementor-nav-menu sm-vertical\"><li class=\"menu-item menu-item-type-post_type menu-item-object-page menu-item-62315\"><a href=\"http:\/\/www.undar.edu.pe\/index.php\/vicepresidencia-de-investigacion-docentes-investigadores\/\" class=\"elementor-item\">DOCENTE INVESTIGADOR<\/a><\/li>\n<li class=\"menu-item menu-item-type-post_type menu-item-object-page menu-item-62349\"><a href=\"http:\/\/www.undar.edu.pe\/index.php\/vicepresidencia-de-investigacion-docentes-renacit\/\" class=\"elementor-item\">DOCENTES RENACYT<\/a><\/li>\n<li class=\"menu-item menu-item-type-post_type menu-item-object-page menu-item-62379\"><a href=\"http:\/\/www.undar.edu.pe\/index.php\/vicepresidencia-de-investigacion-grupos-de-investigacion\/\" class=\"elementor-item\">GRUPOS DE INVESTIGACI\u00d3N<\/a><\/li>\n<\/ul>\t\t\t<\/nav>\n\t\t\t\t\t<div class=\"elementor-menu-toggle\" role=\"button\" tabindex=\"0\" aria-label=\"Alternar men\u00fa\" aria-expanded=\"false\">\n\t\t\t<i aria-hidden=\"true\" role=\"presentation\" class=\"elementor-menu-toggle__icon--open eicon-menu-bar\"><\/i><i aria-hidden=\"true\" role=\"presentation\" class=\"elementor-menu-toggle__icon--close eicon-close\"><\/i>\t\t\t<span class=\"elementor-screen-only\">Men\u00fa<\/span>\n\t\t<\/div>\n\t\t\t\t\t<nav class=\"elementor-nav-menu--dropdown elementor-nav-menu__container\" aria-hidden=\"true\">\n\t\t\t\t<ul id=\"menu-2-a402183\" class=\"elementor-nav-menu sm-vertical\"><li class=\"menu-item menu-item-type-post_type menu-item-object-page menu-item-62315\"><a href=\"http:\/\/www.undar.edu.pe\/index.php\/vicepresidencia-de-investigacion-docentes-investigadores\/\" class=\"elementor-item\" tabindex=\"-1\">DOCENTE INVESTIGADOR<\/a><\/li>\n<li class=\"menu-item menu-item-type-post_type menu-item-object-page menu-item-62349\"><a href=\"http:\/\/www.undar.edu.pe\/index.php\/vicepresidencia-de-investigacion-docentes-renacit\/\" class=\"elementor-item\" tabindex=\"-1\">DOCENTES RENACYT<\/a><\/li>\n<li class=\"menu-item menu-item-type-post_type menu-item-object-page menu-item-62379\"><a href=\"http:\/\/www.undar.edu.pe\/index.php\/vicepresidencia-de-investigacion-grupos-de-investigacion\/\" class=\"elementor-item\" tabindex=\"-1\">GRUPOS DE INVESTIGACI\u00d3N<\/a><\/li>\n<\/ul>\t\t\t<\/nav>\n\t\t\t\t<\/div>\n\t\t\t\t<\/div>\n\t\t\t\t\t<\/div>\n\t\t<\/div>\n\t\t\t\t<div class=\"elementor-column elementor-col-50 elementor-top-column elementor-element elementor-element-01cc37f\" data-id=\"01cc37f\" data-element_type=\"column\">\n\t\t\t<div class=\"elementor-widget-wrap elementor-element-populated\">\n\t\t\t\t\t\t<div class=\"elementor-element elementor-element-ed860cd elementor-widget elementor-widget-accordion\" data-id=\"ed860cd\" data-element_type=\"widget\" data-widget_type=\"accordion.default\">\n\t\t\t\t<div class=\"elementor-widget-container\">\n\t\t\t\t\t<div class=\"elementor-accordion\">\n\t\t\t\t\t\t\t<div class=\"elementor-accordion-item\">\n\t\t\t\t\t<div id=\"elementor-tab-title-2491\" class=\"elementor-tab-title\" data-tab=\"1\" role=\"button\" aria-controls=\"elementor-tab-content-2491\" aria-expanded=\"false\">\n\t\t\t\t\t\t\t\t\t\t\t\t\t<span class=\"elementor-accordion-icon elementor-accordion-icon-left\" aria-hidden=\"true\">\n\t\t\t\t\t\t\t\t\t\t\t\t\t\t\t<span class=\"elementor-accordion-icon-closed\"><i class=\"fas fa-plus\"><\/i><\/span>\n\t\t\t\t\t\t\t\t<span class=\"elementor-accordion-icon-opened\"><i class=\"fas fa-minus\"><\/i><\/span>\n\t\t\t\t\t\t\t\t\t\t\t\t\t\t<\/span>\n\t\t\t\t\t\t\t\t\t\t\t\t<a class=\"elementor-accordion-title\" tabindex=\"0\">DOCENTE INVESTIGADOR<\/a>\n\t\t\t\t\t<\/div>\n\t\t\t\t\t<div id=\"elementor-tab-content-2491\" class=\"elementor-tab-content elementor-clearfix\" data-tab=\"1\" role=\"region\" aria-labelledby=\"elementor-tab-title-2491\"><p><strong><img fetchpriority=\"high\" decoding=\"async\" class=\"wp-image-52620 alignleft\" src=\"http:\/\/www.undar.edu.pe\/wp-content\/uploads\/2024\/01\/Esio-Ocana-Igarza_Director-del-Instituto-de-Investigacion-comprimido-300x200.png\" alt=\"Foto del director del Instituto de Investigaci\u00f3n\" width=\"291\" height=\"194\" srcset=\"http:\/\/www.undar.edu.pe\/wp-content\/uploads\/2024\/01\/Esio-Ocana-Igarza_Director-del-Instituto-de-Investigacion-comprimido-300x200.png 300w, http:\/\/www.undar.edu.pe\/wp-content\/uploads\/2024\/01\/Esio-Ocana-Igarza_Director-del-Instituto-de-Investigacion-comprimido-1024x683.png 1024w, http:\/\/www.undar.edu.pe\/wp-content\/uploads\/2024\/01\/Esio-Ocana-Igarza_Director-del-Instituto-de-Investigacion-comprimido-768x512.png 768w, http:\/\/www.undar.edu.pe\/wp-content\/uploads\/2024\/01\/Esio-Ocana-Igarza_Director-del-Instituto-de-Investigacion-comprimido-1536x1024.png 1536w, http:\/\/www.undar.edu.pe\/wp-content\/uploads\/2024\/01\/Esio-Ocana-Igarza_Director-del-Instituto-de-Investigacion-comprimido-2048x1365.png 2048w\" sizes=\"(max-width: 291px) 100vw, 291px\" \/>DR. ESIO OCA\u00d1A<\/strong><br \/><strong>IGARZA<\/strong><\/p><p>Doctor en Administraci\u00f3n de la Educaci\u00f3n (UCV), mag\u00edster en Administraci\u00f3n de la Educaci\u00f3n (UCV), licenciado en Educaci\u00f3n Art\u00edstica en la Especialidad de M\u00fasica por la Universidad Mayor de San Marcos (UNMSM) y con bachiller en Ingenier\u00eda Civil y Arquitectura (UNHEVAL). Ha ejercido la docencia y ha sido jefe de Investigaci\u00f3n y Pr\u00e1cticas Preprofesionales (2010-2017) en el Instituto Superior de M\u00fasica P\u00fablico Daniel Alom\u00eda Robles. Ocup\u00f3 el cargo de Vicepresidente de Investigaci\u00f3n de la Primera Comisi\u00f3n Organizadora de la UNDAR (2018). Actualmente, es docente asociado de la Universidad Nacional Daniel Alom\u00eda Robles y responsable de la Escuela Profesional de Educaci\u00f3n Musical y Artes de la misma casa de estudios. Entre sus publicaciones figura el libro \u201cCantares huanuque\u00f1os\u201d y otros art\u00edculos.<\/p><p><a href=\"https:\/\/servicio-renacyt.concytec.gob.pe\/ficha-renacyt\/?idInvestigador=34466\">INVESTIGADOR RENACYT<\/a><\/p><\/div>\n\t\t\t\t<\/div>\n\t\t\t\t\t\t\t\t<\/div>\n\t\t\t\t<\/div>\n\t\t\t\t<\/div>\n\t\t\t\t\t<\/div>\n\t\t<\/div>\n\t\t\t\t\t<\/div>\n\t\t<\/section>\n\t\t\t\t<section class=\"elementor-section elementor-top-section elementor-element elementor-element-ce5dbb5 elementor-section-boxed elementor-section-height-default elementor-section-height-default\" data-id=\"ce5dbb5\" data-element_type=\"section\">\n\t\t\t\t\t\t<div class=\"elementor-container elementor-column-gap-default\">\n\t\t\t\t\t<div class=\"elementor-column elementor-col-100 elementor-top-column elementor-element elementor-element-82ce33b\" data-id=\"82ce33b\" data-element_type=\"column\">\n\t\t\t<div class=\"elementor-widget-wrap elementor-element-populated\">\n\t\t\t\t\t\t<div class=\"elementor-element elementor-element-353b4ef elementor-widget elementor-widget-text-editor\" data-id=\"353b4ef\" data-element_type=\"widget\" data-widget_type=\"text-editor.default\">\n\t\t\t\t<div class=\"elementor-widget-container\">\n\t\t\t\t\t\t\t<p><span style=\"color: #343434;\"><button id=\"listenButton1\" class=\"responsivevoice-button\" type=\"button\" value=\"Play\" title=\"ResponsiveVoice Tap to Start\/Stop Speech\"><span>&#128266; Listen to this<\/span><\/button>\n        <script>\n            listenButton1.onclick = function(){\n                if(responsiveVoice.isPlaying()){\n                    responsiveVoice.cancel();\n                }else{\n                    responsiveVoice.speak(\"DOCENTES INVESTIGADORESDOCENTES INVESTIGADORES Diapositiva anterior Diapositiva siguiente Universidad Nacional Daniel Alom\u00eda Robles - Vicepresidencia de Investigaci\u00f3n - Docentes Investigadores DOCENTE INVESTIGADOR DR. ESIO OCA\u00d1AIGARZADoctor en Administraci\u00f3n de la Educaci\u00f3n (UCV), mag\u00edster en Administraci\u00f3n de la Educaci\u00f3n (UCV), licenciado en Educaci\u00f3n Art\u00edstica en la Especialidad de M\u00fasica por la Universidad Mayor de San Marcos (UNMSM) y con bachiller en Ingenier\u00eda Civil y Arquitectura (UNHEVAL). Ha ejercido la docencia y ha sido jefe de Investigaci\u00f3n y Pr\u00e1cticas Preprofesionales (2010-2017) en el Instituto Superior de M\u00fasica P\u00fablico Daniel Alom\u00eda Robles. Ocup\u00f3 el cargo de Vicepresidente de Investigaci\u00f3n de la Primera Comisi\u00f3n Organizadora de la UNDAR (2018). Actualmente, es docente asociado de la Universidad Nacional Daniel Alom\u00eda Robles y responsable de la Escuela Profesional de Educaci\u00f3n Musical y Artes de la misma casa de estudios. Entre sus publicaciones figura el libro \u201cCantares huanuque\u00f1os\u201d y otros art\u00edculos.INVESTIGADOR RENACYT \u00a0\", \"UK English Female\");\n                }\n            };\n        <\/script>\n    \u00a0<\/span><\/p>\t\t\t\t\t\t<\/div>\n\t\t\t\t<\/div>\n\t\t\t\t\t<\/div>\n\t\t<\/div>\n\t\t\t\t\t<\/div>\n\t\t<\/section>\n\t\t\t\t<\/div>\n\t\t","protected":false},"excerpt":{"rendered":"<p>DOCENTES INVESTIGADORESDOCENTES INVESTIGADORES Diapositiva anterior Diapositiva siguiente Universidad Nacional Daniel Alom\u00eda Robles &#8211; Vicepresidencia de Investigaci\u00f3n &#8211; Docentes Investigadores DOCENTE INVESTIGADOR DR. ESIO OCA\u00d1AIGARZA Doctor en Administraci\u00f3n de la Educaci\u00f3n (UCV), mag\u00edster en Administraci\u00f3n de la Educaci\u00f3n (UCV), licenciado en Educaci\u00f3n Art\u00edstica en la Especialidad de M\u00fasica por la Universidad Mayor de San Marcos (UNMSM) [&hellip;]<\/p>\n","protected":false},"author":1,"featured_media":0,"parent":0,"menu_order":0,"comment_status":"closed","ping_status":"closed","template":"","meta":{"_uf_show_specific_survey":0,"_uf_disable_surveys":false,"footnotes":""},"class_list":["post-62307","page","type-page","status-publish","hentry"],"aioseo_notices":[],"_links":{"self":[{"href":"http:\/\/www.undar.edu.pe\/index.php\/wp-json\/wp\/v2\/pages\/62307","targetHints":{"allow":["GET"]}}],"collection":[{"href":"http:\/\/www.undar.edu.pe\/index.php\/wp-json\/wp\/v2\/pages"}],"about":[{"href":"http:\/\/www.undar.edu.pe\/index.php\/wp-json\/wp\/v2\/types\/page"}],"author":[{"embeddable":true,"href":"http:\/\/www.undar.edu.pe\/index.php\/wp-json\/wp\/v2\/users\/1"}],"replies":[{"embeddable":true,"href":"http:\/\/www.undar.edu.pe\/index.php\/wp-json\/wp\/v2\/comments?post=62307"}],"version-history":[{"count":26,"href":"http:\/\/www.undar.edu.pe\/index.php\/wp-json\/wp\/v2\/pages\/62307\/revisions"}],"predecessor-version":[{"id":63664,"href":"http:\/\/www.undar.edu.pe\/index.php\/wp-json\/wp\/v2\/pages\/62307\/revisions\/63664"}],"wp:attachment":[{"href":"http:\/\/www.undar.edu.pe\/index.php\/wp-json\/wp\/v2\/media?parent=62307"}],"curies":[{"name":"wp","href":"https:\/\/api.w.org\/{rel}","templated":true}]}}