{"id":60801,"date":"2025-02-24T14:04:51","date_gmt":"2025-02-24T19:04:51","guid":{"rendered":"http:\/\/www.undar.edu.pe\/?page_id=60801"},"modified":"2025-11-13T10:06:14","modified_gmt":"2025-11-13T15:06:14","slug":"universidad-convenio-municipalidad-provincial-de-lauricocha","status":"publish","type":"page","link":"http:\/\/www.undar.edu.pe\/index.php\/universidad-convenio-municipalidad-provincial-de-lauricocha\/","title":{"rendered":"UNIVERSIDAD &#8211; CONVENIO MUNICIPALIDAD PROVINCIAL DE LAURICOCHA"},"content":{"rendered":"\t\t<div data-elementor-type=\"wp-page\" data-elementor-id=\"60801\" class=\"elementor elementor-60801\" data-elementor-post-type=\"page\">\n\t\t\t\t\t\t<section class=\"elementor-section elementor-top-section elementor-element elementor-element-f735bfb elementor-section-boxed elementor-section-height-default elementor-section-height-default\" data-id=\"f735bfb\" data-element_type=\"section\">\n\t\t\t\t\t\t<div class=\"elementor-container elementor-column-gap-default\">\n\t\t\t\t\t<div class=\"elementor-column elementor-col-100 elementor-top-column elementor-element elementor-element-7f0d644\" data-id=\"7f0d644\" data-element_type=\"column\">\n\t\t\t<div class=\"elementor-widget-wrap elementor-element-populated\">\n\t\t\t\t\t\t<div class=\"elementor-element elementor-element-407fd39 elementor-widget elementor-widget-heading\" data-id=\"407fd39\" data-element_type=\"widget\" data-widget_type=\"heading.default\">\n\t\t\t\t<div class=\"elementor-widget-container\">\n\t\t\t<h6 class=\"elementor-heading-title elementor-size-small\"><b>Universidad Nacional Daniel Alom\u00eda Robles<\/b> - Convenio Municipalidad Provincial de Lauricocha<\/h6>\t\t<\/div>\n\t\t\t\t<\/div>\n\t\t\t\t\t<\/div>\n\t\t<\/div>\n\t\t\t\t\t<\/div>\n\t\t<\/section>\n\t\t\t\t<section class=\"elementor-section elementor-top-section elementor-element elementor-element-62ec0e3 elementor-section-boxed elementor-section-height-default elementor-section-height-default\" data-id=\"62ec0e3\" data-element_type=\"section\">\n\t\t\t\t\t\t<div class=\"elementor-container elementor-column-gap-default\">\n\t\t\t\t\t<div class=\"elementor-column elementor-col-50 elementor-top-column elementor-element elementor-element-b9f29af\" data-id=\"b9f29af\" data-element_type=\"column\">\n\t\t\t<div class=\"elementor-widget-wrap elementor-element-populated\">\n\t\t\t\t\t\t<div class=\"elementor-element elementor-element-6083190 elementor-widget elementor-widget-image\" data-id=\"6083190\" data-element_type=\"widget\" data-widget_type=\"image.default\">\n\t\t\t\t<div class=\"elementor-widget-container\">\n\t\t\t\t\t\t\t\t\t\t\t\t\t<img fetchpriority=\"high\" decoding=\"async\" width=\"800\" height=\"800\" src=\"http:\/\/www.undar.edu.pe\/wp-content\/uploads\/2025\/02\/456447785_925617669607223_1638228481967987927_n-1024x1024.jpg\" class=\"attachment-large size-large wp-image-60800\" alt=\"\" srcset=\"http:\/\/www.undar.edu.pe\/wp-content\/uploads\/2025\/02\/456447785_925617669607223_1638228481967987927_n-1024x1024.jpg 1024w, http:\/\/www.undar.edu.pe\/wp-content\/uploads\/2025\/02\/456447785_925617669607223_1638228481967987927_n-300x300.jpg 300w, http:\/\/www.undar.edu.pe\/wp-content\/uploads\/2025\/02\/456447785_925617669607223_1638228481967987927_n-150x150.jpg 150w, http:\/\/www.undar.edu.pe\/wp-content\/uploads\/2025\/02\/456447785_925617669607223_1638228481967987927_n-768x768.jpg 768w, http:\/\/www.undar.edu.pe\/wp-content\/uploads\/2025\/02\/456447785_925617669607223_1638228481967987927_n-1536x1536.jpg 1536w, http:\/\/www.undar.edu.pe\/wp-content\/uploads\/2025\/02\/456447785_925617669607223_1638228481967987927_n.jpg 2000w\" sizes=\"(max-width: 800px) 100vw, 800px\" \/>\t\t\t\t\t\t\t\t\t\t\t\t\t<\/div>\n\t\t\t\t<\/div>\n\t\t\t\t\t<\/div>\n\t\t<\/div>\n\t\t\t\t<div class=\"elementor-column elementor-col-50 elementor-top-column elementor-element elementor-element-ce8f1d3\" data-id=\"ce8f1d3\" data-element_type=\"column\">\n\t\t\t<div class=\"elementor-widget-wrap elementor-element-populated\">\n\t\t\t\t\t\t<div class=\"elementor-element elementor-element-8147741 elementor-widget elementor-widget-text-editor\" data-id=\"8147741\" data-element_type=\"widget\" data-widget_type=\"text-editor.default\">\n\t\t\t\t<div class=\"elementor-widget-container\">\n\t\t\t\t\t\t\t<h3 style=\"text-align: justify;\"><span style=\"color: #ff9900;\"><strong>MUNICIPALIDAD PROVINCIAL DE LAURICOCHA<\/strong><\/span><\/h3><p><b>RESOLUCI\u00d3N DE COMISI\u00d3N ORGANIZADORA N\u00b0 187-2024-CO-UNDAR DEL 05\/02\/2024<\/b><\/p>\t\t\t\t\t\t<\/div>\n\t\t\t\t<\/div>\n\t\t\t\t<section class=\"elementor-section elementor-inner-section elementor-element elementor-element-e3b0801 elementor-section-boxed elementor-section-height-default elementor-section-height-default\" data-id=\"e3b0801\" data-element_type=\"section\">\n\t\t\t\t\t\t<div class=\"elementor-container elementor-column-gap-default\">\n\t\t\t\t\t<div class=\"elementor-column elementor-col-50 elementor-inner-column elementor-element elementor-element-5226591\" data-id=\"5226591\" data-element_type=\"column\">\n\t\t\t<div class=\"elementor-widget-wrap elementor-element-populated\">\n\t\t\t\t\t\t<div class=\"elementor-element elementor-element-06fcd83 elementor-widget elementor-widget-heading\" data-id=\"06fcd83\" data-element_type=\"widget\" data-widget_type=\"heading.default\">\n\t\t\t\t<div class=\"elementor-widget-container\">\n\t\t\t<h6 class=\"elementor-heading-title elementor-size-default\">FECHA DE SUSCRIPCI\u00d3N<\/h6>\t\t<\/div>\n\t\t\t\t<\/div>\n\t\t\t\t<div class=\"elementor-element elementor-element-1e1c9ed elementor-widget elementor-widget-text-editor\" data-id=\"1e1c9ed\" data-element_type=\"widget\" data-widget_type=\"text-editor.default\">\n\t\t\t\t<div class=\"elementor-widget-container\">\n\t\t\t\t\t\t\t<p><strong>05\/02\/2024<\/strong><\/p>\t\t\t\t\t\t<\/div>\n\t\t\t\t<\/div>\n\t\t\t\t\t<\/div>\n\t\t<\/div>\n\t\t\t\t<div class=\"elementor-column elementor-col-50 elementor-inner-column elementor-element elementor-element-072ac9a\" data-id=\"072ac9a\" data-element_type=\"column\">\n\t\t\t<div class=\"elementor-widget-wrap elementor-element-populated\">\n\t\t\t\t\t\t<div class=\"elementor-element elementor-element-2e4982d elementor-widget elementor-widget-heading\" data-id=\"2e4982d\" data-element_type=\"widget\" data-widget_type=\"heading.default\">\n\t\t\t\t<div class=\"elementor-widget-container\">\n\t\t\t<h6 class=\"elementor-heading-title elementor-size-default\">FECHA DE VENCIMIENTO<\/h6>\t\t<\/div>\n\t\t\t\t<\/div>\n\t\t\t\t<div class=\"elementor-element elementor-element-782d9f5 elementor-widget elementor-widget-text-editor\" data-id=\"782d9f5\" data-element_type=\"widget\" data-widget_type=\"text-editor.default\">\n\t\t\t\t<div class=\"elementor-widget-container\">\n\t\t\t\t\t\t\t<p><strong>05\/02\/2026<\/strong><\/p>\t\t\t\t\t\t<\/div>\n\t\t\t\t<\/div>\n\t\t\t\t\t<\/div>\n\t\t<\/div>\n\t\t\t\t\t<\/div>\n\t\t<\/section>\n\t\t\t\t<div class=\"elementor-element elementor-element-ba992ad elementor-widget elementor-widget-button\" data-id=\"ba992ad\" data-element_type=\"widget\" data-widget_type=\"button.default\">\n\t\t\t\t<div class=\"elementor-widget-container\">\n\t\t\t\t\t\t\t<div class=\"elementor-button-wrapper\">\n\t\t\t\t\t<a class=\"elementor-button elementor-button-link elementor-size-sm\" href=\"#\">\n\t\t\t\t\t\t<span class=\"elementor-button-content-wrapper\">\n\t\t\t\t\t\t\t\t\t<span class=\"elementor-button-text\">Estado: Vigente<\/span>\n\t\t\t\t\t<\/span>\n\t\t\t\t\t<\/a>\n\t\t\t\t<\/div>\n\t\t\t\t\t\t<\/div>\n\t\t\t\t<\/div>\n\t\t\t\t\t<\/div>\n\t\t<\/div>\n\t\t\t\t\t<\/div>\n\t\t<\/section>\n\t\t\t\t<section class=\"elementor-section elementor-top-section elementor-element elementor-element-4f05eed elementor-section-boxed elementor-section-height-default elementor-section-height-default\" data-id=\"4f05eed\" data-element_type=\"section\">\n\t\t\t\t\t\t<div class=\"elementor-container elementor-column-gap-default\">\n\t\t\t\t\t<div class=\"elementor-column elementor-col-100 elementor-top-column elementor-element elementor-element-b659848\" data-id=\"b659848\" data-element_type=\"column\">\n\t\t\t<div class=\"elementor-widget-wrap elementor-element-populated\">\n\t\t\t\t\t\t<div class=\"elementor-element elementor-element-e13140a elementor-widget elementor-widget-text-editor\" data-id=\"e13140a\" data-element_type=\"widget\" data-widget_type=\"text-editor.default\">\n\t\t\t\t<div class=\"elementor-widget-container\">\n\t\t\t\t\t\t\t<p><b>UNDAR<\/b><span style=\"font-weight: 400;\">:<\/span><\/p><ul><li style=\"font-weight: 400;\" aria-level=\"1\"><span style=\"font-weight: 400;\">Brindar apoyo con la ense\u00f1anza en aprestamiento musical, talleres de m\u00fasica, canto y oratoria.<\/span><\/li><li style=\"font-weight: 400;\" aria-level=\"1\"><span style=\"font-weight: 400;\">Brindar instalaciones log\u00edsticas con finalidad de desarrollo de habilidades blandas en los talleres.<\/span><\/li><li style=\"font-weight: 400;\" aria-level=\"1\"><span style=\"font-weight: 400;\">Brindar apoyo a los servidores y trabajadores.<\/span><\/li><\/ul><p><b>MUNICIPALIDAD<\/b><span style=\"font-weight: 400;\">:<\/span><\/p><ul><li style=\"font-weight: 400;\" aria-level=\"1\"><span style=\"font-weight: 400;\">Establecer mecanismo de colaboraci\u00f3n Interinstitucional de inter\u00e9s com\u00fan que contribuyan el cumplimiento de manera eficaz.<\/span><\/li><\/ul>\t\t\t\t\t\t<\/div>\n\t\t\t\t<\/div>\n\t\t\t\t\t<\/div>\n\t\t<\/div>\n\t\t\t\t\t<\/div>\n\t\t<\/section>\n\t\t\t\t<section class=\"elementor-section elementor-top-section elementor-element elementor-element-1a4af7d elementor-section-boxed elementor-section-height-default elementor-section-height-default\" data-id=\"1a4af7d\" data-element_type=\"section\">\n\t\t\t\t\t\t<div class=\"elementor-container elementor-column-gap-default\">\n\t\t\t\t\t<div class=\"elementor-column elementor-col-100 elementor-top-column elementor-element elementor-element-5377edc\" data-id=\"5377edc\" data-element_type=\"column\">\n\t\t\t<div class=\"elementor-widget-wrap elementor-element-populated\">\n\t\t\t\t\t\t<div class=\"elementor-element elementor-element-f520657 elementor-widget elementor-widget-text-editor\" data-id=\"f520657\" data-element_type=\"widget\" data-widget_type=\"text-editor.default\">\n\t\t\t\t<div class=\"elementor-widget-container\">\n\t\t\t\t\t\t\t<p><span style=\"color: #343434;\"><button id=\"listenButton1\" class=\"responsivevoice-button\" type=\"button\" value=\"Play\" title=\"ResponsiveVoice Tap to Start\/Stop Speech\"><span>&#128266; Listen to this<\/span><\/button>\n        <script>\n            listenButton1.onclick = function(){\n                if(responsiveVoice.isPlaying()){\n                    responsiveVoice.cancel();\n                }else{\n                    responsiveVoice.speak(\"Universidad Nacional Daniel Alom\u00eda Robles - Convenio Municipalidad Provincial de Lauricocha MUNICIPALIDAD PROVINCIAL DE LAURICOCHARESOLUCI\u00d3N DE COMISI\u00d3N ORGANIZADORA N\u00b0 187-2024-CO-UNDAR DEL 05\/02\/2024 FECHA DE SUSCRIPCI\u00d3N 05\/02\/2024 FECHA DE VENCIMIENTO 05\/02\/2026 Estado: Vigente UNDAR:Brindar apoyo con la ense\u00f1anza en aprestamiento musical, talleres de m\u00fasica, canto y oratoria.Brindar instalaciones log\u00edsticas con finalidad de desarrollo de habilidades blandas en los talleres.Brindar apoyo a los servidores y trabajadores.MUNICIPALIDAD:Establecer mecanismo de colaboraci\u00f3n Interinstitucional de inter\u00e9s com\u00fan que contribuyan el cumplimiento de manera eficaz.\u00a0\", \"UK English Female\");\n                }\n            };\n        <\/script>\n    \u00a0<\/span><\/p>\t\t\t\t\t\t<\/div>\n\t\t\t\t<\/div>\n\t\t\t\t\t<\/div>\n\t\t<\/div>\n\t\t\t\t\t<\/div>\n\t\t<\/section>\n\t\t\t\t<\/div>\n\t\t","protected":false},"excerpt":{"rendered":"<p>Universidad Nacional Daniel Alom\u00eda Robles &#8211; Convenio Municipalidad Provincial de Lauricocha MUNICIPALIDAD PROVINCIAL DE LAURICOCHA RESOLUCI\u00d3N DE COMISI\u00d3N ORGANIZADORA N\u00b0 187-2024-CO-UNDAR DEL 05\/02\/2024 FECHA DE SUSCRIPCI\u00d3N 05\/02\/2024 FECHA DE VENCIMIENTO 05\/02\/2026 Estado: Vigente UNDAR: Brindar apoyo con la ense\u00f1anza en aprestamiento musical, talleres de m\u00fasica, canto y oratoria. Brindar instalaciones log\u00edsticas con finalidad de desarrollo [&hellip;]<\/p>\n","protected":false},"author":1,"featured_media":0,"parent":0,"menu_order":0,"comment_status":"closed","ping_status":"closed","template":"","meta":{"_uf_show_specific_survey":0,"_uf_disable_surveys":false,"footnotes":""},"class_list":["post-60801","page","type-page","status-publish","hentry"],"aioseo_notices":[],"_links":{"self":[{"href":"http:\/\/www.undar.edu.pe\/index.php\/wp-json\/wp\/v2\/pages\/60801","targetHints":{"allow":["GET"]}}],"collection":[{"href":"http:\/\/www.undar.edu.pe\/index.php\/wp-json\/wp\/v2\/pages"}],"about":[{"href":"http:\/\/www.undar.edu.pe\/index.php\/wp-json\/wp\/v2\/types\/page"}],"author":[{"embeddable":true,"href":"http:\/\/www.undar.edu.pe\/index.php\/wp-json\/wp\/v2\/users\/1"}],"replies":[{"embeddable":true,"href":"http:\/\/www.undar.edu.pe\/index.php\/wp-json\/wp\/v2\/comments?post=60801"}],"version-history":[{"count":7,"href":"http:\/\/www.undar.edu.pe\/index.php\/wp-json\/wp\/v2\/pages\/60801\/revisions"}],"predecessor-version":[{"id":64271,"href":"http:\/\/www.undar.edu.pe\/index.php\/wp-json\/wp\/v2\/pages\/60801\/revisions\/64271"}],"wp:attachment":[{"href":"http:\/\/www.undar.edu.pe\/index.php\/wp-json\/wp\/v2\/media?parent=60801"}],"curies":[{"name":"wp","href":"https:\/\/api.w.org\/{rel}","templated":true}]}}