{"id":60738,"date":"2025-02-24T12:44:48","date_gmt":"2025-02-24T17:44:48","guid":{"rendered":"http:\/\/www.undar.edu.pe\/?page_id=60738"},"modified":"2025-11-13T10:02:57","modified_gmt":"2025-11-13T15:02:57","slug":"universidad-convenio-la-intitucion-educativa-publica-n-32044-de-santa-rosa","status":"publish","type":"page","link":"http:\/\/www.undar.edu.pe\/index.php\/universidad-convenio-la-intitucion-educativa-publica-n-32044-de-santa-rosa\/","title":{"rendered":"UNIVERSIDAD &#8211; CONVENIO LA INTITUCI\u00d3N EDUCATIVA P\u00daBLICA N\u00b0 32044 DE SANTA ROSA"},"content":{"rendered":"\t\t<div data-elementor-type=\"wp-page\" data-elementor-id=\"60738\" class=\"elementor elementor-60738\" data-elementor-post-type=\"page\">\n\t\t\t\t\t\t<section class=\"elementor-section elementor-top-section elementor-element elementor-element-f735bfb elementor-section-boxed elementor-section-height-default elementor-section-height-default\" data-id=\"f735bfb\" data-element_type=\"section\">\n\t\t\t\t\t\t<div class=\"elementor-container elementor-column-gap-default\">\n\t\t\t\t\t<div class=\"elementor-column elementor-col-100 elementor-top-column elementor-element elementor-element-7f0d644\" data-id=\"7f0d644\" data-element_type=\"column\">\n\t\t\t<div class=\"elementor-widget-wrap elementor-element-populated\">\n\t\t\t\t\t\t<div class=\"elementor-element elementor-element-407fd39 elementor-widget elementor-widget-heading\" data-id=\"407fd39\" data-element_type=\"widget\" data-widget_type=\"heading.default\">\n\t\t\t\t<div class=\"elementor-widget-container\">\n\t\t\t<h6 class=\"elementor-heading-title elementor-size-small\"><b>Universidad Nacional Daniel Alom\u00eda Robles<\/b> - Convenio Instituci\u00f3n Educativa Publica N\u00b0 32044 de Santa Rosa<\/h6>\t\t<\/div>\n\t\t\t\t<\/div>\n\t\t\t\t\t<\/div>\n\t\t<\/div>\n\t\t\t\t\t<\/div>\n\t\t<\/section>\n\t\t\t\t<section class=\"elementor-section elementor-top-section elementor-element elementor-element-62ec0e3 elementor-section-boxed elementor-section-height-default elementor-section-height-default\" data-id=\"62ec0e3\" data-element_type=\"section\">\n\t\t\t\t\t\t<div class=\"elementor-container elementor-column-gap-default\">\n\t\t\t\t\t<div class=\"elementor-column elementor-col-50 elementor-top-column elementor-element elementor-element-b9f29af\" data-id=\"b9f29af\" data-element_type=\"column\">\n\t\t\t<div class=\"elementor-widget-wrap elementor-element-populated\">\n\t\t\t\t\t\t<div class=\"elementor-element elementor-element-6083190 elementor-widget elementor-widget-image\" data-id=\"6083190\" data-element_type=\"widget\" data-widget_type=\"image.default\">\n\t\t\t\t<div class=\"elementor-widget-container\">\n\t\t\t\t\t\t\t\t\t\t\t\t\t<img fetchpriority=\"high\" decoding=\"async\" width=\"400\" height=\"400\" src=\"http:\/\/www.undar.edu.pe\/wp-content\/uploads\/2025\/02\/361238053_580483180957779_1001180550723389581_n-1.jpg\" class=\"attachment-large size-large wp-image-60744\" alt=\"\" srcset=\"http:\/\/www.undar.edu.pe\/wp-content\/uploads\/2025\/02\/361238053_580483180957779_1001180550723389581_n-1.jpg 400w, http:\/\/www.undar.edu.pe\/wp-content\/uploads\/2025\/02\/361238053_580483180957779_1001180550723389581_n-1-300x300.jpg 300w, http:\/\/www.undar.edu.pe\/wp-content\/uploads\/2025\/02\/361238053_580483180957779_1001180550723389581_n-1-150x150.jpg 150w\" sizes=\"(max-width: 400px) 100vw, 400px\" \/>\t\t\t\t\t\t\t\t\t\t\t\t\t<\/div>\n\t\t\t\t<\/div>\n\t\t\t\t\t<\/div>\n\t\t<\/div>\n\t\t\t\t<div class=\"elementor-column elementor-col-50 elementor-top-column elementor-element elementor-element-ce8f1d3\" data-id=\"ce8f1d3\" data-element_type=\"column\">\n\t\t\t<div class=\"elementor-widget-wrap elementor-element-populated\">\n\t\t\t\t\t\t<div class=\"elementor-element elementor-element-8147741 elementor-widget elementor-widget-text-editor\" data-id=\"8147741\" data-element_type=\"widget\" data-widget_type=\"text-editor.default\">\n\t\t\t\t<div class=\"elementor-widget-container\">\n\t\t\t\t\t\t\t<h3 style=\"text-align: justify;\"><strong><span style=\"color: #ff9900;\">LA INTITUCI\u00d3N EDUCATIVA P\u00daBLICA N\u00b0 32044 DE SANTA ROSA<\/span><\/strong><\/h3><p><strong>RESOLUCI\u00d3N DE COMISI\u00d3N ORGANIZADORA N\u00b0 226-2024-CO-UNDAR DEL 15\/07\/2024<\/strong><\/p>\t\t\t\t\t\t<\/div>\n\t\t\t\t<\/div>\n\t\t\t\t<section class=\"elementor-section elementor-inner-section elementor-element elementor-element-e3b0801 elementor-section-boxed elementor-section-height-default elementor-section-height-default\" data-id=\"e3b0801\" data-element_type=\"section\">\n\t\t\t\t\t\t<div class=\"elementor-container elementor-column-gap-default\">\n\t\t\t\t\t<div class=\"elementor-column elementor-col-50 elementor-inner-column elementor-element elementor-element-5226591\" data-id=\"5226591\" data-element_type=\"column\">\n\t\t\t<div class=\"elementor-widget-wrap elementor-element-populated\">\n\t\t\t\t\t\t<div class=\"elementor-element elementor-element-06fcd83 elementor-widget elementor-widget-heading\" data-id=\"06fcd83\" data-element_type=\"widget\" data-widget_type=\"heading.default\">\n\t\t\t\t<div class=\"elementor-widget-container\">\n\t\t\t<h6 class=\"elementor-heading-title elementor-size-default\">FECHA DE SUSCRIPCI\u00d3N<\/h6>\t\t<\/div>\n\t\t\t\t<\/div>\n\t\t\t\t<div class=\"elementor-element elementor-element-1e1c9ed elementor-widget elementor-widget-text-editor\" data-id=\"1e1c9ed\" data-element_type=\"widget\" data-widget_type=\"text-editor.default\">\n\t\t\t\t<div class=\"elementor-widget-container\">\n\t\t\t\t\t\t\t<p><strong>15\/07\/2024<\/strong><\/p>\t\t\t\t\t\t<\/div>\n\t\t\t\t<\/div>\n\t\t\t\t\t<\/div>\n\t\t<\/div>\n\t\t\t\t<div class=\"elementor-column elementor-col-50 elementor-inner-column elementor-element elementor-element-072ac9a\" data-id=\"072ac9a\" data-element_type=\"column\">\n\t\t\t<div class=\"elementor-widget-wrap elementor-element-populated\">\n\t\t\t\t\t\t<div class=\"elementor-element elementor-element-2e4982d elementor-widget elementor-widget-heading\" data-id=\"2e4982d\" data-element_type=\"widget\" data-widget_type=\"heading.default\">\n\t\t\t\t<div class=\"elementor-widget-container\">\n\t\t\t<h6 class=\"elementor-heading-title elementor-size-default\">FECHA DE VENCIMIENTO<\/h6>\t\t<\/div>\n\t\t\t\t<\/div>\n\t\t\t\t<div class=\"elementor-element elementor-element-782d9f5 elementor-widget elementor-widget-text-editor\" data-id=\"782d9f5\" data-element_type=\"widget\" data-widget_type=\"text-editor.default\">\n\t\t\t\t<div class=\"elementor-widget-container\">\n\t\t\t\t\t\t\t<p><strong>15\/07\/2026<\/strong><\/p>\t\t\t\t\t\t<\/div>\n\t\t\t\t<\/div>\n\t\t\t\t\t<\/div>\n\t\t<\/div>\n\t\t\t\t\t<\/div>\n\t\t<\/section>\n\t\t\t\t<div class=\"elementor-element elementor-element-ba992ad elementor-widget elementor-widget-button\" data-id=\"ba992ad\" data-element_type=\"widget\" data-widget_type=\"button.default\">\n\t\t\t\t<div class=\"elementor-widget-container\">\n\t\t\t\t\t\t\t<div class=\"elementor-button-wrapper\">\n\t\t\t\t\t<a class=\"elementor-button elementor-button-link elementor-size-sm\" href=\"#\">\n\t\t\t\t\t\t<span class=\"elementor-button-content-wrapper\">\n\t\t\t\t\t\t\t\t\t<span class=\"elementor-button-text\">Estado: Vigente<\/span>\n\t\t\t\t\t<\/span>\n\t\t\t\t\t<\/a>\n\t\t\t\t<\/div>\n\t\t\t\t\t\t<\/div>\n\t\t\t\t<\/div>\n\t\t\t\t\t<\/div>\n\t\t<\/div>\n\t\t\t\t\t<\/div>\n\t\t<\/section>\n\t\t\t\t<section class=\"elementor-section elementor-top-section elementor-element elementor-element-4f05eed elementor-section-boxed elementor-section-height-default elementor-section-height-default\" data-id=\"4f05eed\" data-element_type=\"section\">\n\t\t\t\t\t\t<div class=\"elementor-container elementor-column-gap-default\">\n\t\t\t\t\t<div class=\"elementor-column elementor-col-100 elementor-top-column elementor-element elementor-element-b659848\" data-id=\"b659848\" data-element_type=\"column\">\n\t\t\t<div class=\"elementor-widget-wrap elementor-element-populated\">\n\t\t\t\t\t\t<div class=\"elementor-element elementor-element-e13140a elementor-widget elementor-widget-text-editor\" data-id=\"e13140a\" data-element_type=\"widget\" data-widget_type=\"text-editor.default\">\n\t\t\t\t<div class=\"elementor-widget-container\">\n\t\t\t\t\t\t\t<p><b>UNDAR:<\/b><\/p><ul><li style=\"font-weight: 400;\" aria-level=\"1\"><span style=\"font-weight: 400;\">Apoyar al director de <\/span><b>LA INSTITUCI\u00d3N<\/b><span style=\"font-weight: 400;\"> en el dise\u00f1o y elaboraci\u00f3n de programas de extensi\u00f3n cultural a la medida de las necesidades de la poblaci\u00f3n estudiantil.<\/span><\/li><li style=\"font-weight: 400;\" aria-level=\"1\"><span style=\"font-weight: 400;\">Previo acuerdo entre <\/span><b>LA UNDAR<\/b><span style=\"font-weight: 400;\"> y<\/span><b> LA INSTITUCI\u00d3N<\/b><span style=\"font-weight: 400;\">, elaborar conjuntamente, seg\u00fan disponibilidad de ambas instituciones; proyectos y eventos espec\u00edficos vinculados con el desarrollo, la gesti\u00f3n y el desarrollo de destinos.<\/span><\/li><\/ul><p><b>LA INSTITUCI\u00d3N:<\/b><\/p><ul><li style=\"font-weight: 400;\" aria-level=\"1\"><span style=\"font-weight: 400;\">Apoyar a <\/span><b>LA UNDAR<\/b><span style=\"font-weight: 400;\"> en la presentaci\u00f3n y ejecuci\u00f3n de proyectos de extensi\u00f3n cultural (eventos art\u00edsticos culturales y musicales), dirigidos a los estudiantes y docentes de <\/span><b>LA INSTITUCI\u00d3N<\/b><span style=\"font-weight: 400;\">.<\/span><\/li><li style=\"font-weight: 400;\" aria-level=\"1\"><span style=\"font-weight: 400;\">Garantizar total y absoluta reserva en el manejo de la informaci\u00f3n que entregue <\/span><b>LA UNDAR<\/b><span style=\"font-weight: 400;\"> para el desarrollo del Convenio Marco.<\/span><\/li><li style=\"font-weight: 400;\" aria-level=\"1\">Participar en las actividades institucionales que ejecute <b>LA UNDAR<\/b><span>, previa coordinaci\u00f3n de ambas instituciones.<\/span><\/li><\/ul>\t\t\t\t\t\t<\/div>\n\t\t\t\t<\/div>\n\t\t\t\t\t<\/div>\n\t\t<\/div>\n\t\t\t\t\t<\/div>\n\t\t<\/section>\n\t\t\t\t<section class=\"elementor-section elementor-top-section elementor-element elementor-element-1a4af7d elementor-section-boxed elementor-section-height-default elementor-section-height-default\" data-id=\"1a4af7d\" data-element_type=\"section\">\n\t\t\t\t\t\t<div class=\"elementor-container elementor-column-gap-default\">\n\t\t\t\t\t<div class=\"elementor-column elementor-col-100 elementor-top-column elementor-element elementor-element-5377edc\" data-id=\"5377edc\" data-element_type=\"column\">\n\t\t\t<div class=\"elementor-widget-wrap elementor-element-populated\">\n\t\t\t\t\t\t<div class=\"elementor-element elementor-element-f520657 elementor-widget elementor-widget-text-editor\" data-id=\"f520657\" data-element_type=\"widget\" data-widget_type=\"text-editor.default\">\n\t\t\t\t<div class=\"elementor-widget-container\">\n\t\t\t\t\t\t\t<p><span style=\"color: #343434;\"><button id=\"listenButton1\" class=\"responsivevoice-button\" type=\"button\" value=\"Play\" title=\"ResponsiveVoice Tap to Start\/Stop Speech\"><span>&#128266; Listen to this<\/span><\/button>\n        <script>\n            listenButton1.onclick = function(){\n                if(responsiveVoice.isPlaying()){\n                    responsiveVoice.cancel();\n                }else{\n                    responsiveVoice.speak(\"Universidad Nacional Daniel Alom\u00eda Robles - Convenio Instituci\u00f3n Educativa Publica N\u00b0 32044 de Santa Rosa LA INTITUCI\u00d3N EDUCATIVA P\u00daBLICA N\u00b0 32044 DE SANTA ROSARESOLUCI\u00d3N DE COMISI\u00d3N ORGANIZADORA N\u00b0 226-2024-CO-UNDAR DEL 15\/07\/2024 FECHA DE SUSCRIPCI\u00d3N 15\/07\/2024 FECHA DE VENCIMIENTO 15\/07\/2026 Estado: Vigente UNDAR:Apoyar al director de LA INSTITUCI\u00d3N en el dise\u00f1o y elaboraci\u00f3n de programas de extensi\u00f3n cultural a la medida de las necesidades de la poblaci\u00f3n estudiantil.Previo acuerdo entre LA UNDAR y LA INSTITUCI\u00d3N, elaborar conjuntamente, seg\u00fan disponibilidad de ambas instituciones; proyectos y eventos espec\u00edficos vinculados con el desarrollo, la gesti\u00f3n y el desarrollo de destinos.LA INSTITUCI\u00d3N:Apoyar a LA UNDAR en la presentaci\u00f3n y ejecuci\u00f3n de proyectos de extensi\u00f3n cultural (eventos art\u00edsticos culturales y musicales), dirigidos a los estudiantes y docentes de LA INSTITUCI\u00d3N.Garantizar total y absoluta reserva en el manejo de la informaci\u00f3n que entregue LA UNDAR para el desarrollo del Convenio Marco.Participar en las actividades institucionales que ejecute LA UNDAR, previa coordinaci\u00f3n de ambas instituciones.\u00a0\", \"UK English Female\");\n                }\n            };\n        <\/script>\n    \u00a0<\/span><\/p>\t\t\t\t\t\t<\/div>\n\t\t\t\t<\/div>\n\t\t\t\t\t<\/div>\n\t\t<\/div>\n\t\t\t\t\t<\/div>\n\t\t<\/section>\n\t\t\t\t<\/div>\n\t\t","protected":false},"excerpt":{"rendered":"<p>Universidad Nacional Daniel Alom\u00eda Robles &#8211; Convenio Instituci\u00f3n Educativa Publica N\u00b0 32044 de Santa Rosa LA INTITUCI\u00d3N EDUCATIVA P\u00daBLICA N\u00b0 32044 DE SANTA ROSA RESOLUCI\u00d3N DE COMISI\u00d3N ORGANIZADORA N\u00b0 226-2024-CO-UNDAR DEL 15\/07\/2024 FECHA DE SUSCRIPCI\u00d3N 15\/07\/2024 FECHA DE VENCIMIENTO 15\/07\/2026 Estado: Vigente UNDAR: Apoyar al director de LA INSTITUCI\u00d3N en el dise\u00f1o y elaboraci\u00f3n de [&hellip;]<\/p>\n","protected":false},"author":1,"featured_media":0,"parent":0,"menu_order":0,"comment_status":"closed","ping_status":"closed","template":"","meta":{"_uf_show_specific_survey":0,"_uf_disable_surveys":false,"footnotes":""},"class_list":["post-60738","page","type-page","status-publish","hentry"],"aioseo_notices":[],"_links":{"self":[{"href":"http:\/\/www.undar.edu.pe\/index.php\/wp-json\/wp\/v2\/pages\/60738","targetHints":{"allow":["GET"]}}],"collection":[{"href":"http:\/\/www.undar.edu.pe\/index.php\/wp-json\/wp\/v2\/pages"}],"about":[{"href":"http:\/\/www.undar.edu.pe\/index.php\/wp-json\/wp\/v2\/types\/page"}],"author":[{"embeddable":true,"href":"http:\/\/www.undar.edu.pe\/index.php\/wp-json\/wp\/v2\/users\/1"}],"replies":[{"embeddable":true,"href":"http:\/\/www.undar.edu.pe\/index.php\/wp-json\/wp\/v2\/comments?post=60738"}],"version-history":[{"count":10,"href":"http:\/\/www.undar.edu.pe\/index.php\/wp-json\/wp\/v2\/pages\/60738\/revisions"}],"predecessor-version":[{"id":64247,"href":"http:\/\/www.undar.edu.pe\/index.php\/wp-json\/wp\/v2\/pages\/60738\/revisions\/64247"}],"wp:attachment":[{"href":"http:\/\/www.undar.edu.pe\/index.php\/wp-json\/wp\/v2\/media?parent=60738"}],"curies":[{"name":"wp","href":"https:\/\/api.w.org\/{rel}","templated":true}]}}