{"id":60692,"date":"2025-02-24T10:27:45","date_gmt":"2025-02-24T15:27:45","guid":{"rendered":"http:\/\/www.undar.edu.pe\/?page_id=60692"},"modified":"2025-11-13T10:02:23","modified_gmt":"2025-11-13T15:02:23","slug":"universidad-convenio-genes-peru","status":"publish","type":"page","link":"http:\/\/www.undar.edu.pe\/index.php\/universidad-convenio-genes-peru\/","title":{"rendered":"UNIVERSIDAD &#8211; CONVENIO GENES PERU"},"content":{"rendered":"\t\t<div data-elementor-type=\"wp-page\" data-elementor-id=\"60692\" class=\"elementor elementor-60692\" data-elementor-post-type=\"page\">\n\t\t\t\t\t\t<section class=\"elementor-section elementor-top-section elementor-element elementor-element-f735bfb elementor-section-boxed elementor-section-height-default elementor-section-height-default\" data-id=\"f735bfb\" data-element_type=\"section\">\n\t\t\t\t\t\t<div class=\"elementor-container elementor-column-gap-default\">\n\t\t\t\t\t<div class=\"elementor-column elementor-col-100 elementor-top-column elementor-element elementor-element-7f0d644\" data-id=\"7f0d644\" data-element_type=\"column\">\n\t\t\t<div class=\"elementor-widget-wrap elementor-element-populated\">\n\t\t\t\t\t\t<div class=\"elementor-element elementor-element-407fd39 elementor-widget elementor-widget-heading\" data-id=\"407fd39\" data-element_type=\"widget\" data-widget_type=\"heading.default\">\n\t\t\t\t<div class=\"elementor-widget-container\">\n\t\t\t<h6 class=\"elementor-heading-title elementor-size-small\"><b>Universidad Nacional Daniel Alom\u00eda Robles<\/b> - Convenio Genes Per\u00fa<\/h6>\t\t<\/div>\n\t\t\t\t<\/div>\n\t\t\t\t\t<\/div>\n\t\t<\/div>\n\t\t\t\t\t<\/div>\n\t\t<\/section>\n\t\t\t\t<section class=\"elementor-section elementor-top-section elementor-element elementor-element-62ec0e3 elementor-section-boxed elementor-section-height-default elementor-section-height-default\" data-id=\"62ec0e3\" data-element_type=\"section\">\n\t\t\t\t\t\t<div class=\"elementor-container elementor-column-gap-default\">\n\t\t\t\t\t<div class=\"elementor-column elementor-col-50 elementor-top-column elementor-element elementor-element-b9f29af\" data-id=\"b9f29af\" data-element_type=\"column\">\n\t\t\t<div class=\"elementor-widget-wrap elementor-element-populated\">\n\t\t\t\t\t\t<div class=\"elementor-element elementor-element-6083190 elementor-widget elementor-widget-image\" data-id=\"6083190\" data-element_type=\"widget\" data-widget_type=\"image.default\">\n\t\t\t\t<div class=\"elementor-widget-container\">\n\t\t\t\t\t\t\t\t\t\t\t\t\t<img fetchpriority=\"high\" decoding=\"async\" width=\"500\" height=\"500\" src=\"http:\/\/www.undar.edu.pe\/wp-content\/uploads\/2025\/02\/GENES-removebg-preview-1.png\" class=\"attachment-large size-large wp-image-60701\" alt=\"\" srcset=\"http:\/\/www.undar.edu.pe\/wp-content\/uploads\/2025\/02\/GENES-removebg-preview-1.png 500w, http:\/\/www.undar.edu.pe\/wp-content\/uploads\/2025\/02\/GENES-removebg-preview-1-300x300.png 300w, http:\/\/www.undar.edu.pe\/wp-content\/uploads\/2025\/02\/GENES-removebg-preview-1-150x150.png 150w\" sizes=\"(max-width: 500px) 100vw, 500px\" \/>\t\t\t\t\t\t\t\t\t\t\t\t\t<\/div>\n\t\t\t\t<\/div>\n\t\t\t\t\t<\/div>\n\t\t<\/div>\n\t\t\t\t<div class=\"elementor-column elementor-col-50 elementor-top-column elementor-element elementor-element-ce8f1d3\" data-id=\"ce8f1d3\" data-element_type=\"column\">\n\t\t\t<div class=\"elementor-widget-wrap elementor-element-populated\">\n\t\t\t\t\t\t<div class=\"elementor-element elementor-element-8147741 elementor-widget elementor-widget-text-editor\" data-id=\"8147741\" data-element_type=\"widget\" data-widget_type=\"text-editor.default\">\n\t\t\t\t<div class=\"elementor-widget-container\">\n\t\t\t\t\t\t\t<h3 style=\"text-align: justify;\"><span style=\"color: #f6921e;\"><b>GREMIO NACIONAL DE EMPRENDEDORES SOSTENIBLES \u2013 GENES PER\u00da<\/b><\/span><\/h3>\n<p><b>RESOLUCI\u00d3N DE COMISI\u00d3N ORGANIZADORA N\u00b0 054-2025-CO- UNDAR DEL 27\/01\/2025<\/b><\/p>\t\t\t\t\t\t<\/div>\n\t\t\t\t<\/div>\n\t\t\t\t<section class=\"elementor-section elementor-inner-section elementor-element elementor-element-e3b0801 elementor-section-boxed elementor-section-height-default elementor-section-height-default\" data-id=\"e3b0801\" data-element_type=\"section\">\n\t\t\t\t\t\t<div class=\"elementor-container elementor-column-gap-default\">\n\t\t\t\t\t<div class=\"elementor-column elementor-col-50 elementor-inner-column elementor-element elementor-element-5226591\" data-id=\"5226591\" data-element_type=\"column\">\n\t\t\t<div class=\"elementor-widget-wrap elementor-element-populated\">\n\t\t\t\t\t\t<div class=\"elementor-element elementor-element-06fcd83 elementor-widget elementor-widget-heading\" data-id=\"06fcd83\" data-element_type=\"widget\" data-widget_type=\"heading.default\">\n\t\t\t\t<div class=\"elementor-widget-container\">\n\t\t\t<h6 class=\"elementor-heading-title elementor-size-default\">FECHA DE SUSCRIPCI\u00d3N<\/h6>\t\t<\/div>\n\t\t\t\t<\/div>\n\t\t\t\t<div class=\"elementor-element elementor-element-1e1c9ed elementor-widget elementor-widget-text-editor\" data-id=\"1e1c9ed\" data-element_type=\"widget\" data-widget_type=\"text-editor.default\">\n\t\t\t\t<div class=\"elementor-widget-container\">\n\t\t\t\t\t\t\t<p><strong>30\/01\/2025<\/strong><\/p>\t\t\t\t\t\t<\/div>\n\t\t\t\t<\/div>\n\t\t\t\t\t<\/div>\n\t\t<\/div>\n\t\t\t\t<div class=\"elementor-column elementor-col-50 elementor-inner-column elementor-element elementor-element-072ac9a\" data-id=\"072ac9a\" data-element_type=\"column\">\n\t\t\t<div class=\"elementor-widget-wrap elementor-element-populated\">\n\t\t\t\t\t\t<div class=\"elementor-element elementor-element-2e4982d elementor-widget elementor-widget-heading\" data-id=\"2e4982d\" data-element_type=\"widget\" data-widget_type=\"heading.default\">\n\t\t\t\t<div class=\"elementor-widget-container\">\n\t\t\t<h6 class=\"elementor-heading-title elementor-size-default\">FECHA DE VENCIMIENTO<\/h6>\t\t<\/div>\n\t\t\t\t<\/div>\n\t\t\t\t<div class=\"elementor-element elementor-element-782d9f5 elementor-widget elementor-widget-text-editor\" data-id=\"782d9f5\" data-element_type=\"widget\" data-widget_type=\"text-editor.default\">\n\t\t\t\t<div class=\"elementor-widget-container\">\n\t\t\t\t\t\t\t<p><strong>30\/01\/2027<\/strong><\/p>\t\t\t\t\t\t<\/div>\n\t\t\t\t<\/div>\n\t\t\t\t\t<\/div>\n\t\t<\/div>\n\t\t\t\t\t<\/div>\n\t\t<\/section>\n\t\t\t\t<div class=\"elementor-element elementor-element-ba992ad elementor-widget elementor-widget-button\" data-id=\"ba992ad\" data-element_type=\"widget\" data-widget_type=\"button.default\">\n\t\t\t\t<div class=\"elementor-widget-container\">\n\t\t\t\t\t\t\t<div class=\"elementor-button-wrapper\">\n\t\t\t\t\t<a class=\"elementor-button elementor-button-link elementor-size-sm\" href=\"#\">\n\t\t\t\t\t\t<span class=\"elementor-button-content-wrapper\">\n\t\t\t\t\t\t\t\t\t<span class=\"elementor-button-text\">Estado: Vigente<\/span>\n\t\t\t\t\t<\/span>\n\t\t\t\t\t<\/a>\n\t\t\t\t<\/div>\n\t\t\t\t\t\t<\/div>\n\t\t\t\t<\/div>\n\t\t\t\t\t<\/div>\n\t\t<\/div>\n\t\t\t\t\t<\/div>\n\t\t<\/section>\n\t\t\t\t<section class=\"elementor-section elementor-top-section elementor-element elementor-element-4f05eed elementor-section-boxed elementor-section-height-default elementor-section-height-default\" data-id=\"4f05eed\" data-element_type=\"section\">\n\t\t\t\t\t\t<div class=\"elementor-container elementor-column-gap-default\">\n\t\t\t\t\t<div class=\"elementor-column elementor-col-100 elementor-top-column elementor-element elementor-element-b659848\" data-id=\"b659848\" data-element_type=\"column\">\n\t\t\t<div class=\"elementor-widget-wrap elementor-element-populated\">\n\t\t\t\t\t\t<div class=\"elementor-element elementor-element-e13140a elementor-widget elementor-widget-text-editor\" data-id=\"e13140a\" data-element_type=\"widget\" data-widget_type=\"text-editor.default\">\n\t\t\t\t<div class=\"elementor-widget-container\">\n\t\t\t\t\t\t\t<p><b>GENES PER\u00da:<\/b><\/p><ul><li style=\"font-weight: 400;\" aria-level=\"1\"><span style=\"font-weight: 400;\">Apoyo de expertos en innovaci\u00f3n, emprendimiento y sostenibilidad que permita agilizar y mejorar los procesos de mejora en LA UNDAR<\/span><\/li><li style=\"font-weight: 400;\" aria-level=\"1\"><span style=\"font-weight: 400;\">Realizar trabajos colaborativos en procesos de innovaci\u00f3n abierta contando con el apoyo de la red de expertos de ecosistema de Genes Per\u00fa, buscando cocrear soluciones basadas en la econom\u00eda circular y el fortalecimiento de la industria cultural, art\u00edstico \u2013 musical; contribuyendo desde la formaci\u00f3n, medici\u00f3n y cumplimiento de la Visi\u00f3n del Per\u00fa 2050, la Agenda 2030 y los Objetivos de Desarrollo Sostenible (ODS).<\/span><\/li><li style=\"font-weight: 400;\" aria-level=\"1\"><span style=\"font-weight: 400;\">Realizar intercambio de conocimientos y voluntariados para que la comunidad universitaria (estudiantes, egresados, personal docente y no docente) puedan impulsar a los emprendedores de las industrias creativas, industria art\u00edstico musical y\/o sostenible de la Red de GENES PER\u00da.\u00a0<\/span><\/li><li style=\"font-weight: 400;\" aria-level=\"1\"><span style=\"font-weight: 400;\">Interactuar con la Direcci\u00f3n de Innovaci\u00f3n y Transferencia Tecnol\u00f3gica (DITT) y otras \u00e1reas del Vicerrectorado de Investigaci\u00f3n, para poder generar programas, proyectos, centros u otras iniciativas de co-creaci\u00f3n de innovaci\u00f3n, investigaci\u00f3n, desarrollo, emprendimiento, desarrollo sostenible basado en la mejora de la industria cultural y art\u00edstico \u2013 musical de la regi\u00f3n Hu\u00e1nuco.\u00a0<\/span><\/li><li style=\"font-weight: 400;\" aria-level=\"1\"><span style=\"font-weight: 400;\">Fortalecer los procesos de transferencia tecnol\u00f3gica para que los resultados de los diversos proyectos de I+D+i+e sean utilizadas en el desarrollo de la regi\u00f3n Hu\u00e1nuco.\u00a0<\/span><\/li><li style=\"font-weight: 400;\" aria-level=\"1\"><span style=\"font-weight: 400;\">Fomentar las mejoras de los procesos de investigaci\u00f3n(I), desarrollo (D), innovaci\u00f3n (i), emprendimiento(e), transferencia tecnol\u00f3gica (tt) y acad\u00e9micas enfocadas en la sostenibilidad, inclusi\u00f3n social, proyecci\u00f3n cultural, innovaci\u00f3n disruptiva, tecnolog\u00edas limpias para la mejora de LA UNDAR, la industria cultural, art\u00edstico \u2013 musical y la regi\u00f3n Hu\u00e1nuco.<\/span><\/li><\/ul><p><b>LA UNDAR:<\/b><\/p><ul><li style=\"font-weight: 400;\" aria-level=\"1\"><span style=\"font-weight: 400;\">Promover espacios de coordinaci\u00f3n y alineamiento p\u00fablico &#8211; privado para el fomento, promoci\u00f3n y desarrollo hacia una regi\u00f3n sostenible, cultural e innovadora.<\/span><\/li><li style=\"font-weight: 400;\" aria-level=\"1\"><span style=\"font-weight: 400;\">Participar en los procesos de desarrollo multisectoriales para el logro de los objetivos definidos en el presente Convenio Marco y futuros Convenios Espec\u00edficos.<\/span><\/li><li style=\"font-weight: 400;\" aria-level=\"1\"><span style=\"font-weight: 400;\">Colaborar, seg\u00fan su disponibilidad, en proyectos de innovaci\u00f3n, investigaci\u00f3n, desarrollo, sostenibilidad, emprendimiento y acad\u00e9micos de GENES PER\u00da.<\/span><\/li><li style=\"font-weight: 400;\" aria-level=\"1\"><span style=\"font-weight: 400;\">Facilitar la participaci\u00f3n de la comunidad universitaria (estudiantes, docentes, egresados, personal docente y no docente) para participar en actividades organizadas por GENES PER\u00da y en forma conjunta; adem\u00e1s de facilitar la informaci\u00f3n necesaria para el desarrollo de actividades que se acuerden en el marco del presente Convenio.<\/span><\/li><li style=\"font-weight: 400;\" aria-level=\"1\"><span style=\"font-weight: 400;\">Promover y difundir las actividades conjuntas a trav\u00e9s de sus canales de comunicaci\u00f3n oficiales, incluyendo boletines, redes sociales y sitio web.<\/span><\/li><li style=\"font-weight: 400;\" aria-level=\"1\"><span style=\"font-weight: 400;\">Proveer soporte log\u00edstico, administrativo y la prestaci\u00f3n de espacios f\u00edsicos de la UNDAR, seg\u00fan la disponibilidad de los mismos, si fuese necesario para la correcta ejecuci\u00f3n de las actividades conjuntas.<\/span><\/li><\/ul>\t\t\t\t\t\t<\/div>\n\t\t\t\t<\/div>\n\t\t\t\t\t<\/div>\n\t\t<\/div>\n\t\t\t\t\t<\/div>\n\t\t<\/section>\n\t\t\t\t<section class=\"elementor-section elementor-top-section elementor-element elementor-element-1a4af7d elementor-section-boxed elementor-section-height-default elementor-section-height-default\" data-id=\"1a4af7d\" data-element_type=\"section\">\n\t\t\t\t\t\t<div class=\"elementor-container elementor-column-gap-default\">\n\t\t\t\t\t<div class=\"elementor-column elementor-col-100 elementor-top-column elementor-element elementor-element-5377edc\" data-id=\"5377edc\" data-element_type=\"column\">\n\t\t\t<div class=\"elementor-widget-wrap elementor-element-populated\">\n\t\t\t\t\t\t<div class=\"elementor-element elementor-element-f520657 elementor-widget elementor-widget-text-editor\" data-id=\"f520657\" data-element_type=\"widget\" data-widget_type=\"text-editor.default\">\n\t\t\t\t<div class=\"elementor-widget-container\">\n\t\t\t\t\t\t\t<p><span style=\"color: #343434;\"><button id=\"listenButton1\" class=\"responsivevoice-button\" type=\"button\" value=\"Play\" title=\"ResponsiveVoice Tap to Start\/Stop Speech\"><span>&#128266; Listen to this<\/span><\/button>\n        <script>\n            listenButton1.onclick = function(){\n                if(responsiveVoice.isPlaying()){\n                    responsiveVoice.cancel();\n                }else{\n                    responsiveVoice.speak(\"Universidad Nacional Daniel Alom\u00eda Robles - Convenio Genes Per\u00fa GREMIO NACIONAL DE EMPRENDEDORES SOSTENIBLES \u2013 GENES PER\u00da RESOLUCI\u00d3N DE COMISI\u00d3N ORGANIZADORA N\u00b0 054-2025-CO- UNDAR DEL 27\/01\/2025 FECHA DE SUSCRIPCI\u00d3N 30\/01\/2025 FECHA DE VENCIMIENTO 30\/01\/2027 Estado: Vigente GENES PER\u00da:Apoyo de expertos en innovaci\u00f3n, emprendimiento y sostenibilidad que permita agilizar y mejorar los procesos de mejora en LA UNDARRealizar trabajos colaborativos en procesos de innovaci\u00f3n abierta contando con el apoyo de la red de expertos de ecosistema de Genes Per\u00fa, buscando cocrear soluciones basadas en la econom\u00eda circular y el fortalecimiento de la industria cultural, art\u00edstico \u2013 musical; contribuyendo desde la formaci\u00f3n, medici\u00f3n y cumplimiento de la Visi\u00f3n del Per\u00fa 2050, la Agenda 2030 y los Objetivos de Desarrollo Sostenible (ODS).Realizar intercambio de conocimientos y voluntariados para que la comunidad universitaria (estudiantes, egresados, personal docente y no docente) puedan impulsar a los emprendedores de las industrias creativas, industria art\u00edstico musical y\/o sostenible de la Red de GENES PER\u00da.\u00a0Interactuar con la Direcci\u00f3n de Innovaci\u00f3n y Transferencia Tecnol\u00f3gica (DITT) y otras \u00e1reas del Vicerrectorado de Investigaci\u00f3n, para poder generar programas, proyectos, centros u otras iniciativas de co-creaci\u00f3n de innovaci\u00f3n, investigaci\u00f3n, desarrollo, emprendimiento, desarrollo sostenible basado en la mejora de la industria cultural y art\u00edstico \u2013 musical de la regi\u00f3n Hu\u00e1nuco.\u00a0Fortalecer los procesos de transferencia tecnol\u00f3gica para que los resultados de los diversos proyectos de I+D+i+e sean utilizadas en el desarrollo de la regi\u00f3n Hu\u00e1nuco.\u00a0Fomentar las mejoras de los procesos de investigaci\u00f3n(I), desarrollo (D), innovaci\u00f3n (i), emprendimiento(e), transferencia tecnol\u00f3gica (tt) y acad\u00e9micas enfocadas en la sostenibilidad, inclusi\u00f3n social, proyecci\u00f3n cultural, innovaci\u00f3n disruptiva, tecnolog\u00edas limpias para la mejora de LA UNDAR, la industria cultural, art\u00edstico \u2013 musical y la regi\u00f3n Hu\u00e1nuco.LA UNDAR:Promover espacios de coordinaci\u00f3n y alineamiento p\u00fablico - privado para el fomento, promoci\u00f3n y desarrollo hacia una regi\u00f3n sostenible, cultural e innovadora.Participar en los procesos de desarrollo multisectoriales para el logro de los objetivos definidos en el presente Convenio Marco y futuros Convenios Espec\u00edficos.Colaborar, seg\u00fan su disponibilidad, en proyectos de innovaci\u00f3n, investigaci\u00f3n, desarrollo, sostenibilidad, emprendimiento y acad\u00e9micos de GENES PER\u00da.Facilitar la participaci\u00f3n de la comunidad universitaria (estudiantes, docentes, egresados, personal docente y no docente) para participar en actividades organizadas por GENES PER\u00da y en forma conjunta; adem\u00e1s de facilitar la informaci\u00f3n necesaria para el desarrollo de actividades que se acuerden en el marco del presente Convenio.Promover y difundir las actividades conjuntas a trav\u00e9s de sus canales de comunicaci\u00f3n oficiales, incluyendo boletines, redes sociales y sitio web.Proveer soporte log\u00edstico, administrativo y la prestaci\u00f3n de espacios f\u00edsicos de la UNDAR, seg\u00fan la disponibilidad de los mismos, si fuese necesario para la correcta ejecuci\u00f3n de las actividades conjuntas.\u00a0\", \"UK English Female\");\n                }\n            };\n        <\/script>\n    \u00a0<\/span><\/p>\t\t\t\t\t\t<\/div>\n\t\t\t\t<\/div>\n\t\t\t\t\t<\/div>\n\t\t<\/div>\n\t\t\t\t\t<\/div>\n\t\t<\/section>\n\t\t\t\t<\/div>\n\t\t","protected":false},"excerpt":{"rendered":"<p>Universidad Nacional Daniel Alom\u00eda Robles &#8211; Convenio Genes Per\u00fa GREMIO NACIONAL DE EMPRENDEDORES SOSTENIBLES \u2013 GENES PER\u00da RESOLUCI\u00d3N DE COMISI\u00d3N ORGANIZADORA N\u00b0 054-2025-CO- UNDAR DEL 27\/01\/2025 FECHA DE SUSCRIPCI\u00d3N 30\/01\/2025 FECHA DE VENCIMIENTO 30\/01\/2027 Estado: Vigente GENES PER\u00da: Apoyo de expertos en innovaci\u00f3n, emprendimiento y sostenibilidad que permita agilizar y mejorar los procesos de mejora [&hellip;]<\/p>\n","protected":false},"author":1,"featured_media":0,"parent":0,"menu_order":0,"comment_status":"closed","ping_status":"closed","template":"","meta":{"_uf_show_specific_survey":0,"_uf_disable_surveys":false,"footnotes":""},"class_list":["post-60692","page","type-page","status-publish","hentry"],"aioseo_notices":[],"_links":{"self":[{"href":"http:\/\/www.undar.edu.pe\/index.php\/wp-json\/wp\/v2\/pages\/60692","targetHints":{"allow":["GET"]}}],"collection":[{"href":"http:\/\/www.undar.edu.pe\/index.php\/wp-json\/wp\/v2\/pages"}],"about":[{"href":"http:\/\/www.undar.edu.pe\/index.php\/wp-json\/wp\/v2\/types\/page"}],"author":[{"embeddable":true,"href":"http:\/\/www.undar.edu.pe\/index.php\/wp-json\/wp\/v2\/users\/1"}],"replies":[{"embeddable":true,"href":"http:\/\/www.undar.edu.pe\/index.php\/wp-json\/wp\/v2\/comments?post=60692"}],"version-history":[{"count":18,"href":"http:\/\/www.undar.edu.pe\/index.php\/wp-json\/wp\/v2\/pages\/60692\/revisions"}],"predecessor-version":[{"id":64235,"href":"http:\/\/www.undar.edu.pe\/index.php\/wp-json\/wp\/v2\/pages\/60692\/revisions\/64235"}],"wp:attachment":[{"href":"http:\/\/www.undar.edu.pe\/index.php\/wp-json\/wp\/v2\/media?parent=60692"}],"curies":[{"name":"wp","href":"https:\/\/api.w.org\/{rel}","templated":true}]}}