{"id":59320,"date":"2024-11-20T14:25:50","date_gmt":"2024-11-20T19:25:50","guid":{"rendered":"http:\/\/www.undar.edu.pe\/?page_id=59320"},"modified":"2025-03-25T16:01:34","modified_gmt":"2025-03-25T21:01:34","slug":"programa-de-insercion-laboral-y-seguimiento-al-egresado-empresa","status":"publish","type":"page","link":"http:\/\/www.undar.edu.pe\/index.php\/programa-de-insercion-laboral-y-seguimiento-al-egresado-empresa\/","title":{"rendered":"PROGRAMA DE INSERCI\u00d3N LABORAL Y SEGUIMIENTO AL EGRESADO &#8211; EMPRESA"},"content":{"rendered":"\t\t<div data-elementor-type=\"wp-page\" data-elementor-id=\"59320\" class=\"elementor elementor-59320\" data-elementor-post-type=\"page\">\n\t\t\t\t\t\t<section class=\"elementor-section elementor-top-section elementor-element elementor-element-7ef26eda elementor-section-full_width elementor-section-content-space-between elementor-section-height-default elementor-section-height-default\" data-id=\"7ef26eda\" data-element_type=\"section\">\n\t\t\t\t\t\t<div class=\"elementor-container elementor-column-gap-no\">\n\t\t\t\t\t<div class=\"elementor-column elementor-col-100 elementor-top-column elementor-element elementor-element-5b6949f\" data-id=\"5b6949f\" data-element_type=\"column\">\n\t\t\t<div class=\"elementor-widget-wrap elementor-element-populated\">\n\t\t\t\t\t\t<div class=\"elementor-element elementor-element-673456fc elementor-widget__width-inherit elementor--h-position-center elementor--v-position-middle elementor-arrows-position-inside elementor-widget elementor-widget-slides\" data-id=\"673456fc\" data-element_type=\"widget\" data-settings=\"{&quot;navigation&quot;:&quot;arrows&quot;,&quot;motion_fx_motion_fx_scrolling&quot;:&quot;yes&quot;,&quot;autoplay&quot;:&quot;yes&quot;,&quot;pause_on_hover&quot;:&quot;yes&quot;,&quot;pause_on_interaction&quot;:&quot;yes&quot;,&quot;autoplay_speed&quot;:5000,&quot;infinite&quot;:&quot;yes&quot;,&quot;transition&quot;:&quot;slide&quot;,&quot;transition_speed&quot;:500,&quot;motion_fx_devices&quot;:[&quot;desktop&quot;,&quot;tablet&quot;,&quot;mobile&quot;]}\" data-widget_type=\"slides.default\">\n\t\t\t\t<div class=\"elementor-widget-container\">\n\t\t\t\t\t<div class=\"elementor-swiper\">\n\t\t\t<div class=\"elementor-slides-wrapper elementor-main-swiper swiper\" dir=\"ltr\" data-animation=\"fadeInUp\">\n\t\t\t\t<div class=\"swiper-wrapper elementor-slides\">\n\t\t\t\t\t\t\t\t\t\t<div class=\"elementor-repeater-item-378399b swiper-slide\"><div class=\"swiper-slide-bg\" role=\"img\"><\/div><div class=\"elementor-background-overlay\"><\/div><div class=\"swiper-slide-inner\" ><div class=\"swiper-slide-contents\"><div class=\"elementor-slide-heading\">PROGRAMA DE INSERCI\u00d3N LABORAL <br> Y SEGUIMIENTO AL EGRESADO<\/div><\/div><\/div><\/div>\t\t\t\t<\/div>\n\t\t\t\t\t\t\t<\/div>\n\t\t<\/div>\n\t\t\t\t<\/div>\n\t\t\t\t<\/div>\n\t\t\t\t\t<\/div>\n\t\t<\/div>\n\t\t\t\t\t<\/div>\n\t\t<\/section>\n\t\t\t\t<section class=\"elementor-section elementor-top-section elementor-element elementor-element-c3c41e4 elementor-section-boxed elementor-section-height-default elementor-section-height-default\" data-id=\"c3c41e4\" data-element_type=\"section\" data-settings=\"{&quot;background_background&quot;:&quot;classic&quot;}\">\n\t\t\t\t\t\t<div class=\"elementor-container elementor-column-gap-default\">\n\t\t\t\t\t<div class=\"elementor-column elementor-col-100 elementor-top-column elementor-element elementor-element-145e069\" data-id=\"145e069\" data-element_type=\"column\">\n\t\t\t<div class=\"elementor-widget-wrap elementor-element-populated\">\n\t\t\t\t\t\t<div class=\"elementor-element elementor-element-48ad707b elementor-nav-menu--dropdown-tablet elementor-nav-menu__text-align-aside elementor-nav-menu--toggle elementor-nav-menu--burger elementor-widget elementor-widget-nav-menu\" data-id=\"48ad707b\" data-element_type=\"widget\" data-settings=\"{&quot;layout&quot;:&quot;horizontal&quot;,&quot;submenu_icon&quot;:{&quot;value&quot;:&quot;&lt;i class=\\&quot;fas fa-caret-down\\&quot;&gt;&lt;\\\/i&gt;&quot;,&quot;library&quot;:&quot;fa-solid&quot;},&quot;toggle&quot;:&quot;burger&quot;}\" data-widget_type=\"nav-menu.default\">\n\t\t\t\t<div class=\"elementor-widget-container\">\n\t\t\t\t\t\t<nav aria-label=\"Men\u00fa\" class=\"elementor-nav-menu--main elementor-nav-menu__container elementor-nav-menu--layout-horizontal e--pointer-underline e--animation-fade\">\n\t\t\t\t<ul id=\"menu-1-48ad707b\" class=\"elementor-nav-menu\"><li class=\"menu-item menu-item-type-custom menu-item-object-custom menu-item-779\"><a href=\"https:\/\/www.undar.edu.pe\/index.php\/programa-de-insercion-laboral-y-seguimiento-al-egresado-inicio\/\" class=\"elementor-item\">Inicio<\/a><\/li>\n<li class=\"menu-item menu-item-type-custom menu-item-object-custom menu-item-780\"><a href=\"https:\/\/www.undar.edu.pe\/index.php\/programa-de-insercion-laboral-y-seguimiento-al-egresado-bolsa-de-trabajo\/\" class=\"elementor-item\">Bolsa de Trabajo<\/a><\/li>\n<li class=\"menu-item menu-item-type-custom menu-item-object-custom menu-item-59362\"><a href=\"https:\/\/www.undar.edu.pe\/index.php\/programa-de-insercion-laboral-y-seguimiento-al-egresado-empresa\/\" class=\"elementor-item\">Empresa<\/a><\/li>\n<li class=\"menu-item menu-item-type-custom menu-item-object-custom menu-item-59363\"><a href=\"https:\/\/www.undar.edu.pe\/index.php\/programa-de-insercion-laboral-y-seguimiento-al-egresado-seguimiento-al-egresado\/\" class=\"elementor-item\">Seguimiento al Egresado<\/a><\/li>\n<li class=\"menu-item menu-item-type-custom menu-item-object-custom menu-item-783\"><a href=\"https:\/\/www.undar.edu.pe\/index.php\/programa-de-insercion-laboral-y-seguimiento-al-egresado-talleres-y-charlas\" class=\"elementor-item\">Talleres y charlas<\/a><\/li>\n<li class=\"menu-item menu-item-type-custom menu-item-object-custom menu-item-784\"><a href=\"https:\/\/www.undar.edu.pe\/index.php\/programa-de-insercion-laboral-y-seguimiento-al-egresado-informacion-de-interes\" class=\"elementor-item\">Informaci\u00f3n de inter\u00e9s<\/a><\/li>\n<\/ul>\t\t\t<\/nav>\n\t\t\t\t\t<div class=\"elementor-menu-toggle\" role=\"button\" tabindex=\"0\" aria-label=\"Alternar men\u00fa\" aria-expanded=\"false\">\n\t\t\t<i aria-hidden=\"true\" role=\"presentation\" class=\"elementor-menu-toggle__icon--open eicon-menu-bar\"><\/i><i aria-hidden=\"true\" role=\"presentation\" class=\"elementor-menu-toggle__icon--close eicon-close\"><\/i>\t\t\t<span class=\"elementor-screen-only\">Men\u00fa<\/span>\n\t\t<\/div>\n\t\t\t\t\t<nav class=\"elementor-nav-menu--dropdown elementor-nav-menu__container\" aria-hidden=\"true\">\n\t\t\t\t<ul id=\"menu-2-48ad707b\" class=\"elementor-nav-menu\"><li class=\"menu-item menu-item-type-custom menu-item-object-custom menu-item-779\"><a href=\"https:\/\/www.undar.edu.pe\/index.php\/programa-de-insercion-laboral-y-seguimiento-al-egresado-inicio\/\" class=\"elementor-item\" tabindex=\"-1\">Inicio<\/a><\/li>\n<li class=\"menu-item menu-item-type-custom menu-item-object-custom menu-item-780\"><a href=\"https:\/\/www.undar.edu.pe\/index.php\/programa-de-insercion-laboral-y-seguimiento-al-egresado-bolsa-de-trabajo\/\" class=\"elementor-item\" tabindex=\"-1\">Bolsa de Trabajo<\/a><\/li>\n<li class=\"menu-item menu-item-type-custom menu-item-object-custom menu-item-59362\"><a href=\"https:\/\/www.undar.edu.pe\/index.php\/programa-de-insercion-laboral-y-seguimiento-al-egresado-empresa\/\" class=\"elementor-item\" tabindex=\"-1\">Empresa<\/a><\/li>\n<li class=\"menu-item menu-item-type-custom menu-item-object-custom menu-item-59363\"><a href=\"https:\/\/www.undar.edu.pe\/index.php\/programa-de-insercion-laboral-y-seguimiento-al-egresado-seguimiento-al-egresado\/\" class=\"elementor-item\" tabindex=\"-1\">Seguimiento al Egresado<\/a><\/li>\n<li class=\"menu-item menu-item-type-custom menu-item-object-custom menu-item-783\"><a href=\"https:\/\/www.undar.edu.pe\/index.php\/programa-de-insercion-laboral-y-seguimiento-al-egresado-talleres-y-charlas\" class=\"elementor-item\" tabindex=\"-1\">Talleres y charlas<\/a><\/li>\n<li class=\"menu-item menu-item-type-custom menu-item-object-custom menu-item-784\"><a href=\"https:\/\/www.undar.edu.pe\/index.php\/programa-de-insercion-laboral-y-seguimiento-al-egresado-informacion-de-interes\" class=\"elementor-item\" tabindex=\"-1\">Informaci\u00f3n de inter\u00e9s<\/a><\/li>\n<\/ul>\t\t\t<\/nav>\n\t\t\t\t<\/div>\n\t\t\t\t<\/div>\n\t\t\t\t\t<\/div>\n\t\t<\/div>\n\t\t\t\t\t<\/div>\n\t\t<\/section>\n\t\t\t\t<section class=\"elementor-section elementor-top-section elementor-element elementor-element-61c88e9 elementor-section-boxed elementor-section-height-default elementor-section-height-default\" data-id=\"61c88e9\" data-element_type=\"section\">\n\t\t\t\t\t\t<div class=\"elementor-container elementor-column-gap-default\">\n\t\t\t\t\t<div class=\"elementor-column elementor-col-100 elementor-top-column elementor-element elementor-element-ea27845\" data-id=\"ea27845\" data-element_type=\"column\">\n\t\t\t<div class=\"elementor-widget-wrap elementor-element-populated\">\n\t\t\t\t\t\t<div class=\"elementor-element elementor-element-511265b elementor-widget elementor-widget-heading\" data-id=\"511265b\" data-element_type=\"widget\" data-widget_type=\"heading.default\">\n\t\t\t\t<div class=\"elementor-widget-container\">\n\t\t\t<h6 class=\"elementor-heading-title elementor-size-small\"><b>Universidad Nacional Daniel Alom\u00eda Robles<\/b> - Programa de Inserci\u00f3n Laboral y Seguimiento al Egresado - Empresa<\/h6>\t\t<\/div>\n\t\t\t\t<\/div>\n\t\t\t\t\t<\/div>\n\t\t<\/div>\n\t\t\t\t\t<\/div>\n\t\t<\/section>\n\t\t\t\t<section class=\"elementor-section elementor-top-section elementor-element elementor-element-a2dc22a elementor-section-boxed elementor-section-height-default elementor-section-height-default\" data-id=\"a2dc22a\" data-element_type=\"section\">\n\t\t\t\t\t\t<div class=\"elementor-container elementor-column-gap-default\">\n\t\t\t\t\t<div class=\"elementor-column elementor-col-50 elementor-top-column elementor-element elementor-element-8b96020\" data-id=\"8b96020\" data-element_type=\"column\">\n\t\t\t<div class=\"elementor-widget-wrap elementor-element-populated\">\n\t\t\t\t\t\t<div class=\"elementor-element elementor-element-43dd8ad elementor-widget elementor-widget-text-editor\" data-id=\"43dd8ad\" data-element_type=\"widget\" data-widget_type=\"text-editor.default\">\n\t\t\t\t<div class=\"elementor-widget-container\">\n\t\t\t\t\t\t\t<p>Si est\u00e1 en la b\u00fasqueda de personal en el rubro musical y no sabe c\u00f3mo encontrarlo, la <span style=\"color: #b3224e;\"><strong>Universidad Nacional Daniel Alom\u00eda Robles<\/strong><span style=\"color: #343434;\">,<\/span><\/span> a trav\u00e9s de la Direcci\u00f3n de Bienestar Universitario, pone a su disposici\u00f3n el <span style=\"color: #b3224e;\"><strong>Programa de Inserci\u00f3n Laboral y Seguimiento al Egresado<\/strong><\/span>.<\/p><p>Si es una empresa deber\u00e1 inscribirse a trav\u00e9s de la plataforma de la Bolsa de Trabajo: <span style=\"color: #f6921e;\"><a style=\"color: #f6921e;\" href=\"https:\/\/empresa.undar.edu.pe\/\"><span style=\"color: #f6921e;\"><strong>https:\/\/empresa.undar.edu.pe\/<\/strong><\/span><span style=\"color: #343434;\">.<\/span><\/a><\/span><\/p><p>En respuesta a dicha inscripci\u00f3n, el sistema enviar\u00e1 un correo electr\u00f3nico confirmando la inscripci\u00f3n, el mismo que permitir\u00e1 el registro de las vacantes.<\/p>\t\t\t\t\t\t<\/div>\n\t\t\t\t<\/div>\n\t\t\t\t\t<\/div>\n\t\t<\/div>\n\t\t\t\t<div class=\"elementor-column elementor-col-50 elementor-top-column elementor-element elementor-element-687de14\" data-id=\"687de14\" data-element_type=\"column\">\n\t\t\t<div class=\"elementor-widget-wrap elementor-element-populated\">\n\t\t\t\t\t\t<div class=\"elementor-element elementor-element-a2607bf elementor-widget elementor-widget-video\" data-id=\"a2607bf\" data-element_type=\"widget\" data-settings=\"{&quot;video_type&quot;:&quot;hosted&quot;,&quot;controls&quot;:&quot;yes&quot;}\" data-widget_type=\"video.default\">\n\t\t\t\t<div class=\"elementor-widget-container\">\n\t\t\t\t\t<div class=\"e-hosted-video elementor-wrapper elementor-open-inline\">\n\t\t\t\t\t<video class=\"elementor-video\" src=\"http:\/\/www.undar.edu.pe\/wp-content\/uploads\/2024\/09\/bolsa_de_trabajo_para_empresas-comprimido.mp4\" controls=\"\" preload=\"metadata\" controlsList=\"nodownload\"><\/video>\n\t\t\t\t<\/div>\n\t\t\t\t<\/div>\n\t\t\t\t<\/div>\n\t\t\t\t<div class=\"elementor-element elementor-element-9d02262 elementor-align-justify elementor-widget__width-inherit elementor-widget elementor-widget-button\" data-id=\"9d02262\" data-element_type=\"widget\" data-widget_type=\"button.default\">\n\t\t\t\t<div class=\"elementor-widget-container\">\n\t\t\t\t\t\t\t<div class=\"elementor-button-wrapper\">\n\t\t\t\t\t<a class=\"elementor-button elementor-button-link elementor-size-md\" href=\"http:\/\/mozart.undar.edu.pe\/loginEmpresa\" target=\"_blank\">\n\t\t\t\t\t\t<span class=\"elementor-button-content-wrapper\">\n\t\t\t\t\t\t<span class=\"elementor-button-icon\">\n\t\t\t\t<i aria-hidden=\"true\" class=\"fas fa-user-tie\"><\/i>\t\t\t<\/span>\n\t\t\t\t\t\t\t\t\t<span class=\"elementor-button-text\">Bolsa de Trabajo para Empresas<\/span>\n\t\t\t\t\t<\/span>\n\t\t\t\t\t<\/a>\n\t\t\t\t<\/div>\n\t\t\t\t\t\t<\/div>\n\t\t\t\t<\/div>\n\t\t\t\t\t<\/div>\n\t\t<\/div>\n\t\t\t\t\t<\/div>\n\t\t<\/section>\n\t\t\t\t<section class=\"elementor-section elementor-top-section elementor-element elementor-element-c2030b6 elementor-section-boxed elementor-section-height-default elementor-section-height-default\" data-id=\"c2030b6\" data-element_type=\"section\">\n\t\t\t\t\t\t<div class=\"elementor-container elementor-column-gap-default\">\n\t\t\t\t\t<div class=\"elementor-column elementor-col-100 elementor-top-column elementor-element elementor-element-75be1b8\" data-id=\"75be1b8\" data-element_type=\"column\">\n\t\t\t<div class=\"elementor-widget-wrap elementor-element-populated\">\n\t\t\t\t\t\t<div class=\"elementor-element elementor-element-125c2b4 elementor-widget elementor-widget-video\" data-id=\"125c2b4\" data-element_type=\"widget\" data-settings=\"{&quot;video_type&quot;:&quot;hosted&quot;,&quot;controls&quot;:&quot;yes&quot;}\" data-widget_type=\"video.default\">\n\t\t\t\t<div class=\"elementor-widget-container\">\n\t\t\t\t\t<div class=\"e-hosted-video elementor-wrapper elementor-open-inline\">\n\t\t\t\t\t<video class=\"elementor-video\" src=\"http:\/\/www.undar.edu.pe\/wp-content\/uploads\/2024\/11\/Video-promocional-del-PILSE.mp4\" controls=\"\" preload=\"metadata\" controlsList=\"nodownload\" poster=\"http:\/\/www.undar.edu.pe\/wp-content\/uploads\/2023\/05\/ILSE.png\"><\/video>\n\t\t\t\t<\/div>\n\t\t\t\t<\/div>\n\t\t\t\t<\/div>\n\t\t\t\t<section class=\"elementor-section elementor-inner-section elementor-element elementor-element-d511fd6 elementor-section-boxed elementor-section-height-default elementor-section-height-default\" data-id=\"d511fd6\" data-element_type=\"section\">\n\t\t\t\t\t\t<div class=\"elementor-container elementor-column-gap-default\">\n\t\t\t\t\t<div class=\"elementor-column elementor-col-100 elementor-inner-column elementor-element elementor-element-64edfb4\" data-id=\"64edfb4\" data-element_type=\"column\">\n\t\t\t<div class=\"elementor-widget-wrap elementor-element-populated\">\n\t\t\t\t\t\t<div class=\"elementor-element elementor-element-8696e06 elementor-widget elementor-widget-text-editor\" data-id=\"8696e06\" data-element_type=\"widget\" data-widget_type=\"text-editor.default\">\n\t\t\t\t<div class=\"elementor-widget-container\">\n\t\t\t\t\t\t\t<p><em>Video de entrevistas a egresados y empleadores<\/em><\/p>\t\t\t\t\t\t<\/div>\n\t\t\t\t<\/div>\n\t\t\t\t\t<\/div>\n\t\t<\/div>\n\t\t\t\t\t<\/div>\n\t\t<\/section>\n\t\t\t\t<div class=\"elementor-element elementor-element-66324b0 elementor-widget elementor-widget-text-editor\" data-id=\"66324b0\" data-element_type=\"widget\" data-widget_type=\"text-editor.default\">\n\t\t\t\t<div class=\"elementor-widget-container\">\n\t\t\t\t\t\t\t<p><span style=\"color: #343434;\"><button id=\"listenButton1\" class=\"responsivevoice-button\" type=\"button\" value=\"Play\" title=\"ResponsiveVoice Tap to Start\/Stop Speech\"><span>&#128266; Listen to this<\/span><\/button>\n        <script>\n            listenButton1.onclick = function(){\n                if(responsiveVoice.isPlaying()){\n                    responsiveVoice.cancel();\n                }else{\n                    responsiveVoice.speak(\"PROGRAMA DE INSERCI\u00d3N LABORAL Y SEGUIMIENTO AL EGRESADO Universidad Nacional Daniel Alom\u00eda Robles - Programa de Inserci\u00f3n Laboral y Seguimiento al Egresado - Empresa Si est\u00e1 en la b\u00fasqueda de personal en el rubro musical y no sabe c\u00f3mo encontrarlo, la Universidad Nacional Daniel Alom\u00eda Robles, a trav\u00e9s de la Direcci\u00f3n de Bienestar Universitario, pone a su disposici\u00f3n el Programa de Inserci\u00f3n Laboral y Seguimiento al Egresado.Si es una empresa deber\u00e1 inscribirse a trav\u00e9s de la plataforma de la Bolsa de Trabajo: https:\/\/empresa.undar.edu.pe\/.En respuesta a dicha inscripci\u00f3n, el sistema enviar\u00e1 un correo electr\u00f3nico confirmando la inscripci\u00f3n, el mismo que permitir\u00e1 el registro de las vacantes.http:\/\/www.undar.edu.pe\/wp-content\/uploads\/2024\/09\/bolsa_de_trabajo_para_empresas-comprimido.mp4 Bolsa de Trabajo para Empresas http:\/\/www.undar.edu.pe\/wp-content\/uploads\/2024\/11\/Video-promocional-del-PILSE.mp4Video de entrevistas a egresados y empleadores\u00a0\", \"UK English Female\");\n                }\n            };\n        <\/script>\n    \u00a0<\/span><\/p>\t\t\t\t\t\t<\/div>\n\t\t\t\t<\/div>\n\t\t\t\t\t<\/div>\n\t\t<\/div>\n\t\t\t\t\t<\/div>\n\t\t<\/section>\n\t\t\t\t<\/div>\n\t\t","protected":false},"excerpt":{"rendered":"<p>PROGRAMA DE INSERCI\u00d3N LABORAL Y SEGUIMIENTO AL EGRESADO Universidad Nacional Daniel Alom\u00eda Robles &#8211; Programa de Inserci\u00f3n Laboral y Seguimiento al Egresado &#8211; Empresa Si est\u00e1 en la b\u00fasqueda de personal en el rubro musical y no sabe c\u00f3mo encontrarlo, la Universidad Nacional Daniel Alom\u00eda Robles, a trav\u00e9s de la Direcci\u00f3n de Bienestar Universitario, pone [&hellip;]<\/p>\n","protected":false},"author":1,"featured_media":0,"parent":0,"menu_order":0,"comment_status":"closed","ping_status":"closed","template":"","meta":{"_uf_show_specific_survey":0,"_uf_disable_surveys":false,"footnotes":""},"class_list":["post-59320","page","type-page","status-publish","hentry"],"aioseo_notices":[],"_links":{"self":[{"href":"http:\/\/www.undar.edu.pe\/index.php\/wp-json\/wp\/v2\/pages\/59320","targetHints":{"allow":["GET"]}}],"collection":[{"href":"http:\/\/www.undar.edu.pe\/index.php\/wp-json\/wp\/v2\/pages"}],"about":[{"href":"http:\/\/www.undar.edu.pe\/index.php\/wp-json\/wp\/v2\/types\/page"}],"author":[{"embeddable":true,"href":"http:\/\/www.undar.edu.pe\/index.php\/wp-json\/wp\/v2\/users\/1"}],"replies":[{"embeddable":true,"href":"http:\/\/www.undar.edu.pe\/index.php\/wp-json\/wp\/v2\/comments?post=59320"}],"version-history":[{"count":62,"href":"http:\/\/www.undar.edu.pe\/index.php\/wp-json\/wp\/v2\/pages\/59320\/revisions"}],"predecessor-version":[{"id":61347,"href":"http:\/\/www.undar.edu.pe\/index.php\/wp-json\/wp\/v2\/pages\/59320\/revisions\/61347"}],"wp:attachment":[{"href":"http:\/\/www.undar.edu.pe\/index.php\/wp-json\/wp\/v2\/media?parent=59320"}],"curies":[{"name":"wp","href":"https:\/\/api.w.org\/{rel}","templated":true}]}}