{"id":5776,"date":"2021-11-12T15:13:45","date_gmt":"2021-11-12T20:13:45","guid":{"rendered":"http:\/\/web.undar.edu.pe\/?page_id=5776"},"modified":"2025-03-25T14:26:30","modified_gmt":"2025-03-25T19:26:30","slug":"academico-direccion-de-servicios-academicos-servicios-academicos","status":"publish","type":"page","link":"http:\/\/www.undar.edu.pe\/index.php\/academico-direccion-de-servicios-academicos-servicios-academicos\/","title":{"rendered":"ACAD\u00c9MICO &#8211; DIRECCI\u00d3N DE SERVICIOS ACAD\u00c9MICOS &#8211; SERVICIOS ACAD\u00c9MICOS"},"content":{"rendered":"\t\t<div data-elementor-type=\"wp-page\" data-elementor-id=\"5776\" class=\"elementor elementor-5776\" data-elementor-post-type=\"page\">\n\t\t\t\t\t\t<section class=\"elementor-section elementor-top-section elementor-element elementor-element-d7f9d90 elementor-section-full_width elementor-section-content-space-between elementor-section-height-default elementor-section-height-default\" data-id=\"d7f9d90\" data-element_type=\"section\">\n\t\t\t\t\t\t<div class=\"elementor-container elementor-column-gap-no\">\n\t\t\t\t\t<div class=\"elementor-column elementor-col-100 elementor-top-column elementor-element elementor-element-b4ee93c\" data-id=\"b4ee93c\" data-element_type=\"column\">\n\t\t\t<div class=\"elementor-widget-wrap elementor-element-populated\">\n\t\t\t\t\t\t<div class=\"elementor-element elementor-element-2f75ce9 elementor-widget__width-inherit elementor--h-position-center elementor--v-position-middle elementor-arrows-position-inside elementor-widget elementor-widget-slides\" data-id=\"2f75ce9\" data-element_type=\"widget\" data-settings=\"{&quot;navigation&quot;:&quot;arrows&quot;,&quot;motion_fx_motion_fx_scrolling&quot;:&quot;yes&quot;,&quot;autoplay&quot;:&quot;yes&quot;,&quot;pause_on_hover&quot;:&quot;yes&quot;,&quot;pause_on_interaction&quot;:&quot;yes&quot;,&quot;autoplay_speed&quot;:5000,&quot;infinite&quot;:&quot;yes&quot;,&quot;transition&quot;:&quot;slide&quot;,&quot;transition_speed&quot;:500,&quot;motion_fx_devices&quot;:[&quot;desktop&quot;,&quot;tablet&quot;,&quot;mobile&quot;]}\" data-widget_type=\"slides.default\">\n\t\t\t\t<div class=\"elementor-widget-container\">\n\t\t\t\t\t<div class=\"elementor-swiper\">\n\t\t\t<div class=\"elementor-slides-wrapper elementor-main-swiper swiper\" dir=\"ltr\" data-animation=\"fadeInUp\">\n\t\t\t\t<div class=\"swiper-wrapper elementor-slides\">\n\t\t\t\t\t\t\t\t\t\t<div class=\"elementor-repeater-item-378399b swiper-slide\"><div class=\"swiper-slide-bg\" role=\"img\"><\/div><div class=\"elementor-background-overlay\"><\/div><div class=\"swiper-slide-inner\" ><div class=\"swiper-slide-contents\"><div class=\"elementor-slide-heading\">DIRECCI\u00d3N DE SERVICIOS ACAD\u00c9MICOS<\/div><\/div><\/div><\/div>\t\t\t\t<\/div>\n\t\t\t\t\t\t\t<\/div>\n\t\t<\/div>\n\t\t\t\t<\/div>\n\t\t\t\t<\/div>\n\t\t\t\t\t<\/div>\n\t\t<\/div>\n\t\t\t\t\t<\/div>\n\t\t<\/section>\n\t\t\t\t<section class=\"elementor-section elementor-top-section elementor-element elementor-element-510d647 elementor-section-boxed elementor-section-height-default elementor-section-height-default\" data-id=\"510d647\" data-element_type=\"section\" data-settings=\"{&quot;background_background&quot;:&quot;classic&quot;}\">\n\t\t\t\t\t\t<div class=\"elementor-container elementor-column-gap-default\">\n\t\t\t\t\t<div class=\"elementor-column elementor-col-100 elementor-top-column elementor-element elementor-element-e51b1a5\" data-id=\"e51b1a5\" data-element_type=\"column\">\n\t\t\t<div class=\"elementor-widget-wrap elementor-element-populated\">\n\t\t\t\t\t\t<div class=\"elementor-element elementor-element-1bfe955 elementor-nav-menu__align-start elementor-nav-menu--dropdown-tablet elementor-nav-menu__text-align-aside elementor-nav-menu--toggle elementor-nav-menu--burger elementor-widget elementor-widget-nav-menu\" data-id=\"1bfe955\" data-element_type=\"widget\" data-settings=\"{&quot;layout&quot;:&quot;horizontal&quot;,&quot;submenu_icon&quot;:{&quot;value&quot;:&quot;&lt;i class=\\&quot;fas fa-caret-down\\&quot;&gt;&lt;\\\/i&gt;&quot;,&quot;library&quot;:&quot;fa-solid&quot;},&quot;toggle&quot;:&quot;burger&quot;}\" data-widget_type=\"nav-menu.default\">\n\t\t\t\t<div class=\"elementor-widget-container\">\n\t\t\t\t\t\t<nav aria-label=\"Men\u00fa\" class=\"elementor-nav-menu--main elementor-nav-menu__container elementor-nav-menu--layout-horizontal e--pointer-underline e--animation-fade\">\n\t\t\t\t<ul id=\"menu-1-1bfe955\" class=\"elementor-nav-menu\"><li class=\"menu-item menu-item-type-custom menu-item-object-custom menu-item-5737\"><a href=\"https:\/\/www.undar.edu.pe\/index.php\/academico-direccion-de-servicios-academicos-inicio\" class=\"elementor-item\">Inicio<\/a><\/li>\n<li class=\"menu-item menu-item-type-custom menu-item-object-custom menu-item-5738\"><a href=\"https:\/\/www.undar.edu.pe\/index.php\/academico-direccion-de-servicios-academicos-servicios-academicos\" class=\"elementor-item\">Servicios acad\u00e9micos<\/a><\/li>\n<li class=\"menu-item menu-item-type-custom menu-item-object-custom menu-item-5739\"><a href=\"#\" class=\"elementor-item elementor-item-anchor\">Talleres y charlas<\/a><\/li>\n<li class=\"menu-item menu-item-type-custom menu-item-object-custom menu-item-5784\"><a href=\"https:\/\/www.undar.edu.pe\/index.php\/academico-direccion-de-servicios-academicos-informacion-de-interes\" class=\"elementor-item\">Informaci\u00f3n de inter\u00e9s<\/a><\/li>\n<\/ul>\t\t\t<\/nav>\n\t\t\t\t\t<div class=\"elementor-menu-toggle\" role=\"button\" tabindex=\"0\" aria-label=\"Alternar men\u00fa\" aria-expanded=\"false\">\n\t\t\t<i aria-hidden=\"true\" role=\"presentation\" class=\"elementor-menu-toggle__icon--open eicon-menu-bar\"><\/i><i aria-hidden=\"true\" role=\"presentation\" class=\"elementor-menu-toggle__icon--close eicon-close\"><\/i>\t\t\t<span class=\"elementor-screen-only\">Men\u00fa<\/span>\n\t\t<\/div>\n\t\t\t\t\t<nav class=\"elementor-nav-menu--dropdown elementor-nav-menu__container\" aria-hidden=\"true\">\n\t\t\t\t<ul id=\"menu-2-1bfe955\" class=\"elementor-nav-menu\"><li class=\"menu-item menu-item-type-custom menu-item-object-custom menu-item-5737\"><a href=\"https:\/\/www.undar.edu.pe\/index.php\/academico-direccion-de-servicios-academicos-inicio\" class=\"elementor-item\" tabindex=\"-1\">Inicio<\/a><\/li>\n<li class=\"menu-item menu-item-type-custom menu-item-object-custom menu-item-5738\"><a href=\"https:\/\/www.undar.edu.pe\/index.php\/academico-direccion-de-servicios-academicos-servicios-academicos\" class=\"elementor-item\" tabindex=\"-1\">Servicios acad\u00e9micos<\/a><\/li>\n<li class=\"menu-item menu-item-type-custom menu-item-object-custom menu-item-5739\"><a href=\"#\" class=\"elementor-item elementor-item-anchor\" tabindex=\"-1\">Talleres y charlas<\/a><\/li>\n<li class=\"menu-item menu-item-type-custom menu-item-object-custom menu-item-5784\"><a href=\"https:\/\/www.undar.edu.pe\/index.php\/academico-direccion-de-servicios-academicos-informacion-de-interes\" class=\"elementor-item\" tabindex=\"-1\">Informaci\u00f3n de inter\u00e9s<\/a><\/li>\n<\/ul>\t\t\t<\/nav>\n\t\t\t\t<\/div>\n\t\t\t\t<\/div>\n\t\t\t\t\t<\/div>\n\t\t<\/div>\n\t\t\t\t\t<\/div>\n\t\t<\/section>\n\t\t\t\t<section class=\"elementor-section elementor-top-section elementor-element elementor-element-de19a69 elementor-section-boxed elementor-section-height-default elementor-section-height-default\" data-id=\"de19a69\" data-element_type=\"section\">\n\t\t\t\t\t\t<div class=\"elementor-container elementor-column-gap-default\">\n\t\t\t\t\t<div class=\"elementor-column elementor-col-100 elementor-top-column elementor-element elementor-element-559c7f1\" data-id=\"559c7f1\" data-element_type=\"column\">\n\t\t\t<div class=\"elementor-widget-wrap elementor-element-populated\">\n\t\t\t\t\t\t<div class=\"elementor-element elementor-element-903d1c3 elementor-widget elementor-widget-heading\" data-id=\"903d1c3\" data-element_type=\"widget\" data-widget_type=\"heading.default\">\n\t\t\t\t<div class=\"elementor-widget-container\">\n\t\t\t<h6 class=\"elementor-heading-title elementor-size-small\"><b>Universidad Nacional Daniel Alom\u00eda Robles<\/b> - Acad\u00e9mico - Direcci\u00f3n de Servicios Acad\u00e9micos - Servicios acad\u00e9micos<\/h6>\t\t<\/div>\n\t\t\t\t<\/div>\n\t\t\t\t\t<\/div>\n\t\t<\/div>\n\t\t\t\t\t<\/div>\n\t\t<\/section>\n\t\t\t\t<section class=\"elementor-section elementor-top-section elementor-element elementor-element-c958f68 elementor-section-boxed elementor-section-height-default elementor-section-height-default\" data-id=\"c958f68\" data-element_type=\"section\">\n\t\t\t\t\t\t<div class=\"elementor-container elementor-column-gap-default\">\n\t\t\t\t\t<div class=\"elementor-column elementor-col-50 elementor-top-column elementor-element elementor-element-d94ffab\" data-id=\"d94ffab\" data-element_type=\"column\">\n\t\t\t<div class=\"elementor-widget-wrap elementor-element-populated\">\n\t\t\t\t\t\t<div class=\"elementor-element elementor-element-f6dd87c elementor-widget elementor-widget-image\" data-id=\"f6dd87c\" data-element_type=\"widget\" data-widget_type=\"image.default\">\n\t\t\t\t<div class=\"elementor-widget-container\">\n\t\t\t\t\t\t\t\t\t\t\t\t\t\t<a href=\"https:\/\/www.undar.edu.pe\/index.php\/matricula-y-registros-academicos-inicio\">\n\t\t\t\t\t\t\t<img fetchpriority=\"high\" decoding=\"async\" width=\"512\" height=\"512\" src=\"http:\/\/www.undar.edu.pe\/wp-content\/uploads\/2021\/11\/iconos-03.png\" class=\"attachment-large size-large wp-image-5875\" alt=\"\u00cdcono de matr\u00edcula virtual\" srcset=\"http:\/\/www.undar.edu.pe\/wp-content\/uploads\/2021\/11\/iconos-03.png 512w, http:\/\/www.undar.edu.pe\/wp-content\/uploads\/2021\/11\/iconos-03-300x300.png 300w, http:\/\/www.undar.edu.pe\/wp-content\/uploads\/2021\/11\/iconos-03-150x150.png 150w\" sizes=\"(max-width: 512px) 100vw, 512px\" \/>\t\t\t\t\t\t\t\t<\/a>\n\t\t\t\t\t\t\t\t\t\t\t\t\t<\/div>\n\t\t\t\t<\/div>\n\t\t\t\t<div class=\"elementor-element elementor-element-36eb26e elementor-widget elementor-widget-heading\" data-id=\"36eb26e\" data-element_type=\"widget\" data-widget_type=\"heading.default\">\n\t\t\t\t<div class=\"elementor-widget-container\">\n\t\t\t<h2 class=\"elementor-heading-title elementor-size-default\"><a href=\"https:\/\/www.undar.edu.pe\/index.php\/matricula-y-registros-academicos-inicio\">MATR\u00cdCULA Y REGISTROS ACAD\u00c9MICOS<\/a><\/h2>\t\t<\/div>\n\t\t\t\t<\/div>\n\t\t\t\t\t<\/div>\n\t\t<\/div>\n\t\t\t\t<div class=\"elementor-column elementor-col-50 elementor-top-column elementor-element elementor-element-357b771\" data-id=\"357b771\" data-element_type=\"column\">\n\t\t\t<div class=\"elementor-widget-wrap elementor-element-populated\">\n\t\t\t\t\t\t<div class=\"elementor-element elementor-element-82f2d21 elementor-widget elementor-widget-image\" data-id=\"82f2d21\" data-element_type=\"widget\" data-widget_type=\"image.default\">\n\t\t\t\t<div class=\"elementor-widget-container\">\n\t\t\t\t\t\t\t\t\t\t\t\t\t<img decoding=\"async\" width=\"512\" height=\"512\" src=\"http:\/\/www.undar.edu.pe\/wp-content\/uploads\/2021\/11\/iconos-01.png\" class=\"attachment-large size-large wp-image-5876\" alt=\"\u00cdcono de dictado de clases\" srcset=\"http:\/\/www.undar.edu.pe\/wp-content\/uploads\/2021\/11\/iconos-01.png 512w, http:\/\/www.undar.edu.pe\/wp-content\/uploads\/2021\/11\/iconos-01-300x300.png 300w, http:\/\/www.undar.edu.pe\/wp-content\/uploads\/2021\/11\/iconos-01-150x150.png 150w\" sizes=\"(max-width: 512px) 100vw, 512px\" \/>\t\t\t\t\t\t\t\t\t\t\t\t\t<\/div>\n\t\t\t\t<\/div>\n\t\t\t\t<div class=\"elementor-element elementor-element-85f0c43 elementor-widget elementor-widget-heading\" data-id=\"85f0c43\" data-element_type=\"widget\" data-widget_type=\"heading.default\">\n\t\t\t\t<div class=\"elementor-widget-container\">\n\t\t\t<h2 class=\"elementor-heading-title elementor-size-default\"><a href=\"#\">GESTI\u00d3N CURRICULAR Y CAPACITACI\u00d3N DOCENTE<\/a><\/h2>\t\t<\/div>\n\t\t\t\t<\/div>\n\t\t\t\t\t<\/div>\n\t\t<\/div>\n\t\t\t\t\t<\/div>\n\t\t<\/section>\n\t\t\t\t<section class=\"elementor-section elementor-top-section elementor-element elementor-element-4ada3ce elementor-section-boxed elementor-section-height-default elementor-section-height-default\" data-id=\"4ada3ce\" data-element_type=\"section\">\n\t\t\t\t\t\t<div class=\"elementor-container elementor-column-gap-default\">\n\t\t\t\t\t<div class=\"elementor-column elementor-col-100 elementor-top-column elementor-element elementor-element-969aa2b\" data-id=\"969aa2b\" data-element_type=\"column\">\n\t\t\t<div class=\"elementor-widget-wrap elementor-element-populated\">\n\t\t\t\t\t\t<div class=\"elementor-element elementor-element-add3c6e elementor-widget elementor-widget-text-editor\" data-id=\"add3c6e\" data-element_type=\"widget\" data-widget_type=\"text-editor.default\">\n\t\t\t\t<div class=\"elementor-widget-container\">\n\t\t\t\t\t\t\t<p><span style=\"color: #343434;\"><button id=\"listenButton1\" class=\"responsivevoice-button\" type=\"button\" value=\"Play\" title=\"ResponsiveVoice Tap to Start\/Stop Speech\"><span>&#128266; Listen to this<\/span><\/button>\n        <script>\n            listenButton1.onclick = function(){\n                if(responsiveVoice.isPlaying()){\n                    responsiveVoice.cancel();\n                }else{\n                    responsiveVoice.speak(\"DIRECCI\u00d3N DE SERVICIOS ACAD\u00c9MICOS Universidad Nacional Daniel Alom\u00eda Robles - Acad\u00e9mico - Direcci\u00f3n de Servicios Acad\u00e9micos - Servicios acad\u00e9micos MATR\u00cdCULA Y REGISTROS ACAD\u00c9MICOS GESTI\u00d3N CURRICULAR Y CAPACITACI\u00d3N DOCENTE \u00a0\", \"UK English Female\");\n                }\n            };\n        <\/script>\n    \u00a0<\/span><\/p>\t\t\t\t\t\t<\/div>\n\t\t\t\t<\/div>\n\t\t\t\t\t<\/div>\n\t\t<\/div>\n\t\t\t\t\t<\/div>\n\t\t<\/section>\n\t\t\t\t<\/div>\n\t\t","protected":false},"excerpt":{"rendered":"<p>DIRECCI\u00d3N DE SERVICIOS ACAD\u00c9MICOS Universidad Nacional Daniel Alom\u00eda Robles &#8211; Acad\u00e9mico &#8211; Direcci\u00f3n de Servicios Acad\u00e9micos &#8211; Servicios acad\u00e9micos MATR\u00cdCULA Y REGISTROS ACAD\u00c9MICOS GESTI\u00d3N CURRICULAR Y CAPACITACI\u00d3N DOCENTE \u00a0<\/p>\n","protected":false},"author":1,"featured_media":0,"parent":0,"menu_order":0,"comment_status":"closed","ping_status":"closed","template":"","meta":{"_uf_show_specific_survey":0,"_uf_disable_surveys":false,"footnotes":""},"class_list":["post-5776","page","type-page","status-publish","hentry"],"aioseo_notices":[],"_links":{"self":[{"href":"http:\/\/www.undar.edu.pe\/index.php\/wp-json\/wp\/v2\/pages\/5776","targetHints":{"allow":["GET"]}}],"collection":[{"href":"http:\/\/www.undar.edu.pe\/index.php\/wp-json\/wp\/v2\/pages"}],"about":[{"href":"http:\/\/www.undar.edu.pe\/index.php\/wp-json\/wp\/v2\/types\/page"}],"author":[{"embeddable":true,"href":"http:\/\/www.undar.edu.pe\/index.php\/wp-json\/wp\/v2\/users\/1"}],"replies":[{"embeddable":true,"href":"http:\/\/www.undar.edu.pe\/index.php\/wp-json\/wp\/v2\/comments?post=5776"}],"version-history":[{"count":215,"href":"http:\/\/www.undar.edu.pe\/index.php\/wp-json\/wp\/v2\/pages\/5776\/revisions"}],"predecessor-version":[{"id":61245,"href":"http:\/\/www.undar.edu.pe\/index.php\/wp-json\/wp\/v2\/pages\/5776\/revisions\/61245"}],"wp:attachment":[{"href":"http:\/\/www.undar.edu.pe\/index.php\/wp-json\/wp\/v2\/media?parent=5776"}],"curies":[{"name":"wp","href":"https:\/\/api.w.org\/{rel}","templated":true}]}}