{"id":52578,"date":"2024-01-10T16:58:59","date_gmt":"2024-01-10T21:58:59","guid":{"rendered":"http:\/\/www.undar.edu.pe\/?page_id=52578"},"modified":"2025-05-23T11:20:09","modified_gmt":"2025-05-23T16:20:09","slug":"investigacion-vicepresidencia-de-investigacion-direccion-de-incubadora-de-empresas","status":"publish","type":"page","link":"http:\/\/www.undar.edu.pe\/index.php\/investigacion-vicepresidencia-de-investigacion-direccion-de-incubadora-de-empresas\/","title":{"rendered":"INVESTIGACI\u00d3N &#8211; VICEPRESIDENCIA DE INVESTIGACI\u00d3N &#8211; DIRECCI\u00d3N DE INCUBADORA DE EMPRESAS"},"content":{"rendered":"\t\t<div data-elementor-type=\"wp-page\" data-elementor-id=\"52578\" class=\"elementor elementor-52578\" data-elementor-post-type=\"page\">\n\t\t\t\t\t\t<section class=\"elementor-section elementor-top-section elementor-element elementor-element-57b35260 elementor-section-full_width elementor-section-content-space-between elementor-section-height-default elementor-section-height-default\" data-id=\"57b35260\" data-element_type=\"section\">\n\t\t\t\t\t\t<div class=\"elementor-container elementor-column-gap-no\">\n\t\t\t\t\t<div class=\"elementor-column elementor-col-100 elementor-top-column elementor-element elementor-element-562762e5\" data-id=\"562762e5\" data-element_type=\"column\">\n\t\t\t<div class=\"elementor-widget-wrap elementor-element-populated\">\n\t\t\t\t\t\t<div class=\"elementor-element elementor-element-5b08ca4 elementor-widget__width-inherit elementor--h-position-center elementor--v-position-middle elementor-arrows-position-inside elementor-widget elementor-widget-slides\" data-id=\"5b08ca4\" data-element_type=\"widget\" data-settings=\"{&quot;motion_fx_motion_fx_scrolling&quot;:&quot;yes&quot;,&quot;navigation&quot;:&quot;arrows&quot;,&quot;autoplay&quot;:&quot;yes&quot;,&quot;pause_on_hover&quot;:&quot;yes&quot;,&quot;pause_on_interaction&quot;:&quot;yes&quot;,&quot;autoplay_speed&quot;:5000,&quot;infinite&quot;:&quot;yes&quot;,&quot;transition&quot;:&quot;slide&quot;,&quot;transition_speed&quot;:500,&quot;motion_fx_devices&quot;:[&quot;desktop&quot;,&quot;tablet&quot;,&quot;mobile&quot;]}\" data-widget_type=\"slides.default\">\n\t\t\t\t<div class=\"elementor-widget-container\">\n\t\t\t\t\t<div class=\"elementor-swiper\">\n\t\t\t<div class=\"elementor-slides-wrapper elementor-main-swiper swiper\" dir=\"ltr\" data-animation=\"fadeInUp\">\n\t\t\t\t<div class=\"swiper-wrapper elementor-slides\">\n\t\t\t\t\t\t\t\t\t\t<div class=\"elementor-repeater-item-378399b swiper-slide\"><div class=\"swiper-slide-bg\" role=\"img\"><\/div><div class=\"elementor-background-overlay\"><\/div><div class=\"swiper-slide-inner\" ><div class=\"swiper-slide-contents\"><div class=\"elementor-slide-heading\">DIRECCI\u00d3N DE INCUBADORA DE EMPRESAS<\/div><\/div><\/div><\/div>\t\t\t\t<\/div>\n\t\t\t\t\t\t\t<\/div>\n\t\t<\/div>\n\t\t\t\t<\/div>\n\t\t\t\t<\/div>\n\t\t\t\t\t<\/div>\n\t\t<\/div>\n\t\t\t\t\t<\/div>\n\t\t<\/section>\n\t\t\t\t<section class=\"elementor-section elementor-top-section elementor-element elementor-element-d6033f2 elementor-section-boxed elementor-section-height-default elementor-section-height-default\" data-id=\"d6033f2\" data-element_type=\"section\" data-settings=\"{&quot;background_background&quot;:&quot;classic&quot;}\">\n\t\t\t\t\t\t<div class=\"elementor-container elementor-column-gap-default\">\n\t\t\t\t\t<div class=\"elementor-column elementor-col-100 elementor-top-column elementor-element elementor-element-b535503\" data-id=\"b535503\" data-element_type=\"column\">\n\t\t\t<div class=\"elementor-widget-wrap elementor-element-populated\">\n\t\t\t\t\t\t\t<\/div>\n\t\t<\/div>\n\t\t\t\t\t<\/div>\n\t\t<\/section>\n\t\t\t\t<section class=\"elementor-section elementor-top-section elementor-element elementor-element-f735bfb elementor-section-boxed elementor-section-height-default elementor-section-height-default\" data-id=\"f735bfb\" data-element_type=\"section\">\n\t\t\t\t\t\t<div class=\"elementor-container elementor-column-gap-default\">\n\t\t\t\t\t<div class=\"elementor-column elementor-col-100 elementor-top-column elementor-element elementor-element-7f0d644\" data-id=\"7f0d644\" data-element_type=\"column\">\n\t\t\t<div class=\"elementor-widget-wrap elementor-element-populated\">\n\t\t\t\t\t\t<div class=\"elementor-element elementor-element-407fd39 elementor-widget elementor-widget-heading\" data-id=\"407fd39\" data-element_type=\"widget\" data-widget_type=\"heading.default\">\n\t\t\t\t<div class=\"elementor-widget-container\">\n\t\t\t<h6 class=\"elementor-heading-title elementor-size-small\"><b>Universidad Nacional Daniel Alom\u00eda Robles<\/b> - Investigaci\u00f3n - Vicepresidencia de Investigaci\u00f3n - Direcci\u00f3n de Incubadora de Empresas <\/h6>\t\t<\/div>\n\t\t\t\t<\/div>\n\t\t\t\t\t<\/div>\n\t\t<\/div>\n\t\t\t\t\t<\/div>\n\t\t<\/section>\n\t\t\t\t<section class=\"elementor-section elementor-top-section elementor-element elementor-element-62ec0e3 elementor-section-boxed elementor-section-height-default elementor-section-height-default\" data-id=\"62ec0e3\" data-element_type=\"section\">\n\t\t\t\t\t\t<div class=\"elementor-container elementor-column-gap-default\">\n\t\t\t\t\t<div class=\"elementor-column elementor-col-50 elementor-top-column elementor-element elementor-element-b9f29af\" data-id=\"b9f29af\" data-element_type=\"column\">\n\t\t\t<div class=\"elementor-widget-wrap elementor-element-populated\">\n\t\t\t\t\t\t<div class=\"elementor-element elementor-element-dc9fa6c elementor-widget elementor-widget-image\" data-id=\"dc9fa6c\" data-element_type=\"widget\" data-widget_type=\"image.default\">\n\t\t\t\t<div class=\"elementor-widget-container\">\n\t\t\t\t\t\t\t\t\t\t\t\t\t<img fetchpriority=\"high\" decoding=\"async\" width=\"800\" height=\"534\" src=\"http:\/\/www.undar.edu.pe\/wp-content\/uploads\/2024\/05\/Ing.-Geovanny-Paulino-Ponce-1024x683.png\" class=\"attachment-large size-large wp-image-55216\" alt=\"Foto del Director(e) de la Direcci\u00f3n de Incubadora de Empresas\" srcset=\"http:\/\/www.undar.edu.pe\/wp-content\/uploads\/2024\/05\/Ing.-Geovanny-Paulino-Ponce-1024x683.png 1024w, http:\/\/www.undar.edu.pe\/wp-content\/uploads\/2024\/05\/Ing.-Geovanny-Paulino-Ponce-300x200.png 300w, http:\/\/www.undar.edu.pe\/wp-content\/uploads\/2024\/05\/Ing.-Geovanny-Paulino-Ponce-768x512.png 768w, http:\/\/www.undar.edu.pe\/wp-content\/uploads\/2024\/05\/Ing.-Geovanny-Paulino-Ponce-1536x1024.png 1536w, http:\/\/www.undar.edu.pe\/wp-content\/uploads\/2024\/05\/Ing.-Geovanny-Paulino-Ponce-2048x1365.png 2048w\" sizes=\"(max-width: 800px) 100vw, 800px\" \/>\t\t\t\t\t\t\t\t\t\t\t\t\t<\/div>\n\t\t\t\t<\/div>\n\t\t\t\t<div class=\"elementor-element elementor-element-548b4a0 elementor-widget elementor-widget-text-editor\" data-id=\"548b4a0\" data-element_type=\"widget\" data-widget_type=\"text-editor.default\">\n\t\t\t\t<div class=\"elementor-widget-container\">\n\t\t\t\t\t\t\t<p><em>Director(e) de Incubadora de Empresas<\/em><\/p>\t\t\t\t\t\t<\/div>\n\t\t\t\t<\/div>\n\t\t\t\t\t<\/div>\n\t\t<\/div>\n\t\t\t\t<div class=\"elementor-column elementor-col-50 elementor-top-column elementor-element elementor-element-ce8f1d3\" data-id=\"ce8f1d3\" data-element_type=\"column\">\n\t\t\t<div class=\"elementor-widget-wrap elementor-element-populated\">\n\t\t\t\t\t\t<div class=\"elementor-element elementor-element-7599f68 elementor-widget elementor-widget-text-editor\" data-id=\"7599f68\" data-element_type=\"widget\" data-widget_type=\"text-editor.default\">\n\t\t\t\t<div class=\"elementor-widget-container\">\n\t\t\t\t\t\t\t<h5 style=\"text-align: justify;\"><span style=\"color: #f6921e;\"><b>DIRECCI\u00d3N DE INCUBADORA DE EMPRESAS<\/b><\/span><\/h5>\n<p><span style=\"font-weight: 400;\">Es el \u00f3rgano de l\u00ednea dependiente del Vicerrectorado de Investigaci\u00f3n; responsable de dirigir, coordinar y promover la iniciativa de los estudiantes para la creaci\u00f3n de peque\u00f1as empresas, brindando asesor\u00eda, facilidades en el uso de equipos e instalaciones de la UNDAR, as\u00ed como apoyo t\u00e9cnico o empresarial por parte de docentes de la universidad.<\/span><\/p>\n<p><span style=\"font-weight: 400;\">En un contexto formativo, los \u00f3rganos directivos de estas empresas deben estar integrados por estudiantes, fomentando as\u00ed su participaci\u00f3n activa en el proceso emprendedor. Adem\u00e1s, coordina estrechamente con las unidades de investigaci\u00f3n para garantizar la integraci\u00f3n de los conocimientos y recursos en beneficio del desarrollo empresarial dentro de la comunidad universitaria.<\/span><\/p>\n<h5 style=\"font-family: Montserrat, sans-serif; color: #343434; text-align: justify;\"><span style=\"color: #f6921e;\"><span style=\"font-weight: bolder;\">Director(e)<\/span><\/span><\/h5>\n<p><strong>Ing. Edwin Geovanny Paulino Ponce<\/strong><br>(Resoluci\u00f3n de Comisi\u00f3n Organizadora N\u00b0 137-2024-CO-UNDAR)<\/p>\t\t\t\t\t\t<\/div>\n\t\t\t\t<\/div>\n\t\t\t\t\t<\/div>\n\t\t<\/div>\n\t\t\t\t\t<\/div>\n\t\t<\/section>\n\t\t\t\t<section class=\"elementor-section elementor-top-section elementor-element elementor-element-a77c0c9 elementor-section-boxed elementor-section-height-default elementor-section-height-default\" data-id=\"a77c0c9\" data-element_type=\"section\">\n\t\t\t\t\t\t<div class=\"elementor-container elementor-column-gap-default\">\n\t\t\t\t\t<div class=\"elementor-column elementor-col-100 elementor-top-column elementor-element elementor-element-a4aa310\" data-id=\"a4aa310\" data-element_type=\"column\">\n\t\t\t<div class=\"elementor-widget-wrap elementor-element-populated\">\n\t\t\t\t\t\t<div class=\"elementor-element elementor-element-1ac6297 elementor-widget elementor-widget-text-editor\" data-id=\"1ac6297\" data-element_type=\"widget\" data-widget_type=\"text-editor.default\">\n\t\t\t\t<div class=\"elementor-widget-container\">\n\t\t\t\t\t\t\t<p><strong>Estamos para apoyarte:<\/strong><\/p><p>\ud83d\udccd Oficina: Jir\u00f3n Hemilio Valdizan N\u00b0 134 6to piso<\/p><p>\ud83d\udce7 Correo: epaulino@undar.edu.pe<\/p><p>\ud83d\udcde Tel\u00e9fono: 902097220<\/p><p>\ud83d\udd50 Atenci\u00f3n: lunes a viernes de 8 a.m. a 4 p.m.<\/p>\t\t\t\t\t\t<\/div>\n\t\t\t\t<\/div>\n\t\t\t\t\t<\/div>\n\t\t<\/div>\n\t\t\t\t\t<\/div>\n\t\t<\/section>\n\t\t\t\t<section class=\"elementor-section elementor-top-section elementor-element elementor-element-1a4af7d elementor-section-boxed elementor-section-height-default elementor-section-height-default\" data-id=\"1a4af7d\" data-element_type=\"section\">\n\t\t\t\t\t\t<div class=\"elementor-container elementor-column-gap-default\">\n\t\t\t\t\t<div class=\"elementor-column elementor-col-100 elementor-top-column elementor-element elementor-element-5377edc\" data-id=\"5377edc\" data-element_type=\"column\">\n\t\t\t<div class=\"elementor-widget-wrap elementor-element-populated\">\n\t\t\t\t\t\t<div class=\"elementor-element elementor-element-f520657 elementor-widget elementor-widget-text-editor\" data-id=\"f520657\" data-element_type=\"widget\" data-widget_type=\"text-editor.default\">\n\t\t\t\t<div class=\"elementor-widget-container\">\n\t\t\t\t\t\t\t<p><span style=\"color: #343434;\"><button id=\"listenButton1\" class=\"responsivevoice-button\" type=\"button\" value=\"Play\" title=\"ResponsiveVoice Tap to Start\/Stop Speech\"><span>&#128266; Listen to this<\/span><\/button>\n        <script>\n            listenButton1.onclick = function(){\n                if(responsiveVoice.isPlaying()){\n                    responsiveVoice.cancel();\n                }else{\n                    responsiveVoice.speak(\"DIRECCI\u00d3N DE INCUBADORA DE EMPRESAS Universidad Nacional Daniel Alom\u00eda Robles - Investigaci\u00f3n - Vicepresidencia de Investigaci\u00f3n - Direcci\u00f3n de Incubadora de Empresas Director(e) de Incubadora de EmpresasDIRECCI\u00d3N DE INCUBADORA DE EMPRESAS Es el \u00f3rgano de l\u00ednea dependiente del Vicerrectorado de Investigaci\u00f3n; responsable de dirigir, coordinar y promover la iniciativa de los estudiantes para la creaci\u00f3n de peque\u00f1as empresas, brindando asesor\u00eda, facilidades en el uso de equipos e instalaciones de la UNDAR, as\u00ed como apoyo t\u00e9cnico o empresarial por parte de docentes de la universidad. En un contexto formativo, los \u00f3rganos directivos de estas empresas deben estar integrados por estudiantes, fomentando as\u00ed su participaci\u00f3n activa en el proceso emprendedor. Adem\u00e1s, coordina estrechamente con las unidades de investigaci\u00f3n para garantizar la integraci\u00f3n de los conocimientos y recursos en beneficio del desarrollo empresarial dentro de la comunidad universitaria. Director(e) Ing. Edwin Geovanny Paulino Ponce(Resoluci\u00f3n de Comisi\u00f3n Organizadora N\u00b0 137-2024-CO-UNDAR)Estamos para apoyarte:\ud83d\udccd Oficina: Jir\u00f3n Hemilio Valdizan N\u00b0 134 6to piso\ud83d\udce7 Correo: epaulino@undar.edu.pe\ud83d\udcde Tel\u00e9fono: 902097220\ud83d\udd50 Atenci\u00f3n: lunes a viernes de 8 a.m. a 4 p.m.\u00a0 Contacte con nosotros: L\u00cdNEA DE ATENCI\u00d3N (062) 283 402 anexo 4 ESCR\u00cdBENOS incubadoradeempresas@undar.edu.pe UB\u00cdCANOS Jr. Hermilio Valdiz\u00e1n # 134, Hu\u00e1nuco - Per\u00fa\", \"UK English Female\");\n                }\n            };\n        <\/script>\n    \u00a0<\/span><\/p>\t\t\t\t\t\t<\/div>\n\t\t\t\t<\/div>\n\t\t\t\t\t<\/div>\n\t\t<\/div>\n\t\t\t\t\t<\/div>\n\t\t<\/section>\n\t\t\t\t<section class=\"elementor-section elementor-top-section elementor-element elementor-element-50d577e1 elementor-section-boxed elementor-section-height-default elementor-section-height-default\" data-id=\"50d577e1\" data-element_type=\"section\" data-settings=\"{&quot;background_background&quot;:&quot;classic&quot;}\">\n\t\t\t\t\t\t<div class=\"elementor-container elementor-column-gap-default\">\n\t\t\t\t\t<div class=\"elementor-column elementor-col-100 elementor-top-column elementor-element elementor-element-8b709f8\" data-id=\"8b709f8\" data-element_type=\"column\">\n\t\t\t<div class=\"elementor-widget-wrap elementor-element-populated\">\n\t\t\t\t\t\t<section class=\"elementor-section elementor-inner-section elementor-element elementor-element-6f0b68bf elementor-section-full_width elementor-section-height-default elementor-section-height-default\" data-id=\"6f0b68bf\" data-element_type=\"section\">\n\t\t\t\t\t\t<div class=\"elementor-container elementor-column-gap-default\">\n\t\t\t\t\t<div class=\"elementor-column elementor-col-100 elementor-inner-column elementor-element elementor-element-798f95d0\" data-id=\"798f95d0\" data-element_type=\"column\">\n\t\t\t<div class=\"elementor-widget-wrap elementor-element-populated\">\n\t\t\t\t\t\t<div class=\"elementor-element elementor-element-38f1e6f1 elementor-widget elementor-widget-heading\" data-id=\"38f1e6f1\" data-element_type=\"widget\" data-widget_type=\"heading.default\">\n\t\t\t\t<div class=\"elementor-widget-container\">\n\t\t\t<h2 class=\"elementor-heading-title elementor-size-default\">Contacte con nosotros:<\/h2>\t\t<\/div>\n\t\t\t\t<\/div>\n\t\t\t\t\t<\/div>\n\t\t<\/div>\n\t\t\t\t\t<\/div>\n\t\t<\/section>\n\t\t\t\t<section class=\"elementor-section elementor-inner-section elementor-element elementor-element-35295cc5 elementor-section-full_width elementor-section-height-default elementor-section-height-default\" data-id=\"35295cc5\" data-element_type=\"section\">\n\t\t\t\t\t\t<div class=\"elementor-container elementor-column-gap-default\">\n\t\t\t\t\t<div class=\"elementor-column elementor-col-33 elementor-inner-column elementor-element elementor-element-2bbd8fb8\" data-id=\"2bbd8fb8\" data-element_type=\"column\">\n\t\t\t<div class=\"elementor-widget-wrap elementor-element-populated\">\n\t\t\t\t\t\t<div class=\"elementor-element elementor-element-44ce543d elementor-widget elementor-widget-heading\" data-id=\"44ce543d\" data-element_type=\"widget\" data-widget_type=\"heading.default\">\n\t\t\t\t<div class=\"elementor-widget-container\">\n\t\t\t<h2 class=\"elementor-heading-title elementor-size-default\">L\u00cdNEA DE ATENCI\u00d3N<\/h2>\t\t<\/div>\n\t\t\t\t<\/div>\n\t\t\t\t<div class=\"elementor-element elementor-element-122adb10 elementor-widget elementor-widget-heading\" data-id=\"122adb10\" data-element_type=\"widget\" data-widget_type=\"heading.default\">\n\t\t\t\t<div class=\"elementor-widget-container\">\n\t\t\t<h2 class=\"elementor-heading-title elementor-size-default\">(062) 283 402  anexo 4<\/h2>\t\t<\/div>\n\t\t\t\t<\/div>\n\t\t\t\t\t<\/div>\n\t\t<\/div>\n\t\t\t\t<div class=\"elementor-column elementor-col-33 elementor-inner-column elementor-element elementor-element-3c11ed74\" data-id=\"3c11ed74\" data-element_type=\"column\">\n\t\t\t<div class=\"elementor-widget-wrap elementor-element-populated\">\n\t\t\t\t\t\t<div class=\"elementor-element elementor-element-1af448b6 elementor-widget elementor-widget-heading\" data-id=\"1af448b6\" data-element_type=\"widget\" data-widget_type=\"heading.default\">\n\t\t\t\t<div class=\"elementor-widget-container\">\n\t\t\t<h2 class=\"elementor-heading-title elementor-size-default\">ESCR\u00cdBENOS<\/h2>\t\t<\/div>\n\t\t\t\t<\/div>\n\t\t\t\t<div class=\"elementor-element elementor-element-48a161a2 elementor-widget elementor-widget-heading\" data-id=\"48a161a2\" data-element_type=\"widget\" data-widget_type=\"heading.default\">\n\t\t\t\t<div class=\"elementor-widget-container\">\n\t\t\t<h2 class=\"elementor-heading-title elementor-size-default\">incubadoradeempresas@undar.edu.pe<\/h2>\t\t<\/div>\n\t\t\t\t<\/div>\n\t\t\t\t\t<\/div>\n\t\t<\/div>\n\t\t\t\t<div class=\"elementor-column elementor-col-33 elementor-inner-column elementor-element elementor-element-1621c697\" data-id=\"1621c697\" data-element_type=\"column\">\n\t\t\t<div class=\"elementor-widget-wrap elementor-element-populated\">\n\t\t\t\t\t\t<div class=\"elementor-element elementor-element-427d839d elementor-widget elementor-widget-heading\" data-id=\"427d839d\" data-element_type=\"widget\" data-widget_type=\"heading.default\">\n\t\t\t\t<div class=\"elementor-widget-container\">\n\t\t\t<h2 class=\"elementor-heading-title elementor-size-default\">UB\u00cdCANOS<\/h2>\t\t<\/div>\n\t\t\t\t<\/div>\n\t\t\t\t<div class=\"elementor-element elementor-element-60626b16 elementor-widget elementor-widget-heading\" data-id=\"60626b16\" data-element_type=\"widget\" data-widget_type=\"heading.default\">\n\t\t\t\t<div class=\"elementor-widget-container\">\n\t\t\t<h2 class=\"elementor-heading-title elementor-size-default\">Jr. Hermilio Valdiz\u00e1n # 134, Hu\u00e1nuco - Per\u00fa<\/h2>\t\t<\/div>\n\t\t\t\t<\/div>\n\t\t\t\t\t<\/div>\n\t\t<\/div>\n\t\t\t\t\t<\/div>\n\t\t<\/section>\n\t\t\t\t\t<\/div>\n\t\t<\/div>\n\t\t\t\t\t<\/div>\n\t\t<\/section>\n\t\t\t\t<\/div>\n\t\t","protected":false},"excerpt":{"rendered":"<p>DIRECCI\u00d3N DE INCUBADORA DE EMPRESAS Universidad Nacional Daniel Alom\u00eda Robles &#8211; Investigaci\u00f3n &#8211; Vicepresidencia de Investigaci\u00f3n &#8211; Direcci\u00f3n de Incubadora de Empresas Director(e) de Incubadora de Empresas DIRECCI\u00d3N DE INCUBADORA DE EMPRESAS Es el \u00f3rgano de l\u00ednea dependiente del Vicerrectorado de Investigaci\u00f3n; responsable de dirigir, coordinar y promover la iniciativa de los estudiantes para la [&hellip;]<\/p>\n","protected":false},"author":1,"featured_media":0,"parent":0,"menu_order":0,"comment_status":"closed","ping_status":"closed","template":"","meta":{"_uf_show_specific_survey":0,"_uf_disable_surveys":false,"footnotes":""},"class_list":["post-52578","page","type-page","status-publish","hentry"],"aioseo_notices":[],"_links":{"self":[{"href":"http:\/\/www.undar.edu.pe\/index.php\/wp-json\/wp\/v2\/pages\/52578","targetHints":{"allow":["GET"]}}],"collection":[{"href":"http:\/\/www.undar.edu.pe\/index.php\/wp-json\/wp\/v2\/pages"}],"about":[{"href":"http:\/\/www.undar.edu.pe\/index.php\/wp-json\/wp\/v2\/types\/page"}],"author":[{"embeddable":true,"href":"http:\/\/www.undar.edu.pe\/index.php\/wp-json\/wp\/v2\/users\/1"}],"replies":[{"embeddable":true,"href":"http:\/\/www.undar.edu.pe\/index.php\/wp-json\/wp\/v2\/comments?post=52578"}],"version-history":[{"count":57,"href":"http:\/\/www.undar.edu.pe\/index.php\/wp-json\/wp\/v2\/pages\/52578\/revisions"}],"predecessor-version":[{"id":62450,"href":"http:\/\/www.undar.edu.pe\/index.php\/wp-json\/wp\/v2\/pages\/52578\/revisions\/62450"}],"wp:attachment":[{"href":"http:\/\/www.undar.edu.pe\/index.php\/wp-json\/wp\/v2\/media?parent=52578"}],"curies":[{"name":"wp","href":"https:\/\/api.w.org\/{rel}","templated":true}]}}