{"id":52565,"date":"2024-01-10T15:58:08","date_gmt":"2024-01-10T20:58:08","guid":{"rendered":"http:\/\/www.undar.edu.pe\/?page_id=52565"},"modified":"2025-03-25T14:58:18","modified_gmt":"2025-03-25T19:58:18","slug":"investigacion-vicepresidencia-de-investigacion-instituto-de-investigacion","status":"publish","type":"page","link":"http:\/\/www.undar.edu.pe\/index.php\/investigacion-vicepresidencia-de-investigacion-instituto-de-investigacion\/","title":{"rendered":"INVESTIGACI\u00d3N &#8211; VICEPRESIDENCIA DE INVESTIGACI\u00d3N &#8211; INSTITUTO DE INVESTIGACI\u00d3N"},"content":{"rendered":"\t\t<div data-elementor-type=\"wp-page\" data-elementor-id=\"52565\" class=\"elementor elementor-52565\" data-elementor-post-type=\"page\">\n\t\t\t\t\t\t<section class=\"elementor-section elementor-top-section elementor-element elementor-element-57b35260 elementor-section-full_width elementor-section-content-space-between elementor-section-height-default elementor-section-height-default\" data-id=\"57b35260\" data-element_type=\"section\">\n\t\t\t\t\t\t<div class=\"elementor-container elementor-column-gap-no\">\n\t\t\t\t\t<div class=\"elementor-column elementor-col-100 elementor-top-column elementor-element elementor-element-562762e5\" data-id=\"562762e5\" data-element_type=\"column\">\n\t\t\t<div class=\"elementor-widget-wrap elementor-element-populated\">\n\t\t\t\t\t\t<div class=\"elementor-element elementor-element-5b08ca4 elementor-widget__width-inherit elementor--h-position-center elementor--v-position-middle elementor-arrows-position-inside elementor-widget elementor-widget-slides\" data-id=\"5b08ca4\" data-element_type=\"widget\" data-settings=\"{&quot;motion_fx_motion_fx_scrolling&quot;:&quot;yes&quot;,&quot;navigation&quot;:&quot;arrows&quot;,&quot;autoplay&quot;:&quot;yes&quot;,&quot;pause_on_hover&quot;:&quot;yes&quot;,&quot;pause_on_interaction&quot;:&quot;yes&quot;,&quot;autoplay_speed&quot;:5000,&quot;infinite&quot;:&quot;yes&quot;,&quot;transition&quot;:&quot;slide&quot;,&quot;transition_speed&quot;:500,&quot;motion_fx_devices&quot;:[&quot;desktop&quot;,&quot;tablet&quot;,&quot;mobile&quot;]}\" data-widget_type=\"slides.default\">\n\t\t\t\t<div class=\"elementor-widget-container\">\n\t\t\t\t\t<div class=\"elementor-swiper\">\n\t\t\t<div class=\"elementor-slides-wrapper elementor-main-swiper swiper\" dir=\"ltr\" data-animation=\"fadeInUp\">\n\t\t\t\t<div class=\"swiper-wrapper elementor-slides\">\n\t\t\t\t\t\t\t\t\t\t<div class=\"elementor-repeater-item-378399b swiper-slide\"><div class=\"swiper-slide-bg\" role=\"img\"><\/div><div class=\"elementor-background-overlay\"><\/div><div class=\"swiper-slide-inner\" ><div class=\"swiper-slide-contents\"><div class=\"elementor-slide-heading\">INSTITUTO DE INVESTIGACI\u00d3N<\/div><\/div><\/div><\/div>\t\t\t\t<\/div>\n\t\t\t\t\t\t\t<\/div>\n\t\t<\/div>\n\t\t\t\t<\/div>\n\t\t\t\t<\/div>\n\t\t\t\t\t<\/div>\n\t\t<\/div>\n\t\t\t\t\t<\/div>\n\t\t<\/section>\n\t\t\t\t<section class=\"elementor-section elementor-top-section elementor-element elementor-element-bce35da elementor-section-boxed elementor-section-height-default elementor-section-height-default\" data-id=\"bce35da\" data-element_type=\"section\" data-settings=\"{&quot;background_background&quot;:&quot;classic&quot;}\">\n\t\t\t\t\t\t<div class=\"elementor-container elementor-column-gap-default\">\n\t\t\t\t\t<div class=\"elementor-column elementor-col-100 elementor-top-column elementor-element elementor-element-89c6ee9\" data-id=\"89c6ee9\" data-element_type=\"column\">\n\t\t\t<div class=\"elementor-widget-wrap elementor-element-populated\">\n\t\t\t\t\t\t<div class=\"elementor-element elementor-element-ea5b8db elementor-nav-menu__align-start elementor-nav-menu--dropdown-tablet elementor-nav-menu__text-align-aside elementor-nav-menu--toggle elementor-nav-menu--burger elementor-widget elementor-widget-nav-menu\" data-id=\"ea5b8db\" data-element_type=\"widget\" data-settings=\"{&quot;layout&quot;:&quot;horizontal&quot;,&quot;submenu_icon&quot;:{&quot;value&quot;:&quot;&lt;i class=\\&quot;fas fa-caret-down\\&quot;&gt;&lt;\\\/i&gt;&quot;,&quot;library&quot;:&quot;fa-solid&quot;},&quot;toggle&quot;:&quot;burger&quot;}\" data-widget_type=\"nav-menu.default\">\n\t\t\t\t<div class=\"elementor-widget-container\">\n\t\t\t\t\t\t<nav aria-label=\"Men\u00fa\" class=\"elementor-nav-menu--main elementor-nav-menu__container elementor-nav-menu--layout-horizontal e--pointer-underline e--animation-fade\">\n\t\t\t\t<ul id=\"menu-1-ea5b8db\" class=\"elementor-nav-menu\"><li class=\"menu-item menu-item-type-post_type menu-item-object-page menu-item-61075\"><a href=\"http:\/\/www.undar.edu.pe\/index.php\/investigacion-vicepresidencia-de-investigacion-instituto-de-investigacion\/\" class=\"elementor-item\">INSTITUTO DE INVESTIGACI\u00d3N<\/a><\/li>\n<li class=\"menu-item menu-item-type-post_type menu-item-object-page menu-item-61074\"><a href=\"http:\/\/www.undar.edu.pe\/index.php\/investigacion-vicepresidencia-de-investigacion-instituto-de-investigacion-anexos-directiva\/\" class=\"elementor-item\">INVESTIGACION DOCENTE<\/a><\/li>\n<li class=\"menu-item menu-item-type-post_type menu-item-object-page menu-item-61073\"><a href=\"http:\/\/www.undar.edu.pe\/index.php\/investigacion-vicepresidencia-de-investigacion-instituto-de-investigacion-memoria-anual\/\" class=\"elementor-item\">MEMORIA ANUAL<\/a><\/li>\n<li class=\"menu-item menu-item-type-post_type menu-item-object-page menu-item-61087\"><a href=\"http:\/\/www.undar.edu.pe\/index.php\/investigacion-vicepresidencia-de-investigacion-instituto-de-investigacion-normativa\/\" class=\"elementor-item\">NORMATIVA<\/a><\/li>\n<\/ul>\t\t\t<\/nav>\n\t\t\t\t\t<div class=\"elementor-menu-toggle\" role=\"button\" tabindex=\"0\" aria-label=\"Alternar men\u00fa\" aria-expanded=\"false\">\n\t\t\t<i aria-hidden=\"true\" role=\"presentation\" class=\"elementor-menu-toggle__icon--open eicon-menu-bar\"><\/i><i aria-hidden=\"true\" role=\"presentation\" class=\"elementor-menu-toggle__icon--close eicon-close\"><\/i>\t\t\t<span class=\"elementor-screen-only\">Men\u00fa<\/span>\n\t\t<\/div>\n\t\t\t\t\t<nav class=\"elementor-nav-menu--dropdown elementor-nav-menu__container\" aria-hidden=\"true\">\n\t\t\t\t<ul id=\"menu-2-ea5b8db\" class=\"elementor-nav-menu\"><li class=\"menu-item menu-item-type-post_type menu-item-object-page menu-item-61075\"><a href=\"http:\/\/www.undar.edu.pe\/index.php\/investigacion-vicepresidencia-de-investigacion-instituto-de-investigacion\/\" class=\"elementor-item\" tabindex=\"-1\">INSTITUTO DE INVESTIGACI\u00d3N<\/a><\/li>\n<li class=\"menu-item menu-item-type-post_type menu-item-object-page menu-item-61074\"><a href=\"http:\/\/www.undar.edu.pe\/index.php\/investigacion-vicepresidencia-de-investigacion-instituto-de-investigacion-anexos-directiva\/\" class=\"elementor-item\" tabindex=\"-1\">INVESTIGACION DOCENTE<\/a><\/li>\n<li class=\"menu-item menu-item-type-post_type menu-item-object-page menu-item-61073\"><a href=\"http:\/\/www.undar.edu.pe\/index.php\/investigacion-vicepresidencia-de-investigacion-instituto-de-investigacion-memoria-anual\/\" class=\"elementor-item\" tabindex=\"-1\">MEMORIA ANUAL<\/a><\/li>\n<li class=\"menu-item menu-item-type-post_type menu-item-object-page menu-item-61087\"><a href=\"http:\/\/www.undar.edu.pe\/index.php\/investigacion-vicepresidencia-de-investigacion-instituto-de-investigacion-normativa\/\" class=\"elementor-item\" tabindex=\"-1\">NORMATIVA<\/a><\/li>\n<\/ul>\t\t\t<\/nav>\n\t\t\t\t<\/div>\n\t\t\t\t<\/div>\n\t\t\t\t\t<\/div>\n\t\t<\/div>\n\t\t\t\t\t<\/div>\n\t\t<\/section>\n\t\t\t\t<section class=\"elementor-section elementor-top-section elementor-element elementor-element-f735bfb elementor-section-boxed elementor-section-height-default elementor-section-height-default\" data-id=\"f735bfb\" data-element_type=\"section\">\n\t\t\t\t\t\t<div class=\"elementor-container elementor-column-gap-default\">\n\t\t\t\t\t<div class=\"elementor-column elementor-col-100 elementor-top-column elementor-element elementor-element-7f0d644\" data-id=\"7f0d644\" data-element_type=\"column\">\n\t\t\t<div class=\"elementor-widget-wrap elementor-element-populated\">\n\t\t\t\t\t\t<div class=\"elementor-element elementor-element-407fd39 elementor-widget elementor-widget-heading\" data-id=\"407fd39\" data-element_type=\"widget\" data-widget_type=\"heading.default\">\n\t\t\t\t<div class=\"elementor-widget-container\">\n\t\t\t<h6 class=\"elementor-heading-title elementor-size-small\"><b>Universidad Nacional Daniel Alom\u00eda Robles<\/b> - Investigaci\u00f3n - Vicepresidencia de Investigaci\u00f3n - Instituto de Investigaci\u00f3n<\/h6>\t\t<\/div>\n\t\t\t\t<\/div>\n\t\t\t\t\t<\/div>\n\t\t<\/div>\n\t\t\t\t\t<\/div>\n\t\t<\/section>\n\t\t\t\t<section class=\"elementor-section elementor-top-section elementor-element elementor-element-62ec0e3 elementor-section-boxed elementor-section-height-default elementor-section-height-default\" data-id=\"62ec0e3\" data-element_type=\"section\">\n\t\t\t\t\t\t<div class=\"elementor-container elementor-column-gap-default\">\n\t\t\t\t\t<div class=\"elementor-column elementor-col-50 elementor-top-column elementor-element elementor-element-b9f29af\" data-id=\"b9f29af\" data-element_type=\"column\">\n\t\t\t<div class=\"elementor-widget-wrap elementor-element-populated\">\n\t\t\t\t\t\t<div class=\"elementor-element elementor-element-dc9fa6c elementor-widget elementor-widget-image\" data-id=\"dc9fa6c\" data-element_type=\"widget\" data-widget_type=\"image.default\">\n\t\t\t\t<div class=\"elementor-widget-container\">\n\t\t\t\t\t\t\t\t\t\t\t\t\t<img fetchpriority=\"high\" decoding=\"async\" width=\"800\" height=\"534\" src=\"http:\/\/www.undar.edu.pe\/wp-content\/uploads\/2024\/02\/Rollin-Guerra-Huacho_comp-1024x684.jpg\" class=\"attachment-large size-large wp-image-52963\" alt=\"Foto del Dr. Rollin Max Guerra Huacho\" srcset=\"http:\/\/www.undar.edu.pe\/wp-content\/uploads\/2024\/02\/Rollin-Guerra-Huacho_comp-1024x684.jpg 1024w, http:\/\/www.undar.edu.pe\/wp-content\/uploads\/2024\/02\/Rollin-Guerra-Huacho_comp-300x200.jpg 300w, http:\/\/www.undar.edu.pe\/wp-content\/uploads\/2024\/02\/Rollin-Guerra-Huacho_comp-768x513.jpg 768w, http:\/\/www.undar.edu.pe\/wp-content\/uploads\/2024\/02\/Rollin-Guerra-Huacho_comp-1536x1025.jpg 1536w, http:\/\/www.undar.edu.pe\/wp-content\/uploads\/2024\/02\/Rollin-Guerra-Huacho_comp-2048x1367.jpg 2048w\" sizes=\"(max-width: 800px) 100vw, 800px\" \/>\t\t\t\t\t\t\t\t\t\t\t\t\t<\/div>\n\t\t\t\t<\/div>\n\t\t\t\t<div class=\"elementor-element elementor-element-548b4a0 elementor-widget elementor-widget-text-editor\" data-id=\"548b4a0\" data-element_type=\"widget\" data-widget_type=\"text-editor.default\">\n\t\t\t\t<div class=\"elementor-widget-container\">\n\t\t\t\t\t\t\t<p><em>Director del Instituto de Investigaci\u00f3n<\/em><\/p>\t\t\t\t\t\t<\/div>\n\t\t\t\t<\/div>\n\t\t\t\t\t<\/div>\n\t\t<\/div>\n\t\t\t\t<div class=\"elementor-column elementor-col-50 elementor-top-column elementor-element elementor-element-ce8f1d3\" data-id=\"ce8f1d3\" data-element_type=\"column\">\n\t\t\t<div class=\"elementor-widget-wrap elementor-element-populated\">\n\t\t\t\t\t\t<div class=\"elementor-element elementor-element-8147741 elementor-widget elementor-widget-text-editor\" data-id=\"8147741\" data-element_type=\"widget\" data-widget_type=\"text-editor.default\">\n\t\t\t\t<div class=\"elementor-widget-container\">\n\t\t\t\t\t\t\t<h5 style=\"text-align: justify;\"><span style=\"color: #f6921e;\"><b>INSTITUTO DE INVESTIGACI\u00d3N (II)<\/b><\/span><\/h5><p><span style=\"font-weight: 400; color: #343434;\">Es el \u00f3rgano de l\u00ednea dependiente del Vicerrectorado de Investigaci\u00f3n, responsable de dirigir, coordinar, ejecutar y promover la producci\u00f3n continua y sostenible de conocimientos cient\u00edficos. Esta labor se realiza a trav\u00e9s de actividades de investigaci\u00f3n, desarrollo e innovaci\u00f3n, alineadas con las l\u00edneas de investigaci\u00f3n establecidas por la UNDAR.<\/span><\/p><p><span style=\"font-weight: 400; color: #343434;\">El II contribuye a la formaci\u00f3n integral de los miembros de la comunidad universitaria, impulsa la participaci\u00f3n en proyectos para fondos concursables y fomenta la publicaci\u00f3n en revistas indexadas de alto impacto. Adem\u00e1s, mantiene una comunicaci\u00f3n constante con las unidades de investigaci\u00f3n de las dos escuelas profesionales.<\/span><\/p><h5 style=\"font-family: Montserrat, sans-serif; color: #343434; text-align: justify;\"><span style=\"color: #f6921e;\"><span style=\"font-weight: bolder;\">Director<\/span><\/span><\/h5><p><strong>Dr. Rollin Max Guerra Huacho<\/strong><br \/>(Resoluci\u00f3n de Comisi\u00f3n Organizadora N\u00b0 295-2024-CO-UNDAR)<\/p>\t\t\t\t\t\t<\/div>\n\t\t\t\t<\/div>\n\t\t\t\t\t<\/div>\n\t\t<\/div>\n\t\t\t\t\t<\/div>\n\t\t<\/section>\n\t\t\t\t<section class=\"elementor-section elementor-top-section elementor-element elementor-element-1a4af7d elementor-section-boxed elementor-section-height-default elementor-section-height-default\" data-id=\"1a4af7d\" data-element_type=\"section\">\n\t\t\t\t\t\t<div class=\"elementor-container elementor-column-gap-default\">\n\t\t\t\t\t<div class=\"elementor-column elementor-col-100 elementor-top-column elementor-element elementor-element-5377edc\" data-id=\"5377edc\" data-element_type=\"column\">\n\t\t\t<div class=\"elementor-widget-wrap elementor-element-populated\">\n\t\t\t\t\t\t<div class=\"elementor-element elementor-element-f520657 elementor-widget elementor-widget-text-editor\" data-id=\"f520657\" data-element_type=\"widget\" data-widget_type=\"text-editor.default\">\n\t\t\t\t<div class=\"elementor-widget-container\">\n\t\t\t\t\t\t\t<p><span style=\"color: #343434;\"><button id=\"listenButton1\" class=\"responsivevoice-button\" type=\"button\" value=\"Play\" title=\"ResponsiveVoice Tap to Start\/Stop Speech\"><span>&#128266; Listen to this<\/span><\/button>\n        <script>\n            listenButton1.onclick = function(){\n                if(responsiveVoice.isPlaying()){\n                    responsiveVoice.cancel();\n                }else{\n                    responsiveVoice.speak(\"INSTITUTO DE INVESTIGACI\u00d3N Universidad Nacional Daniel Alom\u00eda Robles - Investigaci\u00f3n - Vicepresidencia de Investigaci\u00f3n - Instituto de Investigaci\u00f3n Director del Instituto de Investigaci\u00f3nINSTITUTO DE INVESTIGACI\u00d3N (II)Es el \u00f3rgano de l\u00ednea dependiente del Vicerrectorado de Investigaci\u00f3n, responsable de dirigir, coordinar, ejecutar y promover la producci\u00f3n continua y sostenible de conocimientos cient\u00edficos. Esta labor se realiza a trav\u00e9s de actividades de investigaci\u00f3n, desarrollo e innovaci\u00f3n, alineadas con las l\u00edneas de investigaci\u00f3n establecidas por la UNDAR.El II contribuye a la formaci\u00f3n integral de los miembros de la comunidad universitaria, impulsa la participaci\u00f3n en proyectos para fondos concursables y fomenta la publicaci\u00f3n en revistas indexadas de alto impacto. Adem\u00e1s, mantiene una comunicaci\u00f3n constante con las unidades de investigaci\u00f3n de las dos escuelas profesionales.DirectorDr. Rollin Max Guerra Huacho(Resoluci\u00f3n de Comisi\u00f3n Organizadora N\u00b0 295-2024-CO-UNDAR)\u00a0 Contacte con nosotros: L\u00cdNEA DE ATENCI\u00d3N (062) 283 402 anexo 4 ESCR\u00cdBENOS institutodeinvestigacion@undar.edu.pe UB\u00cdCANOS Jr. Hermilio Valdiz\u00e1n # 134, Hu\u00e1nuco - Per\u00fa\", \"UK English Female\");\n                }\n            };\n        <\/script>\n    \u00a0<\/span><\/p>\t\t\t\t\t\t<\/div>\n\t\t\t\t<\/div>\n\t\t\t\t\t<\/div>\n\t\t<\/div>\n\t\t\t\t\t<\/div>\n\t\t<\/section>\n\t\t\t\t<section class=\"elementor-section elementor-top-section elementor-element elementor-element-50d577e1 elementor-section-boxed elementor-section-height-default elementor-section-height-default\" data-id=\"50d577e1\" data-element_type=\"section\" data-settings=\"{&quot;background_background&quot;:&quot;classic&quot;}\">\n\t\t\t\t\t\t<div class=\"elementor-container elementor-column-gap-default\">\n\t\t\t\t\t<div class=\"elementor-column elementor-col-100 elementor-top-column elementor-element elementor-element-8b709f8\" data-id=\"8b709f8\" data-element_type=\"column\">\n\t\t\t<div class=\"elementor-widget-wrap elementor-element-populated\">\n\t\t\t\t\t\t<section class=\"elementor-section elementor-inner-section elementor-element elementor-element-6f0b68bf elementor-section-full_width elementor-section-height-default elementor-section-height-default\" data-id=\"6f0b68bf\" data-element_type=\"section\">\n\t\t\t\t\t\t<div class=\"elementor-container elementor-column-gap-default\">\n\t\t\t\t\t<div class=\"elementor-column elementor-col-100 elementor-inner-column elementor-element elementor-element-798f95d0\" data-id=\"798f95d0\" data-element_type=\"column\">\n\t\t\t<div class=\"elementor-widget-wrap elementor-element-populated\">\n\t\t\t\t\t\t<div class=\"elementor-element elementor-element-38f1e6f1 elementor-widget elementor-widget-heading\" data-id=\"38f1e6f1\" data-element_type=\"widget\" data-widget_type=\"heading.default\">\n\t\t\t\t<div class=\"elementor-widget-container\">\n\t\t\t<h2 class=\"elementor-heading-title elementor-size-default\">Contacte con nosotros:<\/h2>\t\t<\/div>\n\t\t\t\t<\/div>\n\t\t\t\t\t<\/div>\n\t\t<\/div>\n\t\t\t\t\t<\/div>\n\t\t<\/section>\n\t\t\t\t<section class=\"elementor-section elementor-inner-section elementor-element elementor-element-35295cc5 elementor-section-full_width elementor-section-height-default elementor-section-height-default\" data-id=\"35295cc5\" data-element_type=\"section\">\n\t\t\t\t\t\t<div class=\"elementor-container elementor-column-gap-default\">\n\t\t\t\t\t<div class=\"elementor-column elementor-col-33 elementor-inner-column elementor-element elementor-element-2bbd8fb8\" data-id=\"2bbd8fb8\" data-element_type=\"column\">\n\t\t\t<div class=\"elementor-widget-wrap elementor-element-populated\">\n\t\t\t\t\t\t<div class=\"elementor-element elementor-element-44ce543d elementor-widget elementor-widget-heading\" data-id=\"44ce543d\" data-element_type=\"widget\" data-widget_type=\"heading.default\">\n\t\t\t\t<div class=\"elementor-widget-container\">\n\t\t\t<h2 class=\"elementor-heading-title elementor-size-default\">L\u00cdNEA DE ATENCI\u00d3N<\/h2>\t\t<\/div>\n\t\t\t\t<\/div>\n\t\t\t\t<div class=\"elementor-element elementor-element-122adb10 elementor-widget elementor-widget-heading\" data-id=\"122adb10\" data-element_type=\"widget\" data-widget_type=\"heading.default\">\n\t\t\t\t<div class=\"elementor-widget-container\">\n\t\t\t<h2 class=\"elementor-heading-title elementor-size-default\">(062) 283 402  anexo 4<\/h2>\t\t<\/div>\n\t\t\t\t<\/div>\n\t\t\t\t\t<\/div>\n\t\t<\/div>\n\t\t\t\t<div class=\"elementor-column elementor-col-33 elementor-inner-column elementor-element elementor-element-3c11ed74\" data-id=\"3c11ed74\" data-element_type=\"column\">\n\t\t\t<div class=\"elementor-widget-wrap elementor-element-populated\">\n\t\t\t\t\t\t<div class=\"elementor-element elementor-element-1af448b6 elementor-widget elementor-widget-heading\" data-id=\"1af448b6\" data-element_type=\"widget\" data-widget_type=\"heading.default\">\n\t\t\t\t<div class=\"elementor-widget-container\">\n\t\t\t<h2 class=\"elementor-heading-title elementor-size-default\">ESCR\u00cdBENOS<\/h2>\t\t<\/div>\n\t\t\t\t<\/div>\n\t\t\t\t<div class=\"elementor-element elementor-element-48a161a2 elementor-widget elementor-widget-heading\" data-id=\"48a161a2\" data-element_type=\"widget\" data-widget_type=\"heading.default\">\n\t\t\t\t<div class=\"elementor-widget-container\">\n\t\t\t<h2 class=\"elementor-heading-title elementor-size-default\">institutodeinvestigacion@undar.edu.pe<\/h2>\t\t<\/div>\n\t\t\t\t<\/div>\n\t\t\t\t\t<\/div>\n\t\t<\/div>\n\t\t\t\t<div class=\"elementor-column elementor-col-33 elementor-inner-column elementor-element elementor-element-1621c697\" data-id=\"1621c697\" data-element_type=\"column\">\n\t\t\t<div class=\"elementor-widget-wrap elementor-element-populated\">\n\t\t\t\t\t\t<div class=\"elementor-element elementor-element-427d839d elementor-widget elementor-widget-heading\" data-id=\"427d839d\" data-element_type=\"widget\" data-widget_type=\"heading.default\">\n\t\t\t\t<div class=\"elementor-widget-container\">\n\t\t\t<h2 class=\"elementor-heading-title elementor-size-default\">UB\u00cdCANOS<\/h2>\t\t<\/div>\n\t\t\t\t<\/div>\n\t\t\t\t<div class=\"elementor-element elementor-element-60626b16 elementor-widget elementor-widget-heading\" data-id=\"60626b16\" data-element_type=\"widget\" data-widget_type=\"heading.default\">\n\t\t\t\t<div class=\"elementor-widget-container\">\n\t\t\t<h2 class=\"elementor-heading-title elementor-size-default\">Jr. Hermilio Valdiz\u00e1n # 134, Hu\u00e1nuco - Per\u00fa<\/h2>\t\t<\/div>\n\t\t\t\t<\/div>\n\t\t\t\t\t<\/div>\n\t\t<\/div>\n\t\t\t\t\t<\/div>\n\t\t<\/section>\n\t\t\t\t\t<\/div>\n\t\t<\/div>\n\t\t\t\t\t<\/div>\n\t\t<\/section>\n\t\t\t\t<\/div>\n\t\t","protected":false},"excerpt":{"rendered":"<p>INSTITUTO DE INVESTIGACI\u00d3N Universidad Nacional Daniel Alom\u00eda Robles &#8211; Investigaci\u00f3n &#8211; Vicepresidencia de Investigaci\u00f3n &#8211; Instituto de Investigaci\u00f3n Director del Instituto de Investigaci\u00f3n INSTITUTO DE INVESTIGACI\u00d3N (II) Es el \u00f3rgano de l\u00ednea dependiente del Vicerrectorado de Investigaci\u00f3n, responsable de dirigir, coordinar, ejecutar y promover la producci\u00f3n continua y sostenible de conocimientos cient\u00edficos. Esta labor se [&hellip;]<\/p>\n","protected":false},"author":1,"featured_media":0,"parent":0,"menu_order":0,"comment_status":"closed","ping_status":"closed","template":"","meta":{"_uf_show_specific_survey":0,"_uf_disable_surveys":false,"footnotes":""},"class_list":["post-52565","page","type-page","status-publish","hentry"],"aioseo_notices":[],"_links":{"self":[{"href":"http:\/\/www.undar.edu.pe\/index.php\/wp-json\/wp\/v2\/pages\/52565","targetHints":{"allow":["GET"]}}],"collection":[{"href":"http:\/\/www.undar.edu.pe\/index.php\/wp-json\/wp\/v2\/pages"}],"about":[{"href":"http:\/\/www.undar.edu.pe\/index.php\/wp-json\/wp\/v2\/types\/page"}],"author":[{"embeddable":true,"href":"http:\/\/www.undar.edu.pe\/index.php\/wp-json\/wp\/v2\/users\/1"}],"replies":[{"embeddable":true,"href":"http:\/\/www.undar.edu.pe\/index.php\/wp-json\/wp\/v2\/comments?post=52565"}],"version-history":[{"count":59,"href":"http:\/\/www.undar.edu.pe\/index.php\/wp-json\/wp\/v2\/pages\/52565\/revisions"}],"predecessor-version":[{"id":61287,"href":"http:\/\/www.undar.edu.pe\/index.php\/wp-json\/wp\/v2\/pages\/52565\/revisions\/61287"}],"wp:attachment":[{"href":"http:\/\/www.undar.edu.pe\/index.php\/wp-json\/wp\/v2\/media?parent=52565"}],"curies":[{"name":"wp","href":"https:\/\/api.w.org\/{rel}","templated":true}]}}