{"id":51585,"date":"2023-12-01T17:37:00","date_gmt":"2023-12-01T22:37:00","guid":{"rendered":"http:\/\/www.undar.edu.pe\/?page_id=51585"},"modified":"2025-10-17T15:34:19","modified_gmt":"2025-10-17T20:34:19","slug":"universidad-plana-docente-ambicho-maiz","status":"publish","type":"page","link":"http:\/\/www.undar.edu.pe\/index.php\/universidad-plana-docente-ambicho-maiz\/","title":{"rendered":"UNIVERSIDAD &#8211; PLANA DOCENTE &#8211; MGTR. GONZALO AMBICHO MAIZ"},"content":{"rendered":"\t\t<div data-elementor-type=\"wp-page\" data-elementor-id=\"51585\" class=\"elementor elementor-51585\" data-elementor-post-type=\"page\">\n\t\t\t\t\t\t<section class=\"elementor-section elementor-top-section elementor-element elementor-element-2986ca5 elementor-section-full_width elementor-section-content-space-between elementor-section-height-default elementor-section-height-default\" data-id=\"2986ca5\" data-element_type=\"section\">\n\t\t\t\t\t\t<div class=\"elementor-container elementor-column-gap-no\">\n\t\t\t\t\t<div class=\"elementor-column elementor-col-100 elementor-top-column elementor-element elementor-element-ad23e1e\" data-id=\"ad23e1e\" data-element_type=\"column\">\n\t\t\t<div class=\"elementor-widget-wrap elementor-element-populated\">\n\t\t\t\t\t\t<div class=\"elementor-element elementor-element-dbad7cb elementor-widget__width-inherit elementor--h-position-center elementor--v-position-middle elementor-arrows-position-inside elementor-widget elementor-widget-slides\" data-id=\"dbad7cb\" data-element_type=\"widget\" data-settings=\"{&quot;navigation&quot;:&quot;arrows&quot;,&quot;motion_fx_motion_fx_scrolling&quot;:&quot;yes&quot;,&quot;transition_speed&quot;:600,&quot;autoplay&quot;:&quot;yes&quot;,&quot;pause_on_hover&quot;:&quot;yes&quot;,&quot;pause_on_interaction&quot;:&quot;yes&quot;,&quot;autoplay_speed&quot;:5000,&quot;infinite&quot;:&quot;yes&quot;,&quot;transition&quot;:&quot;slide&quot;,&quot;motion_fx_devices&quot;:[&quot;desktop&quot;,&quot;tablet&quot;,&quot;mobile&quot;]}\" data-widget_type=\"slides.default\">\n\t\t\t\t<div class=\"elementor-widget-container\">\n\t\t\t\t\t<div class=\"elementor-swiper\">\n\t\t\t<div class=\"elementor-slides-wrapper elementor-main-swiper swiper\" dir=\"ltr\" data-animation=\"\">\n\t\t\t\t<div class=\"swiper-wrapper elementor-slides\">\n\t\t\t\t\t\t\t\t\t\t<div class=\"elementor-repeater-item-378399b swiper-slide\"><div class=\"swiper-slide-bg\" role=\"img\"><\/div><div class=\"elementor-background-overlay\"><\/div><div class=\"swiper-slide-inner\" ><div class=\"swiper-slide-contents\"><div class=\"elementor-slide-heading\">PLANA DOCENTE<\/div><\/div><\/div><\/div><div class=\"elementor-repeater-item-36fde70 swiper-slide\"><div class=\"swiper-slide-bg\" role=\"img\"><\/div><div class=\"elementor-background-overlay\"><\/div><div class=\"swiper-slide-inner\" ><div class=\"swiper-slide-contents\"><div class=\"elementor-slide-heading\">PLANA DOCENTE<\/div><\/div><\/div><\/div>\t\t\t\t<\/div>\n\t\t\t\t\t\t\t\t\t\t\t\t\t\t\t\t\t\t\t\t<div class=\"elementor-swiper-button elementor-swiper-button-prev\" role=\"button\" tabindex=\"0\">\n\t\t\t\t\t\t\t<i aria-hidden=\"true\" class=\"eicon-chevron-left\"><\/i>\t\t\t\t\t\t\t<span class=\"elementor-screen-only\">Diapositiva anterior<\/span>\n\t\t\t\t\t\t<\/div>\n\t\t\t\t\t\t<div class=\"elementor-swiper-button elementor-swiper-button-next\" role=\"button\" tabindex=\"0\">\n\t\t\t\t\t\t\t<i aria-hidden=\"true\" class=\"eicon-chevron-right\"><\/i>\t\t\t\t\t\t\t<span class=\"elementor-screen-only\">Diapositiva siguiente<\/span>\n\t\t\t\t\t\t<\/div>\n\t\t\t\t\t\t\t\t\t\t\t\t<\/div>\n\t\t<\/div>\n\t\t\t\t<\/div>\n\t\t\t\t<\/div>\n\t\t\t\t\t<\/div>\n\t\t<\/div>\n\t\t\t\t\t<\/div>\n\t\t<\/section>\n\t\t\t\t<section class=\"elementor-section elementor-top-section elementor-element elementor-element-3dbf757 elementor-section-boxed elementor-section-height-default elementor-section-height-default\" data-id=\"3dbf757\" data-element_type=\"section\">\n\t\t\t\t\t\t<div class=\"elementor-container elementor-column-gap-default\">\n\t\t\t\t\t<div class=\"elementor-column elementor-col-100 elementor-top-column elementor-element elementor-element-c952b5c\" data-id=\"c952b5c\" data-element_type=\"column\">\n\t\t\t<div class=\"elementor-widget-wrap elementor-element-populated\">\n\t\t\t\t\t\t<div class=\"elementor-element elementor-element-1e32b9d elementor-widget elementor-widget-heading\" data-id=\"1e32b9d\" data-element_type=\"widget\" data-widget_type=\"heading.default\">\n\t\t\t\t<div class=\"elementor-widget-container\">\n\t\t\t<h6 class=\"elementor-heading-title elementor-size-small\"><b>Universidad Nacional Daniel Alom\u00eda Robles<\/b> - La Universidad - Plana docente - Mgtr. Gonzalo Ambicho Maiz<\/h6>\t\t<\/div>\n\t\t\t\t<\/div>\n\t\t\t\t\t<\/div>\n\t\t<\/div>\n\t\t\t\t\t<\/div>\n\t\t<\/section>\n\t\t\t\t<section class=\"elementor-section elementor-top-section elementor-element elementor-element-2e8ef1e elementor-section-boxed elementor-section-height-default elementor-section-height-default\" data-id=\"2e8ef1e\" data-element_type=\"section\">\n\t\t\t\t\t\t<div class=\"elementor-container elementor-column-gap-default\">\n\t\t\t\t\t<div class=\"elementor-column elementor-col-50 elementor-top-column elementor-element elementor-element-ddaf50b\" data-id=\"ddaf50b\" data-element_type=\"column\">\n\t\t\t<div class=\"elementor-widget-wrap elementor-element-populated\">\n\t\t\t\t\t\t<div class=\"elementor-element elementor-element-0bc440f elementor-nav-menu--dropdown-tablet elementor-nav-menu__text-align-aside elementor-nav-menu--toggle elementor-nav-menu--burger elementor-widget elementor-widget-nav-menu\" data-id=\"0bc440f\" data-element_type=\"widget\" data-settings=\"{&quot;layout&quot;:&quot;vertical&quot;,&quot;submenu_icon&quot;:{&quot;value&quot;:&quot;&lt;i class=\\&quot;fas fa-caret-down\\&quot;&gt;&lt;\\\/i&gt;&quot;,&quot;library&quot;:&quot;fa-solid&quot;},&quot;toggle&quot;:&quot;burger&quot;}\" data-widget_type=\"nav-menu.default\">\n\t\t\t\t<div class=\"elementor-widget-container\">\n\t\t\t\t\t\t<nav aria-label=\"Men\u00fa\" class=\"elementor-nav-menu--main elementor-nav-menu__container elementor-nav-menu--layout-vertical e--pointer-underline e--animation-fade\">\n\t\t\t\t<ul id=\"menu-1-0bc440f\" class=\"elementor-nav-menu sm-vertical\"><li class=\"menu-item menu-item-type-custom menu-item-object-custom menu-item-305\"><a href=\"https:\/\/www.undar.edu.pe\/index.php\/universidad-resenia-historica\" class=\"elementor-item\">Rese\u00f1a hist\u00f3rica<\/a><\/li>\n<li class=\"menu-item menu-item-type-custom menu-item-object-custom menu-item-309\"><a href=\"https:\/\/www.undar.edu.pe\/index.php\/universidad-mision-y-valores\/\" class=\"elementor-item\">Misi\u00f3n y valores<\/a><\/li>\n<li class=\"menu-item menu-item-type-custom menu-item-object-custom menu-item-306\"><a href=\"https:\/\/www.undar.edu.pe\/index.php\/universidad-comision-organizadora\/\" class=\"elementor-item\">Comisi\u00f3n Organizadora<\/a><\/li>\n<li class=\"menu-item menu-item-type-custom menu-item-object-custom menu-item-976\"><a href=\"https:\/\/www.undar.edu.pe\/index.php\/universidad-plana-docente\" class=\"elementor-item\">Plana docente<\/a><\/li>\n<li class=\"menu-item menu-item-type-custom menu-item-object-custom menu-item-307\"><a href=\"https:\/\/www.undar.edu.pe\/index.php\/universidad-licenciamiento\/\" class=\"elementor-item\">Licenciamiento<\/a><\/li>\n<\/ul>\t\t\t<\/nav>\n\t\t\t\t\t<div class=\"elementor-menu-toggle\" role=\"button\" tabindex=\"0\" aria-label=\"Alternar men\u00fa\" aria-expanded=\"false\">\n\t\t\t<i aria-hidden=\"true\" role=\"presentation\" class=\"elementor-menu-toggle__icon--open eicon-menu-bar\"><\/i><i aria-hidden=\"true\" role=\"presentation\" class=\"elementor-menu-toggle__icon--close eicon-close\"><\/i>\t\t\t<span class=\"elementor-screen-only\">Men\u00fa<\/span>\n\t\t<\/div>\n\t\t\t\t\t<nav class=\"elementor-nav-menu--dropdown elementor-nav-menu__container\" aria-hidden=\"true\">\n\t\t\t\t<ul id=\"menu-2-0bc440f\" class=\"elementor-nav-menu sm-vertical\"><li class=\"menu-item menu-item-type-custom menu-item-object-custom menu-item-305\"><a href=\"https:\/\/www.undar.edu.pe\/index.php\/universidad-resenia-historica\" class=\"elementor-item\" tabindex=\"-1\">Rese\u00f1a hist\u00f3rica<\/a><\/li>\n<li class=\"menu-item menu-item-type-custom menu-item-object-custom menu-item-309\"><a href=\"https:\/\/www.undar.edu.pe\/index.php\/universidad-mision-y-valores\/\" class=\"elementor-item\" tabindex=\"-1\">Misi\u00f3n y valores<\/a><\/li>\n<li class=\"menu-item menu-item-type-custom menu-item-object-custom menu-item-306\"><a href=\"https:\/\/www.undar.edu.pe\/index.php\/universidad-comision-organizadora\/\" class=\"elementor-item\" tabindex=\"-1\">Comisi\u00f3n Organizadora<\/a><\/li>\n<li class=\"menu-item menu-item-type-custom menu-item-object-custom menu-item-976\"><a href=\"https:\/\/www.undar.edu.pe\/index.php\/universidad-plana-docente\" class=\"elementor-item\" tabindex=\"-1\">Plana docente<\/a><\/li>\n<li class=\"menu-item menu-item-type-custom menu-item-object-custom menu-item-307\"><a href=\"https:\/\/www.undar.edu.pe\/index.php\/universidad-licenciamiento\/\" class=\"elementor-item\" tabindex=\"-1\">Licenciamiento<\/a><\/li>\n<\/ul>\t\t\t<\/nav>\n\t\t\t\t<\/div>\n\t\t\t\t<\/div>\n\t\t\t\t\t<\/div>\n\t\t<\/div>\n\t\t\t\t<div class=\"elementor-column elementor-col-50 elementor-top-column elementor-element elementor-element-936a648\" data-id=\"936a648\" data-element_type=\"column\">\n\t\t\t<div class=\"elementor-widget-wrap elementor-element-populated\">\n\t\t\t\t\t\t<section class=\"elementor-section elementor-inner-section elementor-element elementor-element-f24198d elementor-section-boxed elementor-section-height-default elementor-section-height-default\" data-id=\"f24198d\" data-element_type=\"section\">\n\t\t\t\t\t\t<div class=\"elementor-container elementor-column-gap-default\">\n\t\t\t\t\t<div class=\"elementor-column elementor-col-50 elementor-inner-column elementor-element elementor-element-d05f2d6\" data-id=\"d05f2d6\" data-element_type=\"column\">\n\t\t\t<div class=\"elementor-widget-wrap elementor-element-populated\">\n\t\t\t\t\t\t<div class=\"elementor-element elementor-element-c1a2893 elementor-widget elementor-widget-image\" data-id=\"c1a2893\" data-element_type=\"widget\" data-widget_type=\"image.default\">\n\t\t\t\t<div class=\"elementor-widget-container\">\n\t\t\t\t\t\t\t\t\t\t\t\t\t<img fetchpriority=\"high\" decoding=\"async\" width=\"712\" height=\"1024\" src=\"http:\/\/www.undar.edu.pe\/wp-content\/uploads\/2023\/12\/Gonzalo-Ambicho-Maiz-712x1024.png\" class=\"attachment-large size-large wp-image-51523\" alt=\"Foto del Dr. Gonzalo Ambicho Maiz\" srcset=\"http:\/\/www.undar.edu.pe\/wp-content\/uploads\/2023\/12\/Gonzalo-Ambicho-Maiz-712x1024.png 712w, http:\/\/www.undar.edu.pe\/wp-content\/uploads\/2023\/12\/Gonzalo-Ambicho-Maiz-209x300.png 209w, http:\/\/www.undar.edu.pe\/wp-content\/uploads\/2023\/12\/Gonzalo-Ambicho-Maiz-768x1105.png 768w, http:\/\/www.undar.edu.pe\/wp-content\/uploads\/2023\/12\/Gonzalo-Ambicho-Maiz-1068x1536.png 1068w, http:\/\/www.undar.edu.pe\/wp-content\/uploads\/2023\/12\/Gonzalo-Ambicho-Maiz.png 1161w\" sizes=\"(max-width: 712px) 100vw, 712px\" \/>\t\t\t\t\t\t\t\t\t\t\t\t\t<\/div>\n\t\t\t\t<\/div>\n\t\t\t\t\t<\/div>\n\t\t<\/div>\n\t\t\t\t<div class=\"elementor-column elementor-col-50 elementor-inner-column elementor-element elementor-element-d5aa3b3\" data-id=\"d5aa3b3\" data-element_type=\"column\">\n\t\t\t<div class=\"elementor-widget-wrap elementor-element-populated\">\n\t\t\t\t\t\t<div class=\"elementor-element elementor-element-4baec34 elementor-widget elementor-widget-text-editor\" data-id=\"4baec34\" data-element_type=\"widget\" data-widget_type=\"text-editor.default\">\n\t\t\t\t<div class=\"elementor-widget-container\">\n\t\t\t\t\t\t\t<p style=\"margin: 0.5% 0;\"><strong><span style=\"color: #b3224e;\">MGTR. GONZALO<br \/>AMBICHO MAIZ<\/span><\/strong><\/p><p style=\"margin: 0.5% 0;\">Defensor Universitario<\/p><hr \/><p style=\"margin: 0.5% 0;\">Aprobada con Resoluci\u00f3n de Comisi\u00f3n Organizadora N\u00b0 167<span style=\"font-family: var( --e-global-typography-text-font-family ), Sans-serif; font-size: 1rem; font-weight: var( --e-global-typography-text-font-weight );\">-2023-CO-UNDAR<\/span><\/p>\t\t\t\t\t\t<\/div>\n\t\t\t\t<\/div>\n\t\t\t\t\t<\/div>\n\t\t<\/div>\n\t\t\t\t\t<\/div>\n\t\t<\/section>\n\t\t\t\t\t<\/div>\n\t\t<\/div>\n\t\t\t\t\t<\/div>\n\t\t<\/section>\n\t\t\t\t<section class=\"elementor-section elementor-top-section elementor-element elementor-element-f368651 elementor-section-boxed elementor-section-height-default elementor-section-height-default\" data-id=\"f368651\" data-element_type=\"section\">\n\t\t\t\t\t\t<div class=\"elementor-container elementor-column-gap-default\">\n\t\t\t\t\t<div class=\"elementor-column elementor-col-50 elementor-top-column elementor-element elementor-element-35aefbb\" data-id=\"35aefbb\" data-element_type=\"column\">\n\t\t\t<div class=\"elementor-widget-wrap\">\n\t\t\t\t\t\t\t<\/div>\n\t\t<\/div>\n\t\t\t\t<div class=\"elementor-column elementor-col-50 elementor-top-column elementor-element elementor-element-2c70a20\" data-id=\"2c70a20\" data-element_type=\"column\">\n\t\t\t<div class=\"elementor-widget-wrap elementor-element-populated\">\n\t\t\t\t\t\t<section class=\"elementor-section elementor-inner-section elementor-element elementor-element-ef4833e elementor-section-boxed elementor-section-height-default elementor-section-height-default\" data-id=\"ef4833e\" data-element_type=\"section\">\n\t\t\t\t\t\t<div class=\"elementor-container elementor-column-gap-default\">\n\t\t\t\t\t<div class=\"elementor-column elementor-col-100 elementor-inner-column elementor-element elementor-element-7950f17\" data-id=\"7950f17\" data-element_type=\"column\">\n\t\t\t<div class=\"elementor-widget-wrap elementor-element-populated\">\n\t\t\t\t\t\t<div class=\"elementor-element elementor-element-7c5856d elementor-widget elementor-widget-text-editor\" data-id=\"7c5856d\" data-element_type=\"widget\" data-widget_type=\"text-editor.default\">\n\t\t\t\t<div class=\"elementor-widget-container\">\n\t\t\t\t\t\t\t<p>Naci\u00f3 en el Centro Poblado de Chullqui, distrito de Churubamba, provincia y departamento de Hu\u00e1nuco; sus estudios musicales los realiz\u00f3 en el Instituto Superior de M\u00fasica P\u00fablico Daniel Alom\u00eda Robles. Estudi\u00f3 Ciencias Contables en la Universidad Nacional \u201cHermilio Valdiz\u00e1n\u201d de Hu\u00e1nuco, actualmente es Contador P\u00fablico Colegiado. Licenciado en Educaci\u00f3n Art\u00edstica de la Universidad Nacional Mayor de San Marcos, con maestr\u00eda en Administraci\u00f3n de la Educaci\u00f3n de la Universidad C\u00e9sar Vallejo de Trujillo y egresado de la Facultad de Teolog\u00eda y Ministerio.<\/p>\n<p>Estudi\u00f3 Canto con el Maestro Augusto Rivera Vargas, compositor del himno a Hu\u00e1nuco. Ha compuesto numerosas canciones de g\u00e9nero sacro y folkl\u00f3rico que forman parte del acervo tradicional.<\/p>\n<p>Int\u00e9rprete de himnos oficiales, habiendo realizado una producci\u00f3n musical \u201cLos mejores himnos del Per\u00fa\u201d, donde se incluyen himnos marciales de Hu\u00e1nuco, Huancayo y Cerro de Pasco, as\u00ed como de importantes instituciones como el Colegio de contadores P\u00fablicos del Per\u00fa, principales distritos de Hu\u00e1nuco y prestigiosas instituciones educativas, entre otros.<\/p>\n<p>Es director de la Escuela de Oratoria y Bellas Artes \u201cGamaliel\u201d, que ha desarrollado los \u00faltimos a\u00f1os actividades culturales y educativas, principalmente durante el per\u00edodo vacacional, con marcado \u00e9xito.<\/p>\n<p>Ha laborado como Relacionista P\u00fablico en el Gobierno Regional, Municipalidad Provincial de Hu\u00e1nuco, Direcci\u00f3n Regional de Educaci\u00f3n, Seda Hu\u00e1nuco, entre otros, a lo largo de su vida profesional.<\/p>\n<p>Gestor Cultural en la regi\u00f3n de Hu\u00e1nuco y organizador de Conciertos sinf\u00f3nicos, Ferias culturales, art\u00edsticas y literarias.<\/p>\n<p>Ha sido miembro de la Academia del Quechua de Hu\u00e1nuco: \u201cChinchaysuyu Runashimi Yachaywasi\u201d, por su dominio idiom\u00e1tico y viene impulsando investigaciones relacionadas a nuestro idioma nativo, a fin de recopilar y componer canciones folkl\u00f3ricas, sacras, profanas y educativas, con letras en quechua, que se constituir\u00edan en importantes materiales t\u00e9cnico pedag\u00f3gicos y fomentar nuestra identidad cultural.<\/p>\n<p>Actualmente, es docente asociado y a cargo de la Oficina de Defensor\u00eda Universitaria de la prestigiosa <strong>Universidad<\/strong> <strong>Nacional Daniel Alom\u00eda Robles<\/strong>.<\/p>\t\t\t\t\t\t<\/div>\n\t\t\t\t<\/div>\n\t\t\t\t\t<\/div>\n\t\t<\/div>\n\t\t\t\t\t<\/div>\n\t\t<\/section>\n\t\t\t\t<section class=\"elementor-section elementor-inner-section elementor-element elementor-element-21fd014 elementor-section-boxed elementor-section-height-default elementor-section-height-default\" data-id=\"21fd014\" data-element_type=\"section\">\n\t\t\t\t\t\t<div class=\"elementor-container elementor-column-gap-default\">\n\t\t\t\t\t<div class=\"elementor-column elementor-col-100 elementor-inner-column elementor-element elementor-element-7db14a6\" data-id=\"7db14a6\" data-element_type=\"column\">\n\t\t\t<div class=\"elementor-widget-wrap elementor-element-populated\">\n\t\t\t\t\t\t<div class=\"elementor-element elementor-element-8a97248 elementor-align-justify elementor-widget__width-inherit elementor-widget elementor-widget-button\" data-id=\"8a97248\" data-element_type=\"widget\" data-widget_type=\"button.default\">\n\t\t\t\t<div class=\"elementor-widget-container\">\n\t\t\t\t\t\t\t<div class=\"elementor-button-wrapper\">\n\t\t\t\t\t<a class=\"elementor-button elementor-button-link elementor-size-md\" href=\"https:\/\/www.undar.edu.pe\/index.php\/universidad-plana-docente\">\n\t\t\t\t\t\t<span class=\"elementor-button-content-wrapper\">\n\t\t\t\t\t\t<span class=\"elementor-button-icon\">\n\t\t\t\t<i aria-hidden=\"true\" class=\"fas fa-arrow-left\"><\/i>\t\t\t<\/span>\n\t\t\t\t\t\t\t\t\t<span class=\"elementor-button-text\">VOLVER A PLANA DOCENTE<\/span>\n\t\t\t\t\t<\/span>\n\t\t\t\t\t<\/a>\n\t\t\t\t<\/div>\n\t\t\t\t\t\t<\/div>\n\t\t\t\t<\/div>\n\t\t\t\t\t<\/div>\n\t\t<\/div>\n\t\t\t\t\t<\/div>\n\t\t<\/section>\n\t\t\t\t<div class=\"elementor-element elementor-element-5b87927 elementor-widget elementor-widget-text-editor\" data-id=\"5b87927\" data-element_type=\"widget\" data-widget_type=\"text-editor.default\">\n\t\t\t\t<div class=\"elementor-widget-container\">\n\t\t\t\t\t\t\t<p><span style=\"color: #343434;\"><button id=\"listenButton1\" class=\"responsivevoice-button\" type=\"button\" value=\"Play\" title=\"ResponsiveVoice Tap to Start\/Stop Speech\"><span>&#128266; Listen to this<\/span><\/button>\n        <script>\n            listenButton1.onclick = function(){\n                if(responsiveVoice.isPlaying()){\n                    responsiveVoice.cancel();\n                }else{\n                    responsiveVoice.speak(\"PLANA DOCENTEPLANA DOCENTE Diapositiva anterior Diapositiva siguiente Universidad Nacional Daniel Alom\u00eda Robles - La Universidad - Plana docente - Mgtr. Gonzalo Ambicho Maiz MGTR. GONZALOAMBICHO MAIZDefensor UniversitarioAprobada con Resoluci\u00f3n de Comisi\u00f3n Organizadora N\u00b0 167-2023-CO-UNDARNaci\u00f3 en el Centro Poblado de Chullqui, distrito de Churubamba, provincia y departamento de Hu\u00e1nuco; sus estudios musicales los realiz\u00f3 en el Instituto Superior de M\u00fasica P\u00fablico Daniel Alom\u00eda Robles. Estudi\u00f3 Ciencias Contables en la Universidad Nacional \u201cHermilio Valdiz\u00e1n\u201d de Hu\u00e1nuco, actualmente es Contador P\u00fablico Colegiado. Licenciado en Educaci\u00f3n Art\u00edstica de la Universidad Nacional Mayor de San Marcos, con maestr\u00eda en Administraci\u00f3n de la Educaci\u00f3n de la Universidad C\u00e9sar Vallejo de Trujillo y egresado de la Facultad de Teolog\u00eda y Ministerio. Estudi\u00f3 Canto con el Maestro Augusto Rivera Vargas, compositor del himno a Hu\u00e1nuco. Ha compuesto numerosas canciones de g\u00e9nero sacro y folkl\u00f3rico que forman parte del acervo tradicional. Int\u00e9rprete de himnos oficiales, habiendo realizado una producci\u00f3n musical \u201cLos mejores himnos del Per\u00fa\u201d, donde se incluyen himnos marciales de Hu\u00e1nuco, Huancayo y Cerro de Pasco, as\u00ed como de importantes instituciones como el Colegio de contadores P\u00fablicos del Per\u00fa, principales distritos de Hu\u00e1nuco y prestigiosas instituciones educativas, entre otros. Es director de la Escuela de Oratoria y Bellas Artes \u201cGamaliel\u201d, que ha desarrollado los \u00faltimos a\u00f1os actividades culturales y educativas, principalmente durante el per\u00edodo vacacional, con marcado \u00e9xito. Ha laborado como Relacionista P\u00fablico en el Gobierno Regional, Municipalidad Provincial de Hu\u00e1nuco, Direcci\u00f3n Regional de Educaci\u00f3n, Seda Hu\u00e1nuco, entre otros, a lo largo de su vida profesional. Gestor Cultural en la regi\u00f3n de Hu\u00e1nuco y organizador de Conciertos sinf\u00f3nicos, Ferias culturales, art\u00edsticas y literarias. Ha sido miembro de la Academia del Quechua de Hu\u00e1nuco: \u201cChinchaysuyu Runashimi Yachaywasi\u201d, por su dominio idiom\u00e1tico y viene impulsando investigaciones relacionadas a nuestro idioma nativo, a fin de recopilar y componer canciones folkl\u00f3ricas, sacras, profanas y educativas, con letras en quechua, que se constituir\u00edan en importantes materiales t\u00e9cnico pedag\u00f3gicos y fomentar nuestra identidad cultural. Actualmente, es docente asociado y a cargo de la Oficina de Defensor\u00eda Universitaria de la prestigiosa Universidad Nacional Daniel Alom\u00eda Robles. VOLVER A PLANA DOCENTE \u00a0\", \"UK English Female\");\n                }\n            };\n        <\/script>\n    \u00a0<\/span><\/p>\t\t\t\t\t\t<\/div>\n\t\t\t\t<\/div>\n\t\t\t\t\t<\/div>\n\t\t<\/div>\n\t\t\t\t\t<\/div>\n\t\t<\/section>\n\t\t\t\t<\/div>\n\t\t","protected":false},"excerpt":{"rendered":"<p>PLANA DOCENTEPLANA DOCENTE Diapositiva anterior Diapositiva siguiente Universidad Nacional Daniel Alom\u00eda Robles &#8211; La Universidad &#8211; Plana docente &#8211; Mgtr. Gonzalo Ambicho Maiz MGTR. GONZALOAMBICHO MAIZ Defensor Universitario Aprobada con Resoluci\u00f3n de Comisi\u00f3n Organizadora N\u00b0 167-2023-CO-UNDAR Naci\u00f3 en el Centro Poblado de Chullqui, distrito de Churubamba, provincia y departamento de Hu\u00e1nuco; sus estudios musicales los [&hellip;]<\/p>\n","protected":false},"author":1,"featured_media":0,"parent":0,"menu_order":0,"comment_status":"closed","ping_status":"closed","template":"","meta":{"_uf_show_specific_survey":0,"_uf_disable_surveys":false,"footnotes":""},"class_list":["post-51585","page","type-page","status-publish","hentry"],"aioseo_notices":[],"_links":{"self":[{"href":"http:\/\/www.undar.edu.pe\/index.php\/wp-json\/wp\/v2\/pages\/51585","targetHints":{"allow":["GET"]}}],"collection":[{"href":"http:\/\/www.undar.edu.pe\/index.php\/wp-json\/wp\/v2\/pages"}],"about":[{"href":"http:\/\/www.undar.edu.pe\/index.php\/wp-json\/wp\/v2\/types\/page"}],"author":[{"embeddable":true,"href":"http:\/\/www.undar.edu.pe\/index.php\/wp-json\/wp\/v2\/users\/1"}],"replies":[{"embeddable":true,"href":"http:\/\/www.undar.edu.pe\/index.php\/wp-json\/wp\/v2\/comments?post=51585"}],"version-history":[{"count":28,"href":"http:\/\/www.undar.edu.pe\/index.php\/wp-json\/wp\/v2\/pages\/51585\/revisions"}],"predecessor-version":[{"id":64102,"href":"http:\/\/www.undar.edu.pe\/index.php\/wp-json\/wp\/v2\/pages\/51585\/revisions\/64102"}],"wp:attachment":[{"href":"http:\/\/www.undar.edu.pe\/index.php\/wp-json\/wp\/v2\/media?parent=51585"}],"curies":[{"name":"wp","href":"https:\/\/api.w.org\/{rel}","templated":true}]}}