{"id":5060,"date":"2021-11-10T18:58:30","date_gmt":"2021-11-10T23:58:30","guid":{"rendered":"http:\/\/web.undar.edu.pe\/?page_id=5060"},"modified":"2025-10-17T14:39:34","modified_gmt":"2025-10-17T19:39:34","slug":"universidad-plana-docente-majino-gargate","status":"publish","type":"page","link":"http:\/\/www.undar.edu.pe\/index.php\/universidad-plana-docente-majino-gargate\/","title":{"rendered":"UNIVERSIDAD &#8211; PLANA DOCENTE &#8211; MGTR. FREDDY OMAR MAJINO GARGATE"},"content":{"rendered":"\t\t<div data-elementor-type=\"wp-page\" data-elementor-id=\"5060\" class=\"elementor elementor-5060\" data-elementor-post-type=\"page\">\n\t\t\t\t\t\t<section class=\"elementor-section elementor-top-section elementor-element elementor-element-3578c3b elementor-section-full_width elementor-section-content-space-between elementor-section-height-default elementor-section-height-default\" data-id=\"3578c3b\" data-element_type=\"section\">\n\t\t\t\t\t\t<div class=\"elementor-container elementor-column-gap-no\">\n\t\t\t\t\t<div class=\"elementor-column elementor-col-100 elementor-top-column elementor-element elementor-element-b74a1cd\" data-id=\"b74a1cd\" data-element_type=\"column\">\n\t\t\t<div class=\"elementor-widget-wrap elementor-element-populated\">\n\t\t\t\t\t\t<div class=\"elementor-element elementor-element-f44cd8f elementor-widget__width-inherit elementor--h-position-center elementor--v-position-middle elementor-arrows-position-inside elementor-widget elementor-widget-slides\" data-id=\"f44cd8f\" data-element_type=\"widget\" data-settings=\"{&quot;navigation&quot;:&quot;arrows&quot;,&quot;motion_fx_motion_fx_scrolling&quot;:&quot;yes&quot;,&quot;autoplay&quot;:&quot;yes&quot;,&quot;pause_on_hover&quot;:&quot;yes&quot;,&quot;pause_on_interaction&quot;:&quot;yes&quot;,&quot;autoplay_speed&quot;:5000,&quot;infinite&quot;:&quot;yes&quot;,&quot;transition&quot;:&quot;slide&quot;,&quot;transition_speed&quot;:500,&quot;motion_fx_devices&quot;:[&quot;desktop&quot;,&quot;tablet&quot;,&quot;mobile&quot;]}\" data-widget_type=\"slides.default\">\n\t\t\t\t<div class=\"elementor-widget-container\">\n\t\t\t\t\t<div class=\"elementor-swiper\">\n\t\t\t<div class=\"elementor-slides-wrapper elementor-main-swiper swiper\" dir=\"ltr\" data-animation=\"fadeInUp\">\n\t\t\t\t<div class=\"swiper-wrapper elementor-slides\">\n\t\t\t\t\t\t\t\t\t\t<div class=\"elementor-repeater-item-378399b swiper-slide\"><div class=\"swiper-slide-bg\" role=\"img\"><\/div><div class=\"elementor-background-overlay\"><\/div><div class=\"swiper-slide-inner\" ><div class=\"swiper-slide-contents\"><div class=\"elementor-slide-heading\">PLANA DOCENTE<\/div><\/div><\/div><\/div><div class=\"elementor-repeater-item-350b35d swiper-slide\"><div class=\"swiper-slide-bg\" role=\"img\"><\/div><div class=\"elementor-background-overlay\"><\/div><div class=\"swiper-slide-inner\" ><div class=\"swiper-slide-contents\"><div class=\"elementor-slide-heading\">PLANA DOCENTE<\/div><\/div><\/div><\/div>\t\t\t\t<\/div>\n\t\t\t\t\t\t\t\t\t\t\t\t\t\t\t\t\t\t\t\t<div class=\"elementor-swiper-button elementor-swiper-button-prev\" role=\"button\" tabindex=\"0\">\n\t\t\t\t\t\t\t<i aria-hidden=\"true\" class=\"eicon-chevron-left\"><\/i>\t\t\t\t\t\t\t<span class=\"elementor-screen-only\">Diapositiva anterior<\/span>\n\t\t\t\t\t\t<\/div>\n\t\t\t\t\t\t<div class=\"elementor-swiper-button elementor-swiper-button-next\" role=\"button\" tabindex=\"0\">\n\t\t\t\t\t\t\t<i aria-hidden=\"true\" class=\"eicon-chevron-right\"><\/i>\t\t\t\t\t\t\t<span class=\"elementor-screen-only\">Diapositiva siguiente<\/span>\n\t\t\t\t\t\t<\/div>\n\t\t\t\t\t\t\t\t\t\t\t\t<\/div>\n\t\t<\/div>\n\t\t\t\t<\/div>\n\t\t\t\t<\/div>\n\t\t\t\t\t<\/div>\n\t\t<\/div>\n\t\t\t\t\t<\/div>\n\t\t<\/section>\n\t\t\t\t<section class=\"elementor-section elementor-top-section elementor-element elementor-element-2a5c3ac elementor-section-boxed elementor-section-height-default elementor-section-height-default\" data-id=\"2a5c3ac\" data-element_type=\"section\">\n\t\t\t\t\t\t<div class=\"elementor-container elementor-column-gap-default\">\n\t\t\t\t\t<div class=\"elementor-column elementor-col-100 elementor-top-column elementor-element elementor-element-3620075\" data-id=\"3620075\" data-element_type=\"column\">\n\t\t\t<div class=\"elementor-widget-wrap elementor-element-populated\">\n\t\t\t\t\t\t<div class=\"elementor-element elementor-element-fab537c elementor-widget elementor-widget-heading\" data-id=\"fab537c\" data-element_type=\"widget\" data-widget_type=\"heading.default\">\n\t\t\t\t<div class=\"elementor-widget-container\">\n\t\t\t<h6 class=\"elementor-heading-title elementor-size-small\"><b>Universidad Nacional Daniel Alom\u00eda Robles<\/b> - La Universidad - Plana docente - Mgtr. Freddy Omar Majino Gargate<\/h6>\t\t<\/div>\n\t\t\t\t<\/div>\n\t\t\t\t\t<\/div>\n\t\t<\/div>\n\t\t\t\t\t<\/div>\n\t\t<\/section>\n\t\t\t\t<section class=\"elementor-section elementor-top-section elementor-element elementor-element-976bb47 elementor-section-boxed elementor-section-height-default elementor-section-height-default\" data-id=\"976bb47\" data-element_type=\"section\">\n\t\t\t\t\t\t<div class=\"elementor-container elementor-column-gap-default\">\n\t\t\t\t\t<div class=\"elementor-column elementor-col-50 elementor-top-column elementor-element elementor-element-fbc08fa\" data-id=\"fbc08fa\" data-element_type=\"column\">\n\t\t\t<div class=\"elementor-widget-wrap elementor-element-populated\">\n\t\t\t\t\t\t<div class=\"elementor-element elementor-element-b2b423e elementor-nav-menu--dropdown-tablet elementor-nav-menu__text-align-aside elementor-nav-menu--toggle elementor-nav-menu--burger elementor-widget elementor-widget-nav-menu\" data-id=\"b2b423e\" data-element_type=\"widget\" data-settings=\"{&quot;layout&quot;:&quot;vertical&quot;,&quot;submenu_icon&quot;:{&quot;value&quot;:&quot;&lt;i class=\\&quot;fas fa-caret-down\\&quot;&gt;&lt;\\\/i&gt;&quot;,&quot;library&quot;:&quot;fa-solid&quot;},&quot;toggle&quot;:&quot;burger&quot;}\" data-widget_type=\"nav-menu.default\">\n\t\t\t\t<div class=\"elementor-widget-container\">\n\t\t\t\t\t\t<nav aria-label=\"Men\u00fa\" class=\"elementor-nav-menu--main elementor-nav-menu__container elementor-nav-menu--layout-vertical e--pointer-underline e--animation-fade\">\n\t\t\t\t<ul id=\"menu-1-b2b423e\" class=\"elementor-nav-menu sm-vertical\"><li class=\"menu-item menu-item-type-custom menu-item-object-custom menu-item-305\"><a href=\"https:\/\/www.undar.edu.pe\/index.php\/universidad-resenia-historica\" class=\"elementor-item\">Rese\u00f1a hist\u00f3rica<\/a><\/li>\n<li class=\"menu-item menu-item-type-custom menu-item-object-custom menu-item-309\"><a href=\"https:\/\/www.undar.edu.pe\/index.php\/universidad-mision-y-valores\/\" class=\"elementor-item\">Misi\u00f3n y valores<\/a><\/li>\n<li class=\"menu-item menu-item-type-custom menu-item-object-custom menu-item-306\"><a href=\"https:\/\/www.undar.edu.pe\/index.php\/universidad-comision-organizadora\/\" class=\"elementor-item\">Comisi\u00f3n Organizadora<\/a><\/li>\n<li class=\"menu-item menu-item-type-custom menu-item-object-custom menu-item-976\"><a href=\"https:\/\/www.undar.edu.pe\/index.php\/universidad-plana-docente\" class=\"elementor-item\">Plana docente<\/a><\/li>\n<li class=\"menu-item menu-item-type-custom menu-item-object-custom menu-item-307\"><a href=\"https:\/\/www.undar.edu.pe\/index.php\/universidad-licenciamiento\/\" class=\"elementor-item\">Licenciamiento<\/a><\/li>\n<\/ul>\t\t\t<\/nav>\n\t\t\t\t\t<div class=\"elementor-menu-toggle\" role=\"button\" tabindex=\"0\" aria-label=\"Alternar men\u00fa\" aria-expanded=\"false\">\n\t\t\t<i aria-hidden=\"true\" role=\"presentation\" class=\"elementor-menu-toggle__icon--open eicon-menu-bar\"><\/i><i aria-hidden=\"true\" role=\"presentation\" class=\"elementor-menu-toggle__icon--close eicon-close\"><\/i>\t\t\t<span class=\"elementor-screen-only\">Men\u00fa<\/span>\n\t\t<\/div>\n\t\t\t\t\t<nav class=\"elementor-nav-menu--dropdown elementor-nav-menu__container\" aria-hidden=\"true\">\n\t\t\t\t<ul id=\"menu-2-b2b423e\" class=\"elementor-nav-menu sm-vertical\"><li class=\"menu-item menu-item-type-custom menu-item-object-custom menu-item-305\"><a href=\"https:\/\/www.undar.edu.pe\/index.php\/universidad-resenia-historica\" class=\"elementor-item\" tabindex=\"-1\">Rese\u00f1a hist\u00f3rica<\/a><\/li>\n<li class=\"menu-item menu-item-type-custom menu-item-object-custom menu-item-309\"><a href=\"https:\/\/www.undar.edu.pe\/index.php\/universidad-mision-y-valores\/\" class=\"elementor-item\" tabindex=\"-1\">Misi\u00f3n y valores<\/a><\/li>\n<li class=\"menu-item menu-item-type-custom menu-item-object-custom menu-item-306\"><a href=\"https:\/\/www.undar.edu.pe\/index.php\/universidad-comision-organizadora\/\" class=\"elementor-item\" tabindex=\"-1\">Comisi\u00f3n Organizadora<\/a><\/li>\n<li class=\"menu-item menu-item-type-custom menu-item-object-custom menu-item-976\"><a href=\"https:\/\/www.undar.edu.pe\/index.php\/universidad-plana-docente\" class=\"elementor-item\" tabindex=\"-1\">Plana docente<\/a><\/li>\n<li class=\"menu-item menu-item-type-custom menu-item-object-custom menu-item-307\"><a href=\"https:\/\/www.undar.edu.pe\/index.php\/universidad-licenciamiento\/\" class=\"elementor-item\" tabindex=\"-1\">Licenciamiento<\/a><\/li>\n<\/ul>\t\t\t<\/nav>\n\t\t\t\t<\/div>\n\t\t\t\t<\/div>\n\t\t\t\t\t<\/div>\n\t\t<\/div>\n\t\t\t\t<div class=\"elementor-column elementor-col-50 elementor-top-column elementor-element elementor-element-5ed95a2\" data-id=\"5ed95a2\" data-element_type=\"column\">\n\t\t\t<div class=\"elementor-widget-wrap elementor-element-populated\">\n\t\t\t\t\t\t<section class=\"elementor-section elementor-inner-section elementor-element elementor-element-ee285a0 elementor-section-boxed elementor-section-height-default elementor-section-height-default\" data-id=\"ee285a0\" data-element_type=\"section\">\n\t\t\t\t\t\t<div class=\"elementor-container elementor-column-gap-default\">\n\t\t\t\t\t<div class=\"elementor-column elementor-col-50 elementor-inner-column elementor-element elementor-element-b0528e0\" data-id=\"b0528e0\" data-element_type=\"column\">\n\t\t\t<div class=\"elementor-widget-wrap elementor-element-populated\">\n\t\t\t\t\t\t<div class=\"elementor-element elementor-element-6712ac7 elementor-widget elementor-widget-image\" data-id=\"6712ac7\" data-element_type=\"widget\" data-widget_type=\"image.default\">\n\t\t\t\t<div class=\"elementor-widget-container\">\n\t\t\t\t\t\t\t\t\t\t\t\t\t<img fetchpriority=\"high\" decoding=\"async\" width=\"712\" height=\"1024\" src=\"http:\/\/www.undar.edu.pe\/wp-content\/uploads\/2023\/12\/Freddy-Omar-Majino-Gargate-712x1024.png\" class=\"attachment-large size-large wp-image-51449\" alt=\"Foto del Dr. Freddy Omar Majino Gargate\" srcset=\"http:\/\/www.undar.edu.pe\/wp-content\/uploads\/2023\/12\/Freddy-Omar-Majino-Gargate-712x1024.png 712w, http:\/\/www.undar.edu.pe\/wp-content\/uploads\/2023\/12\/Freddy-Omar-Majino-Gargate-209x300.png 209w, http:\/\/www.undar.edu.pe\/wp-content\/uploads\/2023\/12\/Freddy-Omar-Majino-Gargate-768x1105.png 768w, http:\/\/www.undar.edu.pe\/wp-content\/uploads\/2023\/12\/Freddy-Omar-Majino-Gargate-1068x1536.png 1068w, http:\/\/www.undar.edu.pe\/wp-content\/uploads\/2023\/12\/Freddy-Omar-Majino-Gargate.png 1161w\" sizes=\"(max-width: 712px) 100vw, 712px\" \/>\t\t\t\t\t\t\t\t\t\t\t\t\t<\/div>\n\t\t\t\t<\/div>\n\t\t\t\t\t<\/div>\n\t\t<\/div>\n\t\t\t\t<div class=\"elementor-column elementor-col-50 elementor-inner-column elementor-element elementor-element-3c5d6fd\" data-id=\"3c5d6fd\" data-element_type=\"column\">\n\t\t\t<div class=\"elementor-widget-wrap elementor-element-populated\">\n\t\t\t\t\t\t<div class=\"elementor-element elementor-element-9c62318 elementor-widget elementor-widget-text-editor\" data-id=\"9c62318\" data-element_type=\"widget\" data-widget_type=\"text-editor.default\">\n\t\t\t\t<div class=\"elementor-widget-container\">\n\t\t\t\t\t\t\t<p style=\"margin: 0.5% 0;\"><strong><span style=\"color: #b3224e;\">MGTR. FREDDY OMAR <br \/>MAJINO GARGATE<\/span><\/strong><\/p><p style=\"margin: 0.5% 0;\">Responsable(e) del Departamento Acad\u00e9mico de M\u00fasica<\/p><hr \/><p style=\"margin: 0.5% 0;\">Aprobado con Resoluci\u00f3n de Comisi\u00f3n Organizadora N\u00b0 294<span style=\"font-family: var( --e-global-typography-text-font-family ), Sans-serif; font-size: 1rem; font-weight: var( --e-global-typography-text-font-weight );\">-2024-CO-UNDAR<\/span><\/p>\t\t\t\t\t\t<\/div>\n\t\t\t\t<\/div>\n\t\t\t\t\t<\/div>\n\t\t<\/div>\n\t\t\t\t\t<\/div>\n\t\t<\/section>\n\t\t\t\t\t<\/div>\n\t\t<\/div>\n\t\t\t\t\t<\/div>\n\t\t<\/section>\n\t\t\t\t<section class=\"elementor-section elementor-top-section elementor-element elementor-element-0c554a5 elementor-section-boxed elementor-section-height-default elementor-section-height-default\" data-id=\"0c554a5\" data-element_type=\"section\">\n\t\t\t\t\t\t<div class=\"elementor-container elementor-column-gap-default\">\n\t\t\t\t\t<div class=\"elementor-column elementor-col-50 elementor-top-column elementor-element elementor-element-3846604\" data-id=\"3846604\" data-element_type=\"column\">\n\t\t\t<div class=\"elementor-widget-wrap\">\n\t\t\t\t\t\t\t<\/div>\n\t\t<\/div>\n\t\t\t\t<div class=\"elementor-column elementor-col-50 elementor-top-column elementor-element elementor-element-e8f3bb8\" data-id=\"e8f3bb8\" data-element_type=\"column\">\n\t\t\t<div class=\"elementor-widget-wrap elementor-element-populated\">\n\t\t\t\t\t\t<section class=\"elementor-section elementor-inner-section elementor-element elementor-element-615fc56 elementor-section-boxed elementor-section-height-default elementor-section-height-default\" data-id=\"615fc56\" data-element_type=\"section\">\n\t\t\t\t\t\t<div class=\"elementor-container elementor-column-gap-default\">\n\t\t\t\t\t<div class=\"elementor-column elementor-col-100 elementor-inner-column elementor-element elementor-element-a6e96a5\" data-id=\"a6e96a5\" data-element_type=\"column\">\n\t\t\t<div class=\"elementor-widget-wrap elementor-element-populated\">\n\t\t\t\t\t\t<div class=\"elementor-element elementor-element-ae4b34d elementor-widget elementor-widget-text-editor\" data-id=\"ae4b34d\" data-element_type=\"widget\" data-widget_type=\"text-editor.default\">\n\t\t\t\t<div class=\"elementor-widget-container\">\n\t\t\t\t\t\t\t<p>Licenciado en Educaci\u00f3n Art\u00edstica con especialidad en M\u00fasica, m<span style=\"font-size: 1rem;\">aestro en Administraci\u00f3n de la Educaci\u00f3n, m<\/span><span style=\"font-size: 1rem;\">iembro activo de la Asociaci\u00f3n Suzuki del Per\u00fa y la Asociaci\u00f3n Suzuki de las Am\u00e9ricas, d<\/span><span style=\"font-size: 1rem;\">irector de Big Band del Proyecto Sinfon\u00eda por el Per\u00fa &#8211; N\u00facleo Hu\u00e1nuco, d<\/span><span style=\"font-size: 1rem;\">irector del Ensamble de Guitarras de Hu\u00e1nuco y d<\/span><span style=\"font-size: 1rem;\">irector del Ensamble de Guitarras de la UNDAR.<\/span><\/p><p>Ha participado como concertista de guitarra en festivales nacionales en las ciudades de Arequipa, Hu\u00e1nuco, Trujillo, Huancayo, Cuzco y Lima.<\/p><p>En el 2019 particip\u00f3 en la I Convenci\u00f3n Suzuki de las Am\u00e9ricas en Canc\u00fan (M\u00e9xico). Al a\u00f1o siguiente, estuvo presente en el I Festival de Cuerdas Peruanas, organizado por el Programa \u201cEncuentros en La Radio\u201d de Radio Nacional.<\/p><p>El 2021 fue parte de la Serie de conciertos virtuales del Proyecto \u201cLas Guitarras del Bicentenario\u201d.\u00a0<span style=\"font-size: 1rem;\">Asimismo, ha sido invitado art\u00edstico en el I CONGRESO INTERNACIONAL DE ETNO Y ARQUEOLOMUSICOLOG\u00cdA.<\/span><\/p><p>En enero del 2022 present\u00f3 la primera producci\u00f3n de m\u00fasica tradicional huanuque\u00f1a en formato disco-objeto \u201cEntre tus Brazos\u201d junto a la cantante y versadora Mar\u00eda Hayde\u00e9 Guerra Berrios. Ese mismo\u00a0<span style=\"font-size: 1rem;\">a\u00f1o particip\u00f3 como concertista de guitarra interpretando m\u00fasica\u00a0<\/span><span style=\"font-size: 1rem;\">huanuque\u00f1a en el I FESTIVAL VIRTUAL DE M\u00daSICA PER\u00da-2022 \u201cJULIO \u201cARMANDO GUEVARA OCHOA\u201d, organizado por el Instituto Superior de M\u00fasica P\u00fablico \u201cLeandro Alvi\u00f1a Miranda\u201d del Cusco.<\/span><\/p><p>En marzo del 2023 fue int\u00e9rprete de guitarra en el II Congreso\u00a0<span style=\"font-size: 1rem;\">Internacional de Etno y Arqueomusicolog\u00eda en la ciudad de M\u00e9xico.<\/span><\/p><p style=\"text-align: justify;\">Actualmente, ejerce la docencia en la <span style=\"color: #b3224e;\"><strong>Universidad Nacional Daniel Alom\u00eda Robles<\/strong><\/span>.<\/p>\t\t\t\t\t\t<\/div>\n\t\t\t\t<\/div>\n\t\t\t\t\t<\/div>\n\t\t<\/div>\n\t\t\t\t\t<\/div>\n\t\t<\/section>\n\t\t\t\t<section class=\"elementor-section elementor-inner-section elementor-element elementor-element-f73ee9f elementor-section-boxed elementor-section-height-default elementor-section-height-default\" data-id=\"f73ee9f\" data-element_type=\"section\">\n\t\t\t\t\t\t<div class=\"elementor-container elementor-column-gap-default\">\n\t\t\t\t\t<div class=\"elementor-column elementor-col-100 elementor-inner-column elementor-element elementor-element-9a8b8b1\" data-id=\"9a8b8b1\" data-element_type=\"column\">\n\t\t\t<div class=\"elementor-widget-wrap elementor-element-populated\">\n\t\t\t\t\t\t<div class=\"elementor-element elementor-element-2ddce0a elementor-align-justify elementor-widget__width-inherit elementor-widget elementor-widget-button\" data-id=\"2ddce0a\" data-element_type=\"widget\" data-widget_type=\"button.default\">\n\t\t\t\t<div class=\"elementor-widget-container\">\n\t\t\t\t\t\t\t<div class=\"elementor-button-wrapper\">\n\t\t\t\t\t<a class=\"elementor-button elementor-button-link elementor-size-md\" href=\"https:\/\/www.undar.edu.pe\/index.php\/universidad-plana-docente\">\n\t\t\t\t\t\t<span class=\"elementor-button-content-wrapper\">\n\t\t\t\t\t\t<span class=\"elementor-button-icon\">\n\t\t\t\t<i aria-hidden=\"true\" class=\"fas fa-arrow-left\"><\/i>\t\t\t<\/span>\n\t\t\t\t\t\t\t\t\t<span class=\"elementor-button-text\">VOLVER A PLANA DOCENTE<\/span>\n\t\t\t\t\t<\/span>\n\t\t\t\t\t<\/a>\n\t\t\t\t<\/div>\n\t\t\t\t\t\t<\/div>\n\t\t\t\t<\/div>\n\t\t\t\t\t<\/div>\n\t\t<\/div>\n\t\t\t\t\t<\/div>\n\t\t<\/section>\n\t\t\t\t<div class=\"elementor-element elementor-element-366f86e elementor-widget elementor-widget-text-editor\" data-id=\"366f86e\" data-element_type=\"widget\" data-widget_type=\"text-editor.default\">\n\t\t\t\t<div class=\"elementor-widget-container\">\n\t\t\t\t\t\t\t<p><span style=\"color: #343434;\"><button id=\"listenButton1\" class=\"responsivevoice-button\" type=\"button\" value=\"Play\" title=\"ResponsiveVoice Tap to Start\/Stop Speech\"><span>&#128266; Listen to this<\/span><\/button>\n        <script>\n            listenButton1.onclick = function(){\n                if(responsiveVoice.isPlaying()){\n                    responsiveVoice.cancel();\n                }else{\n                    responsiveVoice.speak(\"PLANA DOCENTEPLANA DOCENTE Diapositiva anterior Diapositiva siguiente Universidad Nacional Daniel Alom\u00eda Robles - La Universidad - Plana docente - Mgtr. Freddy Omar Majino Gargate MGTR. FREDDY OMAR MAJINO GARGATEResponsable(e) del Departamento Acad\u00e9mico de M\u00fasicaAprobado con Resoluci\u00f3n de Comisi\u00f3n Organizadora N\u00b0 294-2024-CO-UNDARLicenciado en Educaci\u00f3n Art\u00edstica con especialidad en M\u00fasica, maestro en Administraci\u00f3n de la Educaci\u00f3n, miembro activo de la Asociaci\u00f3n Suzuki del Per\u00fa y la Asociaci\u00f3n Suzuki de las Am\u00e9ricas, director de Big Band del Proyecto Sinfon\u00eda por el Per\u00fa - N\u00facleo Hu\u00e1nuco, director del Ensamble de Guitarras de Hu\u00e1nuco y director del Ensamble de Guitarras de la UNDAR.Ha participado como concertista de guitarra en festivales nacionales en las ciudades de Arequipa, Hu\u00e1nuco, Trujillo, Huancayo, Cuzco y Lima.En el 2019 particip\u00f3 en la I Convenci\u00f3n Suzuki de las Am\u00e9ricas en Canc\u00fan (M\u00e9xico). Al a\u00f1o siguiente, estuvo presente en el I Festival de Cuerdas Peruanas, organizado por el Programa \u201cEncuentros en La Radio\u201d de Radio Nacional.El 2021 fue parte de la Serie de conciertos virtuales del Proyecto \u201cLas Guitarras del Bicentenario\u201d.\u00a0Asimismo, ha sido invitado art\u00edstico en el I CONGRESO INTERNACIONAL DE ETNO Y ARQUEOLOMUSICOLOG\u00cdA.En enero del 2022 present\u00f3 la primera producci\u00f3n de m\u00fasica tradicional huanuque\u00f1a en formato disco-objeto \u201cEntre tus Brazos\u201d junto a la cantante y versadora Mar\u00eda Hayde\u00e9 Guerra Berrios. Ese mismo\u00a0a\u00f1o particip\u00f3 como concertista de guitarra interpretando m\u00fasica\u00a0huanuque\u00f1a en el I FESTIVAL VIRTUAL DE M\u00daSICA PER\u00da-2022 \u201cJULIO \u201cARMANDO GUEVARA OCHOA\u201d, organizado por el Instituto Superior de M\u00fasica P\u00fablico \u201cLeandro Alvi\u00f1a Miranda\u201d del Cusco.En marzo del 2023 fue int\u00e9rprete de guitarra en el II Congreso\u00a0Internacional de Etno y Arqueomusicolog\u00eda en la ciudad de M\u00e9xico.Actualmente, ejerce la docencia en la Universidad Nacional Daniel Alom\u00eda Robles. VOLVER A PLANA DOCENTE \u00a0\", \"UK English Female\");\n                }\n            };\n        <\/script>\n    \u00a0<\/span><\/p>\t\t\t\t\t\t<\/div>\n\t\t\t\t<\/div>\n\t\t\t\t\t<\/div>\n\t\t<\/div>\n\t\t\t\t\t<\/div>\n\t\t<\/section>\n\t\t\t\t<\/div>\n\t\t","protected":false},"excerpt":{"rendered":"<p>PLANA DOCENTEPLANA DOCENTE Diapositiva anterior Diapositiva siguiente Universidad Nacional Daniel Alom\u00eda Robles &#8211; La Universidad &#8211; Plana docente &#8211; Mgtr. Freddy Omar Majino Gargate MGTR. FREDDY OMAR MAJINO GARGATE Responsable(e) del Departamento Acad\u00e9mico de M\u00fasica Aprobado con Resoluci\u00f3n de Comisi\u00f3n Organizadora N\u00b0 294-2024-CO-UNDAR Licenciado en Educaci\u00f3n Art\u00edstica con especialidad en M\u00fasica, maestro en Administraci\u00f3n de [&hellip;]<\/p>\n","protected":false},"author":1,"featured_media":0,"parent":0,"menu_order":0,"comment_status":"closed","ping_status":"closed","template":"","meta":{"_uf_show_specific_survey":0,"_uf_disable_surveys":false,"footnotes":""},"class_list":["post-5060","page","type-page","status-publish","hentry"],"aioseo_notices":[],"_links":{"self":[{"href":"http:\/\/www.undar.edu.pe\/index.php\/wp-json\/wp\/v2\/pages\/5060","targetHints":{"allow":["GET"]}}],"collection":[{"href":"http:\/\/www.undar.edu.pe\/index.php\/wp-json\/wp\/v2\/pages"}],"about":[{"href":"http:\/\/www.undar.edu.pe\/index.php\/wp-json\/wp\/v2\/types\/page"}],"author":[{"embeddable":true,"href":"http:\/\/www.undar.edu.pe\/index.php\/wp-json\/wp\/v2\/users\/1"}],"replies":[{"embeddable":true,"href":"http:\/\/www.undar.edu.pe\/index.php\/wp-json\/wp\/v2\/comments?post=5060"}],"version-history":[{"count":197,"href":"http:\/\/www.undar.edu.pe\/index.php\/wp-json\/wp\/v2\/pages\/5060\/revisions"}],"predecessor-version":[{"id":64080,"href":"http:\/\/www.undar.edu.pe\/index.php\/wp-json\/wp\/v2\/pages\/5060\/revisions\/64080"}],"wp:attachment":[{"href":"http:\/\/www.undar.edu.pe\/index.php\/wp-json\/wp\/v2\/media?parent=5060"}],"curies":[{"name":"wp","href":"https:\/\/api.w.org\/{rel}","templated":true}]}}