{"id":47946,"date":"2023-08-11T17:27:46","date_gmt":"2023-08-11T22:27:46","guid":{"rendered":"http:\/\/www.undar.edu.pe\/?page_id=47946"},"modified":"2025-03-25T15:13:05","modified_gmt":"2025-03-25T20:13:05","slug":"convocatorias-i-concurso-de-proyectos-de-investigacion","status":"publish","type":"page","link":"http:\/\/www.undar.edu.pe\/index.php\/convocatorias-i-concurso-de-proyectos-de-investigacion\/","title":{"rendered":"I CONCURSO DE PROYECTOS DE INVESTIGACI\u00d3N"},"content":{"rendered":"\t\t<div data-elementor-type=\"wp-page\" data-elementor-id=\"47946\" class=\"elementor elementor-47946\" data-elementor-post-type=\"page\">\n\t\t\t\t\t\t<section class=\"elementor-section elementor-top-section elementor-element elementor-element-65510cb2 elementor-section-full_width elementor-section-content-space-between elementor-section-height-default elementor-section-height-default\" data-id=\"65510cb2\" data-element_type=\"section\">\n\t\t\t\t\t\t<div class=\"elementor-container elementor-column-gap-no\">\n\t\t\t\t\t<div class=\"elementor-column elementor-col-100 elementor-top-column elementor-element elementor-element-7002b566\" data-id=\"7002b566\" data-element_type=\"column\">\n\t\t\t<div class=\"elementor-widget-wrap elementor-element-populated\">\n\t\t\t\t\t\t<div class=\"elementor-element elementor-element-1d701f26 elementor-widget__width-inherit elementor--h-position-center elementor--v-position-middle elementor-arrows-position-inside elementor-widget elementor-widget-slides\" data-id=\"1d701f26\" data-element_type=\"widget\" data-settings=\"{&quot;navigation&quot;:&quot;arrows&quot;,&quot;motion_fx_motion_fx_scrolling&quot;:&quot;yes&quot;,&quot;autoplay&quot;:&quot;yes&quot;,&quot;pause_on_hover&quot;:&quot;yes&quot;,&quot;pause_on_interaction&quot;:&quot;yes&quot;,&quot;autoplay_speed&quot;:5000,&quot;infinite&quot;:&quot;yes&quot;,&quot;transition&quot;:&quot;slide&quot;,&quot;transition_speed&quot;:500,&quot;motion_fx_devices&quot;:[&quot;desktop&quot;,&quot;tablet&quot;,&quot;mobile&quot;]}\" data-widget_type=\"slides.default\">\n\t\t\t\t<div class=\"elementor-widget-container\">\n\t\t\t\t\t<div class=\"elementor-swiper\">\n\t\t\t<div class=\"elementor-slides-wrapper elementor-main-swiper swiper\" dir=\"ltr\" data-animation=\"fadeInUp\">\n\t\t\t\t<div class=\"swiper-wrapper elementor-slides\">\n\t\t\t\t\t\t\t\t\t\t<div class=\"elementor-repeater-item-5a08ec1 swiper-slide\"><div class=\"swiper-slide-bg\" role=\"img\"><\/div><div class=\"elementor-background-overlay\"><\/div><div class=\"swiper-slide-inner\" ><div class=\"swiper-slide-contents\"><\/div><\/div><\/div>\t\t\t\t<\/div>\n\t\t\t\t\t\t\t<\/div>\n\t\t<\/div>\n\t\t\t\t<\/div>\n\t\t\t\t<\/div>\n\t\t\t\t\t<\/div>\n\t\t<\/div>\n\t\t\t\t\t<\/div>\n\t\t<\/section>\n\t\t\t\t<section class=\"elementor-section elementor-top-section elementor-element elementor-element-2b7bb60 elementor-section-boxed elementor-section-height-default elementor-section-height-default\" data-id=\"2b7bb60\" data-element_type=\"section\">\n\t\t\t\t\t\t<div class=\"elementor-container elementor-column-gap-default\">\n\t\t\t\t\t<div class=\"elementor-column elementor-col-100 elementor-top-column elementor-element elementor-element-b479f74\" data-id=\"b479f74\" data-element_type=\"column\">\n\t\t\t<div class=\"elementor-widget-wrap elementor-element-populated\">\n\t\t\t\t\t\t<div class=\"elementor-element elementor-element-3fd2c34 elementor-widget elementor-widget-heading\" data-id=\"3fd2c34\" data-element_type=\"widget\" data-widget_type=\"heading.default\">\n\t\t\t\t<div class=\"elementor-widget-container\">\n\t\t\t<h6 class=\"elementor-heading-title elementor-size-small\"><b>Universidad Nacional Daniel Alom\u00eda Robles<\/b> - I Concurso de Proyectos de Investigaci\u00f3n<\/h6>\t\t<\/div>\n\t\t\t\t<\/div>\n\t\t\t\t\t<\/div>\n\t\t<\/div>\n\t\t\t\t\t<\/div>\n\t\t<\/section>\n\t\t\t\t<section class=\"elementor-section elementor-top-section elementor-element elementor-element-6d26cc9 elementor-section-boxed elementor-section-height-default elementor-section-height-default\" data-id=\"6d26cc9\" data-element_type=\"section\">\n\t\t\t\t\t\t<div class=\"elementor-container elementor-column-gap-default\">\n\t\t\t\t\t<div class=\"elementor-column elementor-col-50 elementor-top-column elementor-element elementor-element-14e9b33\" data-id=\"14e9b33\" data-element_type=\"column\">\n\t\t\t<div class=\"elementor-widget-wrap elementor-element-populated\">\n\t\t\t\t\t\t<div class=\"elementor-element elementor-element-553ede5 elementor-nav-menu--dropdown-tablet elementor-nav-menu__text-align-aside elementor-nav-menu--toggle elementor-nav-menu--burger elementor-widget elementor-widget-nav-menu\" data-id=\"553ede5\" data-element_type=\"widget\" data-settings=\"{&quot;layout&quot;:&quot;vertical&quot;,&quot;submenu_icon&quot;:{&quot;value&quot;:&quot;&lt;i class=\\&quot;fas fa-caret-down\\&quot;&gt;&lt;\\\/i&gt;&quot;,&quot;library&quot;:&quot;fa-solid&quot;},&quot;toggle&quot;:&quot;burger&quot;}\" data-widget_type=\"nav-menu.default\">\n\t\t\t\t<div class=\"elementor-widget-container\">\n\t\t\t\t\t\t<nav aria-label=\"Men\u00fa\" class=\"elementor-nav-menu--main elementor-nav-menu__container elementor-nav-menu--layout-vertical e--pointer-underline e--animation-fade\">\n\t\t\t\t<ul id=\"menu-1-553ede5\" class=\"elementor-nav-menu sm-vertical\"><li class=\"menu-item menu-item-type-post_type menu-item-object-page menu-item-64537\"><a href=\"http:\/\/www.undar.edu.pe\/index.php\/iv-concurso-de-proyectos-de-investigacion\/\" class=\"elementor-item\">IV CONCURSO DE PROYECTOS DE INVESTIGACI\u00d3N<\/a><\/li>\n<li class=\"menu-item menu-item-type-custom menu-item-object-custom menu-item-60615\"><a href=\"https:\/\/www.undar.edu.pe\/index.php\/convocatorias-iii-concurso-de-proyectos-de-investigacion\/\" class=\"elementor-item\">III CONCURSO DE PROYECTOS DE INVESTIGACI\u00d3N<\/a><\/li>\n<li class=\"menu-item menu-item-type-custom menu-item-object-custom menu-item-54632\"><a href=\"https:\/\/www.undar.edu.pe\/index.php\/convocatorias-ii-concurso-de-proyectos-de-investigacion\/\" class=\"elementor-item\">II CONCURSO DE PROYECTOS DE INVESTIGACI\u00d3N<\/a><\/li>\n<li class=\"menu-item menu-item-type-custom menu-item-object-custom menu-item-48016\"><a href=\"https:\/\/www.undar.edu.pe\/index.php\/convocatorias-i-concurso-de-proyectos-de-investigacion\/\" class=\"elementor-item\">I CONCURSO DE PROYECTOS DE INVESTIGACI\u00d3N<\/a><\/li>\n<\/ul>\t\t\t<\/nav>\n\t\t\t\t\t<div class=\"elementor-menu-toggle\" role=\"button\" tabindex=\"0\" aria-label=\"Alternar men\u00fa\" aria-expanded=\"false\">\n\t\t\t<i aria-hidden=\"true\" role=\"presentation\" class=\"elementor-menu-toggle__icon--open eicon-menu-bar\"><\/i><i aria-hidden=\"true\" role=\"presentation\" class=\"elementor-menu-toggle__icon--close eicon-close\"><\/i>\t\t\t<span class=\"elementor-screen-only\">Men\u00fa<\/span>\n\t\t<\/div>\n\t\t\t\t\t<nav class=\"elementor-nav-menu--dropdown elementor-nav-menu__container\" aria-hidden=\"true\">\n\t\t\t\t<ul id=\"menu-2-553ede5\" class=\"elementor-nav-menu sm-vertical\"><li class=\"menu-item menu-item-type-post_type menu-item-object-page menu-item-64537\"><a href=\"http:\/\/www.undar.edu.pe\/index.php\/iv-concurso-de-proyectos-de-investigacion\/\" class=\"elementor-item\" tabindex=\"-1\">IV CONCURSO DE PROYECTOS DE INVESTIGACI\u00d3N<\/a><\/li>\n<li class=\"menu-item menu-item-type-custom menu-item-object-custom menu-item-60615\"><a href=\"https:\/\/www.undar.edu.pe\/index.php\/convocatorias-iii-concurso-de-proyectos-de-investigacion\/\" class=\"elementor-item\" tabindex=\"-1\">III CONCURSO DE PROYECTOS DE INVESTIGACI\u00d3N<\/a><\/li>\n<li class=\"menu-item menu-item-type-custom menu-item-object-custom menu-item-54632\"><a href=\"https:\/\/www.undar.edu.pe\/index.php\/convocatorias-ii-concurso-de-proyectos-de-investigacion\/\" class=\"elementor-item\" tabindex=\"-1\">II CONCURSO DE PROYECTOS DE INVESTIGACI\u00d3N<\/a><\/li>\n<li class=\"menu-item menu-item-type-custom menu-item-object-custom menu-item-48016\"><a href=\"https:\/\/www.undar.edu.pe\/index.php\/convocatorias-i-concurso-de-proyectos-de-investigacion\/\" class=\"elementor-item\" tabindex=\"-1\">I CONCURSO DE PROYECTOS DE INVESTIGACI\u00d3N<\/a><\/li>\n<\/ul>\t\t\t<\/nav>\n\t\t\t\t<\/div>\n\t\t\t\t<\/div>\n\t\t\t\t\t<\/div>\n\t\t<\/div>\n\t\t\t\t<div class=\"elementor-column elementor-col-50 elementor-top-column elementor-element elementor-element-2e685ed\" data-id=\"2e685ed\" data-element_type=\"column\">\n\t\t\t<div class=\"elementor-widget-wrap elementor-element-populated\">\n\t\t\t\t\t\t<div class=\"elementor-element elementor-element-e243713 elementor-widget elementor-widget-heading\" data-id=\"e243713\" data-element_type=\"widget\" data-widget_type=\"heading.default\">\n\t\t\t\t<div class=\"elementor-widget-container\">\n\t\t\t<h3 class=\"elementor-heading-title elementor-size-default\">I CONCURSO DE PROYECTOS DE INVESTIGACI\u00d3N<\/h3>\t\t<\/div>\n\t\t\t\t<\/div>\n\t\t\t\t<div class=\"elementor-element elementor-element-cd72cee elementor-widget elementor-widget-text-editor\" data-id=\"cd72cee\" data-element_type=\"widget\" data-widget_type=\"text-editor.default\">\n\t\t\t\t<div class=\"elementor-widget-container\">\n\t\t\t\t\t\t\t<p><span style=\"color: #343434; text-align: justify;\">cient\u00edfica, art\u00edstica, tecnol\u00f3gica y human\u00edstica para docentes de la UNDAR\u00a0<\/span><\/p>\t\t\t\t\t\t<\/div>\n\t\t\t\t<\/div>\n\t\t\t\t<section class=\"elementor-section elementor-inner-section elementor-element elementor-element-9e4008a elementor-section-boxed elementor-section-height-default elementor-section-height-default\" data-id=\"9e4008a\" data-element_type=\"section\">\n\t\t\t\t\t\t<div class=\"elementor-container elementor-column-gap-default\">\n\t\t\t\t\t<div class=\"elementor-column elementor-col-100 elementor-inner-column elementor-element elementor-element-8f93e7e\" data-id=\"8f93e7e\" data-element_type=\"column\">\n\t\t\t<div class=\"elementor-widget-wrap elementor-element-populated\">\n\t\t\t\t\t\t<div class=\"elementor-element elementor-element-0ee2183 elementor-widget elementor-widget-image\" data-id=\"0ee2183\" data-element_type=\"widget\" data-widget_type=\"image.default\">\n\t\t\t\t<div class=\"elementor-widget-container\">\n\t\t\t\t\t\t\t\t\t\t\t\t\t<img fetchpriority=\"high\" decoding=\"async\" width=\"800\" height=\"289\" src=\"http:\/\/www.undar.edu.pe\/wp-content\/uploads\/2023\/08\/slider-interior-1024x370.png\" class=\"attachment-large size-large wp-image-47947\" alt=\"Banner del I Concurso de proyectos de investigaci\u00f3n\" srcset=\"http:\/\/www.undar.edu.pe\/wp-content\/uploads\/2023\/08\/slider-interior-1024x370.png 1024w, http:\/\/www.undar.edu.pe\/wp-content\/uploads\/2023\/08\/slider-interior-300x108.png 300w, http:\/\/www.undar.edu.pe\/wp-content\/uploads\/2023\/08\/slider-interior-768x277.png 768w, http:\/\/www.undar.edu.pe\/wp-content\/uploads\/2023\/08\/slider-interior.png 1384w\" sizes=\"(max-width: 800px) 100vw, 800px\" \/>\t\t\t\t\t\t\t\t\t\t\t\t\t<\/div>\n\t\t\t\t<\/div>\n\t\t\t\t\t<\/div>\n\t\t<\/div>\n\t\t\t\t\t<\/div>\n\t\t<\/section>\n\t\t\t\t<div class=\"elementor-element elementor-element-07023b0 elementor-widget elementor-widget-text-editor\" data-id=\"07023b0\" data-element_type=\"widget\" data-widget_type=\"text-editor.default\">\n\t\t\t\t<div class=\"elementor-widget-container\">\n\t\t\t\t\t\t\t<ul><li><h6><a href=\"http:\/\/www.undar.edu.pe\/wp-content\/uploads\/2023\/08\/BASES-DEL-I-CONCURSO-DE-PROYECTOS-DE-INVESTIGACION-CIENTIFICA-ARTISTICA-TECNOLOGICA-Y-HUMANISTICA-PARA-DOCENTES-DE-LA-UNDAR-CON-PRESUPUESTO-INSTITUCIONAL.pdf\" target=\"_blank\" rel=\"noopener\"><span style=\"color: #343434;\">Bases del concurso<\/span><\/a><\/h6><\/li><\/ul>\t\t\t\t\t\t<\/div>\n\t\t\t\t<\/div>\n\t\t\t\t<div class=\"elementor-element elementor-element-ded66ba elementor-widget elementor-widget-text-editor\" data-id=\"ded66ba\" data-element_type=\"widget\" data-widget_type=\"text-editor.default\">\n\t\t\t\t<div class=\"elementor-widget-container\">\n\t\t\t\t\t\t\t<ul><li><h6><a href=\"http:\/\/www.undar.edu.pe\/wp-content\/uploads\/2023\/08\/CRONOGRAMA.png\" target=\"_blank\" rel=\"noopener\"><span style=\"color: #343434;\">Cronograma<\/span><\/a><\/h6><\/li><\/ul>\t\t\t\t\t\t<\/div>\n\t\t\t\t<\/div>\n\t\t\t\t<div class=\"elementor-element elementor-element-4e3a603 elementor-widget elementor-widget-text-editor\" data-id=\"4e3a603\" data-element_type=\"widget\" data-widget_type=\"text-editor.default\">\n\t\t\t\t<div class=\"elementor-widget-container\">\n\t\t\t\t\t\t\t<ul><li><h6><a href=\"https:\/\/www.undar.edu.pe\/wp-content\/uploads\/2023\/08\/ANEXOS.docx\" target=\"_blank\" rel=\"noopener\"><span style=\"color: #343434;\">Anexos (en word)<\/span><\/a><\/h6><\/li><\/ul>\t\t\t\t\t\t<\/div>\n\t\t\t\t<\/div>\n\t\t\t\t<div class=\"elementor-element elementor-element-09c3454 elementor-widget elementor-widget-text-editor\" data-id=\"09c3454\" data-element_type=\"widget\" data-widget_type=\"text-editor.default\">\n\t\t\t\t<div class=\"elementor-widget-container\">\n\t\t\t\t\t\t\t<ul><li><h6><strong><span style=\"color: #b3224e;\"><a style=\"color: #b3224e;\" href=\"http:\/\/www.undar.edu.pe\/wp-content\/uploads\/2023\/09\/RESULTADOS_DEL_I_CONCURSO_DE_PROYECTOS_DE_INVESTIGACION_CIENTIFICA_-_FINAL1.pdf\" target=\"_blank\" rel=\"noopener\">Resultados<\/a><\/span><\/strong><\/h6><\/li><\/ul>\t\t\t\t\t\t<\/div>\n\t\t\t\t<\/div>\n\t\t\t\t\t<\/div>\n\t\t<\/div>\n\t\t\t\t\t<\/div>\n\t\t<\/section>\n\t\t\t\t<section class=\"elementor-section elementor-top-section elementor-element elementor-element-b6581ab elementor-section-boxed elementor-section-height-default elementor-section-height-default\" data-id=\"b6581ab\" data-element_type=\"section\">\n\t\t\t\t\t\t<div class=\"elementor-container elementor-column-gap-default\">\n\t\t\t\t\t<div class=\"elementor-column elementor-col-100 elementor-top-column elementor-element elementor-element-e7a1c14\" data-id=\"e7a1c14\" data-element_type=\"column\">\n\t\t\t<div class=\"elementor-widget-wrap elementor-element-populated\">\n\t\t\t\t\t\t<div class=\"elementor-element elementor-element-d182130 elementor-widget elementor-widget-text-editor\" data-id=\"d182130\" data-element_type=\"widget\" data-widget_type=\"text-editor.default\">\n\t\t\t\t<div class=\"elementor-widget-container\">\n\t\t\t\t\t\t\t<p><span style=\"color: #343434;\"><button id=\"listenButton1\" class=\"responsivevoice-button\" type=\"button\" value=\"Play\" title=\"ResponsiveVoice Tap to Start\/Stop Speech\"><span>&#128266; Listen to this<\/span><\/button>\n        <script>\n            listenButton1.onclick = function(){\n                if(responsiveVoice.isPlaying()){\n                    responsiveVoice.cancel();\n                }else{\n                    responsiveVoice.speak(\"Universidad Nacional Daniel Alom\u00eda Robles - I Concurso de Proyectos de Investigaci\u00f3n I CONCURSO DE PROYECTOS DE INVESTIGACI\u00d3N cient\u00edfica, art\u00edstica, tecnol\u00f3gica y human\u00edstica para docentes de la UNDAR\u00a0 Bases del concursoCronogramaAnexos (en word)Resultados\u00a0 Contacte con nosotros: L\u00cdNEA DE ATENCI\u00d3N (062) 289 722 anexo 4 ESCR\u00cdBENOS vicepresidenciadeinvestigacion@undar.edu.pe UB\u00cdCANOS Jr. Hermilio Valdiz\u00e1n # 653, Hu\u00e1nuco - Per\u00fa\", \"UK English Female\");\n                }\n            };\n        <\/script>\n    \u00a0<\/span><\/p>\t\t\t\t\t\t<\/div>\n\t\t\t\t<\/div>\n\t\t\t\t\t<\/div>\n\t\t<\/div>\n\t\t\t\t\t<\/div>\n\t\t<\/section>\n\t\t\t\t<section class=\"elementor-section elementor-top-section elementor-element elementor-element-89c5963 elementor-section-boxed elementor-section-height-default elementor-section-height-default\" data-id=\"89c5963\" data-element_type=\"section\" data-settings=\"{&quot;background_background&quot;:&quot;classic&quot;}\">\n\t\t\t\t\t\t<div class=\"elementor-container elementor-column-gap-default\">\n\t\t\t\t\t<div class=\"elementor-column elementor-col-100 elementor-top-column elementor-element elementor-element-f51b388\" data-id=\"f51b388\" data-element_type=\"column\">\n\t\t\t<div class=\"elementor-widget-wrap elementor-element-populated\">\n\t\t\t\t\t\t<section class=\"elementor-section elementor-inner-section elementor-element elementor-element-6a1a082 elementor-section-full_width elementor-section-height-default elementor-section-height-default\" data-id=\"6a1a082\" data-element_type=\"section\">\n\t\t\t\t\t\t<div class=\"elementor-container elementor-column-gap-default\">\n\t\t\t\t\t<div class=\"elementor-column elementor-col-100 elementor-inner-column elementor-element elementor-element-2aa7d56\" data-id=\"2aa7d56\" data-element_type=\"column\">\n\t\t\t<div class=\"elementor-widget-wrap elementor-element-populated\">\n\t\t\t\t\t\t<div class=\"elementor-element elementor-element-8250718 elementor-widget elementor-widget-heading\" data-id=\"8250718\" data-element_type=\"widget\" data-widget_type=\"heading.default\">\n\t\t\t\t<div class=\"elementor-widget-container\">\n\t\t\t<h2 class=\"elementor-heading-title elementor-size-default\">Contacte con nosotros:<\/h2>\t\t<\/div>\n\t\t\t\t<\/div>\n\t\t\t\t\t<\/div>\n\t\t<\/div>\n\t\t\t\t\t<\/div>\n\t\t<\/section>\n\t\t\t\t<section class=\"elementor-section elementor-inner-section elementor-element elementor-element-34c5353 elementor-section-full_width elementor-section-height-default elementor-section-height-default\" data-id=\"34c5353\" data-element_type=\"section\">\n\t\t\t\t\t\t<div class=\"elementor-container elementor-column-gap-default\">\n\t\t\t\t\t<div class=\"elementor-column elementor-col-33 elementor-inner-column elementor-element elementor-element-d57ccec\" data-id=\"d57ccec\" data-element_type=\"column\">\n\t\t\t<div class=\"elementor-widget-wrap elementor-element-populated\">\n\t\t\t\t\t\t<div class=\"elementor-element elementor-element-1b66c3f elementor-widget elementor-widget-heading\" data-id=\"1b66c3f\" data-element_type=\"widget\" data-widget_type=\"heading.default\">\n\t\t\t\t<div class=\"elementor-widget-container\">\n\t\t\t<h2 class=\"elementor-heading-title elementor-size-default\">L\u00cdNEA DE ATENCI\u00d3N<\/h2>\t\t<\/div>\n\t\t\t\t<\/div>\n\t\t\t\t<div class=\"elementor-element elementor-element-329265f elementor-widget elementor-widget-heading\" data-id=\"329265f\" data-element_type=\"widget\" data-widget_type=\"heading.default\">\n\t\t\t\t<div class=\"elementor-widget-container\">\n\t\t\t<h2 class=\"elementor-heading-title elementor-size-default\">(062) 289 722  anexo 4<\/h2>\t\t<\/div>\n\t\t\t\t<\/div>\n\t\t\t\t\t<\/div>\n\t\t<\/div>\n\t\t\t\t<div class=\"elementor-column elementor-col-33 elementor-inner-column elementor-element elementor-element-d0a087f\" data-id=\"d0a087f\" data-element_type=\"column\">\n\t\t\t<div class=\"elementor-widget-wrap elementor-element-populated\">\n\t\t\t\t\t\t<div class=\"elementor-element elementor-element-b17970a elementor-widget elementor-widget-heading\" data-id=\"b17970a\" data-element_type=\"widget\" data-widget_type=\"heading.default\">\n\t\t\t\t<div class=\"elementor-widget-container\">\n\t\t\t<h2 class=\"elementor-heading-title elementor-size-default\">ESCR\u00cdBENOS<\/h2>\t\t<\/div>\n\t\t\t\t<\/div>\n\t\t\t\t<div class=\"elementor-element elementor-element-75ec5a2 elementor-widget elementor-widget-heading\" data-id=\"75ec5a2\" data-element_type=\"widget\" data-widget_type=\"heading.default\">\n\t\t\t\t<div class=\"elementor-widget-container\">\n\t\t\t<h2 class=\"elementor-heading-title elementor-size-default\">vicepresidenciadeinvestigacion@undar.edu.pe<\/h2>\t\t<\/div>\n\t\t\t\t<\/div>\n\t\t\t\t\t<\/div>\n\t\t<\/div>\n\t\t\t\t<div class=\"elementor-column elementor-col-33 elementor-inner-column elementor-element elementor-element-30a14be\" data-id=\"30a14be\" data-element_type=\"column\">\n\t\t\t<div class=\"elementor-widget-wrap elementor-element-populated\">\n\t\t\t\t\t\t<div class=\"elementor-element elementor-element-5e18de3 elementor-widget elementor-widget-heading\" data-id=\"5e18de3\" data-element_type=\"widget\" data-widget_type=\"heading.default\">\n\t\t\t\t<div class=\"elementor-widget-container\">\n\t\t\t<h2 class=\"elementor-heading-title elementor-size-default\">UB\u00cdCANOS<\/h2>\t\t<\/div>\n\t\t\t\t<\/div>\n\t\t\t\t<div class=\"elementor-element elementor-element-4324325 elementor-widget elementor-widget-heading\" data-id=\"4324325\" data-element_type=\"widget\" data-widget_type=\"heading.default\">\n\t\t\t\t<div class=\"elementor-widget-container\">\n\t\t\t<h2 class=\"elementor-heading-title elementor-size-default\">Jr. Hermilio Valdiz\u00e1n # 653, Hu\u00e1nuco - Per\u00fa<\/h2>\t\t<\/div>\n\t\t\t\t<\/div>\n\t\t\t\t\t<\/div>\n\t\t<\/div>\n\t\t\t\t\t<\/div>\n\t\t<\/section>\n\t\t\t\t\t<\/div>\n\t\t<\/div>\n\t\t\t\t\t<\/div>\n\t\t<\/section>\n\t\t\t\t<\/div>\n\t\t","protected":false},"excerpt":{"rendered":"<p>Universidad Nacional Daniel Alom\u00eda Robles &#8211; I Concurso de Proyectos de Investigaci\u00f3n I CONCURSO DE PROYECTOS DE INVESTIGACI\u00d3N cient\u00edfica, art\u00edstica, tecnol\u00f3gica y human\u00edstica para docentes de la UNDAR\u00a0 Bases del concurso Cronograma Anexos (en word) Resultados \u00a0 Contacte con nosotros: L\u00cdNEA DE ATENCI\u00d3N (062) 289 722 anexo 4 ESCR\u00cdBENOS vicepresidenciadeinvestigacion@undar.edu.pe UB\u00cdCANOS Jr. Hermilio Valdiz\u00e1n # [&hellip;]<\/p>\n","protected":false},"author":1,"featured_media":0,"parent":0,"menu_order":0,"comment_status":"closed","ping_status":"closed","template":"","meta":{"_uf_show_specific_survey":0,"_uf_disable_surveys":false,"footnotes":""},"class_list":["post-47946","page","type-page","status-publish","hentry"],"aioseo_notices":[],"_links":{"self":[{"href":"http:\/\/www.undar.edu.pe\/index.php\/wp-json\/wp\/v2\/pages\/47946","targetHints":{"allow":["GET"]}}],"collection":[{"href":"http:\/\/www.undar.edu.pe\/index.php\/wp-json\/wp\/v2\/pages"}],"about":[{"href":"http:\/\/www.undar.edu.pe\/index.php\/wp-json\/wp\/v2\/types\/page"}],"author":[{"embeddable":true,"href":"http:\/\/www.undar.edu.pe\/index.php\/wp-json\/wp\/v2\/users\/1"}],"replies":[{"embeddable":true,"href":"http:\/\/www.undar.edu.pe\/index.php\/wp-json\/wp\/v2\/comments?post=47946"}],"version-history":[{"count":83,"href":"http:\/\/www.undar.edu.pe\/index.php\/wp-json\/wp\/v2\/pages\/47946\/revisions"}],"predecessor-version":[{"id":61305,"href":"http:\/\/www.undar.edu.pe\/index.php\/wp-json\/wp\/v2\/pages\/47946\/revisions\/61305"}],"wp:attachment":[{"href":"http:\/\/www.undar.edu.pe\/index.php\/wp-json\/wp\/v2\/media?parent=47946"}],"curies":[{"name":"wp","href":"https:\/\/api.w.org\/{rel}","templated":true}]}}