{"id":40826,"date":"2023-04-14T10:04:56","date_gmt":"2023-04-14T15:04:56","guid":{"rendered":"http:\/\/www.undar.edu.pe\/?page_id=40826"},"modified":"2025-10-17T15:35:53","modified_gmt":"2025-10-17T20:35:53","slug":"universidad-plana-docente-jorge-julca","status":"publish","type":"page","link":"http:\/\/www.undar.edu.pe\/index.php\/universidad-plana-docente-jorge-julca\/","title":{"rendered":"UNIVERSIDAD &#8211; PLANA DOCENTE &#8211; MGTR. SILVERIO LEONARDO JORGE JULCA"},"content":{"rendered":"\t\t<div data-elementor-type=\"wp-page\" data-elementor-id=\"40826\" class=\"elementor elementor-40826\" data-elementor-post-type=\"page\">\n\t\t\t\t\t\t<section class=\"elementor-section elementor-top-section elementor-element elementor-element-2986ca5 elementor-section-full_width elementor-section-content-space-between elementor-section-height-default elementor-section-height-default\" data-id=\"2986ca5\" data-element_type=\"section\">\n\t\t\t\t\t\t<div class=\"elementor-container elementor-column-gap-no\">\n\t\t\t\t\t<div class=\"elementor-column elementor-col-100 elementor-top-column elementor-element elementor-element-ad23e1e\" data-id=\"ad23e1e\" data-element_type=\"column\">\n\t\t\t<div class=\"elementor-widget-wrap elementor-element-populated\">\n\t\t\t\t\t\t<div class=\"elementor-element elementor-element-dbad7cb elementor-widget__width-inherit elementor--h-position-center elementor--v-position-middle elementor-arrows-position-inside elementor-widget elementor-widget-slides\" data-id=\"dbad7cb\" data-element_type=\"widget\" data-settings=\"{&quot;navigation&quot;:&quot;arrows&quot;,&quot;motion_fx_motion_fx_scrolling&quot;:&quot;yes&quot;,&quot;transition_speed&quot;:600,&quot;autoplay&quot;:&quot;yes&quot;,&quot;pause_on_hover&quot;:&quot;yes&quot;,&quot;pause_on_interaction&quot;:&quot;yes&quot;,&quot;autoplay_speed&quot;:5000,&quot;infinite&quot;:&quot;yes&quot;,&quot;transition&quot;:&quot;slide&quot;,&quot;motion_fx_devices&quot;:[&quot;desktop&quot;,&quot;tablet&quot;,&quot;mobile&quot;]}\" data-widget_type=\"slides.default\">\n\t\t\t\t<div class=\"elementor-widget-container\">\n\t\t\t\t\t<div class=\"elementor-swiper\">\n\t\t\t<div class=\"elementor-slides-wrapper elementor-main-swiper swiper\" dir=\"ltr\" data-animation=\"\">\n\t\t\t\t<div class=\"swiper-wrapper elementor-slides\">\n\t\t\t\t\t\t\t\t\t\t<div class=\"elementor-repeater-item-378399b swiper-slide\"><div class=\"swiper-slide-bg\" role=\"img\"><\/div><div class=\"elementor-background-overlay\"><\/div><div class=\"swiper-slide-inner\" ><div class=\"swiper-slide-contents\"><div class=\"elementor-slide-heading\">PLANA DOCENTE<\/div><\/div><\/div><\/div><div class=\"elementor-repeater-item-36fde70 swiper-slide\"><div class=\"swiper-slide-bg\" role=\"img\"><\/div><div class=\"elementor-background-overlay\"><\/div><div class=\"swiper-slide-inner\" ><div class=\"swiper-slide-contents\"><div class=\"elementor-slide-heading\">PLANA DOCENTE<\/div><\/div><\/div><\/div>\t\t\t\t<\/div>\n\t\t\t\t\t\t\t\t\t\t\t\t\t\t\t\t\t\t\t\t<div class=\"elementor-swiper-button elementor-swiper-button-prev\" role=\"button\" tabindex=\"0\">\n\t\t\t\t\t\t\t<i aria-hidden=\"true\" class=\"eicon-chevron-left\"><\/i>\t\t\t\t\t\t\t<span class=\"elementor-screen-only\">Diapositiva anterior<\/span>\n\t\t\t\t\t\t<\/div>\n\t\t\t\t\t\t<div class=\"elementor-swiper-button elementor-swiper-button-next\" role=\"button\" tabindex=\"0\">\n\t\t\t\t\t\t\t<i aria-hidden=\"true\" class=\"eicon-chevron-right\"><\/i>\t\t\t\t\t\t\t<span class=\"elementor-screen-only\">Diapositiva siguiente<\/span>\n\t\t\t\t\t\t<\/div>\n\t\t\t\t\t\t\t\t\t\t\t\t<\/div>\n\t\t<\/div>\n\t\t\t\t<\/div>\n\t\t\t\t<\/div>\n\t\t\t\t\t<\/div>\n\t\t<\/div>\n\t\t\t\t\t<\/div>\n\t\t<\/section>\n\t\t\t\t<section class=\"elementor-section elementor-top-section elementor-element elementor-element-3dbf757 elementor-section-boxed elementor-section-height-default elementor-section-height-default\" data-id=\"3dbf757\" data-element_type=\"section\">\n\t\t\t\t\t\t<div class=\"elementor-container elementor-column-gap-default\">\n\t\t\t\t\t<div class=\"elementor-column elementor-col-100 elementor-top-column elementor-element elementor-element-c952b5c\" data-id=\"c952b5c\" data-element_type=\"column\">\n\t\t\t<div class=\"elementor-widget-wrap elementor-element-populated\">\n\t\t\t\t\t\t<div class=\"elementor-element elementor-element-1e32b9d elementor-widget elementor-widget-heading\" data-id=\"1e32b9d\" data-element_type=\"widget\" data-widget_type=\"heading.default\">\n\t\t\t\t<div class=\"elementor-widget-container\">\n\t\t\t<h6 class=\"elementor-heading-title elementor-size-small\"><b>Universidad Nacional Daniel Alom\u00eda Robles<\/b> - La Universidad - Plana docente - Mgtr. Silverio Leonardo Jorge Julca<\/h6>\t\t<\/div>\n\t\t\t\t<\/div>\n\t\t\t\t\t<\/div>\n\t\t<\/div>\n\t\t\t\t\t<\/div>\n\t\t<\/section>\n\t\t\t\t<section class=\"elementor-section elementor-top-section elementor-element elementor-element-2e8ef1e elementor-section-boxed elementor-section-height-default elementor-section-height-default\" data-id=\"2e8ef1e\" data-element_type=\"section\">\n\t\t\t\t\t\t<div class=\"elementor-container elementor-column-gap-default\">\n\t\t\t\t\t<div class=\"elementor-column elementor-col-50 elementor-top-column elementor-element elementor-element-ddaf50b\" data-id=\"ddaf50b\" data-element_type=\"column\">\n\t\t\t<div class=\"elementor-widget-wrap elementor-element-populated\">\n\t\t\t\t\t\t<div class=\"elementor-element elementor-element-0bc440f elementor-nav-menu--dropdown-tablet elementor-nav-menu__text-align-aside elementor-nav-menu--toggle elementor-nav-menu--burger elementor-widget elementor-widget-nav-menu\" data-id=\"0bc440f\" data-element_type=\"widget\" data-settings=\"{&quot;layout&quot;:&quot;vertical&quot;,&quot;submenu_icon&quot;:{&quot;value&quot;:&quot;&lt;i class=\\&quot;fas fa-caret-down\\&quot;&gt;&lt;\\\/i&gt;&quot;,&quot;library&quot;:&quot;fa-solid&quot;},&quot;toggle&quot;:&quot;burger&quot;}\" data-widget_type=\"nav-menu.default\">\n\t\t\t\t<div class=\"elementor-widget-container\">\n\t\t\t\t\t\t<nav aria-label=\"Men\u00fa\" class=\"elementor-nav-menu--main elementor-nav-menu__container elementor-nav-menu--layout-vertical e--pointer-underline e--animation-fade\">\n\t\t\t\t<ul id=\"menu-1-0bc440f\" class=\"elementor-nav-menu sm-vertical\"><li class=\"menu-item menu-item-type-custom menu-item-object-custom menu-item-305\"><a href=\"https:\/\/www.undar.edu.pe\/index.php\/universidad-resenia-historica\" class=\"elementor-item\">Rese\u00f1a hist\u00f3rica<\/a><\/li>\n<li class=\"menu-item menu-item-type-custom menu-item-object-custom menu-item-309\"><a href=\"https:\/\/www.undar.edu.pe\/index.php\/universidad-mision-y-valores\/\" class=\"elementor-item\">Misi\u00f3n y valores<\/a><\/li>\n<li class=\"menu-item menu-item-type-custom menu-item-object-custom menu-item-306\"><a href=\"https:\/\/www.undar.edu.pe\/index.php\/universidad-comision-organizadora\/\" class=\"elementor-item\">Comisi\u00f3n Organizadora<\/a><\/li>\n<li class=\"menu-item menu-item-type-custom menu-item-object-custom menu-item-976\"><a href=\"https:\/\/www.undar.edu.pe\/index.php\/universidad-plana-docente\" class=\"elementor-item\">Plana docente<\/a><\/li>\n<li class=\"menu-item menu-item-type-custom menu-item-object-custom menu-item-307\"><a href=\"https:\/\/www.undar.edu.pe\/index.php\/universidad-licenciamiento\/\" class=\"elementor-item\">Licenciamiento<\/a><\/li>\n<\/ul>\t\t\t<\/nav>\n\t\t\t\t\t<div class=\"elementor-menu-toggle\" role=\"button\" tabindex=\"0\" aria-label=\"Alternar men\u00fa\" aria-expanded=\"false\">\n\t\t\t<i aria-hidden=\"true\" role=\"presentation\" class=\"elementor-menu-toggle__icon--open eicon-menu-bar\"><\/i><i aria-hidden=\"true\" role=\"presentation\" class=\"elementor-menu-toggle__icon--close eicon-close\"><\/i>\t\t\t<span class=\"elementor-screen-only\">Men\u00fa<\/span>\n\t\t<\/div>\n\t\t\t\t\t<nav class=\"elementor-nav-menu--dropdown elementor-nav-menu__container\" aria-hidden=\"true\">\n\t\t\t\t<ul id=\"menu-2-0bc440f\" class=\"elementor-nav-menu sm-vertical\"><li class=\"menu-item menu-item-type-custom menu-item-object-custom menu-item-305\"><a href=\"https:\/\/www.undar.edu.pe\/index.php\/universidad-resenia-historica\" class=\"elementor-item\" tabindex=\"-1\">Rese\u00f1a hist\u00f3rica<\/a><\/li>\n<li class=\"menu-item menu-item-type-custom menu-item-object-custom menu-item-309\"><a href=\"https:\/\/www.undar.edu.pe\/index.php\/universidad-mision-y-valores\/\" class=\"elementor-item\" tabindex=\"-1\">Misi\u00f3n y valores<\/a><\/li>\n<li class=\"menu-item menu-item-type-custom menu-item-object-custom menu-item-306\"><a href=\"https:\/\/www.undar.edu.pe\/index.php\/universidad-comision-organizadora\/\" class=\"elementor-item\" tabindex=\"-1\">Comisi\u00f3n Organizadora<\/a><\/li>\n<li class=\"menu-item menu-item-type-custom menu-item-object-custom menu-item-976\"><a href=\"https:\/\/www.undar.edu.pe\/index.php\/universidad-plana-docente\" class=\"elementor-item\" tabindex=\"-1\">Plana docente<\/a><\/li>\n<li class=\"menu-item menu-item-type-custom menu-item-object-custom menu-item-307\"><a href=\"https:\/\/www.undar.edu.pe\/index.php\/universidad-licenciamiento\/\" class=\"elementor-item\" tabindex=\"-1\">Licenciamiento<\/a><\/li>\n<\/ul>\t\t\t<\/nav>\n\t\t\t\t<\/div>\n\t\t\t\t<\/div>\n\t\t\t\t\t<\/div>\n\t\t<\/div>\n\t\t\t\t<div class=\"elementor-column elementor-col-50 elementor-top-column elementor-element elementor-element-936a648\" data-id=\"936a648\" data-element_type=\"column\">\n\t\t\t<div class=\"elementor-widget-wrap elementor-element-populated\">\n\t\t\t\t\t\t<section class=\"elementor-section elementor-inner-section elementor-element elementor-element-f24198d elementor-section-boxed elementor-section-height-default elementor-section-height-default\" data-id=\"f24198d\" data-element_type=\"section\">\n\t\t\t\t\t\t<div class=\"elementor-container elementor-column-gap-default\">\n\t\t\t\t\t<div class=\"elementor-column elementor-col-50 elementor-inner-column elementor-element elementor-element-d05f2d6\" data-id=\"d05f2d6\" data-element_type=\"column\">\n\t\t\t<div class=\"elementor-widget-wrap elementor-element-populated\">\n\t\t\t\t\t\t<div class=\"elementor-element elementor-element-c1a2893 elementor-widget elementor-widget-image\" data-id=\"c1a2893\" data-element_type=\"widget\" data-widget_type=\"image.default\">\n\t\t\t\t<div class=\"elementor-widget-container\">\n\t\t\t\t\t\t\t\t\t\t\t\t\t<img fetchpriority=\"high\" decoding=\"async\" width=\"712\" height=\"1024\" src=\"http:\/\/www.undar.edu.pe\/wp-content\/uploads\/2023\/12\/Silverio-Leonardo-Jorge-Julca-712x1024.png\" class=\"attachment-large size-large wp-image-51532\" alt=\"Foto del Mgtr. Silverio Leonardo Jorge Julca\" srcset=\"http:\/\/www.undar.edu.pe\/wp-content\/uploads\/2023\/12\/Silverio-Leonardo-Jorge-Julca-712x1024.png 712w, http:\/\/www.undar.edu.pe\/wp-content\/uploads\/2023\/12\/Silverio-Leonardo-Jorge-Julca-209x300.png 209w, http:\/\/www.undar.edu.pe\/wp-content\/uploads\/2023\/12\/Silverio-Leonardo-Jorge-Julca-768x1105.png 768w, http:\/\/www.undar.edu.pe\/wp-content\/uploads\/2023\/12\/Silverio-Leonardo-Jorge-Julca-1068x1536.png 1068w, http:\/\/www.undar.edu.pe\/wp-content\/uploads\/2023\/12\/Silverio-Leonardo-Jorge-Julca.png 1161w\" sizes=\"(max-width: 712px) 100vw, 712px\" \/>\t\t\t\t\t\t\t\t\t\t\t\t\t<\/div>\n\t\t\t\t<\/div>\n\t\t\t\t\t<\/div>\n\t\t<\/div>\n\t\t\t\t<div class=\"elementor-column elementor-col-50 elementor-inner-column elementor-element elementor-element-d5aa3b3\" data-id=\"d5aa3b3\" data-element_type=\"column\">\n\t\t\t<div class=\"elementor-widget-wrap elementor-element-populated\">\n\t\t\t\t\t\t<div class=\"elementor-element elementor-element-4baec34 elementor-widget elementor-widget-text-editor\" data-id=\"4baec34\" data-element_type=\"widget\" data-widget_type=\"text-editor.default\">\n\t\t\t\t<div class=\"elementor-widget-container\">\n\t\t\t\t\t\t\t<p style=\"margin: 0.5% 0;\"><span style=\"font-weight: bolder; color: #7a7a7a;\"><span style=\"color: #b3224e;\">MGTR. SILVERIO LEONARDO<\/span><\/span><strong><span style=\"color: #b3224e;\"><br \/><\/span><\/strong><span style=\"font-weight: bolder; color: #7a7a7a;\"><span style=\"color: #b3224e;\">JORGE JULCA<\/span><\/span><strong><span style=\"color: #b3224e;\"><br \/><\/span><\/strong><\/p><p style=\"margin: 0.5% 0;\">Director(e) de Responsabilidad Social Universitaria y Extensi\u00f3n Cultural<\/p><hr \/><p style=\"margin: 0.5% 0;\">Aprobado con Resoluci\u00f3n de Comisi\u00f3n Organizadora N\u00b0 295-2024-CO-UNDAR<\/p>\t\t\t\t\t\t<\/div>\n\t\t\t\t<\/div>\n\t\t\t\t\t<\/div>\n\t\t<\/div>\n\t\t\t\t\t<\/div>\n\t\t<\/section>\n\t\t\t\t\t<\/div>\n\t\t<\/div>\n\t\t\t\t\t<\/div>\n\t\t<\/section>\n\t\t\t\t<section class=\"elementor-section elementor-top-section elementor-element elementor-element-f368651 elementor-section-boxed elementor-section-height-default elementor-section-height-default\" data-id=\"f368651\" data-element_type=\"section\">\n\t\t\t\t\t\t<div class=\"elementor-container elementor-column-gap-default\">\n\t\t\t\t\t<div class=\"elementor-column elementor-col-50 elementor-top-column elementor-element elementor-element-35aefbb\" data-id=\"35aefbb\" data-element_type=\"column\">\n\t\t\t<div class=\"elementor-widget-wrap\">\n\t\t\t\t\t\t\t<\/div>\n\t\t<\/div>\n\t\t\t\t<div class=\"elementor-column elementor-col-50 elementor-top-column elementor-element elementor-element-2c70a20\" data-id=\"2c70a20\" data-element_type=\"column\">\n\t\t\t<div class=\"elementor-widget-wrap elementor-element-populated\">\n\t\t\t\t\t\t<section class=\"elementor-section elementor-inner-section elementor-element elementor-element-ef4833e elementor-section-boxed elementor-section-height-default elementor-section-height-default\" data-id=\"ef4833e\" data-element_type=\"section\">\n\t\t\t\t\t\t<div class=\"elementor-container elementor-column-gap-default\">\n\t\t\t\t\t<div class=\"elementor-column elementor-col-100 elementor-inner-column elementor-element elementor-element-7950f17\" data-id=\"7950f17\" data-element_type=\"column\">\n\t\t\t<div class=\"elementor-widget-wrap elementor-element-populated\">\n\t\t\t\t\t\t<div class=\"elementor-element elementor-element-7c5856d elementor-widget elementor-widget-text-editor\" data-id=\"7c5856d\" data-element_type=\"widget\" data-widget_type=\"text-editor.default\">\n\t\t\t\t<div class=\"elementor-widget-container\">\n\t\t\t\t\t\t\t<p style=\"text-align: justify;\"><span style=\"font-family: var( --e-global-typography-text-font-family ), Sans-serif; font-size: 1rem; font-weight: var( --e-global-typography-text-font-weight );\">Mag\u00edster en Pedagog\u00eda Musical en la Universidad Internacional de la Rioja (Espa\u00f1a); mag\u00edster en Educaci\u00f3n con menci\u00f3n: Investigaci\u00f3n y Docencia Superior en la Universidad Nacional Hermilio Valdiz\u00e1n (Hu\u00e1nuco); licenciado en M\u00fasica con menci\u00f3n: int\u00e9rprete, productor y director musical en el Instituto Superior de M\u00fasica P\u00fablico \u00abDaniel Alom\u00eda Robles\u00bb (hoy Universidad Nacional Daniel Alom\u00eda Robles); especialista en Metodolog\u00eda de la Educaci\u00f3n Art\u00edstica en la Universidad Nacional Mayor de San Marcos (Lima) y licenciado del Ej\u00e9rcito del Per\u00fa \u201cBTN FFEE No 314\u201d (Hu\u00e1nuco).<\/span><\/p><p style=\"text-align: justify;\"><span style=\"font-family: var( --e-global-typography-text-font-family ), Sans-serif; font-size: 1rem; font-weight: var( --e-global-typography-text-font-weight );\">Fue ponente de m\u00fasica huanuque\u00f1a en el 6to FESTIVAL INTERNACIONAL PER\u00daSAX (Ayacucho, 2017), en el 7mo FESTIVAL INTERNACIONAL PER\u00daSAX (Ica, 2018), en el 8vo FESTIVAL INTERNACIONAL PER\u00daSAX, en el 9no Festival Internacional y 6to. Concurso Nacional Juvenil de Saxof\u00f3n PER\u00daSAX-2020. Asimismo, ha participado en diferentes festivales nacionales e internacionales con ponentes de Francia, Espa\u00f1a, Rusia, EE. UU., Argentina, Brasil, Chile, M\u00e9xico, Colombia, Bolivia y Ecuador.<\/span><\/p><p>Actualmente es docente nombrado en la<span style=\"color: #b3224e;\"> <strong>Universidad Nacional Daniel Alom\u00eda Robles (UNDAR)<\/strong><\/span>; asimismo, es integrante de la Orquesta Sinf\u00f3nica de Hu\u00e1nuco y participa como solista en la Orquesta Regional de la UNDAR. Tambi\u00e9n es director del Ensamble de Saxofones de la UNDAR, organizador de diferentes talleres de SAXOF\u00d3N CL\u00c1SICO Y POPULAR en la ciudad de Hu\u00e1nuco.<\/p><p>Adem\u00e1s, cuenta con experiencia como instructor musical en el Ej\u00e9rcito del Per\u00fa y en el Sistema de Orquestas Juveniles e Infantiles del Per\u00fa \u201cSinfon\u00eda Por el Per\u00fa\u201d. Docente del curso de M\u00fasica y Danza en la \u201cEscuela de Educaci\u00f3n Superior T\u00e9cnico Profesional de la Polic\u00eda Nacional del Per\u00fa\u201d en Santa Mar\u00eda del Valle \u2013 Hu\u00e1nuco.<\/p>\t\t\t\t\t\t<\/div>\n\t\t\t\t<\/div>\n\t\t\t\t\t<\/div>\n\t\t<\/div>\n\t\t\t\t\t<\/div>\n\t\t<\/section>\n\t\t\t\t<section class=\"elementor-section elementor-inner-section elementor-element elementor-element-21fd014 elementor-section-boxed elementor-section-height-default elementor-section-height-default\" data-id=\"21fd014\" data-element_type=\"section\">\n\t\t\t\t\t\t<div class=\"elementor-container elementor-column-gap-default\">\n\t\t\t\t\t<div class=\"elementor-column elementor-col-100 elementor-inner-column elementor-element elementor-element-7db14a6\" data-id=\"7db14a6\" data-element_type=\"column\">\n\t\t\t<div class=\"elementor-widget-wrap elementor-element-populated\">\n\t\t\t\t\t\t<div class=\"elementor-element elementor-element-8a97248 elementor-align-justify elementor-widget__width-inherit elementor-widget elementor-widget-button\" data-id=\"8a97248\" data-element_type=\"widget\" data-widget_type=\"button.default\">\n\t\t\t\t<div class=\"elementor-widget-container\">\n\t\t\t\t\t\t\t<div class=\"elementor-button-wrapper\">\n\t\t\t\t\t<a class=\"elementor-button elementor-button-link elementor-size-md\" href=\"https:\/\/www.undar.edu.pe\/index.php\/universidad-plana-docente\">\n\t\t\t\t\t\t<span class=\"elementor-button-content-wrapper\">\n\t\t\t\t\t\t<span class=\"elementor-button-icon\">\n\t\t\t\t<i aria-hidden=\"true\" class=\"fas fa-arrow-left\"><\/i>\t\t\t<\/span>\n\t\t\t\t\t\t\t\t\t<span class=\"elementor-button-text\">VOLVER A PLANA DOCENTE<\/span>\n\t\t\t\t\t<\/span>\n\t\t\t\t\t<\/a>\n\t\t\t\t<\/div>\n\t\t\t\t\t\t<\/div>\n\t\t\t\t<\/div>\n\t\t\t\t\t<\/div>\n\t\t<\/div>\n\t\t\t\t\t<\/div>\n\t\t<\/section>\n\t\t\t\t<div class=\"elementor-element elementor-element-5b87927 elementor-widget elementor-widget-text-editor\" data-id=\"5b87927\" data-element_type=\"widget\" data-widget_type=\"text-editor.default\">\n\t\t\t\t<div class=\"elementor-widget-container\">\n\t\t\t\t\t\t\t<p><span style=\"color: #343434;\"><button id=\"listenButton1\" class=\"responsivevoice-button\" type=\"button\" value=\"Play\" title=\"ResponsiveVoice Tap to Start\/Stop Speech\"><span>&#128266; Listen to this<\/span><\/button>\n        <script>\n            listenButton1.onclick = function(){\n                if(responsiveVoice.isPlaying()){\n                    responsiveVoice.cancel();\n                }else{\n                    responsiveVoice.speak(\"PLANA DOCENTEPLANA DOCENTE Diapositiva anterior Diapositiva siguiente Universidad Nacional Daniel Alom\u00eda Robles - La Universidad - Plana docente - Mgtr. Silverio Leonardo Jorge Julca MGTR. SILVERIO LEONARDOJORGE JULCADirector(e) de Responsabilidad Social Universitaria y Extensi\u00f3n CulturalAprobado con Resoluci\u00f3n de Comisi\u00f3n Organizadora N\u00b0 295-2024-CO-UNDARMag\u00edster en Pedagog\u00eda Musical en la Universidad Internacional de la Rioja (Espa\u00f1a); mag\u00edster en Educaci\u00f3n con menci\u00f3n: Investigaci\u00f3n y Docencia Superior en la Universidad Nacional Hermilio Valdiz\u00e1n (Hu\u00e1nuco); licenciado en M\u00fasica con menci\u00f3n: int\u00e9rprete, productor y director musical en el Instituto Superior de M\u00fasica P\u00fablico \\\"Daniel Alom\u00eda Robles\\\" (hoy Universidad Nacional Daniel Alom\u00eda Robles); especialista en Metodolog\u00eda de la Educaci\u00f3n Art\u00edstica en la Universidad Nacional Mayor de San Marcos (Lima) y licenciado del Ej\u00e9rcito del Per\u00fa \u201cBTN FFEE No 314\u201d (Hu\u00e1nuco).Fue ponente de m\u00fasica huanuque\u00f1a en el 6to FESTIVAL INTERNACIONAL PER\u00daSAX (Ayacucho, 2017), en el 7mo FESTIVAL INTERNACIONAL PER\u00daSAX (Ica, 2018), en el 8vo FESTIVAL INTERNACIONAL PER\u00daSAX, en el 9no Festival Internacional y 6to. Concurso Nacional Juvenil de Saxof\u00f3n PER\u00daSAX-2020. Asimismo, ha participado en diferentes festivales nacionales e internacionales con ponentes de Francia, Espa\u00f1a, Rusia, EE. UU., Argentina, Brasil, Chile, M\u00e9xico, Colombia, Bolivia y Ecuador.Actualmente es docente nombrado en la Universidad Nacional Daniel Alom\u00eda Robles (UNDAR); asimismo, es integrante de la Orquesta Sinf\u00f3nica de Hu\u00e1nuco y participa como solista en la Orquesta Regional de la UNDAR. Tambi\u00e9n es director del Ensamble de Saxofones de la UNDAR, organizador de diferentes talleres de SAXOF\u00d3N CL\u00c1SICO Y POPULAR en la ciudad de Hu\u00e1nuco.Adem\u00e1s, cuenta con experiencia como instructor musical en el Ej\u00e9rcito del Per\u00fa y en el Sistema de Orquestas Juveniles e Infantiles del Per\u00fa \u201cSinfon\u00eda Por el Per\u00fa\u201d. Docente del curso de M\u00fasica y Danza en la \u201cEscuela de Educaci\u00f3n Superior T\u00e9cnico Profesional de la Polic\u00eda Nacional del Per\u00fa\u201d en Santa Mar\u00eda del Valle \u2013 Hu\u00e1nuco. VOLVER A PLANA DOCENTE \u00a0\", \"UK English Female\");\n                }\n            };\n        <\/script>\n    \u00a0<\/span><\/p>\t\t\t\t\t\t<\/div>\n\t\t\t\t<\/div>\n\t\t\t\t\t<\/div>\n\t\t<\/div>\n\t\t\t\t\t<\/div>\n\t\t<\/section>\n\t\t\t\t<\/div>\n\t\t","protected":false},"excerpt":{"rendered":"<p>PLANA DOCENTEPLANA DOCENTE Diapositiva anterior Diapositiva siguiente Universidad Nacional Daniel Alom\u00eda Robles &#8211; La Universidad &#8211; Plana docente &#8211; Mgtr. Silverio Leonardo Jorge Julca MGTR. SILVERIO LEONARDOJORGE JULCA Director(e) de Responsabilidad Social Universitaria y Extensi\u00f3n Cultural Aprobado con Resoluci\u00f3n de Comisi\u00f3n Organizadora N\u00b0 295-2024-CO-UNDAR Mag\u00edster en Pedagog\u00eda Musical en la Universidad Internacional de la Rioja [&hellip;]<\/p>\n","protected":false},"author":1,"featured_media":0,"parent":0,"menu_order":0,"comment_status":"closed","ping_status":"closed","template":"","meta":{"_uf_show_specific_survey":0,"_uf_disable_surveys":false,"footnotes":""},"class_list":["post-40826","page","type-page","status-publish","hentry"],"aioseo_notices":[],"_links":{"self":[{"href":"http:\/\/www.undar.edu.pe\/index.php\/wp-json\/wp\/v2\/pages\/40826","targetHints":{"allow":["GET"]}}],"collection":[{"href":"http:\/\/www.undar.edu.pe\/index.php\/wp-json\/wp\/v2\/pages"}],"about":[{"href":"http:\/\/www.undar.edu.pe\/index.php\/wp-json\/wp\/v2\/types\/page"}],"author":[{"embeddable":true,"href":"http:\/\/www.undar.edu.pe\/index.php\/wp-json\/wp\/v2\/users\/1"}],"replies":[{"embeddable":true,"href":"http:\/\/www.undar.edu.pe\/index.php\/wp-json\/wp\/v2\/comments?post=40826"}],"version-history":[{"count":56,"href":"http:\/\/www.undar.edu.pe\/index.php\/wp-json\/wp\/v2\/pages\/40826\/revisions"}],"predecessor-version":[{"id":64111,"href":"http:\/\/www.undar.edu.pe\/index.php\/wp-json\/wp\/v2\/pages\/40826\/revisions\/64111"}],"wp:attachment":[{"href":"http:\/\/www.undar.edu.pe\/index.php\/wp-json\/wp\/v2\/media?parent=40826"}],"curies":[{"name":"wp","href":"https:\/\/api.w.org\/{rel}","templated":true}]}}