{"id":35274,"date":"2023-02-07T09:59:47","date_gmt":"2023-02-07T14:59:47","guid":{"rendered":"http:\/\/www.undar.edu.pe\/?page_id=35274"},"modified":"2025-03-25T15:29:56","modified_gmt":"2025-03-25T20:29:56","slug":"transparencia-transparencia-universitaria-acceso-a-la-informacion-publica","status":"publish","type":"page","link":"http:\/\/www.undar.edu.pe\/index.php\/transparencia-transparencia-universitaria-acceso-a-la-informacion-publica\/","title":{"rendered":"TRANSPARENCIA &#8211; TRANSPARENCIA UNIVERSITARIA &#8211; ACCESO A LA INFORMACI\u00d3N P\u00daBLICA"},"content":{"rendered":"\t\t<div data-elementor-type=\"wp-page\" data-elementor-id=\"35274\" class=\"elementor elementor-35274\" data-elementor-post-type=\"page\">\n\t\t\t\t\t\t<section class=\"elementor-section elementor-top-section elementor-element elementor-element-ae88160 elementor-section-full_width elementor-section-content-space-between elementor-section-height-default elementor-section-height-default\" data-id=\"ae88160\" data-element_type=\"section\">\n\t\t\t\t\t\t<div class=\"elementor-container elementor-column-gap-no\">\n\t\t\t\t\t<div class=\"elementor-column elementor-col-100 elementor-top-column elementor-element elementor-element-a4d03be\" data-id=\"a4d03be\" data-element_type=\"column\">\n\t\t\t<div class=\"elementor-widget-wrap elementor-element-populated\">\n\t\t\t\t\t\t<div class=\"elementor-element elementor-element-0d738e0 elementor-widget__width-inherit elementor--h-position-center elementor--v-position-middle elementor-arrows-position-inside elementor-widget elementor-widget-slides\" data-id=\"0d738e0\" data-element_type=\"widget\" data-settings=\"{&quot;navigation&quot;:&quot;arrows&quot;,&quot;motion_fx_motion_fx_scrolling&quot;:&quot;yes&quot;,&quot;autoplay&quot;:&quot;yes&quot;,&quot;pause_on_hover&quot;:&quot;yes&quot;,&quot;pause_on_interaction&quot;:&quot;yes&quot;,&quot;autoplay_speed&quot;:5000,&quot;infinite&quot;:&quot;yes&quot;,&quot;transition&quot;:&quot;slide&quot;,&quot;transition_speed&quot;:500,&quot;motion_fx_devices&quot;:[&quot;desktop&quot;,&quot;tablet&quot;,&quot;mobile&quot;]}\" data-widget_type=\"slides.default\">\n\t\t\t\t<div class=\"elementor-widget-container\">\n\t\t\t\t\t<div class=\"elementor-swiper\">\n\t\t\t<div class=\"elementor-slides-wrapper elementor-main-swiper swiper\" dir=\"ltr\" data-animation=\"fadeInUp\">\n\t\t\t\t<div class=\"swiper-wrapper elementor-slides\">\n\t\t\t\t\t\t\t\t\t\t<div class=\"elementor-repeater-item-378399b swiper-slide\"><div class=\"swiper-slide-bg\" role=\"img\"><\/div><div class=\"elementor-background-overlay\"><\/div><div class=\"swiper-slide-inner\" ><div class=\"swiper-slide-contents\"><div class=\"elementor-slide-heading\">TRANSPARENCIA UNIVERSITARIA<\/div><\/div><\/div><\/div><div class=\"elementor-repeater-item-bdd7060 swiper-slide\"><div class=\"swiper-slide-bg\" role=\"img\"><\/div><div class=\"elementor-background-overlay\"><\/div><div class=\"swiper-slide-inner\" ><div class=\"swiper-slide-contents\"><div class=\"elementor-slide-heading\">TRANSPARENCIA UNIVERSITARIA<\/div><\/div><\/div><\/div>\t\t\t\t<\/div>\n\t\t\t\t\t\t\t\t\t\t\t\t\t\t\t\t\t\t\t\t<div class=\"elementor-swiper-button elementor-swiper-button-prev\" role=\"button\" tabindex=\"0\">\n\t\t\t\t\t\t\t<i aria-hidden=\"true\" class=\"eicon-chevron-left\"><\/i>\t\t\t\t\t\t\t<span class=\"elementor-screen-only\">Diapositiva anterior<\/span>\n\t\t\t\t\t\t<\/div>\n\t\t\t\t\t\t<div class=\"elementor-swiper-button elementor-swiper-button-next\" role=\"button\" tabindex=\"0\">\n\t\t\t\t\t\t\t<i aria-hidden=\"true\" class=\"eicon-chevron-right\"><\/i>\t\t\t\t\t\t\t<span class=\"elementor-screen-only\">Diapositiva siguiente<\/span>\n\t\t\t\t\t\t<\/div>\n\t\t\t\t\t\t\t\t\t\t\t\t<\/div>\n\t\t<\/div>\n\t\t\t\t<\/div>\n\t\t\t\t<\/div>\n\t\t\t\t\t<\/div>\n\t\t<\/div>\n\t\t\t\t\t<\/div>\n\t\t<\/section>\n\t\t\t\t<section class=\"elementor-section elementor-top-section elementor-element elementor-element-9de83bb elementor-section-boxed elementor-section-height-default elementor-section-height-default\" data-id=\"9de83bb\" data-element_type=\"section\">\n\t\t\t\t\t\t<div class=\"elementor-container elementor-column-gap-default\">\n\t\t\t\t\t<div class=\"elementor-column elementor-col-100 elementor-top-column elementor-element elementor-element-5ced3ed\" data-id=\"5ced3ed\" data-element_type=\"column\">\n\t\t\t<div class=\"elementor-widget-wrap elementor-element-populated\">\n\t\t\t\t\t\t<div class=\"elementor-element elementor-element-6969e15 elementor-widget elementor-widget-heading\" data-id=\"6969e15\" data-element_type=\"widget\" data-widget_type=\"heading.default\">\n\t\t\t\t<div class=\"elementor-widget-container\">\n\t\t\t<h6 class=\"elementor-heading-title elementor-size-small\"><b>Universidad Nacional Daniel Alom\u00eda Robles<\/b> - Transparencia - Transparencia universitaria - Acceso a la informaci\u00f3n p\u00fablica<\/h6>\t\t<\/div>\n\t\t\t\t<\/div>\n\t\t\t\t\t<\/div>\n\t\t<\/div>\n\t\t\t\t\t<\/div>\n\t\t<\/section>\n\t\t\t\t<section class=\"elementor-section elementor-top-section elementor-element elementor-element-e169085 elementor-section-boxed elementor-section-height-default elementor-section-height-default\" data-id=\"e169085\" data-element_type=\"section\">\n\t\t\t\t\t\t<div class=\"elementor-container elementor-column-gap-default\">\n\t\t\t\t\t<div class=\"elementor-column elementor-col-100 elementor-top-column elementor-element elementor-element-ea66f5d\" data-id=\"ea66f5d\" data-element_type=\"column\">\n\t\t\t<div class=\"elementor-widget-wrap elementor-element-populated\">\n\t\t\t\t\t\t<div class=\"elementor-element elementor-element-373766e elementor-widget elementor-widget-heading\" data-id=\"373766e\" data-element_type=\"widget\" data-widget_type=\"heading.default\">\n\t\t\t\t<div class=\"elementor-widget-container\">\n\t\t\t<h3 class=\"elementor-heading-title elementor-size-default\">ACCESO A LA INFORMACI\u00d3N P\u00daBLICA<\/h3>\t\t<\/div>\n\t\t\t\t<\/div>\n\t\t\t\t\t<\/div>\n\t\t<\/div>\n\t\t\t\t\t<\/div>\n\t\t<\/section>\n\t\t\t\t<section class=\"elementor-section elementor-top-section elementor-element elementor-element-3eaa91e elementor-section-boxed elementor-section-height-default elementor-section-height-default\" data-id=\"3eaa91e\" data-element_type=\"section\">\n\t\t\t\t\t\t<div class=\"elementor-container elementor-column-gap-default\">\n\t\t\t\t\t<div class=\"elementor-column elementor-col-100 elementor-top-column elementor-element elementor-element-86bec69\" data-id=\"86bec69\" data-element_type=\"column\" data-settings=\"{&quot;background_background&quot;:&quot;classic&quot;}\">\n\t\t\t<div class=\"elementor-widget-wrap elementor-element-populated\">\n\t\t\t\t\t\t<div class=\"elementor-element elementor-element-09b4d59 elementor-widget elementor-widget-text-editor\" data-id=\"09b4d59\" data-element_type=\"widget\" data-widget_type=\"text-editor.default\">\n\t\t\t\t<div class=\"elementor-widget-container\">\n\t\t\t\t\t\t\t<p><span style=\"color: #343434;\">El Reglamento de Transparencia y Acceso a la Informaci\u00f3n P\u00fablica regula la obligaci\u00f3n de la Universidad de entregar informaci\u00f3n p\u00fablica propia o que se encuentre en su poder, relacionada con el servicio p\u00fablico que brinda.<\/span><\/p><p><span style=\"color: #343434;\">Conforme al art\u00edculo 11 de la Ley Universitaria, la informaci\u00f3n se publica o entrega a quien la solicite, salvo las excepciones establecidas por ley.<\/span><\/p>\t\t\t\t\t\t<\/div>\n\t\t\t\t<\/div>\n\t\t\t\t<div class=\"elementor-element elementor-element-4448f12 elementor-widget elementor-widget-text-editor\" data-id=\"4448f12\" data-element_type=\"widget\" data-widget_type=\"text-editor.default\">\n\t\t\t\t<div class=\"elementor-widget-container\">\n\t\t\t\t\t\t\t<p><span style=\"color: #343434; font-family: var( --e-global-typography-text-font-family ), Sans-serif; font-size: 1rem; font-weight: bolder;\">REQUISITOS<\/span><br><span style=\"color: #343434;\">1. Solicitud v\u00eda formulario o documento equivalente<\/span><br><span style=\"color: #343434;\">2. De corresponder, evidencia de pago de costo de reproducci\u00f3n.<\/span><\/p>\n<p><span style=\"color: #f6921e;\"><span style=\"font-weight: bolder;\">CANALES DE ATENCI\u00d3N<\/span><\/span><br><span style=\"color: #343434;\">1. Presencial:&nbsp;Jr. Hermilio Valdiz\u00e1n #134, Hu\u00e1nuco<br>2. Virtual: <span style=\"color: #b3224e;\"><strong><a style=\"color: #b3224e;\" href=\"https:\/\/mesadepartes.undar.edu.pe\/\" target=\"_blank\" rel=\"noopener\">https:\/\/mesadepartes.undar.edu.pe\/<\/a><\/strong><\/span><\/span><br><span style=\"color: #343434;\">3. Tel\u00e9fono: (062) 283 402 anexo 1<\/span><\/p>\n<p><span style=\"color: #343434;\"><span style=\"font-weight: bolder;\">HORARIOS DE ATENCI\u00d3N<\/span><\/span><br><span style=\"color: #343434;\">Lunes a viernes de 08:00 a 16:00 horas&nbsp;<\/span><\/p>\n<p><span style=\"color: #f6921e;\"><span style=\"font-weight: bolder;\">FORMULARIO<\/span><\/span><br><strong><span style=\"text-decoration: underline;\"><a href=\"http:\/\/www.undar.edu.pe\/wp-content\/uploads\/2023\/02\/SOLICITUD-DE-ACCESO-A-LA-INFORMACION-PUBLICA.pdf\" target=\"_blank\" rel=\"noopener\"><span style=\"color: #343434; text-decoration: underline;\">&#8211; Solicitud de Acceso a la Informaci\u00f3n P\u00fablica<\/span><\/a><span style=\"color: #343434; text-decoration: underline;\"><br><\/span><a href=\"http:\/\/www.undar.edu.pe\/wp-content\/uploads\/2023\/12\/FUT003.pdf\" target=\"_blank\" rel=\"noopener\"><span style=\"color: #343434; text-decoration: underline;\"><span style=\"color: #343434; text-decoration: underline;\">&#8211; Formato \u00danico de Tr\u00e1mite (FUT)<\/span><\/span><\/a><\/span><\/strong><\/p>\n<p><span style=\"color: #343434;\"><span style=\"font-weight: bolder;\">CONSULTAS<\/span><\/span><br><a href=\"mailto:mesadepartesundar@undar.edu.pe\"><span style=\"color: #343434;\">secretariageneral@undar.edu.pe<\/span><\/a><\/p>\n<p><span style=\"color: #f6921e;\"><span style=\"font-weight: bolder;\">UNIDAD A QUIEN SE PRESENTA Y ATIENDE LA INFORMACI\u00d3N<\/span><\/span><br><span style=\"color: #343434;\">1. A quien se presenta: Secretar\u00eda General (funcionaria responsable de entregar la informaci\u00f3n p\u00fablica)<\/span><br><span style=\"color: #343434;\">2. Quien aprueba: Secretar\u00eda General&nbsp;<\/span><span style=\"color: #343434; font-family: var( --e-global-typography-text-font-family ), Sans-serif; font-weight: var( --e-global-typography-text-font-weight ); font-size: 1rem;\">(funcionaria responsable&nbsp;<\/span><span style=\"color: #343434; font-family: var( --e-global-typography-text-font-family ), Sans-serif; font-weight: var( --e-global-typography-text-font-weight ); font-size: 1rem;\">de entregar la informaci\u00f3n p\u00fablica<\/span><span style=\"color: #343434; font-family: var( --e-global-typography-text-font-family ), Sans-serif; font-size: 1rem; font-weight: var( --e-global-typography-text-font-weight );\">)<\/span><\/p>\n<p><span style=\"color: #343434;\"><span style=\"font-weight: bolder;\">PLAZO DE ATENCI\u00d3N<\/span><\/span><br><span style=\"color: #343434;\">10 d\u00edas h\u00e1biles<\/span><\/p>\n<p><span style=\"color: #f6921e;\"><span style=\"font-weight: bolder;\">FICHA DETALLADA DEL PROCEDIMIENTO<\/span><\/span><br><span style=\"text-decoration-line: underline; color: #343434;\"><a style=\"color: #343434;\" href=\"http:\/\/www.undar.edu.pe\/wp-content\/uploads\/2022\/03\/PA001-Acceso-a-la-informacion-publica.pdf\" target=\"_blank\" rel=\"noopener\">Ver aqu\u00ed<\/a><\/span><\/p>\t\t\t\t\t\t<\/div>\n\t\t\t\t<\/div>\n\t\t\t\t\t<\/div>\n\t\t<\/div>\n\t\t\t\t\t<\/div>\n\t\t<\/section>\n\t\t\t\t<section class=\"elementor-section elementor-top-section elementor-element elementor-element-2f59b97 elementor-section-boxed elementor-section-height-default elementor-section-height-default\" data-id=\"2f59b97\" data-element_type=\"section\">\n\t\t\t\t\t\t<div class=\"elementor-container elementor-column-gap-default\">\n\t\t\t\t\t<div class=\"elementor-column elementor-col-100 elementor-top-column elementor-element elementor-element-41fbedc\" data-id=\"41fbedc\" data-element_type=\"column\">\n\t\t\t<div class=\"elementor-widget-wrap elementor-element-populated\">\n\t\t\t\t\t\t<div class=\"elementor-element elementor-element-a1c0099 elementor-widget elementor-widget-text-editor\" data-id=\"a1c0099\" data-element_type=\"widget\" data-widget_type=\"text-editor.default\">\n\t\t\t\t<div class=\"elementor-widget-container\">\n\t\t\t\t\t\t\t<p><span style=\"color: #343434;\"><button id=\"listenButton1\" class=\"responsivevoice-button\" type=\"button\" value=\"Play\" title=\"ResponsiveVoice Tap to Start\/Stop Speech\"><span>&#128266; Listen to this<\/span><\/button>\n        <script>\n            listenButton1.onclick = function(){\n                if(responsiveVoice.isPlaying()){\n                    responsiveVoice.cancel();\n                }else{\n                    responsiveVoice.speak(\"TRANSPARENCIA UNIVERSITARIATRANSPARENCIA UNIVERSITARIA Diapositiva anterior Diapositiva siguiente Universidad Nacional Daniel Alom\u00eda Robles - Transparencia - Transparencia universitaria - Acceso a la informaci\u00f3n p\u00fablica ACCESO A LA INFORMACI\u00d3N P\u00daBLICA El Reglamento de Transparencia y Acceso a la Informaci\u00f3n P\u00fablica regula la obligaci\u00f3n de la Universidad de entregar informaci\u00f3n p\u00fablica propia o que se encuentre en su poder, relacionada con el servicio p\u00fablico que brinda.Conforme al art\u00edculo 11 de la Ley Universitaria, la informaci\u00f3n se publica o entrega a quien la solicite, salvo las excepciones establecidas por ley.REQUISITOS1. Solicitud v\u00eda formulario o documento equivalente2. De corresponder, evidencia de pago de costo de reproducci\u00f3n. CANALES DE ATENCI\u00d3N1. Presencial:Jr. Hermilio Valdiz\u00e1n #134, Hu\u00e1nuco2. Virtual: https:\/\/mesadepartes.undar.edu.pe\/3. Tel\u00e9fono: (062) 283 402 anexo 1 HORARIOS DE ATENCI\u00d3NLunes a viernes de 08:00 a 16:00 horas FORMULARIO- Solicitud de Acceso a la Informaci\u00f3n P\u00fablica- Formato \u00danico de Tr\u00e1mite (FUT) CONSULTASsecretariageneral@undar.edu.pe UNIDAD A QUIEN SE PRESENTA Y ATIENDE LA INFORMACI\u00d3N1. A quien se presenta: Secretar\u00eda General (funcionaria responsable de entregar la informaci\u00f3n p\u00fablica)2. Quien aprueba: Secretar\u00eda General(funcionaria responsablede entregar la informaci\u00f3n p\u00fablica) PLAZO DE ATENCI\u00d3N10 d\u00edas h\u00e1biles FICHA DETALLADA DEL PROCEDIMIENTOVer aqu\u00ed\u00a0\", \"UK English Female\");\n                }\n            };\n        <\/script>\n    \u00a0<\/span><\/p>\t\t\t\t\t\t<\/div>\n\t\t\t\t<\/div>\n\t\t\t\t\t<\/div>\n\t\t<\/div>\n\t\t\t\t\t<\/div>\n\t\t<\/section>\n\t\t\t\t<\/div>\n\t\t","protected":false},"excerpt":{"rendered":"<p>TRANSPARENCIA UNIVERSITARIATRANSPARENCIA UNIVERSITARIA Diapositiva anterior Diapositiva siguiente Universidad Nacional Daniel Alom\u00eda Robles &#8211; Transparencia &#8211; Transparencia universitaria &#8211; Acceso a la informaci\u00f3n p\u00fablica ACCESO A LA INFORMACI\u00d3N P\u00daBLICA El Reglamento de Transparencia y Acceso a la Informaci\u00f3n P\u00fablica regula la obligaci\u00f3n de la Universidad de entregar informaci\u00f3n p\u00fablica propia o que se encuentre en su [&hellip;]<\/p>\n","protected":false},"author":1,"featured_media":0,"parent":0,"menu_order":0,"comment_status":"closed","ping_status":"closed","template":"","meta":{"_uf_show_specific_survey":0,"_uf_disable_surveys":false,"footnotes":""},"class_list":["post-35274","page","type-page","status-publish","hentry"],"aioseo_notices":[],"_links":{"self":[{"href":"http:\/\/www.undar.edu.pe\/index.php\/wp-json\/wp\/v2\/pages\/35274","targetHints":{"allow":["GET"]}}],"collection":[{"href":"http:\/\/www.undar.edu.pe\/index.php\/wp-json\/wp\/v2\/pages"}],"about":[{"href":"http:\/\/www.undar.edu.pe\/index.php\/wp-json\/wp\/v2\/types\/page"}],"author":[{"embeddable":true,"href":"http:\/\/www.undar.edu.pe\/index.php\/wp-json\/wp\/v2\/users\/1"}],"replies":[{"embeddable":true,"href":"http:\/\/www.undar.edu.pe\/index.php\/wp-json\/wp\/v2\/comments?post=35274"}],"version-history":[{"count":167,"href":"http:\/\/www.undar.edu.pe\/index.php\/wp-json\/wp\/v2\/pages\/35274\/revisions"}],"predecessor-version":[{"id":61314,"href":"http:\/\/www.undar.edu.pe\/index.php\/wp-json\/wp\/v2\/pages\/35274\/revisions\/61314"}],"wp:attachment":[{"href":"http:\/\/www.undar.edu.pe\/index.php\/wp-json\/wp\/v2\/media?parent=35274"}],"curies":[{"name":"wp","href":"https:\/\/api.w.org\/{rel}","templated":true}]}}