{"id":30933,"date":"2022-11-14T08:22:59","date_gmt":"2022-11-14T13:22:59","guid":{"rendered":"http:\/\/www.undar.edu.pe\/?page_id=30933"},"modified":"2025-04-10T11:33:15","modified_gmt":"2025-04-10T16:33:15","slug":"material-de-interes","status":"publish","type":"page","link":"http:\/\/www.undar.edu.pe\/index.php\/material-de-interes\/","title":{"rendered":"MATERIAL DE INTER\u00c9S"},"content":{"rendered":"\t\t<div data-elementor-type=\"wp-page\" data-elementor-id=\"30933\" class=\"elementor elementor-30933\" data-elementor-post-type=\"page\">\n\t\t\t\t\t\t<section class=\"elementor-section elementor-top-section elementor-element elementor-element-3d3526ab elementor-section-full_width elementor-section-content-space-between elementor-section-height-default elementor-section-height-default\" data-id=\"3d3526ab\" data-element_type=\"section\">\n\t\t\t\t\t\t<div class=\"elementor-container elementor-column-gap-no\">\n\t\t\t\t\t<div class=\"elementor-column elementor-col-100 elementor-top-column elementor-element elementor-element-129b2e8a\" data-id=\"129b2e8a\" data-element_type=\"column\">\n\t\t\t<div class=\"elementor-widget-wrap elementor-element-populated\">\n\t\t\t\t\t\t<div class=\"elementor-element elementor-element-2298910c elementor-widget__width-inherit elementor--h-position-center elementor--v-position-middle elementor-arrows-position-inside elementor-widget elementor-widget-slides\" data-id=\"2298910c\" data-element_type=\"widget\" data-settings=\"{&quot;navigation&quot;:&quot;arrows&quot;,&quot;motion_fx_motion_fx_scrolling&quot;:&quot;yes&quot;,&quot;autoplay&quot;:&quot;yes&quot;,&quot;pause_on_hover&quot;:&quot;yes&quot;,&quot;pause_on_interaction&quot;:&quot;yes&quot;,&quot;autoplay_speed&quot;:5000,&quot;infinite&quot;:&quot;yes&quot;,&quot;transition&quot;:&quot;slide&quot;,&quot;transition_speed&quot;:500,&quot;motion_fx_devices&quot;:[&quot;desktop&quot;,&quot;tablet&quot;,&quot;mobile&quot;]}\" data-widget_type=\"slides.default\">\n\t\t\t\t<div class=\"elementor-widget-container\">\n\t\t\t\t\t<div class=\"elementor-swiper\">\n\t\t\t<div class=\"elementor-slides-wrapper elementor-main-swiper swiper\" dir=\"ltr\" data-animation=\"fadeInUp\">\n\t\t\t\t<div class=\"swiper-wrapper elementor-slides\">\n\t\t\t\t\t\t\t\t\t\t<div class=\"elementor-repeater-item-378399b swiper-slide\"><div class=\"swiper-slide-bg\" role=\"img\"><\/div><div class=\"elementor-background-overlay\"><\/div><div class=\"swiper-slide-inner\" ><div class=\"swiper-slide-contents\"><div class=\"elementor-slide-heading\">MATERIAL DE INTER\u00c9S<\/div><\/div><\/div><\/div>\t\t\t\t<\/div>\n\t\t\t\t\t\t\t<\/div>\n\t\t<\/div>\n\t\t\t\t<\/div>\n\t\t\t\t<\/div>\n\t\t\t\t\t<\/div>\n\t\t<\/div>\n\t\t\t\t\t<\/div>\n\t\t<\/section>\n\t\t\t\t<section class=\"elementor-section elementor-top-section elementor-element elementor-element-6130130 elementor-section-boxed elementor-section-height-default elementor-section-height-default\" data-id=\"6130130\" data-element_type=\"section\">\n\t\t\t\t\t\t<div class=\"elementor-container elementor-column-gap-default\">\n\t\t\t\t\t<div class=\"elementor-column elementor-col-100 elementor-top-column elementor-element elementor-element-3cc5cb0\" data-id=\"3cc5cb0\" data-element_type=\"column\">\n\t\t\t<div class=\"elementor-widget-wrap elementor-element-populated\">\n\t\t\t\t\t\t<div class=\"elementor-element elementor-element-a4712b8 elementor-widget elementor-widget-heading\" data-id=\"a4712b8\" data-element_type=\"widget\" data-widget_type=\"heading.default\">\n\t\t\t\t<div class=\"elementor-widget-container\">\n\t\t\t<h6 class=\"elementor-heading-title elementor-size-small\"><b>Universidad Nacional Daniel Alom\u00eda Robles<\/b> - Material de inter\u00e9s<\/h6>\t\t<\/div>\n\t\t\t\t<\/div>\n\t\t\t\t\t<\/div>\n\t\t<\/div>\n\t\t\t\t\t<\/div>\n\t\t<\/section>\n\t\t\t\t<section class=\"elementor-section elementor-top-section elementor-element elementor-element-4e47cc0 elementor-section-boxed elementor-section-height-default elementor-section-height-default\" data-id=\"4e47cc0\" data-element_type=\"section\">\n\t\t\t\t\t\t<div class=\"elementor-container elementor-column-gap-default\">\n\t\t\t\t\t<div class=\"elementor-column elementor-col-100 elementor-top-column elementor-element elementor-element-16afd96\" data-id=\"16afd96\" data-element_type=\"column\">\n\t\t\t<div class=\"elementor-widget-wrap elementor-element-populated\">\n\t\t\t\t\t\t<div class=\"elementor-element elementor-element-1c16a08 elementor-widget elementor-widget-text-editor\" data-id=\"1c16a08\" data-element_type=\"widget\" data-widget_type=\"text-editor.default\">\n\t\t\t\t<div class=\"elementor-widget-container\">\n\t\t\t\t\t\t\t<p style=\"text-align: justify;\"><span style=\"color: #b3224e;\"><strong><span style=\"color: #f6921e;\">LOGOTIPO<\/span> <span style=\"color: #f6921e;\">UNDAR<\/span><\/strong><\/span><\/p><ul><li style=\"text-align: justify;\"><a href=\"http:\/\/www.undar.edu.pe\/wp-content\/uploads\/2022\/11\/LOGO_UNDAR_JPG_CMYK.jpg\" target=\"_blank\" rel=\"noopener\"><span style=\"text-decoration: underline;\"><span style=\"color: #343434; text-decoration: underline;\">En formato JPG (para impresi\u00f3n)<\/span><\/span><\/a><\/li><li style=\"text-align: justify;\"><span style=\"text-decoration: underline;\"><span style=\"color: #343434; text-decoration: underline;\"><a style=\"color: #343434; text-decoration: underline;\" href=\"http:\/\/www.undar.edu.pe\/wp-content\/uploads\/2022\/11\/LOGO_UNDAR_JPG_RGB-scaled.jpg\" target=\"_blank\" rel=\"noopener\">En formato JPG (para digital)<\/a><\/span><\/span><\/li><li><a href=\"http:\/\/www.undar.edu.pe\/wp-content\/uploads\/2022\/11\/LOGO_UNDAR_PNG_CMYK.png\" target=\"_blank\" rel=\"noopener\"><span style=\"text-decoration: underline;\"><span style=\"color: #343434; text-decoration: underline;\">En formato PNG (para impresi\u00f3n)<\/span><\/span><\/a><\/li><li><span style=\"text-decoration: underline;\"><span style=\"color: #343434; text-decoration: underline;\"><a style=\"color: #343434; text-decoration: underline;\" href=\"http:\/\/www.undar.edu.pe\/wp-content\/uploads\/2022\/11\/LOGO_UNDAR_PNG_RGB.png\" target=\"_blank\" rel=\"noopener\">En formato PNG (para digital)<\/a><\/span><\/span><\/li><li><span style=\"text-decoration: underline; color: #343434;\"><a style=\"color: #343434; text-decoration: underline;\" href=\"http:\/\/www.undar.edu.pe\/wp-content\/uploads\/2022\/11\/LOGO_UNDAR_PDF_CMYK.pdf\" target=\"_blank\" rel=\"noopener\">En formato PDF (para impresi\u00f3n)<\/a><\/span><\/li><li><span style=\"text-decoration: underline; color: #343434;\"><a style=\"color: #343434; text-decoration: underline;\" href=\"http:\/\/www.undar.edu.pe\/wp-content\/uploads\/2022\/11\/LOGO_UNDAR_PDF_RGB.pdf\" target=\"_blank\" rel=\"noopener\">En formato PDF (para digital)<\/a><\/span><\/li><\/ul>\t\t\t\t\t\t<\/div>\n\t\t\t\t<\/div>\n\t\t\t\t<div class=\"elementor-element elementor-element-e228091 elementor-widget elementor-widget-text-editor\" data-id=\"e228091\" data-element_type=\"widget\" data-widget_type=\"text-editor.default\">\n\t\t\t\t<div class=\"elementor-widget-container\">\n\t\t\t\t\t\t\t<p style=\"text-align: justify;\"><span style=\"color: #f6921e; font-weight: bolder; font-family: var( --e-global-typography-text-font-family ), Sans-serif; font-size: 1rem;\">MODELOS Y\u00a0<\/span><strong><span style=\"color: #f6921e;\">FORMATOS DE LOS DOCUMENTOS<\/span><span style=\"color: #b3224e;\">\u00a0<\/span><span style=\"color: #f6921e;\">UNDAR<\/span><\/strong><\/p><ul><li style=\"text-align: justify;\"><a href=\"https:\/\/www.undar.edu.pe\/wp-content\/uploads\/2023\/01\/MODELOS-Y-FORMATOS-DE-DOCUMENTOS-UNDAR.docx\" target=\"_blank\" rel=\"noopener\"><span style=\"text-decoration: underline;\"><span style=\"color: #343434; text-decoration: underline;\">Documentos en Word<\/span><\/span><\/a><\/li><\/ul>\t\t\t\t\t\t<\/div>\n\t\t\t\t<\/div>\n\t\t\t\t\t<\/div>\n\t\t<\/div>\n\t\t\t\t\t<\/div>\n\t\t<\/section>\n\t\t\t\t<section class=\"elementor-section elementor-top-section elementor-element elementor-element-f95a8f4 elementor-section-boxed elementor-section-height-default elementor-section-height-default\" data-id=\"f95a8f4\" data-element_type=\"section\">\n\t\t\t\t\t\t<div class=\"elementor-container elementor-column-gap-default\">\n\t\t\t\t\t<div class=\"elementor-column elementor-col-100 elementor-top-column elementor-element elementor-element-f365c74\" data-id=\"f365c74\" data-element_type=\"column\">\n\t\t\t<div class=\"elementor-widget-wrap elementor-element-populated\">\n\t\t\t\t\t\t<div class=\"elementor-element elementor-element-bef59b9 elementor-widget elementor-widget-text-editor\" data-id=\"bef59b9\" data-element_type=\"widget\" data-widget_type=\"text-editor.default\">\n\t\t\t\t<div class=\"elementor-widget-container\">\n\t\t\t\t\t\t\t<p><span style=\"color: #343434;\"><button id=\"listenButton1\" class=\"responsivevoice-button\" type=\"button\" value=\"Play\" title=\"ResponsiveVoice Tap to Start\/Stop Speech\"><span>&#128266; Listen to this<\/span><\/button>\n        <script>\n            listenButton1.onclick = function(){\n                if(responsiveVoice.isPlaying()){\n                    responsiveVoice.cancel();\n                }else{\n                    responsiveVoice.speak(\"MATERIAL DE INTER\u00c9S Universidad Nacional Daniel Alom\u00eda Robles - Material de inter\u00e9s LOGOTIPO UNDAREn formato JPG (para impresi\u00f3n)En formato JPG (para digital)En formato PNG (para impresi\u00f3n)En formato PNG (para digital)En formato PDF (para impresi\u00f3n)En formato PDF (para digital)MODELOS Y\u00a0FORMATOS DE LOS DOCUMENTOS\u00a0UNDARDocumentos en Word\u00a0\", \"UK English Female\");\n                }\n            };\n        <\/script>\n    \u00a0<\/span><\/p>\t\t\t\t\t\t<\/div>\n\t\t\t\t<\/div>\n\t\t\t\t\t<\/div>\n\t\t<\/div>\n\t\t\t\t\t<\/div>\n\t\t<\/section>\n\t\t\t\t<\/div>\n\t\t","protected":false},"excerpt":{"rendered":"<p>MATERIAL DE INTER\u00c9S Universidad Nacional Daniel Alom\u00eda Robles &#8211; Material de inter\u00e9s LOGOTIPO UNDAR En formato JPG (para impresi\u00f3n) En formato JPG (para digital) En formato PNG (para impresi\u00f3n) En formato PNG (para digital) En formato PDF (para impresi\u00f3n) En formato PDF (para digital) MODELOS Y\u00a0FORMATOS DE LOS DOCUMENTOS\u00a0UNDAR Documentos en Word \u00a0<\/p>\n","protected":false},"author":1,"featured_media":0,"parent":0,"menu_order":0,"comment_status":"closed","ping_status":"closed","template":"","meta":{"_uf_show_specific_survey":0,"_uf_disable_surveys":false,"footnotes":""},"class_list":["post-30933","page","type-page","status-publish","hentry"],"aioseo_notices":[],"_links":{"self":[{"href":"http:\/\/www.undar.edu.pe\/index.php\/wp-json\/wp\/v2\/pages\/30933","targetHints":{"allow":["GET"]}}],"collection":[{"href":"http:\/\/www.undar.edu.pe\/index.php\/wp-json\/wp\/v2\/pages"}],"about":[{"href":"http:\/\/www.undar.edu.pe\/index.php\/wp-json\/wp\/v2\/types\/page"}],"author":[{"embeddable":true,"href":"http:\/\/www.undar.edu.pe\/index.php\/wp-json\/wp\/v2\/users\/1"}],"replies":[{"embeddable":true,"href":"http:\/\/www.undar.edu.pe\/index.php\/wp-json\/wp\/v2\/comments?post=30933"}],"version-history":[{"count":95,"href":"http:\/\/www.undar.edu.pe\/index.php\/wp-json\/wp\/v2\/pages\/30933\/revisions"}],"predecessor-version":[{"id":62031,"href":"http:\/\/www.undar.edu.pe\/index.php\/wp-json\/wp\/v2\/pages\/30933\/revisions\/62031"}],"wp:attachment":[{"href":"http:\/\/www.undar.edu.pe\/index.php\/wp-json\/wp\/v2\/media?parent=30933"}],"curies":[{"name":"wp","href":"https:\/\/api.w.org\/{rel}","templated":true}]}}