{"id":27022,"date":"2022-06-09T19:26:42","date_gmt":"2022-06-10T00:26:42","guid":{"rendered":"http:\/\/www.undar.edu.pe\/?page_id=27022"},"modified":"2025-10-17T15:32:48","modified_gmt":"2025-10-17T20:32:48","slug":"universidad-plana-docente-bravo-vecorena","status":"publish","type":"page","link":"http:\/\/www.undar.edu.pe\/index.php\/universidad-plana-docente-bravo-vecorena\/","title":{"rendered":"UNIVERSIDAD &#8211; PLANA DOCENTE &#8211; DR. ALAND BRAVO VECORENA"},"content":{"rendered":"\t\t<div data-elementor-type=\"wp-page\" data-elementor-id=\"27022\" class=\"elementor elementor-27022\" data-elementor-post-type=\"page\">\n\t\t\t\t\t\t<section class=\"elementor-section elementor-top-section elementor-element elementor-element-2986ca5 elementor-section-full_width elementor-section-content-space-between elementor-section-height-default elementor-section-height-default\" data-id=\"2986ca5\" data-element_type=\"section\">\n\t\t\t\t\t\t<div class=\"elementor-container elementor-column-gap-no\">\n\t\t\t\t\t<div class=\"elementor-column elementor-col-100 elementor-top-column elementor-element elementor-element-ad23e1e\" data-id=\"ad23e1e\" data-element_type=\"column\">\n\t\t\t<div class=\"elementor-widget-wrap elementor-element-populated\">\n\t\t\t\t\t\t<div class=\"elementor-element elementor-element-dbad7cb elementor-widget__width-inherit elementor--h-position-center elementor--v-position-middle elementor-arrows-position-inside elementor-widget elementor-widget-slides\" data-id=\"dbad7cb\" data-element_type=\"widget\" data-settings=\"{&quot;navigation&quot;:&quot;arrows&quot;,&quot;motion_fx_motion_fx_scrolling&quot;:&quot;yes&quot;,&quot;transition_speed&quot;:600,&quot;autoplay&quot;:&quot;yes&quot;,&quot;pause_on_hover&quot;:&quot;yes&quot;,&quot;pause_on_interaction&quot;:&quot;yes&quot;,&quot;autoplay_speed&quot;:5000,&quot;infinite&quot;:&quot;yes&quot;,&quot;transition&quot;:&quot;slide&quot;,&quot;motion_fx_devices&quot;:[&quot;desktop&quot;,&quot;tablet&quot;,&quot;mobile&quot;]}\" data-widget_type=\"slides.default\">\n\t\t\t\t<div class=\"elementor-widget-container\">\n\t\t\t\t\t<div class=\"elementor-swiper\">\n\t\t\t<div class=\"elementor-slides-wrapper elementor-main-swiper swiper\" dir=\"ltr\" data-animation=\"\">\n\t\t\t\t<div class=\"swiper-wrapper elementor-slides\">\n\t\t\t\t\t\t\t\t\t\t<div class=\"elementor-repeater-item-378399b swiper-slide\"><div class=\"swiper-slide-bg\" role=\"img\"><\/div><div class=\"elementor-background-overlay\"><\/div><div class=\"swiper-slide-inner\" ><div class=\"swiper-slide-contents\"><div class=\"elementor-slide-heading\">PLANA DOCENTE<\/div><\/div><\/div><\/div><div class=\"elementor-repeater-item-36fde70 swiper-slide\"><div class=\"swiper-slide-bg\" role=\"img\"><\/div><div class=\"elementor-background-overlay\"><\/div><div class=\"swiper-slide-inner\" ><div class=\"swiper-slide-contents\"><div class=\"elementor-slide-heading\">PLANA DOCENTE<\/div><\/div><\/div><\/div>\t\t\t\t<\/div>\n\t\t\t\t\t\t\t\t\t\t\t\t\t\t\t\t\t\t\t\t<div class=\"elementor-swiper-button elementor-swiper-button-prev\" role=\"button\" tabindex=\"0\">\n\t\t\t\t\t\t\t<i aria-hidden=\"true\" class=\"eicon-chevron-left\"><\/i>\t\t\t\t\t\t\t<span class=\"elementor-screen-only\">Diapositiva anterior<\/span>\n\t\t\t\t\t\t<\/div>\n\t\t\t\t\t\t<div class=\"elementor-swiper-button elementor-swiper-button-next\" role=\"button\" tabindex=\"0\">\n\t\t\t\t\t\t\t<i aria-hidden=\"true\" class=\"eicon-chevron-right\"><\/i>\t\t\t\t\t\t\t<span class=\"elementor-screen-only\">Diapositiva siguiente<\/span>\n\t\t\t\t\t\t<\/div>\n\t\t\t\t\t\t\t\t\t\t\t\t<\/div>\n\t\t<\/div>\n\t\t\t\t<\/div>\n\t\t\t\t<\/div>\n\t\t\t\t\t<\/div>\n\t\t<\/div>\n\t\t\t\t\t<\/div>\n\t\t<\/section>\n\t\t\t\t<section class=\"elementor-section elementor-top-section elementor-element elementor-element-3dbf757 elementor-section-boxed elementor-section-height-default elementor-section-height-default\" data-id=\"3dbf757\" data-element_type=\"section\">\n\t\t\t\t\t\t<div class=\"elementor-container elementor-column-gap-default\">\n\t\t\t\t\t<div class=\"elementor-column elementor-col-100 elementor-top-column elementor-element elementor-element-c952b5c\" data-id=\"c952b5c\" data-element_type=\"column\">\n\t\t\t<div class=\"elementor-widget-wrap elementor-element-populated\">\n\t\t\t\t\t\t<div class=\"elementor-element elementor-element-1e32b9d elementor-widget elementor-widget-heading\" data-id=\"1e32b9d\" data-element_type=\"widget\" data-widget_type=\"heading.default\">\n\t\t\t\t<div class=\"elementor-widget-container\">\n\t\t\t<h6 class=\"elementor-heading-title elementor-size-small\"><b>Universidad Nacional Daniel Alom\u00eda Robles<\/b> - La Universidad - Plana docente - Dr. Aland Bravo Vecorena<\/h6>\t\t<\/div>\n\t\t\t\t<\/div>\n\t\t\t\t\t<\/div>\n\t\t<\/div>\n\t\t\t\t\t<\/div>\n\t\t<\/section>\n\t\t\t\t<section class=\"elementor-section elementor-top-section elementor-element elementor-element-2e8ef1e elementor-section-boxed elementor-section-height-default elementor-section-height-default\" data-id=\"2e8ef1e\" data-element_type=\"section\">\n\t\t\t\t\t\t<div class=\"elementor-container elementor-column-gap-default\">\n\t\t\t\t\t<div class=\"elementor-column elementor-col-50 elementor-top-column elementor-element elementor-element-ddaf50b\" data-id=\"ddaf50b\" data-element_type=\"column\">\n\t\t\t<div class=\"elementor-widget-wrap elementor-element-populated\">\n\t\t\t\t\t\t<div class=\"elementor-element elementor-element-0bc440f elementor-nav-menu--dropdown-tablet elementor-nav-menu__text-align-aside elementor-nav-menu--toggle elementor-nav-menu--burger elementor-widget elementor-widget-nav-menu\" data-id=\"0bc440f\" data-element_type=\"widget\" data-settings=\"{&quot;layout&quot;:&quot;vertical&quot;,&quot;submenu_icon&quot;:{&quot;value&quot;:&quot;&lt;i class=\\&quot;fas fa-caret-down\\&quot;&gt;&lt;\\\/i&gt;&quot;,&quot;library&quot;:&quot;fa-solid&quot;},&quot;toggle&quot;:&quot;burger&quot;}\" data-widget_type=\"nav-menu.default\">\n\t\t\t\t<div class=\"elementor-widget-container\">\n\t\t\t\t\t\t<nav aria-label=\"Men\u00fa\" class=\"elementor-nav-menu--main elementor-nav-menu__container elementor-nav-menu--layout-vertical e--pointer-underline e--animation-fade\">\n\t\t\t\t<ul id=\"menu-1-0bc440f\" class=\"elementor-nav-menu sm-vertical\"><li class=\"menu-item menu-item-type-custom menu-item-object-custom menu-item-305\"><a href=\"https:\/\/www.undar.edu.pe\/index.php\/universidad-resenia-historica\" class=\"elementor-item\">Rese\u00f1a hist\u00f3rica<\/a><\/li>\n<li class=\"menu-item menu-item-type-custom menu-item-object-custom menu-item-309\"><a href=\"https:\/\/www.undar.edu.pe\/index.php\/universidad-mision-y-valores\/\" class=\"elementor-item\">Misi\u00f3n y valores<\/a><\/li>\n<li class=\"menu-item menu-item-type-custom menu-item-object-custom menu-item-306\"><a href=\"https:\/\/www.undar.edu.pe\/index.php\/universidad-comision-organizadora\/\" class=\"elementor-item\">Comisi\u00f3n Organizadora<\/a><\/li>\n<li class=\"menu-item menu-item-type-custom menu-item-object-custom menu-item-976\"><a href=\"https:\/\/www.undar.edu.pe\/index.php\/universidad-plana-docente\" class=\"elementor-item\">Plana docente<\/a><\/li>\n<li class=\"menu-item menu-item-type-custom menu-item-object-custom menu-item-307\"><a href=\"https:\/\/www.undar.edu.pe\/index.php\/universidad-licenciamiento\/\" class=\"elementor-item\">Licenciamiento<\/a><\/li>\n<\/ul>\t\t\t<\/nav>\n\t\t\t\t\t<div class=\"elementor-menu-toggle\" role=\"button\" tabindex=\"0\" aria-label=\"Alternar men\u00fa\" aria-expanded=\"false\">\n\t\t\t<i aria-hidden=\"true\" role=\"presentation\" class=\"elementor-menu-toggle__icon--open eicon-menu-bar\"><\/i><i aria-hidden=\"true\" role=\"presentation\" class=\"elementor-menu-toggle__icon--close eicon-close\"><\/i>\t\t\t<span class=\"elementor-screen-only\">Men\u00fa<\/span>\n\t\t<\/div>\n\t\t\t\t\t<nav class=\"elementor-nav-menu--dropdown elementor-nav-menu__container\" aria-hidden=\"true\">\n\t\t\t\t<ul id=\"menu-2-0bc440f\" class=\"elementor-nav-menu sm-vertical\"><li class=\"menu-item menu-item-type-custom menu-item-object-custom menu-item-305\"><a href=\"https:\/\/www.undar.edu.pe\/index.php\/universidad-resenia-historica\" class=\"elementor-item\" tabindex=\"-1\">Rese\u00f1a hist\u00f3rica<\/a><\/li>\n<li class=\"menu-item menu-item-type-custom menu-item-object-custom menu-item-309\"><a href=\"https:\/\/www.undar.edu.pe\/index.php\/universidad-mision-y-valores\/\" class=\"elementor-item\" tabindex=\"-1\">Misi\u00f3n y valores<\/a><\/li>\n<li class=\"menu-item menu-item-type-custom menu-item-object-custom menu-item-306\"><a href=\"https:\/\/www.undar.edu.pe\/index.php\/universidad-comision-organizadora\/\" class=\"elementor-item\" tabindex=\"-1\">Comisi\u00f3n Organizadora<\/a><\/li>\n<li class=\"menu-item menu-item-type-custom menu-item-object-custom menu-item-976\"><a href=\"https:\/\/www.undar.edu.pe\/index.php\/universidad-plana-docente\" class=\"elementor-item\" tabindex=\"-1\">Plana docente<\/a><\/li>\n<li class=\"menu-item menu-item-type-custom menu-item-object-custom menu-item-307\"><a href=\"https:\/\/www.undar.edu.pe\/index.php\/universidad-licenciamiento\/\" class=\"elementor-item\" tabindex=\"-1\">Licenciamiento<\/a><\/li>\n<\/ul>\t\t\t<\/nav>\n\t\t\t\t<\/div>\n\t\t\t\t<\/div>\n\t\t\t\t\t<\/div>\n\t\t<\/div>\n\t\t\t\t<div class=\"elementor-column elementor-col-50 elementor-top-column elementor-element elementor-element-936a648\" data-id=\"936a648\" data-element_type=\"column\">\n\t\t\t<div class=\"elementor-widget-wrap elementor-element-populated\">\n\t\t\t\t\t\t<section class=\"elementor-section elementor-inner-section elementor-element elementor-element-f24198d elementor-section-boxed elementor-section-height-default elementor-section-height-default\" data-id=\"f24198d\" data-element_type=\"section\">\n\t\t\t\t\t\t<div class=\"elementor-container elementor-column-gap-default\">\n\t\t\t\t\t<div class=\"elementor-column elementor-col-50 elementor-inner-column elementor-element elementor-element-d05f2d6\" data-id=\"d05f2d6\" data-element_type=\"column\">\n\t\t\t<div class=\"elementor-widget-wrap elementor-element-populated\">\n\t\t\t\t\t\t<div class=\"elementor-element elementor-element-c1a2893 elementor-widget elementor-widget-image\" data-id=\"c1a2893\" data-element_type=\"widget\" data-widget_type=\"image.default\">\n\t\t\t\t<div class=\"elementor-widget-container\">\n\t\t\t\t\t\t\t\t\t\t\t\t\t<img fetchpriority=\"high\" decoding=\"async\" width=\"712\" height=\"1024\" src=\"http:\/\/www.undar.edu.pe\/wp-content\/uploads\/2023\/12\/Aland-Bravo-Becorena-712x1024.png\" class=\"attachment-large size-large wp-image-51509\" alt=\"Foto del Dr. Aland Bravo Becorena\" srcset=\"http:\/\/www.undar.edu.pe\/wp-content\/uploads\/2023\/12\/Aland-Bravo-Becorena-712x1024.png 712w, http:\/\/www.undar.edu.pe\/wp-content\/uploads\/2023\/12\/Aland-Bravo-Becorena-209x300.png 209w, http:\/\/www.undar.edu.pe\/wp-content\/uploads\/2023\/12\/Aland-Bravo-Becorena-768x1105.png 768w, http:\/\/www.undar.edu.pe\/wp-content\/uploads\/2023\/12\/Aland-Bravo-Becorena-1068x1536.png 1068w, http:\/\/www.undar.edu.pe\/wp-content\/uploads\/2023\/12\/Aland-Bravo-Becorena.png 1161w\" sizes=\"(max-width: 712px) 100vw, 712px\" \/>\t\t\t\t\t\t\t\t\t\t\t\t\t<\/div>\n\t\t\t\t<\/div>\n\t\t\t\t\t<\/div>\n\t\t<\/div>\n\t\t\t\t<div class=\"elementor-column elementor-col-50 elementor-inner-column elementor-element elementor-element-d5aa3b3\" data-id=\"d5aa3b3\" data-element_type=\"column\">\n\t\t\t<div class=\"elementor-widget-wrap elementor-element-populated\">\n\t\t\t\t\t\t<div class=\"elementor-element elementor-element-4baec34 elementor-widget elementor-widget-text-editor\" data-id=\"4baec34\" data-element_type=\"widget\" data-widget_type=\"text-editor.default\">\n\t\t\t\t<div class=\"elementor-widget-container\">\n\t\t\t\t\t\t\t<p style=\"margin: 0.5% 0;\"><strong><span style=\"color: #b3224e;\">DR. ALAND<br \/>BRAVO VECORENA<\/span><\/strong><\/p><p style=\"margin: 0.5% 0;\">Coordinador(e) de Proyecci\u00f3n Social<\/p><hr \/><p style=\"margin: 0.5% 0;\">Aprobado con Resoluci\u00f3n de Comisi\u00f3n Organizadora N\u00b0 295-2024-CO-UNDAR<\/p>\t\t\t\t\t\t<\/div>\n\t\t\t\t<\/div>\n\t\t\t\t\t<\/div>\n\t\t<\/div>\n\t\t\t\t\t<\/div>\n\t\t<\/section>\n\t\t\t\t\t<\/div>\n\t\t<\/div>\n\t\t\t\t\t<\/div>\n\t\t<\/section>\n\t\t\t\t<section class=\"elementor-section elementor-top-section elementor-element elementor-element-f368651 elementor-section-boxed elementor-section-height-default elementor-section-height-default\" data-id=\"f368651\" data-element_type=\"section\">\n\t\t\t\t\t\t<div class=\"elementor-container elementor-column-gap-default\">\n\t\t\t\t\t<div class=\"elementor-column elementor-col-50 elementor-top-column elementor-element elementor-element-35aefbb\" data-id=\"35aefbb\" data-element_type=\"column\">\n\t\t\t<div class=\"elementor-widget-wrap\">\n\t\t\t\t\t\t\t<\/div>\n\t\t<\/div>\n\t\t\t\t<div class=\"elementor-column elementor-col-50 elementor-top-column elementor-element elementor-element-2c70a20\" data-id=\"2c70a20\" data-element_type=\"column\">\n\t\t\t<div class=\"elementor-widget-wrap elementor-element-populated\">\n\t\t\t\t\t\t<section class=\"elementor-section elementor-inner-section elementor-element elementor-element-ef4833e elementor-section-boxed elementor-section-height-default elementor-section-height-default\" data-id=\"ef4833e\" data-element_type=\"section\">\n\t\t\t\t\t\t<div class=\"elementor-container elementor-column-gap-default\">\n\t\t\t\t\t<div class=\"elementor-column elementor-col-100 elementor-inner-column elementor-element elementor-element-7950f17\" data-id=\"7950f17\" data-element_type=\"column\">\n\t\t\t<div class=\"elementor-widget-wrap elementor-element-populated\">\n\t\t\t\t\t\t<div class=\"elementor-element elementor-element-7c5856d elementor-widget elementor-widget-text-editor\" data-id=\"7c5856d\" data-element_type=\"widget\" data-widget_type=\"text-editor.default\">\n\t\t\t\t<div class=\"elementor-widget-container\">\n\t\t\t\t\t\t\t<p>Es un profesional con amplia experiencia en ingenier\u00eda y educaci\u00f3n superior. Nacido en Hu\u00e1nuco, Per\u00fa, se gradu\u00f3 como Ingeniero Electr\u00f3nico en la Universidad Nacional de Ingenier\u00eda (UNI). Su pasi\u00f3n por la ense\u00f1anza lo llev\u00f3 a ser docente en diversas instituciones, como la Universidad Nacional Hermilio Valdiz\u00e1n (UNHEVAL), la Universidad de Hu\u00e1nuco (UDH), la Universidad Alas Peruanas (UAP) y la Universidad Nacional de Ingenier\u00eda (UNI).<\/p><p>A lo largo de su carrera, trabaj\u00f3 en instituciones p\u00fablicas y privadas, incluyendo el Gobierno Regional de Hu\u00e1nuco, la Direcci\u00f3n Regional de Transportes y Comunicaciones en Hu\u00e1nuco, EsSalud, Cosapi Data y Huawei, destac\u00e1ndose en redes de comunicaciones y proyectos de expedientes t\u00e9cnicos para el MINEDU.<\/p><p>Complementando su formaci\u00f3n, obtuvo un doctorado en Gesti\u00f3n Empresarial de la UNHEVAL, un mag\u00edster en Gerencia P\u00fablica de EUCIM &#8211; Business School y una maestr\u00eda en Telem\u00e1tica de la UNI. Estos logros demuestran su compromiso con la excelencia educativa y su b\u00fasqueda constante de conocimiento.<\/p><p>Actualmente, es docente en la <span style=\"color: #b3224e;\"><b>Universidad Nacional Daniel Alom\u00eda Robles<\/b><\/span>, donde imparte cursos de inform\u00e1tica y producci\u00f3n audiovisual, contribuyendo al desarrollo de habilidades tecnol\u00f3gicas.<\/p><p>Adem\u00e1s de su carrera en electr\u00f3nica y educaci\u00f3n, Aland lidera proyectos de investigaci\u00f3n musical, utilizando herramientas como Python con Music21 y software de edici\u00f3n musical como Musescore, Finale y Sibelius.<\/p><p>En resumen, Aland es un profesional polifac\u00e9tico con una s\u00f3lida formaci\u00f3n acad\u00e9mica y destacada contribuci\u00f3n en electr\u00f3nica, educaci\u00f3n y m\u00fasica. Su compromiso con la excelencia acad\u00e9mica e innovaci\u00f3n es un valioso aporte a la comunidad y el \u00e1mbito acad\u00e9mico<\/p>\t\t\t\t\t\t<\/div>\n\t\t\t\t<\/div>\n\t\t\t\t\t<\/div>\n\t\t<\/div>\n\t\t\t\t\t<\/div>\n\t\t<\/section>\n\t\t\t\t<section class=\"elementor-section elementor-inner-section elementor-element elementor-element-21fd014 elementor-section-boxed elementor-section-height-default elementor-section-height-default\" data-id=\"21fd014\" data-element_type=\"section\">\n\t\t\t\t\t\t<div class=\"elementor-container elementor-column-gap-default\">\n\t\t\t\t\t<div class=\"elementor-column elementor-col-100 elementor-inner-column elementor-element elementor-element-7db14a6\" data-id=\"7db14a6\" data-element_type=\"column\">\n\t\t\t<div class=\"elementor-widget-wrap elementor-element-populated\">\n\t\t\t\t\t\t<div class=\"elementor-element elementor-element-8a97248 elementor-align-justify elementor-widget__width-inherit elementor-widget elementor-widget-button\" data-id=\"8a97248\" data-element_type=\"widget\" data-widget_type=\"button.default\">\n\t\t\t\t<div class=\"elementor-widget-container\">\n\t\t\t\t\t\t\t<div class=\"elementor-button-wrapper\">\n\t\t\t\t\t<a class=\"elementor-button elementor-button-link elementor-size-md\" href=\"https:\/\/www.undar.edu.pe\/index.php\/universidad-plana-docente\">\n\t\t\t\t\t\t<span class=\"elementor-button-content-wrapper\">\n\t\t\t\t\t\t<span class=\"elementor-button-icon\">\n\t\t\t\t<i aria-hidden=\"true\" class=\"fas fa-arrow-left\"><\/i>\t\t\t<\/span>\n\t\t\t\t\t\t\t\t\t<span class=\"elementor-button-text\">VOLVER A PLANA DOCENTE<\/span>\n\t\t\t\t\t<\/span>\n\t\t\t\t\t<\/a>\n\t\t\t\t<\/div>\n\t\t\t\t\t\t<\/div>\n\t\t\t\t<\/div>\n\t\t\t\t\t<\/div>\n\t\t<\/div>\n\t\t\t\t\t<\/div>\n\t\t<\/section>\n\t\t\t\t<div class=\"elementor-element elementor-element-5b87927 elementor-widget elementor-widget-text-editor\" data-id=\"5b87927\" data-element_type=\"widget\" data-widget_type=\"text-editor.default\">\n\t\t\t\t<div class=\"elementor-widget-container\">\n\t\t\t\t\t\t\t<p><span style=\"color: #343434;\"><button id=\"listenButton1\" class=\"responsivevoice-button\" type=\"button\" value=\"Play\" title=\"ResponsiveVoice Tap to Start\/Stop Speech\"><span>&#128266; Listen to this<\/span><\/button>\n        <script>\n            listenButton1.onclick = function(){\n                if(responsiveVoice.isPlaying()){\n                    responsiveVoice.cancel();\n                }else{\n                    responsiveVoice.speak(\"PLANA DOCENTEPLANA DOCENTE Diapositiva anterior Diapositiva siguiente Universidad Nacional Daniel Alom\u00eda Robles - La Universidad - Plana docente - Dr. Aland Bravo Vecorena DR. ALANDBRAVO VECORENACoordinador(e) de Proyecci\u00f3n SocialAprobado con Resoluci\u00f3n de Comisi\u00f3n Organizadora N\u00b0 295-2024-CO-UNDAREs un profesional con amplia experiencia en ingenier\u00eda y educaci\u00f3n superior. Nacido en Hu\u00e1nuco, Per\u00fa, se gradu\u00f3 como Ingeniero Electr\u00f3nico en la Universidad Nacional de Ingenier\u00eda (UNI). Su pasi\u00f3n por la ense\u00f1anza lo llev\u00f3 a ser docente en diversas instituciones, como la Universidad Nacional Hermilio Valdiz\u00e1n (UNHEVAL), la Universidad de Hu\u00e1nuco (UDH), la Universidad Alas Peruanas (UAP) y la Universidad Nacional de Ingenier\u00eda (UNI).A lo largo de su carrera, trabaj\u00f3 en instituciones p\u00fablicas y privadas, incluyendo el Gobierno Regional de Hu\u00e1nuco, la Direcci\u00f3n Regional de Transportes y Comunicaciones en Hu\u00e1nuco, EsSalud, Cosapi Data y Huawei, destac\u00e1ndose en redes de comunicaciones y proyectos de expedientes t\u00e9cnicos para el MINEDU.Complementando su formaci\u00f3n, obtuvo un doctorado en Gesti\u00f3n Empresarial de la UNHEVAL, un mag\u00edster en Gerencia P\u00fablica de EUCIM - Business School y una maestr\u00eda en Telem\u00e1tica de la UNI. Estos logros demuestran su compromiso con la excelencia educativa y su b\u00fasqueda constante de conocimiento.Actualmente, es docente en la Universidad Nacional Daniel Alom\u00eda Robles, donde imparte cursos de inform\u00e1tica y producci\u00f3n audiovisual, contribuyendo al desarrollo de habilidades tecnol\u00f3gicas.Adem\u00e1s de su carrera en electr\u00f3nica y educaci\u00f3n, Aland lidera proyectos de investigaci\u00f3n musical, utilizando herramientas como Python con Music21 y software de edici\u00f3n musical como Musescore, Finale y Sibelius.En resumen, Aland es un profesional polifac\u00e9tico con una s\u00f3lida formaci\u00f3n acad\u00e9mica y destacada contribuci\u00f3n en electr\u00f3nica, educaci\u00f3n y m\u00fasica. Su compromiso con la excelencia acad\u00e9mica e innovaci\u00f3n es un valioso aporte a la comunidad y el \u00e1mbito acad\u00e9mico VOLVER A PLANA DOCENTE \u00a0\", \"UK English Female\");\n                }\n            };\n        <\/script>\n    \u00a0<\/span><\/p>\t\t\t\t\t\t<\/div>\n\t\t\t\t<\/div>\n\t\t\t\t\t<\/div>\n\t\t<\/div>\n\t\t\t\t\t<\/div>\n\t\t<\/section>\n\t\t\t\t<\/div>\n\t\t","protected":false},"excerpt":{"rendered":"<p>PLANA DOCENTEPLANA DOCENTE Diapositiva anterior Diapositiva siguiente Universidad Nacional Daniel Alom\u00eda Robles &#8211; La Universidad &#8211; Plana docente &#8211; Dr. Aland Bravo Vecorena DR. ALANDBRAVO VECORENA Coordinador(e) de Proyecci\u00f3n Social Aprobado con Resoluci\u00f3n de Comisi\u00f3n Organizadora N\u00b0 295-2024-CO-UNDAR Es un profesional con amplia experiencia en ingenier\u00eda y educaci\u00f3n superior. Nacido en Hu\u00e1nuco, Per\u00fa, se gradu\u00f3 [&hellip;]<\/p>\n","protected":false},"author":1,"featured_media":0,"parent":0,"menu_order":0,"comment_status":"closed","ping_status":"closed","template":"","meta":{"_uf_show_specific_survey":0,"_uf_disable_surveys":false,"footnotes":""},"class_list":["post-27022","page","type-page","status-publish","hentry"],"aioseo_notices":[],"_links":{"self":[{"href":"http:\/\/www.undar.edu.pe\/index.php\/wp-json\/wp\/v2\/pages\/27022","targetHints":{"allow":["GET"]}}],"collection":[{"href":"http:\/\/www.undar.edu.pe\/index.php\/wp-json\/wp\/v2\/pages"}],"about":[{"href":"http:\/\/www.undar.edu.pe\/index.php\/wp-json\/wp\/v2\/types\/page"}],"author":[{"embeddable":true,"href":"http:\/\/www.undar.edu.pe\/index.php\/wp-json\/wp\/v2\/users\/1"}],"replies":[{"embeddable":true,"href":"http:\/\/www.undar.edu.pe\/index.php\/wp-json\/wp\/v2\/comments?post=27022"}],"version-history":[{"count":101,"href":"http:\/\/www.undar.edu.pe\/index.php\/wp-json\/wp\/v2\/pages\/27022\/revisions"}],"predecessor-version":[{"id":64096,"href":"http:\/\/www.undar.edu.pe\/index.php\/wp-json\/wp\/v2\/pages\/27022\/revisions\/64096"}],"wp:attachment":[{"href":"http:\/\/www.undar.edu.pe\/index.php\/wp-json\/wp\/v2\/media?parent=27022"}],"curies":[{"name":"wp","href":"https:\/\/api.w.org\/{rel}","templated":true}]}}