{"id":22552,"date":"2022-04-01T16:37:25","date_gmt":"2022-04-01T21:37:25","guid":{"rendered":"http:\/\/www.undar.edu.pe\/?page_id=22552"},"modified":"2025-11-26T15:05:26","modified_gmt":"2025-11-26T20:05:26","slug":"noticias","status":"publish","type":"page","link":"http:\/\/www.undar.edu.pe\/index.php\/noticias\/","title":{"rendered":"NOTICIAS"},"content":{"rendered":"\t\t<div data-elementor-type=\"wp-page\" data-elementor-id=\"22552\" class=\"elementor elementor-22552\" data-elementor-post-type=\"page\">\n\t\t\t\t\t\t<section class=\"elementor-section elementor-top-section elementor-element elementor-element-b71b9dd elementor-section-boxed elementor-section-height-default elementor-section-height-default\" data-id=\"b71b9dd\" data-element_type=\"section\">\n\t\t\t\t\t\t<div class=\"elementor-container elementor-column-gap-default\">\n\t\t\t\t\t<div class=\"elementor-column elementor-col-100 elementor-top-column elementor-element elementor-element-d8a65fd\" data-id=\"d8a65fd\" data-element_type=\"column\">\n\t\t\t<div class=\"elementor-widget-wrap elementor-element-populated\">\n\t\t\t\t\t\t<div class=\"elementor-element elementor-element-bbb708e elementor-widget elementor-widget-search\" data-id=\"bbb708e\" data-element_type=\"widget\" data-settings=\"{&quot;submit_trigger&quot;:&quot;click_submit&quot;,&quot;pagination_type_options&quot;:&quot;none&quot;}\" data-widget_type=\"search.default\">\n\t\t\t\t<div class=\"elementor-widget-container\">\n\t\t\t\t\t<search class=\"e-search hidden\" role=\"search\">\n\t\t\t<form class=\"e-search-form\" action=\"http:\/\/www.undar.edu.pe\" method=\"get\">\n\n\t\t\t\t\n\t\t\t\t<label class=\"e-search-label\" for=\"search-bbb708e\">\n\t\t\t\t\t<span class=\"elementor-screen-only\">\n\t\t\t\t\t\tBuscar\t\t\t\t\t<\/span>\n\t\t\t\t\t\t\t\t\t<\/label>\n\n\t\t\t\t<div class=\"e-search-input-wrapper\">\n\t\t\t\t\t<input id=\"search-bbb708e\" placeholder=\"Escribe para comenzar a buscar...\" class=\"e-search-input\" type=\"search\" name=\"s\" value=\"\" autocomplete=\"off\" role=\"combobox\" aria-autocomplete=\"list\" aria-expanded=\"false\" aria-controls=\"results-bbb708e\" aria-haspopup=\"listbox\">\n\t\t\t\t\t<i aria-hidden=\"true\" class=\"fas fa-times\"><\/i>\t\t\t\t\t\t\t\t\t\t<output id=\"results-bbb708e\" class=\"e-search-results-container hide-loader\" aria-live=\"polite\" aria-atomic=\"true\" aria-label=\"Results for search\" tabindex=\"0\">\n\t\t\t\t\t\t<div class=\"e-search-results\"><\/div>\n\t\t\t\t\t\t\t\t\t\t\t<\/output>\n\t\t\t\t\t\t\t\t\t<\/div>\n\t\t\t\t\n\t\t\t\t\n\t\t\t\t<button class=\"e-search-submit  \" type=\"submit\">\n\t\t\t\t\t\n\t\t\t\t\t<span class=\"\">\n\t\t\t\t\t\tBuscar\t\t\t\t\t<\/span>\n\t\t\t\t<\/button>\n\t\t\t\t<input type=\"hidden\" name=\"e_search_props\" value=\"bbb708e-22552\">\n\t\t\t<\/form>\n\t\t<\/search>\n\t\t\t\t<\/div>\n\t\t\t\t<\/div>\n\t\t\t\t<div class=\"elementor-element elementor-element-930e85f elementor-grid-3 elementor-grid-tablet-2 elementor-grid-mobile-1 elementor-posts--thumbnail-top elementor-card-shadow-yes elementor-posts__hover-gradient elementor-widget elementor-widget-posts\" data-id=\"930e85f\" data-element_type=\"widget\" data-settings=\"{&quot;pagination_type&quot;:&quot;numbers&quot;,&quot;cards_columns&quot;:&quot;3&quot;,&quot;cards_columns_tablet&quot;:&quot;2&quot;,&quot;cards_columns_mobile&quot;:&quot;1&quot;,&quot;cards_row_gap&quot;:{&quot;unit&quot;:&quot;px&quot;,&quot;size&quot;:35,&quot;sizes&quot;:[]},&quot;cards_row_gap_tablet&quot;:{&quot;unit&quot;:&quot;px&quot;,&quot;size&quot;:&quot;&quot;,&quot;sizes&quot;:[]},&quot;cards_row_gap_mobile&quot;:{&quot;unit&quot;:&quot;px&quot;,&quot;size&quot;:&quot;&quot;,&quot;sizes&quot;:[]}}\" data-widget_type=\"posts.cards\">\n\t\t\t\t<div class=\"elementor-widget-container\">\n\t\t\t\t\t<div class=\"elementor-posts-container elementor-posts elementor-posts--skin-cards elementor-grid\">\n\t\t\t\t<article class=\"elementor-post elementor-grid-item post-64810 post type-post status-publish format-standard has-post-thumbnail hentry category-noticias\">\n\t\t\t<div class=\"elementor-post__card\">\n\t\t\t\t<a class=\"elementor-post__thumbnail__link\" href=\"http:\/\/www.undar.edu.pe\/index.php\/2026\/04\/17\/undar-inicia-una-nueva-etapa-con-la-presentacion-de-su-comision-organizadora\/\" tabindex=\"-1\" ><div class=\"elementor-post__thumbnail\"><img fetchpriority=\"high\" decoding=\"async\" width=\"300\" height=\"199\" src=\"http:\/\/www.undar.edu.pe\/wp-content\/uploads\/2026\/04\/Nuevacomisionorganizadora-300x199.gif\" class=\"attachment-medium size-medium wp-image-64812\" alt=\"Banner de noticias: Ceremonia presentaci\u00f3n de Comisi\u00f3n Organizadora\" \/><\/div><\/a>\n\t\t\t\t<div class=\"elementor-post__badge\">NOTICIAS<\/div>\n\t\t\t\t<div class=\"elementor-post__text\">\n\t\t\t\t<h3 class=\"elementor-post__title\">\n\t\t\t<a href=\"http:\/\/www.undar.edu.pe\/index.php\/2026\/04\/17\/undar-inicia-una-nueva-etapa-con-la-presentacion-de-su-comision-organizadora\/\" >\n\t\t\t\tUNDAR INICIA UNA NUEVA ETAPA CON LA PRESENTACI\u00d3N DE SU COMISI\u00d3N ORGANIZADORA\t\t\t<\/a>\n\t\t<\/h3>\n\t\t\t\t<div class=\"elementor-post__excerpt\">\n\t\t\t<p>Con una visi\u00f3n renovada y el firme compromiso de impulsar el desarrollo acad\u00e9mico y art\u00edstico, la nueva \ud835\uddd6\ud835\uddfc\ud835\uddfa\ud835\uddf6\ud835\ude00\ud835\uddf6\ud835\uddfc\u0301\ud835\uddfb \ud835\udde2\ud835\uddff\ud835\uddf4\ud835\uddee\ud835\uddfb\ud835\uddf6\ud835\ude07\ud835\uddee\ud835\uddf1\ud835\uddfc\ud835\uddff\ud835\uddee de la Universidad Nacional Daniel Alom\u00eda (&#8230;)<\/p>\n\t\t<\/div>\n\t\t\n\t\t<a class=\"elementor-post__read-more\" href=\"http:\/\/www.undar.edu.pe\/index.php\/2026\/04\/17\/undar-inicia-una-nueva-etapa-con-la-presentacion-de-su-comision-organizadora\/\" aria-label=\"M\u00e1s informaci\u00f3n sobre UNDAR INICIA UNA NUEVA ETAPA CON LA PRESENTACI\u00d3N DE SU COMISI\u00d3N ORGANIZADORA\" tabindex=\"-1\" >\n\t\t\tLeer m\u00e1s\t\t<\/a>\n\n\t\t\t\t<\/div>\n\t\t\t\t<div class=\"elementor-post__meta-data\">\n\t\t\t\t\t<span class=\"elementor-post-date\">\n\t\t\t17 de abril de 2026\t\t<\/span>\n\t\t\t\t<span class=\"elementor-post-avatar\">\n\t\t\tNo hay comentarios\t\t<\/span>\n\t\t\t\t<\/div>\n\t\t\t\t\t<\/div>\n\t\t<\/article>\n\t\t\t\t<article class=\"elementor-post elementor-grid-item post-64775 post type-post status-publish format-standard has-post-thumbnail hentry category-noticias\">\n\t\t\t<div class=\"elementor-post__card\">\n\t\t\t\t<a class=\"elementor-post__thumbnail__link\" href=\"http:\/\/www.undar.edu.pe\/index.php\/2026\/04\/13\/la-universidad-nacional-daniel-alomia-robles-inicia-nueva-etapa-con-renovada-comision-organizadora\/\" tabindex=\"-1\" ><div class=\"elementor-post__thumbnail\"><img decoding=\"async\" width=\"300\" height=\"199\" src=\"http:\/\/www.undar.edu.pe\/wp-content\/uploads\/2026\/04\/Sin-titulo-1-1-300x199.gif\" class=\"attachment-medium size-medium wp-image-64778\" alt=\"Banner de noticias: Comisi\u00f3n organizadora\" \/><\/div><\/a>\n\t\t\t\t<div class=\"elementor-post__badge\">NOTICIAS<\/div>\n\t\t\t\t<div class=\"elementor-post__text\">\n\t\t\t\t<h3 class=\"elementor-post__title\">\n\t\t\t<a href=\"http:\/\/www.undar.edu.pe\/index.php\/2026\/04\/13\/la-universidad-nacional-daniel-alomia-robles-inicia-nueva-etapa-con-renovada-comision-organizadora\/\" >\n\t\t\t\tLA UNIVERSIDAD NACIONAL DANIEL ALOM\u00cdA ROBLES INICIA NUEVA ETAPA CON RENOVADA COMISI\u00d3N ORGANIZADORA\t\t\t<\/a>\n\t\t<\/h3>\n\t\t\t\t<div class=\"elementor-post__excerpt\">\n\t\t\t<p> La Comisi\u00f3n Organizadora de la Universidad Nacional Daniel Alom\u00eda Robles informa a la comunidad universitaria que, en el marco de la Resoluci\u00f3n Viceministerial N.\u00b0 043-2026- (&#8230;)<\/p>\n\t\t<\/div>\n\t\t\n\t\t<a class=\"elementor-post__read-more\" href=\"http:\/\/www.undar.edu.pe\/index.php\/2026\/04\/13\/la-universidad-nacional-daniel-alomia-robles-inicia-nueva-etapa-con-renovada-comision-organizadora\/\" aria-label=\"M\u00e1s informaci\u00f3n sobre LA UNIVERSIDAD NACIONAL DANIEL ALOM\u00cdA ROBLES INICIA NUEVA ETAPA CON RENOVADA COMISI\u00d3N ORGANIZADORA\" tabindex=\"-1\" >\n\t\t\tLeer m\u00e1s\t\t<\/a>\n\n\t\t\t\t<\/div>\n\t\t\t\t<div class=\"elementor-post__meta-data\">\n\t\t\t\t\t<span class=\"elementor-post-date\">\n\t\t\t13 de abril de 2026\t\t<\/span>\n\t\t\t\t<span class=\"elementor-post-avatar\">\n\t\t\tNo hay comentarios\t\t<\/span>\n\t\t\t\t<\/div>\n\t\t\t\t\t<\/div>\n\t\t<\/article>\n\t\t\t\t<article class=\"elementor-post elementor-grid-item post-64707 post type-post status-publish format-standard has-post-thumbnail hentry category-noticias\">\n\t\t\t<div class=\"elementor-post__card\">\n\t\t\t\t<a class=\"elementor-post__thumbnail__link\" href=\"http:\/\/www.undar.edu.pe\/index.php\/2026\/03\/31\/undar-inaugura-su-ano-academico-2026-y-da-la-bienvenida-a-su-primera-promocion-de-estudiantes\/\" tabindex=\"-1\" ><div class=\"elementor-post__thumbnail\"><img decoding=\"async\" width=\"300\" height=\"199\" src=\"http:\/\/www.undar.edu.pe\/wp-content\/uploads\/2026\/03\/bienvenida-300x199.gif\" class=\"attachment-medium size-medium wp-image-64709\" alt=\"Banner de noticias: Inauguraci\u00f3n a\u00f1o acad\u00e9mico 2026\" \/><\/div><\/a>\n\t\t\t\t<div class=\"elementor-post__badge\">NOTICIAS<\/div>\n\t\t\t\t<div class=\"elementor-post__text\">\n\t\t\t\t<h3 class=\"elementor-post__title\">\n\t\t\t<a href=\"http:\/\/www.undar.edu.pe\/index.php\/2026\/03\/31\/undar-inaugura-su-ano-academico-2026-y-da-la-bienvenida-a-su-primera-promocion-de-estudiantes\/\" >\n\t\t\t\tUNDAR INAUGURA SU A\u00d1O ACAD\u00c9MICO 2026 Y DA LA BIENVENIDA A SU PRIMERA PROMOCI\u00d3N DE ESTUDIANTES\t\t\t<\/a>\n\t\t<\/h3>\n\t\t\t\t<div class=\"elementor-post__excerpt\">\n\t\t\t<p>Con entusiasmo y esp\u00edritu de comunidad universitaria, la Universidad Nacional Daniel Alom\u00eda Robles (UNDAR) dio inicio al A\u00f1o Acad\u00e9mico 2026 con una ceremonia realizada el lunes 30 de (&#8230;)<\/p>\n\t\t<\/div>\n\t\t\n\t\t<a class=\"elementor-post__read-more\" href=\"http:\/\/www.undar.edu.pe\/index.php\/2026\/03\/31\/undar-inaugura-su-ano-academico-2026-y-da-la-bienvenida-a-su-primera-promocion-de-estudiantes\/\" aria-label=\"M\u00e1s informaci\u00f3n sobre UNDAR INAUGURA SU A\u00d1O ACAD\u00c9MICO 2026 Y DA LA BIENVENIDA A SU PRIMERA PROMOCI\u00d3N DE ESTUDIANTES\" tabindex=\"-1\" >\n\t\t\tLeer m\u00e1s\t\t<\/a>\n\n\t\t\t\t<\/div>\n\t\t\t\t<div class=\"elementor-post__meta-data\">\n\t\t\t\t\t<span class=\"elementor-post-date\">\n\t\t\t31 de marzo de 2026\t\t<\/span>\n\t\t\t\t<span class=\"elementor-post-avatar\">\n\t\t\tNo hay comentarios\t\t<\/span>\n\t\t\t\t<\/div>\n\t\t\t\t\t<\/div>\n\t\t<\/article>\n\t\t\t\t<article class=\"elementor-post elementor-grid-item post-64673 post type-post status-publish format-standard has-post-thumbnail hentry category-noticias\">\n\t\t\t<div class=\"elementor-post__card\">\n\t\t\t\t<a class=\"elementor-post__thumbnail__link\" href=\"http:\/\/www.undar.edu.pe\/index.php\/2026\/03\/17\/undar-marco-el-inicio-del-proceso-de-exitosa-jornada-cultural-marco-el-i-festival-condor-pasa-en-la-undar\/\" tabindex=\"-1\" ><div class=\"elementor-post__thumbnail\"><img loading=\"lazy\" decoding=\"async\" width=\"300\" height=\"199\" src=\"http:\/\/www.undar.edu.pe\/wp-content\/uploads\/2026\/03\/1erfestivalCONDORPASA-300x199.gif\" class=\"attachment-medium size-medium wp-image-64675\" alt=\"Banner de noticias: 1er festival condor pasa\" \/><\/div><\/a>\n\t\t\t\t<div class=\"elementor-post__badge\">NOTICIAS<\/div>\n\t\t\t\t<div class=\"elementor-post__text\">\n\t\t\t\t<h3 class=\"elementor-post__title\">\n\t\t\t<a href=\"http:\/\/www.undar.edu.pe\/index.php\/2026\/03\/17\/undar-marco-el-inicio-del-proceso-de-exitosa-jornada-cultural-marco-el-i-festival-condor-pasa-en-la-undar\/\" >\n\t\t\t\tEXITOSA JORNADA CULTURAL MARC\u00d3 EL I FESTIVAL DE \u201cC\u00d3NDOR PASA\u201d EN LA UNDAR\t\t\t<\/a>\n\t\t<\/h3>\n\t\t\t\t<div class=\"elementor-post__excerpt\">\n\t\t\t<p>El lunes 16 de marzo, la Universidad Nacional Daniel Alom\u00eda Robles realiz\u00f3 el I Festival de \u201cC\u00f3ndor Pasa\u201d, una propuesta cultural que congreg\u00f3 a la comunidad huanuque\u00f1a en el  (&#8230;)<\/p>\n\t\t<\/div>\n\t\t\n\t\t<a class=\"elementor-post__read-more\" href=\"http:\/\/www.undar.edu.pe\/index.php\/2026\/03\/17\/undar-marco-el-inicio-del-proceso-de-exitosa-jornada-cultural-marco-el-i-festival-condor-pasa-en-la-undar\/\" aria-label=\"M\u00e1s informaci\u00f3n sobre EXITOSA JORNADA CULTURAL MARC\u00d3 EL I FESTIVAL DE \u201cC\u00d3NDOR PASA\u201d EN LA UNDAR\" tabindex=\"-1\" >\n\t\t\tLeer m\u00e1s\t\t<\/a>\n\n\t\t\t\t<\/div>\n\t\t\t\t<div class=\"elementor-post__meta-data\">\n\t\t\t\t\t<span class=\"elementor-post-date\">\n\t\t\t17 de marzo de 2026\t\t<\/span>\n\t\t\t\t<span class=\"elementor-post-avatar\">\n\t\t\tNo hay comentarios\t\t<\/span>\n\t\t\t\t<\/div>\n\t\t\t\t\t<\/div>\n\t\t<\/article>\n\t\t\t\t<article class=\"elementor-post elementor-grid-item post-64651 post type-post status-publish format-standard has-post-thumbnail hentry category-noticias\">\n\t\t\t<div class=\"elementor-post__card\">\n\t\t\t\t<a class=\"elementor-post__thumbnail__link\" href=\"http:\/\/www.undar.edu.pe\/index.php\/2026\/03\/12\/undar-marco-el-inicio-del-proceso-de-admision-2026-con-la-prueba-de-ejecucion-instrumental-musical\/\" tabindex=\"-1\" ><div class=\"elementor-post__thumbnail\"><img loading=\"lazy\" decoding=\"async\" width=\"300\" height=\"199\" src=\"http:\/\/www.undar.edu.pe\/wp-content\/uploads\/2026\/03\/AdmisionEjecucionInstrumental-300x199.gif\" class=\"attachment-medium size-medium wp-image-64653\" alt=\"Banner de noticias: Prueba de Ejecuci\u00f3n Instrumental\" \/><\/div><\/a>\n\t\t\t\t<div class=\"elementor-post__badge\">NOTICIAS<\/div>\n\t\t\t\t<div class=\"elementor-post__text\">\n\t\t\t\t<h3 class=\"elementor-post__title\">\n\t\t\t<a href=\"http:\/\/www.undar.edu.pe\/index.php\/2026\/03\/12\/undar-marco-el-inicio-del-proceso-de-admision-2026-con-la-prueba-de-ejecucion-instrumental-musical\/\" >\n\t\t\t\tUNDAR MARC\u00d3 EL INICIO DEL PROCESO DE ADMISI\u00d3N 2026 CON LA PRUEBA DE EJECUCI\u00d3N INSTRUMENTAL MUSICAL\t\t\t<\/a>\n\t\t<\/h3>\n\t\t\t\t<div class=\"elementor-post__excerpt\">\n\t\t\t<p>La Universidad Nacional Daniel Alom\u00eda Robles dio inicio al Proceso de Admisi\u00f3n 2026 con la realizaci\u00f3n de la primera prueba de ejecuci\u00f3n instrumental musical, desarrollada (&#8230;)<\/p>\n\t\t<\/div>\n\t\t\n\t\t<a class=\"elementor-post__read-more\" href=\"http:\/\/www.undar.edu.pe\/index.php\/2026\/03\/12\/undar-marco-el-inicio-del-proceso-de-admision-2026-con-la-prueba-de-ejecucion-instrumental-musical\/\" aria-label=\"M\u00e1s informaci\u00f3n sobre UNDAR MARC\u00d3 EL INICIO DEL PROCESO DE ADMISI\u00d3N 2026 CON LA PRUEBA DE EJECUCI\u00d3N INSTRUMENTAL MUSICAL\" tabindex=\"-1\" >\n\t\t\tLeer m\u00e1s\t\t<\/a>\n\n\t\t\t\t<\/div>\n\t\t\t\t<div class=\"elementor-post__meta-data\">\n\t\t\t\t\t<span class=\"elementor-post-date\">\n\t\t\t12 de marzo de 2026\t\t<\/span>\n\t\t\t\t<span class=\"elementor-post-avatar\">\n\t\t\tNo hay comentarios\t\t<\/span>\n\t\t\t\t<\/div>\n\t\t\t\t\t<\/div>\n\t\t<\/article>\n\t\t\t\t<article class=\"elementor-post elementor-grid-item post-64634 post type-post status-publish format-standard has-post-thumbnail hentry category-noticias\">\n\t\t\t<div class=\"elementor-post__card\">\n\t\t\t\t<a class=\"elementor-post__thumbnail__link\" href=\"http:\/\/www.undar.edu.pe\/index.php\/2026\/03\/10\/undar-celebra-el-i-festival-condor-pasa-en-homenaje-al-legado-de-daniel-alomia-robles\/\" tabindex=\"-1\" ><div class=\"elementor-post__thumbnail\"><img loading=\"lazy\" decoding=\"async\" width=\"300\" height=\"199\" src=\"http:\/\/www.undar.edu.pe\/wp-content\/uploads\/2026\/03\/IMAGEN-PARA-PRENSA-DEL-FESTIVAL-DE-CONDOR-PASA-300x199.png\" class=\"attachment-medium size-medium wp-image-64636\" alt=\"Banner de noticias: 1er festival &quot;C\u00f3ndor Pasa&quot;\" srcset=\"http:\/\/www.undar.edu.pe\/wp-content\/uploads\/2026\/03\/IMAGEN-PARA-PRENSA-DEL-FESTIVAL-DE-CONDOR-PASA-300x199.png 300w, http:\/\/www.undar.edu.pe\/wp-content\/uploads\/2026\/03\/IMAGEN-PARA-PRENSA-DEL-FESTIVAL-DE-CONDOR-PASA-1024x680.png 1024w, http:\/\/www.undar.edu.pe\/wp-content\/uploads\/2026\/03\/IMAGEN-PARA-PRENSA-DEL-FESTIVAL-DE-CONDOR-PASA-768x510.png 768w, http:\/\/www.undar.edu.pe\/wp-content\/uploads\/2026\/03\/IMAGEN-PARA-PRENSA-DEL-FESTIVAL-DE-CONDOR-PASA-1536x1019.png 1536w, http:\/\/www.undar.edu.pe\/wp-content\/uploads\/2026\/03\/IMAGEN-PARA-PRENSA-DEL-FESTIVAL-DE-CONDOR-PASA-2048x1359.png 2048w\" sizes=\"(max-width: 300px) 100vw, 300px\" \/><\/div><\/a>\n\t\t\t\t<div class=\"elementor-post__badge\">NOTICIAS<\/div>\n\t\t\t\t<div class=\"elementor-post__text\">\n\t\t\t\t<h3 class=\"elementor-post__title\">\n\t\t\t<a href=\"http:\/\/www.undar.edu.pe\/index.php\/2026\/03\/10\/undar-celebra-el-i-festival-condor-pasa-en-homenaje-al-legado-de-daniel-alomia-robles\/\" >\n\t\t\t\tUNDAR CELEBRA EL I FESTIVAL \u201cC\u00d3NDOR PASA\u00bb EN HOMENAJE AL LEGADO DE DANIEL ALOM\u00cdA ROBLES\t\t\t<\/a>\n\t\t<\/h3>\n\t\t\t\t<div class=\"elementor-post__excerpt\">\n\t\t\t<p>La Universidad Nacional Daniel Alom\u00eda Robles (UNDAR) invita a la comunidad huanuque\u00f1a al I Festival \u201cC\u00f3ndor Pasa\u00bb, un evento art\u00edstico que se llevar\u00e1 a cabo el  (&#8230;)<\/p>\n\t\t<\/div>\n\t\t\n\t\t<a class=\"elementor-post__read-more\" href=\"http:\/\/www.undar.edu.pe\/index.php\/2026\/03\/10\/undar-celebra-el-i-festival-condor-pasa-en-homenaje-al-legado-de-daniel-alomia-robles\/\" aria-label=\"M\u00e1s informaci\u00f3n sobre UNDAR CELEBRA EL I FESTIVAL \u201cC\u00d3NDOR PASA\u00bb EN HOMENAJE AL LEGADO DE DANIEL ALOM\u00cdA ROBLES\" tabindex=\"-1\" >\n\t\t\tLeer m\u00e1s\t\t<\/a>\n\n\t\t\t\t<\/div>\n\t\t\t\t<div class=\"elementor-post__meta-data\">\n\t\t\t\t\t<span class=\"elementor-post-date\">\n\t\t\t10 de marzo de 2026\t\t<\/span>\n\t\t\t\t<span class=\"elementor-post-avatar\">\n\t\t\tNo hay comentarios\t\t<\/span>\n\t\t\t\t<\/div>\n\t\t\t\t\t<\/div>\n\t\t<\/article>\n\t\t\t\t<\/div>\n\t\t\n\t\t\t\t<div class=\"e-load-more-anchor\" data-page=\"1\" data-max-page=\"57\" data-next-page=\"http:\/\/www.undar.edu.pe\/index.php\/wp-json\/wp\/v2\/pages\/22552\/page\/2\/\"><\/div>\n\t\t\t\t<nav class=\"elementor-pagination\" aria-label=\"Paginaci\u00f3n\">\n\t\t\t<span aria-current=\"page\" class=\"page-numbers current\"><span class=\"elementor-screen-only\">P\u00e1gina<\/span>1<\/span>\n<a class=\"page-numbers\" href=\"http:\/\/www.undar.edu.pe\/index.php\/wp-json\/wp\/v2\/pages\/22552\/page\/2\/\"><span class=\"elementor-screen-only\">P\u00e1gina<\/span>2<\/a>\n<a class=\"page-numbers\" href=\"http:\/\/www.undar.edu.pe\/index.php\/wp-json\/wp\/v2\/pages\/22552\/page\/3\/\"><span class=\"elementor-screen-only\">P\u00e1gina<\/span>3<\/a>\n<a class=\"page-numbers\" href=\"http:\/\/www.undar.edu.pe\/index.php\/wp-json\/wp\/v2\/pages\/22552\/page\/4\/\"><span class=\"elementor-screen-only\">P\u00e1gina<\/span>4<\/a>\n<a class=\"page-numbers\" href=\"http:\/\/www.undar.edu.pe\/index.php\/wp-json\/wp\/v2\/pages\/22552\/page\/5\/\"><span class=\"elementor-screen-only\">P\u00e1gina<\/span>5<\/a>\n<a class=\"page-numbers\" href=\"http:\/\/www.undar.edu.pe\/index.php\/wp-json\/wp\/v2\/pages\/22552\/page\/6\/\"><span class=\"elementor-screen-only\">P\u00e1gina<\/span>6<\/a>\n<a class=\"page-numbers\" href=\"http:\/\/www.undar.edu.pe\/index.php\/wp-json\/wp\/v2\/pages\/22552\/page\/7\/\"><span class=\"elementor-screen-only\">P\u00e1gina<\/span>7<\/a>\n<a class=\"page-numbers\" href=\"http:\/\/www.undar.edu.pe\/index.php\/wp-json\/wp\/v2\/pages\/22552\/page\/8\/\"><span class=\"elementor-screen-only\">P\u00e1gina<\/span>8<\/a>\n<a class=\"page-numbers\" href=\"http:\/\/www.undar.edu.pe\/index.php\/wp-json\/wp\/v2\/pages\/22552\/page\/9\/\"><span class=\"elementor-screen-only\">P\u00e1gina<\/span>9<\/a>\n<a class=\"page-numbers\" href=\"http:\/\/www.undar.edu.pe\/index.php\/wp-json\/wp\/v2\/pages\/22552\/page\/10\/\"><span class=\"elementor-screen-only\">P\u00e1gina<\/span>10<\/a>\t\t<\/nav>\n\t\t\t\t<\/div>\n\t\t\t\t<\/div>\n\t\t\t\t<div class=\"elementor-element elementor-element-b412d0e elementor-widget elementor-widget-text-editor\" data-id=\"b412d0e\" data-element_type=\"widget\" data-widget_type=\"text-editor.default\">\n\t\t\t\t<div class=\"elementor-widget-container\">\n\t\t\t\t\t\t\t<p><span style=\"color: #4b4f58; font-size: 15px;\"><button id=\"listenButton1\" class=\"responsivevoice-button\" type=\"button\" value=\"Play\" title=\"ResponsiveVoice Tap to Start\/Stop Speech\"><span>&#128266; Listen to this<\/span><\/button>\n        <script>\n            listenButton1.onclick = function(){\n                if(responsiveVoice.isPlaying()){\n                    responsiveVoice.cancel();\n                }else{\n                    responsiveVoice.speak(\"UNDAR CELEBRA EL I FESTIVAL \u201cC\u00d3NDOR PASA\\\" EN HOMENAJE AL LEGADO DE DANIEL ALOM\u00cdA ROBLES La Universidad Nacional Daniel Alom\u00eda Robles (UNDAR) invita a la comunidad huanuque\u00f1a al I Festival \u201cC\u00f3ndor Pasa\\\", un evento art\u00edstico que se llevar\u00e1 a cabo el pr\u00f3ximo 16 de marzo a las 6:00 p.m. en el Auditorio \u201cRoel Edgardo Tarazona Padilla\u201d. El festival conmemora la trascendencia de la obra cumbre de Alom\u00eda Robles, la cual fue declarada Patrimonio Cultural de la Naci\u00f3n en 2004 mediante la Resoluci\u00f3n Directoral Nacional N\u00b0 219\/INC. Este reconocimiento resalta su profunda significaci\u00f3n simb\u00f3lica y su rol fundamental en la identidad nacional y la difusi\u00f3n de la m\u00fasica peruana en el mundo. El evento contar\u00e1 con una cartelera que incluye a artistas como Kesia Rivera, Leonardo Choquevilca Lozano, Abel Paulino, el Coro de la I.E. Mar\u00eda de los \u00c1ngeles, y agrupaciones como Samhain Raymi, Naturalmente, Salva!!! y Alns. El Dr. Benjam\u00edn Velazco Reyes, presidente de la comisi\u00f3n organizadora de la UNDAR, destac\u00f3 que este evento es un espacio que deben darse como universidad para revalorar las costumbres y el legado de Daniel Alom\u00eda Robles, resaltando adem\u00e1s que el festival busca mostrar c\u00f3mo la melod\u00eda de \\\"El C\u00f3ndor Pasa\\\" posee una versatilidad \u00fanica que le permite adaptarse a una amplia variedad de g\u00e9neros musicales modernos y tradicionales. El ingreso al evento es libre. Con ello la UNDAR reafirma su compromiso con el acceso a la cultura permitiendo que la colectividad huanuque\u00f1a conecte con su herencia musical. ATR\u00c1S SIGUIENTE \u00a0\", \"UK English Female\");\n                }\n            };\n        <\/script>\n    <\/span><span style=\"color: #4b4f58; font-size: 15px;\">\u00a0<\/span><\/p>\t\t\t\t\t\t<\/div>\n\t\t\t\t<\/div>\n\t\t\t\t\t<\/div>\n\t\t<\/div>\n\t\t\t\t\t<\/div>\n\t\t<\/section>\n\t\t\t\t<\/div>\n\t\t","protected":false},"excerpt":{"rendered":"<p>Buscar Buscar \u00a0<\/p>\n","protected":false},"author":1,"featured_media":0,"parent":0,"menu_order":0,"comment_status":"closed","ping_status":"closed","template":"","meta":{"_uf_show_specific_survey":0,"_uf_disable_surveys":false,"footnotes":""},"class_list":["post-22552","page","type-page","status-publish","hentry"],"aioseo_notices":[],"_links":{"self":[{"href":"http:\/\/www.undar.edu.pe\/index.php\/wp-json\/wp\/v2\/pages\/22552","targetHints":{"allow":["GET"]}}],"collection":[{"href":"http:\/\/www.undar.edu.pe\/index.php\/wp-json\/wp\/v2\/pages"}],"about":[{"href":"http:\/\/www.undar.edu.pe\/index.php\/wp-json\/wp\/v2\/types\/page"}],"author":[{"embeddable":true,"href":"http:\/\/www.undar.edu.pe\/index.php\/wp-json\/wp\/v2\/users\/1"}],"replies":[{"embeddable":true,"href":"http:\/\/www.undar.edu.pe\/index.php\/wp-json\/wp\/v2\/comments?post=22552"}],"version-history":[{"count":82,"href":"http:\/\/www.undar.edu.pe\/index.php\/wp-json\/wp\/v2\/pages\/22552\/revisions"}],"predecessor-version":[{"id":64287,"href":"http:\/\/www.undar.edu.pe\/index.php\/wp-json\/wp\/v2\/pages\/22552\/revisions\/64287"}],"wp:attachment":[{"href":"http:\/\/www.undar.edu.pe\/index.php\/wp-json\/wp\/v2\/media?parent=22552"}],"curies":[{"name":"wp","href":"https:\/\/api.w.org\/{rel}","templated":true}]}}