{"id":2076,"date":"2021-08-24T04:18:29","date_gmt":"2021-08-24T09:18:29","guid":{"rendered":"http:\/\/web.undar.edu.pe\/?page_id=2076"},"modified":"2025-09-30T10:13:20","modified_gmt":"2025-09-30T15:13:20","slug":"universidad-licenciamiento","status":"publish","type":"page","link":"http:\/\/www.undar.edu.pe\/index.php\/universidad-licenciamiento\/","title":{"rendered":"UNIVERSIDAD &#8211; LICENCIAMIENTO"},"content":{"rendered":"\t\t<div data-elementor-type=\"wp-page\" data-elementor-id=\"2076\" class=\"elementor elementor-2076\" data-elementor-post-type=\"page\">\n\t\t\t\t\t\t<section class=\"elementor-section elementor-top-section elementor-element elementor-element-283afefa elementor-section-full_width elementor-section-content-middle elementor-section-height-default elementor-section-height-default\" data-id=\"283afefa\" data-element_type=\"section\">\n\t\t\t\t\t\t<div class=\"elementor-container elementor-column-gap-no\">\n\t\t\t\t\t<div class=\"elementor-column elementor-col-100 elementor-top-column elementor-element elementor-element-40d846af\" data-id=\"40d846af\" data-element_type=\"column\">\n\t\t\t<div class=\"elementor-widget-wrap elementor-element-populated\">\n\t\t\t\t\t\t<div class=\"elementor-element elementor-element-577709d3 elementor-widget__width-inherit elementor--h-position-center elementor--v-position-middle elementor-arrows-position-inside elementor-widget elementor-widget-slides\" data-id=\"577709d3\" data-element_type=\"widget\" data-settings=\"{&quot;navigation&quot;:&quot;arrows&quot;,&quot;motion_fx_motion_fx_scrolling&quot;:&quot;yes&quot;,&quot;autoplay&quot;:&quot;yes&quot;,&quot;pause_on_hover&quot;:&quot;yes&quot;,&quot;pause_on_interaction&quot;:&quot;yes&quot;,&quot;autoplay_speed&quot;:5000,&quot;infinite&quot;:&quot;yes&quot;,&quot;transition&quot;:&quot;slide&quot;,&quot;transition_speed&quot;:500,&quot;motion_fx_devices&quot;:[&quot;desktop&quot;,&quot;tablet&quot;,&quot;mobile&quot;]}\" data-widget_type=\"slides.default\">\n\t\t\t\t<div class=\"elementor-widget-container\">\n\t\t\t\t\t<div class=\"elementor-swiper\">\n\t\t\t<div class=\"elementor-slides-wrapper elementor-main-swiper swiper\" dir=\"ltr\" data-animation=\"fadeInUp\">\n\t\t\t\t<div class=\"swiper-wrapper elementor-slides\">\n\t\t\t\t\t\t\t\t\t\t<div class=\"elementor-repeater-item-378399b swiper-slide\"><div class=\"swiper-slide-bg\" role=\"img\"><\/div><div class=\"elementor-background-overlay\"><\/div><div class=\"swiper-slide-inner\" ><div class=\"swiper-slide-contents\"><div class=\"elementor-slide-heading\">LICENCIAMIENTO<\/div><\/div><\/div><\/div>\t\t\t\t<\/div>\n\t\t\t\t\t\t\t<\/div>\n\t\t<\/div>\n\t\t\t\t<\/div>\n\t\t\t\t<\/div>\n\t\t\t\t\t<\/div>\n\t\t<\/div>\n\t\t\t\t\t<\/div>\n\t\t<\/section>\n\t\t\t\t<section class=\"elementor-section elementor-top-section elementor-element elementor-element-de2b9f6 elementor-section-boxed elementor-section-height-default elementor-section-height-default\" data-id=\"de2b9f6\" data-element_type=\"section\">\n\t\t\t\t\t\t<div class=\"elementor-container elementor-column-gap-default\">\n\t\t\t\t\t<div class=\"elementor-column elementor-col-100 elementor-top-column elementor-element elementor-element-9dc7114\" data-id=\"9dc7114\" data-element_type=\"column\">\n\t\t\t<div class=\"elementor-widget-wrap elementor-element-populated\">\n\t\t\t\t\t\t<div class=\"elementor-element elementor-element-91e373a elementor-widget elementor-widget-heading\" data-id=\"91e373a\" data-element_type=\"widget\" data-widget_type=\"heading.default\">\n\t\t\t\t<div class=\"elementor-widget-container\">\n\t\t\t<h6 class=\"elementor-heading-title elementor-size-small\"><b>Universidad Nacional Daniel Alom\u00eda Robles<\/b> - La Universidad - Licenciamiento<\/h6>\t\t<\/div>\n\t\t\t\t<\/div>\n\t\t\t\t\t<\/div>\n\t\t<\/div>\n\t\t\t\t\t<\/div>\n\t\t<\/section>\n\t\t\t\t<section class=\"elementor-section elementor-top-section elementor-element elementor-element-d31f1ee elementor-section-boxed elementor-section-height-default elementor-section-height-default\" data-id=\"d31f1ee\" data-element_type=\"section\">\n\t\t\t\t\t\t<div class=\"elementor-container elementor-column-gap-default\">\n\t\t\t\t\t<div class=\"elementor-column elementor-col-50 elementor-top-column elementor-element elementor-element-19c067a\" data-id=\"19c067a\" data-element_type=\"column\">\n\t\t\t<div class=\"elementor-widget-wrap elementor-element-populated\">\n\t\t\t\t\t\t<div class=\"elementor-element elementor-element-f2b99fe elementor-nav-menu--dropdown-tablet elementor-nav-menu__text-align-aside elementor-nav-menu--toggle elementor-nav-menu--burger elementor-widget elementor-widget-nav-menu\" data-id=\"f2b99fe\" data-element_type=\"widget\" data-settings=\"{&quot;layout&quot;:&quot;vertical&quot;,&quot;submenu_icon&quot;:{&quot;value&quot;:&quot;&lt;i class=\\&quot;fas fa-caret-down\\&quot;&gt;&lt;\\\/i&gt;&quot;,&quot;library&quot;:&quot;fa-solid&quot;},&quot;toggle&quot;:&quot;burger&quot;}\" data-widget_type=\"nav-menu.default\">\n\t\t\t\t<div class=\"elementor-widget-container\">\n\t\t\t\t\t\t<nav aria-label=\"Men\u00fa\" class=\"elementor-nav-menu--main elementor-nav-menu__container elementor-nav-menu--layout-vertical e--pointer-underline e--animation-fade\">\n\t\t\t\t<ul id=\"menu-1-f2b99fe\" class=\"elementor-nav-menu sm-vertical\"><li class=\"menu-item menu-item-type-custom menu-item-object-custom menu-item-305\"><a href=\"https:\/\/www.undar.edu.pe\/index.php\/universidad-resenia-historica\" class=\"elementor-item\">Rese\u00f1a hist\u00f3rica<\/a><\/li>\n<li class=\"menu-item menu-item-type-custom menu-item-object-custom menu-item-309\"><a href=\"https:\/\/www.undar.edu.pe\/index.php\/universidad-mision-y-valores\/\" class=\"elementor-item\">Misi\u00f3n y valores<\/a><\/li>\n<li class=\"menu-item menu-item-type-custom menu-item-object-custom menu-item-306\"><a href=\"https:\/\/www.undar.edu.pe\/index.php\/universidad-comision-organizadora\/\" class=\"elementor-item\">Comisi\u00f3n Organizadora<\/a><\/li>\n<li class=\"menu-item menu-item-type-custom menu-item-object-custom menu-item-976\"><a href=\"https:\/\/www.undar.edu.pe\/index.php\/universidad-plana-docente\" class=\"elementor-item\">Plana docente<\/a><\/li>\n<li class=\"menu-item menu-item-type-custom menu-item-object-custom menu-item-307\"><a href=\"https:\/\/www.undar.edu.pe\/index.php\/universidad-licenciamiento\/\" class=\"elementor-item\">Licenciamiento<\/a><\/li>\n<\/ul>\t\t\t<\/nav>\n\t\t\t\t\t<div class=\"elementor-menu-toggle\" role=\"button\" tabindex=\"0\" aria-label=\"Alternar men\u00fa\" aria-expanded=\"false\">\n\t\t\t<i aria-hidden=\"true\" role=\"presentation\" class=\"elementor-menu-toggle__icon--open eicon-menu-bar\"><\/i><i aria-hidden=\"true\" role=\"presentation\" class=\"elementor-menu-toggle__icon--close eicon-close\"><\/i>\t\t\t<span class=\"elementor-screen-only\">Men\u00fa<\/span>\n\t\t<\/div>\n\t\t\t\t\t<nav class=\"elementor-nav-menu--dropdown elementor-nav-menu__container\" aria-hidden=\"true\">\n\t\t\t\t<ul id=\"menu-2-f2b99fe\" class=\"elementor-nav-menu sm-vertical\"><li class=\"menu-item menu-item-type-custom menu-item-object-custom menu-item-305\"><a href=\"https:\/\/www.undar.edu.pe\/index.php\/universidad-resenia-historica\" class=\"elementor-item\" tabindex=\"-1\">Rese\u00f1a hist\u00f3rica<\/a><\/li>\n<li class=\"menu-item menu-item-type-custom menu-item-object-custom menu-item-309\"><a href=\"https:\/\/www.undar.edu.pe\/index.php\/universidad-mision-y-valores\/\" class=\"elementor-item\" tabindex=\"-1\">Misi\u00f3n y valores<\/a><\/li>\n<li class=\"menu-item menu-item-type-custom menu-item-object-custom menu-item-306\"><a href=\"https:\/\/www.undar.edu.pe\/index.php\/universidad-comision-organizadora\/\" class=\"elementor-item\" tabindex=\"-1\">Comisi\u00f3n Organizadora<\/a><\/li>\n<li class=\"menu-item menu-item-type-custom menu-item-object-custom menu-item-976\"><a href=\"https:\/\/www.undar.edu.pe\/index.php\/universidad-plana-docente\" class=\"elementor-item\" tabindex=\"-1\">Plana docente<\/a><\/li>\n<li class=\"menu-item menu-item-type-custom menu-item-object-custom menu-item-307\"><a href=\"https:\/\/www.undar.edu.pe\/index.php\/universidad-licenciamiento\/\" class=\"elementor-item\" tabindex=\"-1\">Licenciamiento<\/a><\/li>\n<\/ul>\t\t\t<\/nav>\n\t\t\t\t<\/div>\n\t\t\t\t<\/div>\n\t\t\t\t\t<\/div>\n\t\t<\/div>\n\t\t\t\t<div class=\"elementor-column elementor-col-50 elementor-top-column elementor-element elementor-element-a50d2a9\" data-id=\"a50d2a9\" data-element_type=\"column\">\n\t\t\t<div class=\"elementor-widget-wrap elementor-element-populated\">\n\t\t\t\t\t\t<div class=\"elementor-element elementor-element-c474378 elementor-widget elementor-widget-text-editor\" data-id=\"c474378\" data-element_type=\"widget\" data-widget_type=\"text-editor.default\">\n\t\t\t\t<div class=\"elementor-widget-container\">\n\t\t\t\t\t\t\t<p style=\"text-align: justify;\">En cumplimiento a la Ley Universitaria N\u00b0 30220, la <span style=\"color: #b3224e;\"><strong>Universidad Nacional Daniel Alom\u00eda Robles<\/strong><\/span> <strong><span style=\"color: #b3224e;\">(UNDAR)<\/span><\/strong> se encuentra enmarcada al Licenciamiento Institucional, el cual es un procedimiento obligatorio para todas las universidades del pa\u00eds. En ese sentido, nuestra universidad debe demostrar ante la Superintendencia Nacional de Educaci\u00f3n Superior (Sunedu) que cumple con las Condiciones B\u00e1sicas de Calidad (CBC) para poder brindar el servicio educativo.<\/p><p style=\"text-align: justify;\"><span style=\"color: #b3224e;\"><span style=\"color: #343434;\">La<\/span><strong> UNDAR<\/strong><\/span>, <span style=\"color: #343434;\">siguiendo la ruta de la mejora continua y bas\u00e1ndose en que la Sunedu ha normado el Procedimiento de licenciamiento para universidades nuevas mediante la <strong>RESOLUCI\u00d3N DEL CONSEJO DIRECTIVO N\u00b0 043-2020-SUNEDU\/CD<\/strong><span style=\"color: #343434;\">,<\/span> publicada el 26 de mayo del 2020, debe cumplir con seis (06) Condiciones B\u00e1sicas de Calidad, que son:<\/span><\/p><ol><li style=\"text-align: justify;\"><span style=\"color: #343434;\">Modelo educativo de la universidad<\/span><\/li><li style=\"text-align: justify;\"><span style=\"color: #343434;\">Constituci\u00f3n, gobierno y gesti\u00f3n de la universidad<\/span><\/li><li style=\"text-align: justify;\"><span style=\"color: #343434;\">Oferta acad\u00e9mica, recursos educativos y docencia<\/span><\/li><li style=\"text-align: justify;\"><span style=\"color: #343434;\">Propuesta en investigaci\u00f3n<\/span><\/li><li style=\"text-align: justify;\"><span style=\"color: #343434;\">Responsabilidad Social Universitaria y Bienestar Universitario<\/span><\/li><li style=\"text-align: justify;\"><span style=\"color: #343434;\">Transparencia<\/span><\/li><\/ol>\t\t\t\t\t\t<\/div>\n\t\t\t\t<\/div>\n\t\t\t\t<div class=\"elementor-element elementor-element-d667d92 elementor-widget elementor-widget-image\" data-id=\"d667d92\" data-element_type=\"widget\" data-widget_type=\"image.default\">\n\t\t\t\t<div class=\"elementor-widget-container\">\n\t\t\t\t\t\t\t\t\t\t\t\t\t<img fetchpriority=\"high\" decoding=\"async\" width=\"768\" height=\"559\" src=\"http:\/\/www.undar.edu.pe\/wp-content\/uploads\/2023\/09\/SUNEDU_RES-043-2020-UNIV-NUEVAS-768x559.png\" class=\"attachment-medium_large size-medium_large wp-image-49108\" alt=\"Recorte de la Resoluci\u00f3n del Consejo Directivo N\u00b0 043-2020-SUNEDU\/CD\" srcset=\"http:\/\/www.undar.edu.pe\/wp-content\/uploads\/2023\/09\/SUNEDU_RES-043-2020-UNIV-NUEVAS-768x559.png 768w, http:\/\/www.undar.edu.pe\/wp-content\/uploads\/2023\/09\/SUNEDU_RES-043-2020-UNIV-NUEVAS-300x218.png 300w, http:\/\/www.undar.edu.pe\/wp-content\/uploads\/2023\/09\/SUNEDU_RES-043-2020-UNIV-NUEVAS.png 804w\" sizes=\"(max-width: 768px) 100vw, 768px\" \/>\t\t\t\t\t\t\t\t\t\t\t\t\t<\/div>\n\t\t\t\t<\/div>\n\t\t\t\t<div class=\"elementor-element elementor-element-9ef0436 elementor-widget elementor-widget-text-editor\" data-id=\"9ef0436\" data-element_type=\"widget\" data-widget_type=\"text-editor.default\">\n\t\t\t\t<div class=\"elementor-widget-container\">\n\t\t\t\t\t\t\t<p style=\"text-align: center;\"><em>Resoluci\u00f3n del Consejo Directivo N\u00b0 043-2020-SUNEDU\/CD que aprueba el \u00abReglamento del procedimiento de licenciamiento para universidades nuevas\u00bb.<\/em><\/p>\t\t\t\t\t\t<\/div>\n\t\t\t\t<\/div>\n\t\t\t\t<div class=\"elementor-element elementor-element-46c13f6 elementor-widget elementor-widget-image\" data-id=\"46c13f6\" data-element_type=\"widget\" data-widget_type=\"image.default\">\n\t\t\t\t<div class=\"elementor-widget-container\">\n\t\t\t\t\t\t\t\t\t\t\t\t\t<img decoding=\"async\" width=\"768\" height=\"309\" src=\"http:\/\/www.undar.edu.pe\/wp-content\/uploads\/2023\/09\/Res.-043-2020-SUNEDU-CD-en-El-Peruano-768x309.png\" class=\"attachment-medium_large size-medium_large wp-image-49107\" alt=\"Recorte de la Publicaci\u00f3n de la Resoluci\u00f3n N\u00b0 043-2020-SUNEDU\/CD\" srcset=\"http:\/\/www.undar.edu.pe\/wp-content\/uploads\/2023\/09\/Res.-043-2020-SUNEDU-CD-en-El-Peruano-768x309.png 768w, http:\/\/www.undar.edu.pe\/wp-content\/uploads\/2023\/09\/Res.-043-2020-SUNEDU-CD-en-El-Peruano-300x121.png 300w, http:\/\/www.undar.edu.pe\/wp-content\/uploads\/2023\/09\/Res.-043-2020-SUNEDU-CD-en-El-Peruano-1024x411.png 1024w, http:\/\/www.undar.edu.pe\/wp-content\/uploads\/2023\/09\/Res.-043-2020-SUNEDU-CD-en-El-Peruano.png 1329w\" sizes=\"(max-width: 768px) 100vw, 768px\" \/>\t\t\t\t\t\t\t\t\t\t\t\t\t<\/div>\n\t\t\t\t<\/div>\n\t\t\t\t<div class=\"elementor-element elementor-element-1810838 elementor-widget elementor-widget-text-editor\" data-id=\"1810838\" data-element_type=\"widget\" data-widget_type=\"text-editor.default\">\n\t\t\t\t<div class=\"elementor-widget-container\">\n\t\t\t\t\t\t\t<p style=\"text-align: center;\"><em>Publicaci\u00f3n de la\u00a0<\/em><em>Resoluci\u00f3n N\u00b0 043-2020-SUNEDU\/CD que aprueba el \u00abReglamento del procedimiento de licenciamiento para universidades nuevas\u00bb en el diario El Peruano.<\/em><\/p>\t\t\t\t\t\t<\/div>\n\t\t\t\t<\/div>\n\t\t\t\t<div class=\"elementor-element elementor-element-ec2132c elementor-widget elementor-widget-text-editor\" data-id=\"ec2132c\" data-element_type=\"widget\" data-widget_type=\"text-editor.default\">\n\t\t\t\t<div class=\"elementor-widget-container\">\n\t\t\t\t\t\t\t<span style=\"color: #343434; text-align: justify;\">Frente a ello, la universidad se encuentra trabajando con las autoridades, oficinas acad\u00e9micas y administrativas en el cumplimiento de los indicadores de las CBC con el fin de obtener la licencia institucional para ofrecer el servicio educativo en M\u00fasica y en Educaci\u00f3n Musical y Artes dentro del territorio peruano.<\/span>\t\t\t\t\t\t<\/div>\n\t\t\t\t<\/div>\n\t\t\t\t<div class=\"elementor-element elementor-element-f03bd9d elementor-widget elementor-widget-heading\" data-id=\"f03bd9d\" data-element_type=\"widget\" data-widget_type=\"heading.default\">\n\t\t\t\t<div class=\"elementor-widget-container\">\n\t\t\t<h5 class=\"elementor-heading-title elementor-size-default\">PORCENTAJE PROMEDIO GENERAL DE AVANCE POR CADA CBC (julio 2025)<\/h5>\t\t<\/div>\n\t\t\t\t<\/div>\n\t\t\t\t<div class=\"elementor-element elementor-element-5970d08 elementor-widget elementor-widget-progress\" data-id=\"5970d08\" data-element_type=\"widget\" data-widget_type=\"progress.default\">\n\t\t\t\t<div class=\"elementor-widget-container\">\n\t\t\t\n\t\t<div class=\"elementor-progress-wrapper\" role=\"progressbar\" aria-valuemin=\"0\" aria-valuemax=\"100\" aria-valuenow=\"100\" aria-valuetext=\"100% (Modelo educativo de la universidad)\">\n\t\t\t<div class=\"elementor-progress-bar\" data-max=\"100\">\n\t\t\t\t<span class=\"elementor-progress-text\">Modelo educativo de la universidad<\/span>\n\t\t\t\t\t\t\t\t\t<span class=\"elementor-progress-percentage\">100%<\/span>\n\t\t\t\t\t\t\t<\/div>\n\t\t<\/div>\n\t\t\t\t<\/div>\n\t\t\t\t<\/div>\n\t\t\t\t<div class=\"elementor-element elementor-element-ca734f6 elementor-widget elementor-widget-progress\" data-id=\"ca734f6\" data-element_type=\"widget\" data-widget_type=\"progress.default\">\n\t\t\t\t<div class=\"elementor-widget-container\">\n\t\t\t\n\t\t<div class=\"elementor-progress-wrapper\" role=\"progressbar\" aria-valuemin=\"0\" aria-valuemax=\"100\" aria-valuenow=\"100\" aria-valuetext=\"100% (Constituci\u00f3n, gobierno y gesti\u00f3n de la universidad)\">\n\t\t\t<div class=\"elementor-progress-bar\" data-max=\"100\">\n\t\t\t\t<span class=\"elementor-progress-text\">Constituci\u00f3n, gobierno y gesti\u00f3n de la universidad<\/span>\n\t\t\t\t\t\t\t\t\t<span class=\"elementor-progress-percentage\">100%<\/span>\n\t\t\t\t\t\t\t<\/div>\n\t\t<\/div>\n\t\t\t\t<\/div>\n\t\t\t\t<\/div>\n\t\t\t\t<div class=\"elementor-element elementor-element-afa6671 elementor-widget elementor-widget-progress\" data-id=\"afa6671\" data-element_type=\"widget\" data-widget_type=\"progress.default\">\n\t\t\t\t<div class=\"elementor-widget-container\">\n\t\t\t\n\t\t<div class=\"elementor-progress-wrapper\" role=\"progressbar\" aria-valuemin=\"0\" aria-valuemax=\"100\" aria-valuenow=\"100\" aria-valuetext=\"100% (Oferta acad\u00e9mica, recursos educativos y docencia)\">\n\t\t\t<div class=\"elementor-progress-bar\" data-max=\"100\">\n\t\t\t\t<span class=\"elementor-progress-text\">Oferta acad\u00e9mica, recursos educativos y docencia<\/span>\n\t\t\t\t\t\t\t\t\t<span class=\"elementor-progress-percentage\">100%<\/span>\n\t\t\t\t\t\t\t<\/div>\n\t\t<\/div>\n\t\t\t\t<\/div>\n\t\t\t\t<\/div>\n\t\t\t\t<div class=\"elementor-element elementor-element-0a517d4 elementor-widget elementor-widget-progress\" data-id=\"0a517d4\" data-element_type=\"widget\" data-widget_type=\"progress.default\">\n\t\t\t\t<div class=\"elementor-widget-container\">\n\t\t\t\n\t\t<div class=\"elementor-progress-wrapper\" role=\"progressbar\" aria-valuemin=\"0\" aria-valuemax=\"100\" aria-valuenow=\"100\" aria-valuetext=\"100% (Propuesta en investigaci\u00f3n)\">\n\t\t\t<div class=\"elementor-progress-bar\" data-max=\"100\">\n\t\t\t\t<span class=\"elementor-progress-text\">Propuesta en investigaci\u00f3n<\/span>\n\t\t\t\t\t\t\t\t\t<span class=\"elementor-progress-percentage\">100%<\/span>\n\t\t\t\t\t\t\t<\/div>\n\t\t<\/div>\n\t\t\t\t<\/div>\n\t\t\t\t<\/div>\n\t\t\t\t<div class=\"elementor-element elementor-element-de433a7 elementor-widget elementor-widget-progress\" data-id=\"de433a7\" data-element_type=\"widget\" data-widget_type=\"progress.default\">\n\t\t\t\t<div class=\"elementor-widget-container\">\n\t\t\t\n\t\t<div class=\"elementor-progress-wrapper\" role=\"progressbar\" aria-valuemin=\"0\" aria-valuemax=\"100\" aria-valuenow=\"100\" aria-valuetext=\"100% (Responsabilidad Social Universitaria y Bienestar Universitario)\">\n\t\t\t<div class=\"elementor-progress-bar\" data-max=\"100\">\n\t\t\t\t<span class=\"elementor-progress-text\">Responsabilidad Social Universitaria y Bienestar Universitario<\/span>\n\t\t\t\t\t\t\t\t\t<span class=\"elementor-progress-percentage\">100%<\/span>\n\t\t\t\t\t\t\t<\/div>\n\t\t<\/div>\n\t\t\t\t<\/div>\n\t\t\t\t<\/div>\n\t\t\t\t<div class=\"elementor-element elementor-element-aa2adb7 elementor-widget elementor-widget-progress\" data-id=\"aa2adb7\" data-element_type=\"widget\" data-widget_type=\"progress.default\">\n\t\t\t\t<div class=\"elementor-widget-container\">\n\t\t\t\n\t\t<div class=\"elementor-progress-wrapper\" role=\"progressbar\" aria-valuemin=\"0\" aria-valuemax=\"100\" aria-valuenow=\"100\" aria-valuetext=\"100% (Transparencia)\">\n\t\t\t<div class=\"elementor-progress-bar\" data-max=\"100\">\n\t\t\t\t<span class=\"elementor-progress-text\">Transparencia<\/span>\n\t\t\t\t\t\t\t\t\t<span class=\"elementor-progress-percentage\">100%<\/span>\n\t\t\t\t\t\t\t<\/div>\n\t\t<\/div>\n\t\t\t\t<\/div>\n\t\t\t\t<\/div>\n\t\t\t\t<div class=\"elementor-element elementor-element-b38e43d elementor-widget elementor-widget-text-editor\" data-id=\"b38e43d\" data-element_type=\"widget\" data-widget_type=\"text-editor.default\">\n\t\t\t\t<div class=\"elementor-widget-container\">\n\t\t\t\t\t\t\t<p style=\"text-align: left;\"><span style=\"text-align: justify;\"><button id=\"listenButton1\" class=\"responsivevoice-button\" type=\"button\" value=\"Play\" title=\"ResponsiveVoice Tap to Start\/Stop Speech\"><span>&#128266; Listen to this<\/span><\/button>\n        <script>\n            listenButton1.onclick = function(){\n                if(responsiveVoice.isPlaying()){\n                    responsiveVoice.cancel();\n                }else{\n                    responsiveVoice.speak(\"LICENCIAMIENTO Universidad Nacional Daniel Alom\u00eda Robles - La Universidad - Licenciamiento En cumplimiento a la Ley Universitaria N\u00b0 30220, la Universidad Nacional Daniel Alom\u00eda Robles (UNDAR) se encuentra enmarcada al Licenciamiento Institucional, el cual es un procedimiento obligatorio para todas las universidades del pa\u00eds. En ese sentido, nuestra universidad debe demostrar ante la Superintendencia Nacional de Educaci\u00f3n Superior (Sunedu) que cumple con las Condiciones B\u00e1sicas de Calidad (CBC) para poder brindar el servicio educativo.La UNDAR, siguiendo la ruta de la mejora continua y bas\u00e1ndose en que la Sunedu ha normado el Procedimiento de licenciamiento para universidades nuevas mediante la RESOLUCI\u00d3N DEL CONSEJO DIRECTIVO N\u00b0 043-2020-SUNEDU\/CD, publicada el 26 de mayo del 2020, debe cumplir con seis (06) Condiciones B\u00e1sicas de Calidad, que son:Modelo educativo de la universidadConstituci\u00f3n, gobierno y gesti\u00f3n de la universidadOferta acad\u00e9mica, recursos educativos y docenciaPropuesta en investigaci\u00f3nResponsabilidad Social Universitaria y Bienestar UniversitarioTransparencia Resoluci\u00f3n del Consejo Directivo N\u00b0 043-2020-SUNEDU\/CD que aprueba el \\\"Reglamento del procedimiento de licenciamiento para universidades nuevas\\\". Publicaci\u00f3n de la\u00a0Resoluci\u00f3n N\u00b0 043-2020-SUNEDU\/CD que aprueba el \\\"Reglamento del procedimiento de licenciamiento para universidades nuevas\\\" en el diario El Peruano.Frente a ello, la universidad se encuentra trabajando con las autoridades, oficinas acad\u00e9micas y administrativas en el cumplimiento de los indicadores de las CBC con el fin de obtener la licencia institucional para ofrecer el servicio educativo en M\u00fasica y en Educaci\u00f3n Musical y Artes dentro del territorio peruano. PORCENTAJE PROMEDIO GENERAL DE AVANCE POR CADA CBC (julio 2025) Modelo educativo de la universidad 100% Constituci\u00f3n, gobierno y gesti\u00f3n de la universidad 100% Oferta acad\u00e9mica, recursos educativos y docencia 100% Propuesta en investigaci\u00f3n 100% Responsabilidad Social Universitaria y Bienestar Universitario 100% Transparencia 100% \u00a0\", \"UK English Female\");\n                }\n            };\n        <\/script>\n    \u00a0<\/span><\/p>\t\t\t\t\t\t<\/div>\n\t\t\t\t<\/div>\n\t\t\t\t\t<\/div>\n\t\t<\/div>\n\t\t\t\t\t<\/div>\n\t\t<\/section>\n\t\t\t\t<\/div>\n\t\t","protected":false},"excerpt":{"rendered":"<p>LICENCIAMIENTO Universidad Nacional Daniel Alom\u00eda Robles &#8211; La Universidad &#8211; Licenciamiento En cumplimiento a la Ley Universitaria N\u00b0 30220, la Universidad Nacional Daniel Alom\u00eda Robles (UNDAR) se encuentra enmarcada al Licenciamiento Institucional, el cual es un procedimiento obligatorio para todas las universidades del pa\u00eds. En ese sentido, nuestra universidad debe demostrar ante la Superintendencia Nacional [&hellip;]<\/p>\n","protected":false},"author":1,"featured_media":0,"parent":0,"menu_order":0,"comment_status":"closed","ping_status":"closed","template":"","meta":{"_uf_show_specific_survey":0,"_uf_disable_surveys":false,"footnotes":""},"class_list":["post-2076","page","type-page","status-publish","hentry"],"aioseo_notices":[],"_links":{"self":[{"href":"http:\/\/www.undar.edu.pe\/index.php\/wp-json\/wp\/v2\/pages\/2076","targetHints":{"allow":["GET"]}}],"collection":[{"href":"http:\/\/www.undar.edu.pe\/index.php\/wp-json\/wp\/v2\/pages"}],"about":[{"href":"http:\/\/www.undar.edu.pe\/index.php\/wp-json\/wp\/v2\/types\/page"}],"author":[{"embeddable":true,"href":"http:\/\/www.undar.edu.pe\/index.php\/wp-json\/wp\/v2\/users\/1"}],"replies":[{"embeddable":true,"href":"http:\/\/www.undar.edu.pe\/index.php\/wp-json\/wp\/v2\/comments?post=2076"}],"version-history":[{"count":245,"href":"http:\/\/www.undar.edu.pe\/index.php\/wp-json\/wp\/v2\/pages\/2076\/revisions"}],"predecessor-version":[{"id":63803,"href":"http:\/\/www.undar.edu.pe\/index.php\/wp-json\/wp\/v2\/pages\/2076\/revisions\/63803"}],"wp:attachment":[{"href":"http:\/\/www.undar.edu.pe\/index.php\/wp-json\/wp\/v2\/media?parent=2076"}],"curies":[{"name":"wp","href":"https:\/\/api.w.org\/{rel}","templated":true}]}}