{"id":19951,"date":"2022-03-10T17:24:27","date_gmt":"2022-03-10T22:24:27","guid":{"rendered":"http:\/\/www.undar.edu.pe\/?page_id=19951"},"modified":"2025-03-25T13:04:29","modified_gmt":"2025-03-25T18:04:29","slug":"directorio-institucional-facultades","status":"publish","type":"page","link":"http:\/\/www.undar.edu.pe\/index.php\/directorio-institucional-facultades\/","title":{"rendered":"DIRECTORIO INSTITUCIONAL &#8211; FACULTADES"},"content":{"rendered":"\t\t<div data-elementor-type=\"wp-page\" data-elementor-id=\"19951\" class=\"elementor elementor-19951\" data-elementor-post-type=\"page\">\n\t\t\t\t\t\t<section class=\"elementor-section elementor-top-section elementor-element elementor-element-6efdd4e5 elementor-section-full_width elementor-section-content-middle elementor-section-height-default elementor-section-height-default\" data-id=\"6efdd4e5\" data-element_type=\"section\">\n\t\t\t\t\t\t<div class=\"elementor-container elementor-column-gap-no\">\n\t\t\t\t\t<div class=\"elementor-column elementor-col-100 elementor-top-column elementor-element elementor-element-74c3c43f\" data-id=\"74c3c43f\" data-element_type=\"column\">\n\t\t\t<div class=\"elementor-widget-wrap elementor-element-populated\">\n\t\t\t\t\t\t<div class=\"elementor-element elementor-element-7991d94 elementor-widget__width-inherit elementor--h-position-center elementor--v-position-middle elementor-arrows-position-inside elementor-widget elementor-widget-slides\" data-id=\"7991d94\" data-element_type=\"widget\" data-settings=\"{&quot;navigation&quot;:&quot;arrows&quot;,&quot;motion_fx_motion_fx_scrolling&quot;:&quot;yes&quot;,&quot;autoplay&quot;:&quot;yes&quot;,&quot;pause_on_hover&quot;:&quot;yes&quot;,&quot;pause_on_interaction&quot;:&quot;yes&quot;,&quot;autoplay_speed&quot;:5000,&quot;infinite&quot;:&quot;yes&quot;,&quot;transition&quot;:&quot;slide&quot;,&quot;transition_speed&quot;:500,&quot;motion_fx_devices&quot;:[&quot;desktop&quot;,&quot;tablet&quot;,&quot;mobile&quot;]}\" data-widget_type=\"slides.default\">\n\t\t\t\t<div class=\"elementor-widget-container\">\n\t\t\t\t\t<div class=\"elementor-swiper\">\n\t\t\t<div class=\"elementor-slides-wrapper elementor-main-swiper swiper\" dir=\"ltr\" data-animation=\"fadeInUp\">\n\t\t\t\t<div class=\"swiper-wrapper elementor-slides\">\n\t\t\t\t\t\t\t\t\t\t<div class=\"elementor-repeater-item-378399b swiper-slide\"><div class=\"swiper-slide-bg\" role=\"img\"><\/div><div class=\"elementor-background-overlay\"><\/div><div class=\"swiper-slide-inner\" ><div class=\"swiper-slide-contents\"><div class=\"elementor-slide-heading\">DIRECTORIO INSTITUCIONAL<\/div><\/div><\/div><\/div><div class=\"elementor-repeater-item-f851c1c swiper-slide\"><div class=\"swiper-slide-bg\" role=\"img\"><\/div><div class=\"elementor-background-overlay\"><\/div><div class=\"swiper-slide-inner\" ><div class=\"swiper-slide-contents\"><div class=\"elementor-slide-heading\">DIRECTORIO INSTITUCIONAL<\/div><\/div><\/div><\/div>\t\t\t\t<\/div>\n\t\t\t\t\t\t\t\t\t\t\t\t\t\t\t\t\t\t\t\t<div class=\"elementor-swiper-button elementor-swiper-button-prev\" role=\"button\" tabindex=\"0\">\n\t\t\t\t\t\t\t<i aria-hidden=\"true\" class=\"eicon-chevron-left\"><\/i>\t\t\t\t\t\t\t<span class=\"elementor-screen-only\">Diapositiva anterior<\/span>\n\t\t\t\t\t\t<\/div>\n\t\t\t\t\t\t<div class=\"elementor-swiper-button elementor-swiper-button-next\" role=\"button\" tabindex=\"0\">\n\t\t\t\t\t\t\t<i aria-hidden=\"true\" class=\"eicon-chevron-right\"><\/i>\t\t\t\t\t\t\t<span class=\"elementor-screen-only\">Diapositiva siguiente<\/span>\n\t\t\t\t\t\t<\/div>\n\t\t\t\t\t\t\t\t\t\t\t\t<\/div>\n\t\t<\/div>\n\t\t\t\t<\/div>\n\t\t\t\t<\/div>\n\t\t\t\t\t<\/div>\n\t\t<\/div>\n\t\t\t\t\t<\/div>\n\t\t<\/section>\n\t\t\t\t<section class=\"elementor-section elementor-top-section elementor-element elementor-element-b1d1ff8 elementor-section-boxed elementor-section-height-default elementor-section-height-default\" data-id=\"b1d1ff8\" data-element_type=\"section\">\n\t\t\t\t\t\t<div class=\"elementor-container elementor-column-gap-default\">\n\t\t\t\t\t<div class=\"elementor-column elementor-col-100 elementor-top-column elementor-element elementor-element-e3c5cc9\" data-id=\"e3c5cc9\" data-element_type=\"column\">\n\t\t\t<div class=\"elementor-widget-wrap elementor-element-populated\">\n\t\t\t\t\t\t<div class=\"elementor-element elementor-element-e27c496 elementor-widget elementor-widget-heading\" data-id=\"e27c496\" data-element_type=\"widget\" data-widget_type=\"heading.default\">\n\t\t\t\t<div class=\"elementor-widget-container\">\n\t\t\t<h6 class=\"elementor-heading-title elementor-size-small\"><b>Universidad Nacional Daniel Alom\u00eda Robles<\/b> - Directorio institucional - Facultades<\/h6>\t\t<\/div>\n\t\t\t\t<\/div>\n\t\t\t\t\t<\/div>\n\t\t<\/div>\n\t\t\t\t\t<\/div>\n\t\t<\/section>\n\t\t\t\t<section class=\"elementor-section elementor-top-section elementor-element elementor-element-d72c31a elementor-section-boxed elementor-section-height-default elementor-section-height-default\" data-id=\"d72c31a\" data-element_type=\"section\">\n\t\t\t\t\t\t<div class=\"elementor-container elementor-column-gap-default\">\n\t\t\t\t\t<div class=\"elementor-column elementor-col-50 elementor-top-column elementor-element elementor-element-5f2b685\" data-id=\"5f2b685\" data-element_type=\"column\">\n\t\t\t<div class=\"elementor-widget-wrap elementor-element-populated\">\n\t\t\t\t\t\t<div class=\"elementor-element elementor-element-a402183 elementor-nav-menu--dropdown-tablet elementor-nav-menu__text-align-aside elementor-nav-menu--toggle elementor-nav-menu--burger elementor-widget elementor-widget-nav-menu\" data-id=\"a402183\" data-element_type=\"widget\" data-settings=\"{&quot;layout&quot;:&quot;vertical&quot;,&quot;submenu_icon&quot;:{&quot;value&quot;:&quot;&lt;i class=\\&quot;fas fa-caret-down\\&quot;&gt;&lt;\\\/i&gt;&quot;,&quot;library&quot;:&quot;fa-solid&quot;},&quot;toggle&quot;:&quot;burger&quot;}\" data-widget_type=\"nav-menu.default\">\n\t\t\t\t<div class=\"elementor-widget-container\">\n\t\t\t\t\t\t<nav aria-label=\"Men\u00fa\" class=\"elementor-nav-menu--main elementor-nav-menu__container elementor-nav-menu--layout-vertical e--pointer-underline e--animation-fade\">\n\t\t\t\t<ul id=\"menu-1-a402183\" class=\"elementor-nav-menu sm-vertical\"><li class=\"menu-item menu-item-type-custom menu-item-object-custom menu-item-16349\"><a href=\"https:\/\/www.undar.edu.pe\/index.php\/directorio-institucional-organos-de-alta-direccion\/\" class=\"elementor-item\">\u00d3rganos de Alta Direcci\u00f3n<\/a><\/li>\n<li class=\"menu-item menu-item-type-custom menu-item-object-custom menu-item-16350\"><a href=\"https:\/\/www.undar.edu.pe\/index.php\/directorio-institucional-organos-de-asesoramiento\/\" class=\"elementor-item\">\u00d3rganos de asesoramiento<\/a><\/li>\n<li class=\"menu-item menu-item-type-custom menu-item-object-custom menu-item-16351\"><a href=\"https:\/\/www.undar.edu.pe\/index.php\/directorio-institucional-organos-de-apoyo\/\" class=\"elementor-item\">\u00d3rganos de apoyo<\/a><\/li>\n<li class=\"menu-item menu-item-type-custom menu-item-object-custom menu-item-16352\"><a href=\"https:\/\/www.undar.edu.pe\/index.php\/directorio-institucional-organos-de-la-vpa\/\" class=\"elementor-item\">\u00d3rganos de la Vicepresidencia Acad\u00e9mica<\/a><\/li>\n<li class=\"menu-item menu-item-type-custom menu-item-object-custom menu-item-16353\"><a href=\"https:\/\/www.undar.edu.pe\/index.php\/directorio-institucional-organos-de-la-vpi\/\" class=\"elementor-item\">\u00d3rganos de la Vicepresidencia de Investigaci\u00f3n<\/a><\/li>\n<li class=\"menu-item menu-item-type-custom menu-item-object-custom menu-item-16511\"><a href=\"https:\/\/www.undar.edu.pe\/index.php\/directorio-institucional-facultades\/\" class=\"elementor-item\">Facultades<\/a><\/li>\n<\/ul>\t\t\t<\/nav>\n\t\t\t\t\t<div class=\"elementor-menu-toggle\" role=\"button\" tabindex=\"0\" aria-label=\"Alternar men\u00fa\" aria-expanded=\"false\">\n\t\t\t<i aria-hidden=\"true\" role=\"presentation\" class=\"elementor-menu-toggle__icon--open eicon-menu-bar\"><\/i><i aria-hidden=\"true\" role=\"presentation\" class=\"elementor-menu-toggle__icon--close eicon-close\"><\/i>\t\t\t<span class=\"elementor-screen-only\">Men\u00fa<\/span>\n\t\t<\/div>\n\t\t\t\t\t<nav class=\"elementor-nav-menu--dropdown elementor-nav-menu__container\" aria-hidden=\"true\">\n\t\t\t\t<ul id=\"menu-2-a402183\" class=\"elementor-nav-menu sm-vertical\"><li class=\"menu-item menu-item-type-custom menu-item-object-custom menu-item-16349\"><a href=\"https:\/\/www.undar.edu.pe\/index.php\/directorio-institucional-organos-de-alta-direccion\/\" class=\"elementor-item\" tabindex=\"-1\">\u00d3rganos de Alta Direcci\u00f3n<\/a><\/li>\n<li class=\"menu-item menu-item-type-custom menu-item-object-custom menu-item-16350\"><a href=\"https:\/\/www.undar.edu.pe\/index.php\/directorio-institucional-organos-de-asesoramiento\/\" class=\"elementor-item\" tabindex=\"-1\">\u00d3rganos de asesoramiento<\/a><\/li>\n<li class=\"menu-item menu-item-type-custom menu-item-object-custom menu-item-16351\"><a href=\"https:\/\/www.undar.edu.pe\/index.php\/directorio-institucional-organos-de-apoyo\/\" class=\"elementor-item\" tabindex=\"-1\">\u00d3rganos de apoyo<\/a><\/li>\n<li class=\"menu-item menu-item-type-custom menu-item-object-custom menu-item-16352\"><a href=\"https:\/\/www.undar.edu.pe\/index.php\/directorio-institucional-organos-de-la-vpa\/\" class=\"elementor-item\" tabindex=\"-1\">\u00d3rganos de la Vicepresidencia Acad\u00e9mica<\/a><\/li>\n<li class=\"menu-item menu-item-type-custom menu-item-object-custom menu-item-16353\"><a href=\"https:\/\/www.undar.edu.pe\/index.php\/directorio-institucional-organos-de-la-vpi\/\" class=\"elementor-item\" tabindex=\"-1\">\u00d3rganos de la Vicepresidencia de Investigaci\u00f3n<\/a><\/li>\n<li class=\"menu-item menu-item-type-custom menu-item-object-custom menu-item-16511\"><a href=\"https:\/\/www.undar.edu.pe\/index.php\/directorio-institucional-facultades\/\" class=\"elementor-item\" tabindex=\"-1\">Facultades<\/a><\/li>\n<\/ul>\t\t\t<\/nav>\n\t\t\t\t<\/div>\n\t\t\t\t<\/div>\n\t\t\t\t\t<\/div>\n\t\t<\/div>\n\t\t\t\t<div class=\"elementor-column elementor-col-50 elementor-top-column elementor-element elementor-element-01cc37f\" data-id=\"01cc37f\" data-element_type=\"column\">\n\t\t\t<div class=\"elementor-widget-wrap elementor-element-populated\">\n\t\t\t\t\t\t<div class=\"elementor-element elementor-element-ed860cd elementor-widget elementor-widget-accordion\" data-id=\"ed860cd\" data-element_type=\"widget\" data-widget_type=\"accordion.default\">\n\t\t\t\t<div class=\"elementor-widget-container\">\n\t\t\t\t\t<div class=\"elementor-accordion\">\n\t\t\t\t\t\t\t<div class=\"elementor-accordion-item\">\n\t\t\t\t\t<div id=\"elementor-tab-title-2491\" class=\"elementor-tab-title\" data-tab=\"1\" role=\"button\" aria-controls=\"elementor-tab-content-2491\" aria-expanded=\"false\">\n\t\t\t\t\t\t\t\t\t\t\t\t\t<span class=\"elementor-accordion-icon elementor-accordion-icon-left\" aria-hidden=\"true\">\n\t\t\t\t\t\t\t\t\t\t\t\t\t\t\t<span class=\"elementor-accordion-icon-closed\"><i class=\"fas fa-plus\"><\/i><\/span>\n\t\t\t\t\t\t\t\t<span class=\"elementor-accordion-icon-opened\"><i class=\"fas fa-minus\"><\/i><\/span>\n\t\t\t\t\t\t\t\t\t\t\t\t\t\t<\/span>\n\t\t\t\t\t\t\t\t\t\t\t\t<a class=\"elementor-accordion-title\" tabindex=\"0\">FACULTAD DE M\u00daSICA<\/a>\n\t\t\t\t\t<\/div>\n\t\t\t\t\t<div id=\"elementor-tab-content-2491\" class=\"elementor-tab-content elementor-clearfix\" data-tab=\"1\" role=\"region\" aria-labelledby=\"elementor-tab-title-2491\"><p><img fetchpriority=\"high\" decoding=\"async\" class=\"alignnone size-medium wp-image-51516\" src=\"http:\/\/www.undar.edu.pe\/wp-content\/uploads\/2023\/12\/Felix-Arturo-Caldas-y-Caballero-209x300.png\" alt=\"Foto del Mgtr. Felix Arturo Caldas y Caballero\" width=\"209\" height=\"300\" srcset=\"http:\/\/www.undar.edu.pe\/wp-content\/uploads\/2023\/12\/Felix-Arturo-Caldas-y-Caballero-209x300.png 209w, http:\/\/www.undar.edu.pe\/wp-content\/uploads\/2023\/12\/Felix-Arturo-Caldas-y-Caballero-712x1024.png 712w, http:\/\/www.undar.edu.pe\/wp-content\/uploads\/2023\/12\/Felix-Arturo-Caldas-y-Caballero-768x1105.png 768w, http:\/\/www.undar.edu.pe\/wp-content\/uploads\/2023\/12\/Felix-Arturo-Caldas-y-Caballero-1068x1536.png 1068w, http:\/\/www.undar.edu.pe\/wp-content\/uploads\/2023\/12\/Felix-Arturo-Caldas-y-Caballero.png 1161w\" sizes=\"(max-width: 209px) 100vw, 209px\" \/><\/p><p><span style=\"color: #343434;\">Coordinador(e)<\/span><\/p><h6 style=\"font-family: Montserrat, sans-serif; color: #7a7a7a;\"><span style=\"font-weight: bolder;\"><span style=\"color: #b3224e;\">Mgtr. F\u00e9lix Arturo Caldas y Caballero<\/span><\/span><\/h6><p><span style=\"color: #343434; font-size: 1rem;\">fcaldas@undar.edu.pe<\/span><\/p><p><span style=\"color: #f6921e;\"><strong>\u00a0<\/strong><\/span><\/p><p><span style=\"color: #f6921e;\"><span style=\"font-weight: bolder;\">DEPARTAMENTO ACAD\u00c9MICO DE M\u00daSICA<\/span><\/span><\/p><p><img decoding=\"async\" class=\"alignnone size-medium wp-image-51449\" src=\"http:\/\/www.undar.edu.pe\/wp-content\/uploads\/2023\/12\/Freddy-Omar-Majino-Gargate-209x300.png\" alt=\"Foto del Dr. Freddy Omar Majino Gargate\" width=\"209\" height=\"300\" srcset=\"http:\/\/www.undar.edu.pe\/wp-content\/uploads\/2023\/12\/Freddy-Omar-Majino-Gargate-209x300.png 209w, http:\/\/www.undar.edu.pe\/wp-content\/uploads\/2023\/12\/Freddy-Omar-Majino-Gargate-712x1024.png 712w, http:\/\/www.undar.edu.pe\/wp-content\/uploads\/2023\/12\/Freddy-Omar-Majino-Gargate-768x1105.png 768w, http:\/\/www.undar.edu.pe\/wp-content\/uploads\/2023\/12\/Freddy-Omar-Majino-Gargate-1068x1536.png 1068w, http:\/\/www.undar.edu.pe\/wp-content\/uploads\/2023\/12\/Freddy-Omar-Majino-Gargate.png 1161w\" sizes=\"(max-width: 209px) 100vw, 209px\" \/><\/p><p><span style=\"color: #343434;\">Responsable(e)<\/span><\/p><h6 style=\"font-family: Montserrat, sans-serif; color: #7a7a7a;\"><span style=\"font-weight: bolder;\"><span style=\"color: #b3224e;\">Mgtr. Freddy Omar Majino Gargate<\/span><\/span><\/h6><p><span style=\"color: #343434;\">fmajino@undar.edu.pe<\/span><\/p><p><span style=\"color: #343434;\">\u00a0<\/span><\/p><p><span style=\"color: #f6921e;\"><strong>ESCUELA PROFESIONAL DE M\u00daSICA<\/strong><\/span><\/p><p><img decoding=\"async\" class=\"alignnone size-medium wp-image-51457\" src=\"http:\/\/www.undar.edu.pe\/wp-content\/uploads\/2023\/12\/Esio-Ocana-Igarza-209x300.png\" alt=\"Foto del Dr. Esio Oca\u00f1a Igarza\" width=\"209\" height=\"300\" \/><\/p><p><span style=\"color: #343434; font-size: 1rem;\">Responsable(e)<\/span><\/p><h6><span style=\"color: #b3224e;\"><strong>Dr. Esio Oca\u00f1a Igarza<\/strong><\/span><\/h6><p><span style=\"color: #343434;\">eocana@undar.edu.pe<\/span><\/p><\/div>\n\t\t\t\t<\/div>\n\t\t\t\t\t\t\t<div class=\"elementor-accordion-item\">\n\t\t\t\t\t<div id=\"elementor-tab-title-2492\" class=\"elementor-tab-title\" data-tab=\"2\" role=\"button\" aria-controls=\"elementor-tab-content-2492\" aria-expanded=\"false\">\n\t\t\t\t\t\t\t\t\t\t\t\t\t<span class=\"elementor-accordion-icon elementor-accordion-icon-left\" aria-hidden=\"true\">\n\t\t\t\t\t\t\t\t\t\t\t\t\t\t\t<span class=\"elementor-accordion-icon-closed\"><i class=\"fas fa-plus\"><\/i><\/span>\n\t\t\t\t\t\t\t\t<span class=\"elementor-accordion-icon-opened\"><i class=\"fas fa-minus\"><\/i><\/span>\n\t\t\t\t\t\t\t\t\t\t\t\t\t\t<\/span>\n\t\t\t\t\t\t\t\t\t\t\t\t<a class=\"elementor-accordion-title\" tabindex=\"0\">FACULTAD DE EDUCACI\u00d3N MUSICAL Y ARTES<\/a>\n\t\t\t\t\t<\/div>\n\t\t\t\t\t<div id=\"elementor-tab-content-2492\" class=\"elementor-tab-content elementor-clearfix\" data-tab=\"2\" role=\"region\" aria-labelledby=\"elementor-tab-title-2492\"><p><img loading=\"lazy\" decoding=\"async\" class=\"alignnone size-medium wp-image-51527\" src=\"http:\/\/www.undar.edu.pe\/wp-content\/uploads\/2023\/12\/Felix-Hipolito-Echevarria-Ramirez-209x300.png\" alt=\"Foto del Mgtr. F\u00e9lix Hip\u00f3lito Echevarr\u00eda Ram\u00edrez\" width=\"209\" height=\"300\" srcset=\"http:\/\/www.undar.edu.pe\/wp-content\/uploads\/2023\/12\/Felix-Hipolito-Echevarria-Ramirez-209x300.png 209w, http:\/\/www.undar.edu.pe\/wp-content\/uploads\/2023\/12\/Felix-Hipolito-Echevarria-Ramirez-712x1024.png 712w, http:\/\/www.undar.edu.pe\/wp-content\/uploads\/2023\/12\/Felix-Hipolito-Echevarria-Ramirez-768x1105.png 768w, http:\/\/www.undar.edu.pe\/wp-content\/uploads\/2023\/12\/Felix-Hipolito-Echevarria-Ramirez-1068x1536.png 1068w, http:\/\/www.undar.edu.pe\/wp-content\/uploads\/2023\/12\/Felix-Hipolito-Echevarria-Ramirez.png 1161w\" sizes=\"(max-width: 209px) 100vw, 209px\" \/><\/p><p><span style=\"color: #343434;\">Coordinador(e)<\/span><\/p><h6 style=\"font-family: Montserrat, sans-serif; color: #7a7a7a;\"><span style=\"font-weight: bolder;\"><span style=\"color: #b3224e;\">Mgtr. F\u00e9lix Hip\u00f3lito Echevarr\u00eda Ram\u00edrez<\/span><\/span><\/h6><p><span style=\"color: #343434; font-size: 1rem;\">fechevarria@undar.edu.pe<\/span><\/p><p><span style=\"color: #f6921e;\"><strong>\u00a0<\/strong><\/span><\/p><p><span style=\"color: #f6921e;\"><span style=\"font-weight: bolder;\">DEPARTAMENTO ACAD\u00c9MICO DE ESTUDIOS GENERALES<\/span><\/span><\/p><p><img loading=\"lazy\" decoding=\"async\" class=\"alignnone size-medium wp-image-51432\" src=\"http:\/\/www.undar.edu.pe\/wp-content\/uploads\/2023\/12\/Tito-Huberto-Hinostroza-Robles-209x300.png\" alt=\"Foto del Dr. Tito Huberto Hinostroza Robles\" width=\"209\" height=\"300\" srcset=\"http:\/\/www.undar.edu.pe\/wp-content\/uploads\/2023\/12\/Tito-Huberto-Hinostroza-Robles-209x300.png 209w, http:\/\/www.undar.edu.pe\/wp-content\/uploads\/2023\/12\/Tito-Huberto-Hinostroza-Robles-712x1024.png 712w, http:\/\/www.undar.edu.pe\/wp-content\/uploads\/2023\/12\/Tito-Huberto-Hinostroza-Robles-768x1105.png 768w, http:\/\/www.undar.edu.pe\/wp-content\/uploads\/2023\/12\/Tito-Huberto-Hinostroza-Robles-1068x1536.png 1068w, http:\/\/www.undar.edu.pe\/wp-content\/uploads\/2023\/12\/Tito-Huberto-Hinostroza-Robles.png 1161w\" sizes=\"(max-width: 209px) 100vw, 209px\" \/><\/p><p><span style=\"color: #343434;\">Responsable(e)<\/span><\/p><h6 style=\"font-family: Montserrat, sans-serif; color: #7a7a7a;\"><span style=\"font-weight: bolder;\"><span style=\"color: #b3224e;\">Mgtr. Huberto Tito Hinostroza Robles<\/span><\/span><\/h6><p><span style=\"color: #343434;\">hhinostroza@undar.edu.pe<\/span><\/p><p><span style=\"color: #f6921e;\"><strong>\u00a0<\/strong><\/span><\/p><p><span style=\"color: #f6921e;\"><span style=\"font-weight: bolder;\">DEPARTAMENTO ACAD\u00c9MICO DE EDUCACI\u00d3N MUSICAL Y ARTES<\/span><\/span><\/p><p><img loading=\"lazy\" decoding=\"async\" class=\"alignnone size-medium wp-image-51541\" src=\"http:\/\/www.undar.edu.pe\/wp-content\/uploads\/2023\/12\/Jonathan-Fernando-Garcia-Arias-209x300.png\" alt=\"Foto del Dr. Jonathan Fernando Garcia Arias\" width=\"209\" height=\"300\" srcset=\"http:\/\/www.undar.edu.pe\/wp-content\/uploads\/2023\/12\/Jonathan-Fernando-Garcia-Arias-209x300.png 209w, http:\/\/www.undar.edu.pe\/wp-content\/uploads\/2023\/12\/Jonathan-Fernando-Garcia-Arias-712x1024.png 712w, http:\/\/www.undar.edu.pe\/wp-content\/uploads\/2023\/12\/Jonathan-Fernando-Garcia-Arias-768x1105.png 768w, http:\/\/www.undar.edu.pe\/wp-content\/uploads\/2023\/12\/Jonathan-Fernando-Garcia-Arias-1068x1536.png 1068w, http:\/\/www.undar.edu.pe\/wp-content\/uploads\/2023\/12\/Jonathan-Fernando-Garcia-Arias.png 1161w\" sizes=\"(max-width: 209px) 100vw, 209px\" \/><\/p><p><span style=\"color: #343434;\">Responsable(e)<\/span><\/p><h6 style=\"font-family: Montserrat, sans-serif; color: #7a7a7a;\"><span style=\"font-weight: bolder;\"><span style=\"color: #b3224e;\">Dr. Jonathan Fernando Garcia Arias<\/span><\/span><\/h6><p><span style=\"color: #343434;\">jgarcia@undar.edu.pe<\/span><\/p><p>\u00a0<\/p><p><span style=\"color: #f6921e;\"><strong>ESCUELA PROFESIONAL DE EDUCACI\u00d3N MUSICAL Y ARTES<\/strong><\/span><\/p><p><img loading=\"lazy\" decoding=\"async\" class=\"alignnone size-medium wp-image-51453\" src=\"http:\/\/www.undar.edu.pe\/wp-content\/uploads\/2023\/12\/Fredy-Romulo-Marcelini-Morales-209x300.png\" alt=\"Foto del Dr. Fredy Romulo Marcelini Morales\" width=\"209\" height=\"300\" \/><\/p><p><span style=\"color: #343434; font-size: 1rem;\">Responsable(e)<\/span><\/p><h6><span style=\"color: #b3224e;\"><strong>Dr. Fredy R\u00f3mulo Marcellini Morales<\/strong><\/span><\/h6><p><span style=\"color: #343434;\">fmarcellini@undar.edu.pe<\/span><\/p><\/div>\n\t\t\t\t<\/div>\n\t\t\t\t\t\t\t\t<\/div>\n\t\t\t\t<\/div>\n\t\t\t\t<\/div>\n\t\t\t\t\t<\/div>\n\t\t<\/div>\n\t\t\t\t\t<\/div>\n\t\t<\/section>\n\t\t\t\t<section class=\"elementor-section elementor-top-section elementor-element elementor-element-f0763aa elementor-section-boxed elementor-section-height-default elementor-section-height-default\" data-id=\"f0763aa\" data-element_type=\"section\">\n\t\t\t\t\t\t<div class=\"elementor-container elementor-column-gap-default\">\n\t\t\t\t\t<div class=\"elementor-column elementor-col-100 elementor-top-column elementor-element elementor-element-f660c23\" data-id=\"f660c23\" data-element_type=\"column\">\n\t\t\t<div class=\"elementor-widget-wrap elementor-element-populated\">\n\t\t\t\t\t\t<div class=\"elementor-element elementor-element-8468130 elementor-widget elementor-widget-text-editor\" data-id=\"8468130\" data-element_type=\"widget\" data-widget_type=\"text-editor.default\">\n\t\t\t\t<div class=\"elementor-widget-container\">\n\t\t\t\t\t\t\t<p><span style=\"color: #343434;\"><button id=\"listenButton1\" class=\"responsivevoice-button\" type=\"button\" value=\"Play\" title=\"ResponsiveVoice Tap to Start\/Stop Speech\"><span>&#128266; Listen to this<\/span><\/button>\n        <script>\n            listenButton1.onclick = function(){\n                if(responsiveVoice.isPlaying()){\n                    responsiveVoice.cancel();\n                }else{\n                    responsiveVoice.speak(\"DIRECTORIO INSTITUCIONALDIRECTORIO INSTITUCIONAL Diapositiva anterior Diapositiva siguiente Universidad Nacional Daniel Alom\u00eda Robles - Directorio institucional - Facultades FACULTAD DE M\u00daSICA Coordinador(e)Mgtr. F\u00e9lix Arturo Caldas y Caballerofcaldas@undar.edu.pe\u00a0DEPARTAMENTO ACAD\u00c9MICO DE M\u00daSICAResponsable(e)Mgtr. Freddy Omar Majino Gargatefmajino@undar.edu.pe\u00a0ESCUELA PROFESIONAL DE M\u00daSICAResponsable(e)Dr. Esio Oca\u00f1a Igarzaeocana@undar.edu.pe FACULTAD DE EDUCACI\u00d3N MUSICAL Y ARTES Coordinador(e)Mgtr. F\u00e9lix Hip\u00f3lito Echevarr\u00eda Ram\u00edrezfechevarria@undar.edu.pe\u00a0DEPARTAMENTO ACAD\u00c9MICO DE ESTUDIOS GENERALESResponsable(e)Mgtr. Huberto Tito Hinostroza Robleshhinostroza@undar.edu.pe\u00a0DEPARTAMENTO ACAD\u00c9MICO DE EDUCACI\u00d3N MUSICAL Y ARTESResponsable(e)Dr. Jonathan Fernando Garcia Ariasjgarcia@undar.edu.pe\u00a0ESCUELA PROFESIONAL DE EDUCACI\u00d3N MUSICAL Y ARTESResponsable(e)Dr. Fredy R\u00f3mulo Marcellini Moralesfmarcellini@undar.edu.pe \u00a0\", \"UK English Female\");\n                }\n            };\n        <\/script>\n    \u00a0<\/span><\/p>\t\t\t\t\t\t<\/div>\n\t\t\t\t<\/div>\n\t\t\t\t\t<\/div>\n\t\t<\/div>\n\t\t\t\t\t<\/div>\n\t\t<\/section>\n\t\t\t\t<\/div>\n\t\t","protected":false},"excerpt":{"rendered":"<p>DIRECTORIO INSTITUCIONALDIRECTORIO INSTITUCIONAL Diapositiva anterior Diapositiva siguiente Universidad Nacional Daniel Alom\u00eda Robles &#8211; Directorio institucional &#8211; Facultades FACULTAD DE M\u00daSICA Coordinador(e) Mgtr. F\u00e9lix Arturo Caldas y Caballero fcaldas@undar.edu.pe \u00a0 DEPARTAMENTO ACAD\u00c9MICO DE M\u00daSICA Responsable(e) Mgtr. Freddy Omar Majino Gargate fmajino@undar.edu.pe \u00a0 ESCUELA PROFESIONAL DE M\u00daSICA Responsable(e) Dr. Esio Oca\u00f1a Igarza eocana@undar.edu.pe FACULTAD DE EDUCACI\u00d3N MUSICAL [&hellip;]<\/p>\n","protected":false},"author":1,"featured_media":0,"parent":0,"menu_order":0,"comment_status":"closed","ping_status":"closed","template":"","meta":{"_uf_show_specific_survey":0,"_uf_disable_surveys":false,"footnotes":""},"class_list":["post-19951","page","type-page","status-publish","hentry"],"aioseo_notices":[],"_links":{"self":[{"href":"http:\/\/www.undar.edu.pe\/index.php\/wp-json\/wp\/v2\/pages\/19951","targetHints":{"allow":["GET"]}}],"collection":[{"href":"http:\/\/www.undar.edu.pe\/index.php\/wp-json\/wp\/v2\/pages"}],"about":[{"href":"http:\/\/www.undar.edu.pe\/index.php\/wp-json\/wp\/v2\/types\/page"}],"author":[{"embeddable":true,"href":"http:\/\/www.undar.edu.pe\/index.php\/wp-json\/wp\/v2\/users\/1"}],"replies":[{"embeddable":true,"href":"http:\/\/www.undar.edu.pe\/index.php\/wp-json\/wp\/v2\/comments?post=19951"}],"version-history":[{"count":282,"href":"http:\/\/www.undar.edu.pe\/index.php\/wp-json\/wp\/v2\/pages\/19951\/revisions"}],"predecessor-version":[{"id":61161,"href":"http:\/\/www.undar.edu.pe\/index.php\/wp-json\/wp\/v2\/pages\/19951\/revisions\/61161"}],"wp:attachment":[{"href":"http:\/\/www.undar.edu.pe\/index.php\/wp-json\/wp\/v2\/media?parent=19951"}],"curies":[{"name":"wp","href":"https:\/\/api.w.org\/{rel}","templated":true}]}}