{"id":1960,"date":"2021-08-24T00:29:15","date_gmt":"2021-08-24T05:29:15","guid":{"rendered":"http:\/\/web.undar.edu.pe\/?page_id=1960"},"modified":"2025-03-25T12:53:14","modified_gmt":"2025-03-25T17:53:14","slug":"universidad-comision-organizadora-vicepresidencia-investigacion","status":"publish","type":"page","link":"http:\/\/www.undar.edu.pe\/index.php\/universidad-comision-organizadora-vicepresidencia-investigacion\/","title":{"rendered":"UNIVERSIDAD &#8211; CO &#8211; VICEPRESIDENCIA DE INVESTIGACI\u00d3N"},"content":{"rendered":"\t\t<div data-elementor-type=\"wp-page\" data-elementor-id=\"1960\" class=\"elementor elementor-1960\" data-elementor-post-type=\"page\">\n\t\t\t\t\t\t<section class=\"elementor-section elementor-top-section elementor-element elementor-element-3ca6bad8 elementor-section-full_width elementor-section-content-space-between elementor-section-height-default elementor-section-height-default\" data-id=\"3ca6bad8\" data-element_type=\"section\">\n\t\t\t\t\t\t<div class=\"elementor-container elementor-column-gap-no\">\n\t\t\t\t\t<div class=\"elementor-column elementor-col-100 elementor-top-column elementor-element elementor-element-3d147e5c\" data-id=\"3d147e5c\" data-element_type=\"column\">\n\t\t\t<div class=\"elementor-widget-wrap elementor-element-populated\">\n\t\t\t\t\t\t<div class=\"elementor-element elementor-element-17fabf6 elementor-widget__width-inherit elementor--h-position-center elementor--v-position-middle elementor-arrows-position-inside elementor-widget elementor-widget-slides\" data-id=\"17fabf6\" data-element_type=\"widget\" data-settings=\"{&quot;navigation&quot;:&quot;arrows&quot;,&quot;motion_fx_motion_fx_scrolling&quot;:&quot;yes&quot;,&quot;autoplay&quot;:&quot;yes&quot;,&quot;pause_on_hover&quot;:&quot;yes&quot;,&quot;pause_on_interaction&quot;:&quot;yes&quot;,&quot;autoplay_speed&quot;:5000,&quot;infinite&quot;:&quot;yes&quot;,&quot;transition&quot;:&quot;slide&quot;,&quot;transition_speed&quot;:500,&quot;motion_fx_devices&quot;:[&quot;desktop&quot;,&quot;tablet&quot;,&quot;mobile&quot;]}\" data-widget_type=\"slides.default\">\n\t\t\t\t<div class=\"elementor-widget-container\">\n\t\t\t\t\t<div class=\"elementor-swiper\">\n\t\t\t<div class=\"elementor-slides-wrapper elementor-main-swiper swiper\" dir=\"ltr\" data-animation=\"fadeInUp\">\n\t\t\t\t<div class=\"swiper-wrapper elementor-slides\">\n\t\t\t\t\t\t\t\t\t\t<div class=\"elementor-repeater-item-378399b swiper-slide\"><div class=\"swiper-slide-bg\" role=\"img\"><\/div><div class=\"elementor-background-overlay\"><\/div><div class=\"swiper-slide-inner\" ><div class=\"swiper-slide-contents\"><\/div><\/div><\/div>\t\t\t\t<\/div>\n\t\t\t\t\t\t\t<\/div>\n\t\t<\/div>\n\t\t\t\t<\/div>\n\t\t\t\t<\/div>\n\t\t\t\t\t<\/div>\n\t\t<\/div>\n\t\t\t\t\t<\/div>\n\t\t<\/section>\n\t\t\t\t<section class=\"elementor-section elementor-top-section elementor-element elementor-element-6f889ff elementor-section-boxed elementor-section-height-default elementor-section-height-default\" data-id=\"6f889ff\" data-element_type=\"section\">\n\t\t\t\t\t\t<div class=\"elementor-container elementor-column-gap-default\">\n\t\t\t\t\t<div class=\"elementor-column elementor-col-100 elementor-top-column elementor-element elementor-element-6fb56bd\" data-id=\"6fb56bd\" data-element_type=\"column\">\n\t\t\t<div class=\"elementor-widget-wrap elementor-element-populated\">\n\t\t\t\t\t\t<div class=\"elementor-element elementor-element-52902ea elementor-widget elementor-widget-heading\" data-id=\"52902ea\" data-element_type=\"widget\" data-widget_type=\"heading.default\">\n\t\t\t\t<div class=\"elementor-widget-container\">\n\t\t\t<h6 class=\"elementor-heading-title elementor-size-small\"><b>Universidad Nacional Daniel Alom\u00eda Robles<\/b> - La Universidad - Comisi\u00f3n Organizadora - Vicepresidencia de Investigaci\u00f3n<\/h6>\t\t<\/div>\n\t\t\t\t<\/div>\n\t\t\t\t\t<\/div>\n\t\t<\/div>\n\t\t\t\t\t<\/div>\n\t\t<\/section>\n\t\t\t\t<section class=\"elementor-section elementor-top-section elementor-element elementor-element-f53ff6e elementor-section-boxed elementor-section-height-default elementor-section-height-default\" data-id=\"f53ff6e\" data-element_type=\"section\">\n\t\t\t\t\t\t<div class=\"elementor-container elementor-column-gap-default\">\n\t\t\t\t\t<div class=\"elementor-column elementor-col-50 elementor-top-column elementor-element elementor-element-924ccf4\" data-id=\"924ccf4\" data-element_type=\"column\">\n\t\t\t<div class=\"elementor-widget-wrap elementor-element-populated\">\n\t\t\t\t\t\t<div class=\"elementor-element elementor-element-a5f61fe elementor-nav-menu--dropdown-tablet elementor-nav-menu__text-align-aside elementor-nav-menu--toggle elementor-nav-menu--burger elementor-widget elementor-widget-nav-menu\" data-id=\"a5f61fe\" data-element_type=\"widget\" data-settings=\"{&quot;layout&quot;:&quot;vertical&quot;,&quot;submenu_icon&quot;:{&quot;value&quot;:&quot;&lt;i class=\\&quot;fas fa-caret-down\\&quot;&gt;&lt;\\\/i&gt;&quot;,&quot;library&quot;:&quot;fa-solid&quot;},&quot;toggle&quot;:&quot;burger&quot;}\" data-widget_type=\"nav-menu.default\">\n\t\t\t\t<div class=\"elementor-widget-container\">\n\t\t\t\t\t\t<nav aria-label=\"Men\u00fa\" class=\"elementor-nav-menu--main elementor-nav-menu__container elementor-nav-menu--layout-vertical e--pointer-underline e--animation-fade\">\n\t\t\t\t<ul id=\"menu-1-a5f61fe\" class=\"elementor-nav-menu sm-vertical\"><li class=\"menu-item menu-item-type-custom menu-item-object-custom menu-item-305\"><a href=\"https:\/\/www.undar.edu.pe\/index.php\/universidad-resenia-historica\" class=\"elementor-item\">Rese\u00f1a hist\u00f3rica<\/a><\/li>\n<li class=\"menu-item menu-item-type-custom menu-item-object-custom menu-item-309\"><a href=\"https:\/\/www.undar.edu.pe\/index.php\/universidad-mision-y-valores\/\" class=\"elementor-item\">Misi\u00f3n y valores<\/a><\/li>\n<li class=\"menu-item menu-item-type-custom menu-item-object-custom menu-item-306\"><a href=\"https:\/\/www.undar.edu.pe\/index.php\/universidad-comision-organizadora\/\" class=\"elementor-item\">Comisi\u00f3n Organizadora<\/a><\/li>\n<li class=\"menu-item menu-item-type-custom menu-item-object-custom menu-item-976\"><a href=\"https:\/\/www.undar.edu.pe\/index.php\/universidad-plana-docente\" class=\"elementor-item\">Plana docente<\/a><\/li>\n<li class=\"menu-item menu-item-type-custom menu-item-object-custom menu-item-307\"><a href=\"https:\/\/www.undar.edu.pe\/index.php\/universidad-licenciamiento\/\" class=\"elementor-item\">Licenciamiento<\/a><\/li>\n<\/ul>\t\t\t<\/nav>\n\t\t\t\t\t<div class=\"elementor-menu-toggle\" role=\"button\" tabindex=\"0\" aria-label=\"Alternar men\u00fa\" aria-expanded=\"false\">\n\t\t\t<i aria-hidden=\"true\" role=\"presentation\" class=\"elementor-menu-toggle__icon--open eicon-menu-bar\"><\/i><i aria-hidden=\"true\" role=\"presentation\" class=\"elementor-menu-toggle__icon--close eicon-close\"><\/i>\t\t\t<span class=\"elementor-screen-only\">Men\u00fa<\/span>\n\t\t<\/div>\n\t\t\t\t\t<nav class=\"elementor-nav-menu--dropdown elementor-nav-menu__container\" aria-hidden=\"true\">\n\t\t\t\t<ul id=\"menu-2-a5f61fe\" class=\"elementor-nav-menu sm-vertical\"><li class=\"menu-item menu-item-type-custom menu-item-object-custom menu-item-305\"><a href=\"https:\/\/www.undar.edu.pe\/index.php\/universidad-resenia-historica\" class=\"elementor-item\" tabindex=\"-1\">Rese\u00f1a hist\u00f3rica<\/a><\/li>\n<li class=\"menu-item menu-item-type-custom menu-item-object-custom menu-item-309\"><a href=\"https:\/\/www.undar.edu.pe\/index.php\/universidad-mision-y-valores\/\" class=\"elementor-item\" tabindex=\"-1\">Misi\u00f3n y valores<\/a><\/li>\n<li class=\"menu-item menu-item-type-custom menu-item-object-custom menu-item-306\"><a href=\"https:\/\/www.undar.edu.pe\/index.php\/universidad-comision-organizadora\/\" class=\"elementor-item\" tabindex=\"-1\">Comisi\u00f3n Organizadora<\/a><\/li>\n<li class=\"menu-item menu-item-type-custom menu-item-object-custom menu-item-976\"><a href=\"https:\/\/www.undar.edu.pe\/index.php\/universidad-plana-docente\" class=\"elementor-item\" tabindex=\"-1\">Plana docente<\/a><\/li>\n<li class=\"menu-item menu-item-type-custom menu-item-object-custom menu-item-307\"><a href=\"https:\/\/www.undar.edu.pe\/index.php\/universidad-licenciamiento\/\" class=\"elementor-item\" tabindex=\"-1\">Licenciamiento<\/a><\/li>\n<\/ul>\t\t\t<\/nav>\n\t\t\t\t<\/div>\n\t\t\t\t<\/div>\n\t\t\t\t\t<\/div>\n\t\t<\/div>\n\t\t\t\t<div class=\"elementor-column elementor-col-50 elementor-top-column elementor-element elementor-element-864d876\" data-id=\"864d876\" data-element_type=\"column\">\n\t\t\t<div class=\"elementor-widget-wrap elementor-element-populated\">\n\t\t\t\t\t\t<section class=\"elementor-section elementor-inner-section elementor-element elementor-element-882c835 elementor-section-boxed elementor-section-height-default elementor-section-height-default\" data-id=\"882c835\" data-element_type=\"section\">\n\t\t\t\t\t\t<div class=\"elementor-container elementor-column-gap-default\">\n\t\t\t\t\t<div class=\"elementor-column elementor-col-50 elementor-inner-column elementor-element elementor-element-68669cc\" data-id=\"68669cc\" data-element_type=\"column\">\n\t\t\t<div class=\"elementor-widget-wrap elementor-element-populated\">\n\t\t\t\t\t\t<div class=\"elementor-element elementor-element-1065b55 elementor-widget elementor-widget-image\" data-id=\"1065b55\" data-element_type=\"widget\" data-widget_type=\"image.default\">\n\t\t\t\t<div class=\"elementor-widget-container\">\n\t\t\t\t\t\t\t\t\t\t\t\t\t<img fetchpriority=\"high\" decoding=\"async\" width=\"800\" height=\"534\" src=\"http:\/\/www.undar.edu.pe\/wp-content\/uploads\/2023\/07\/VICEPRESIDENTA_DE_INVESTIGACION_1-1024x683.png\" class=\"attachment-large size-large wp-image-47383\" alt=\"Foto de la vicepresidenta de investigaci\u00f3n de la Comisi\u00f3n Organizadora de la UNDAR\" srcset=\"http:\/\/www.undar.edu.pe\/wp-content\/uploads\/2023\/07\/VICEPRESIDENTA_DE_INVESTIGACION_1-1024x683.png 1024w, http:\/\/www.undar.edu.pe\/wp-content\/uploads\/2023\/07\/VICEPRESIDENTA_DE_INVESTIGACION_1-300x200.png 300w, http:\/\/www.undar.edu.pe\/wp-content\/uploads\/2023\/07\/VICEPRESIDENTA_DE_INVESTIGACION_1-768x512.png 768w, http:\/\/www.undar.edu.pe\/wp-content\/uploads\/2023\/07\/VICEPRESIDENTA_DE_INVESTIGACION_1-1536x1024.png 1536w, http:\/\/www.undar.edu.pe\/wp-content\/uploads\/2023\/07\/VICEPRESIDENTA_DE_INVESTIGACION_1-2048x1365.png 2048w\" sizes=\"(max-width: 800px) 100vw, 800px\" \/>\t\t\t\t\t\t\t\t\t\t\t\t\t<\/div>\n\t\t\t\t<\/div>\n\t\t\t\t\t<\/div>\n\t\t<\/div>\n\t\t\t\t<div class=\"elementor-column elementor-col-50 elementor-inner-column elementor-element elementor-element-9ea2fad\" data-id=\"9ea2fad\" data-element_type=\"column\">\n\t\t\t<div class=\"elementor-widget-wrap\">\n\t\t\t\t\t\t\t<\/div>\n\t\t<\/div>\n\t\t\t\t\t<\/div>\n\t\t<\/section>\n\t\t\t\t<div class=\"elementor-element elementor-element-82b9df3 elementor-widget elementor-widget-text-editor\" data-id=\"82b9df3\" data-element_type=\"widget\" data-widget_type=\"text-editor.default\">\n\t\t\t\t<div class=\"elementor-widget-container\">\n\t\t\t\t\t\t\t<p><span style=\"color: #b3224e;\"><strong>DRA. DELMA FLORES FARF\u00c1N<\/strong><\/span><\/p><p style=\"margin: 0.5% 0;\">Vicepresidenta de Investigaci\u00f3n<\/p><hr \/><p style=\"margin: 0.5% 0;\">Aprobada con Resoluci\u00f3n Viceministerial N\u00b0 080-2023-MINEDU<\/p>\t\t\t\t\t\t<\/div>\n\t\t\t\t<\/div>\n\t\t\t\t\t<\/div>\n\t\t<\/div>\n\t\t\t\t\t<\/div>\n\t\t<\/section>\n\t\t\t\t<section class=\"elementor-section elementor-top-section elementor-element elementor-element-6b240bb elementor-section-boxed elementor-section-height-default elementor-section-height-default\" data-id=\"6b240bb\" data-element_type=\"section\">\n\t\t\t\t\t\t<div class=\"elementor-container elementor-column-gap-default\">\n\t\t\t\t\t<div class=\"elementor-column elementor-col-50 elementor-top-column elementor-element elementor-element-6afcde9\" data-id=\"6afcde9\" data-element_type=\"column\">\n\t\t\t<div class=\"elementor-widget-wrap\">\n\t\t\t\t\t\t\t<\/div>\n\t\t<\/div>\n\t\t\t\t<div class=\"elementor-column elementor-col-50 elementor-top-column elementor-element elementor-element-e11ebf8\" data-id=\"e11ebf8\" data-element_type=\"column\">\n\t\t\t<div class=\"elementor-widget-wrap elementor-element-populated\">\n\t\t\t\t\t\t<section class=\"elementor-section elementor-inner-section elementor-element elementor-element-d4af70b elementor-section-boxed elementor-section-height-default elementor-section-height-default\" data-id=\"d4af70b\" data-element_type=\"section\">\n\t\t\t\t\t\t<div class=\"elementor-container elementor-column-gap-default\">\n\t\t\t\t\t<div class=\"elementor-column elementor-col-100 elementor-inner-column elementor-element elementor-element-a8ed753\" data-id=\"a8ed753\" data-element_type=\"column\">\n\t\t\t<div class=\"elementor-widget-wrap elementor-element-populated\">\n\t\t\t\t\t\t<div class=\"elementor-element elementor-element-27b36c1 elementor-widget elementor-widget-text-editor\" data-id=\"27b36c1\" data-element_type=\"widget\" data-widget_type=\"text-editor.default\">\n\t\t\t\t<div class=\"elementor-widget-container\">\n\t\t\t\t\t\t\t<p>Docente principal de la Facultad de Ciencias Sociales y Educaci\u00f3n de la Universidad Nacional de Piura (UNP), comprometida con la mejora continua y la b\u00fasqueda de la excelencia educativa. Tiene una amplia experiencia como docente de pregrado y posgrado. Adem\u00e1s, es mag\u00edster en Ciencias de la Educaci\u00f3n con menci\u00f3n en Docencia Universitaria (UNP) y licenciada en Educaci\u00f3n, especialidad Educaci\u00f3n Primaria por la Universidad Nacional Pedro Ruiz Gallo \u2013 Lambayeque.<\/p><p>Entre sus cargos desempe\u00f1ados, se encuentran:<\/p><ul><li>Docente nombrada, categor\u00eda principal adscrita a la Facultad de Ciencias Sociales y Educaci\u00f3n &#8211; Universidad Nacional de Piura (desde abril 2000)<\/li><\/ul><ul><li>Directora de la Escuela Profesional de Educaci\u00f3n Primaria de la FCCSSE-UNP (del 7 de enero 2020 al 22 de junio de 2023)<\/li><li>Asesora y jurado de tesis de pre y posgrado <span style=\"color: #b3224e;\"><strong><a style=\"color: #b3224e;\" href=\"https:\/\/scholar.google.com\/citations?user=gXYQKVAAAAAJ&amp;hl=es\">https:\/\/scholar.google.com\/citations?user=gXYQKVAAAAAJ&amp;hl=es<\/a><\/strong><\/span><\/li><li>Evaluadora externa, reconocida por SINEACE mediante Resoluci\u00f3n de Presidencia de Consejo Directivo Ad Hoc N\u00b0 192-2018-SINEACE\/CDAH-P (del 14 de noviembre de 2018 al 2020)<\/li><li>Jefa de la Oficina Central de Cooperaci\u00f3n T\u00e9cnica de la UNP. Resoluci\u00f3n Rectoral N\u00b0 0008-R-2017 (de enero a diciembre 2017)<\/li><li>Directora de la Unidad de Posgrado de la Facultad de Ciencias Sociales y Educaci\u00f3n y Coordinadora del Programa de Maestr\u00eda en Educaci\u00f3n. Resoluci\u00f3n N\u00b0 004-16-D-FCCSSE-UNP (del 04 de enero del 2016 al 30 de diciembre del 2016)<\/li><li>Coordinadora del Programa de Doctorado en Ciencias de la Educaci\u00f3n. Resoluci\u00f3n Directoral de la EPG N\u00b0 023-UNP-2010 (del 05 de febrero de 2010 a diciembre 2015).<\/li><li>Secretaria Acad\u00e9mica de la Facultad de Ciencias Sociales y Educaci\u00f3n de la UNP. Resoluci\u00f3n N\u00b0 001-D.FCSSE-UNP-2011 (del 10 de enero de 2011 hasta el 15 de febrero de 2013)<\/li><li>Directora del Colegio de Aplicaci\u00f3n Privado \u201cCarlota Ramos de Santolaya\u201d de la Universidad Nacional de Piura (del 02 de febrero de 2006 al 28 de febrero de 2007)<\/li><li>Directora de la IE Jos\u00e9 Abelardo Qui\u00f1ones del AA.HH. Los Almendros-Castilla<\/li><li>Sub directora del nivel primaria de la IE. Tnte. Miguel Cort\u00e9s de Castilla-Piura<\/li><\/ul><p>Asimismo, en el 2013 ha publicado un art\u00edculo en el libro <em style=\"font-family: var( --e-global-typography-text-font-family ), Sans-serif; font-weight: var( --e-global-typography-text-font-weight ); font-size: 1rem;\">Comparative Education: Views from Latin America<\/em><span style=\"font-family: var( --e-global-typography-text-font-family ), Sans-serif; font-weight: var( --e-global-typography-text-font-weight ); font-size: 1rem;\">: Situaci\u00f3n actual de la educaci\u00f3n comparada y calidad educativa en el Per\u00fa. Actualmente, es Vicepresidenta de Investigaci\u00f3n de la Comisi\u00f3n de la Comisi\u00f3n Organizadora de la Universidad Nacional Daniel Alom\u00eda Robles de Hu\u00e1nuco mediante RVM N\u00b0 080-2023-MINEDU.<\/span><\/p>\t\t\t\t\t\t<\/div>\n\t\t\t\t<\/div>\n\t\t\t\t\t<\/div>\n\t\t<\/div>\n\t\t\t\t\t<\/div>\n\t\t<\/section>\n\t\t\t\t<section class=\"elementor-section elementor-inner-section elementor-element elementor-element-1f8e75f elementor-section-boxed elementor-section-height-default elementor-section-height-default\" data-id=\"1f8e75f\" data-element_type=\"section\">\n\t\t\t\t\t\t<div class=\"elementor-container elementor-column-gap-default\">\n\t\t\t\t\t<div class=\"elementor-column elementor-col-100 elementor-inner-column elementor-element elementor-element-852fd79\" data-id=\"852fd79\" data-element_type=\"column\">\n\t\t\t<div class=\"elementor-widget-wrap elementor-element-populated\">\n\t\t\t\t\t\t<div class=\"elementor-element elementor-element-b47d74c elementor-align-justify elementor-widget__width-inherit elementor-widget elementor-widget-button\" data-id=\"b47d74c\" data-element_type=\"widget\" data-widget_type=\"button.default\">\n\t\t\t\t<div class=\"elementor-widget-container\">\n\t\t\t\t\t\t\t<div class=\"elementor-button-wrapper\">\n\t\t\t\t\t<a class=\"elementor-button elementor-button-link elementor-size-md\" href=\"https:\/\/www.undar.edu.pe\/index.php\/universidad-comision-organizadora\/\">\n\t\t\t\t\t\t<span class=\"elementor-button-content-wrapper\">\n\t\t\t\t\t\t<span class=\"elementor-button-icon\">\n\t\t\t\t<i aria-hidden=\"true\" class=\"fas fa-arrow-left\"><\/i>\t\t\t<\/span>\n\t\t\t\t\t\t\t\t\t<span class=\"elementor-button-text\">VOLVER A COMISI\u00d3N ORGANIZADORA<\/span>\n\t\t\t\t\t<\/span>\n\t\t\t\t\t<\/a>\n\t\t\t\t<\/div>\n\t\t\t\t\t\t<\/div>\n\t\t\t\t<\/div>\n\t\t\t\t\t<\/div>\n\t\t<\/div>\n\t\t\t\t\t<\/div>\n\t\t<\/section>\n\t\t\t\t<div class=\"elementor-element elementor-element-4e84833 elementor-widget elementor-widget-text-editor\" data-id=\"4e84833\" data-element_type=\"widget\" data-widget_type=\"text-editor.default\">\n\t\t\t\t<div class=\"elementor-widget-container\">\n\t\t\t\t\t\t\t<p><span style=\"color: #343434;\"><button id=\"listenButton1\" class=\"responsivevoice-button\" type=\"button\" value=\"Play\" title=\"ResponsiveVoice Tap to Start\/Stop Speech\"><span>&#128266; Listen to this<\/span><\/button>\n        <script>\n            listenButton1.onclick = function(){\n                if(responsiveVoice.isPlaying()){\n                    responsiveVoice.cancel();\n                }else{\n                    responsiveVoice.speak(\"Universidad Nacional Daniel Alom\u00eda Robles - La Universidad - Comisi\u00f3n Organizadora - Vicepresidencia de Investigaci\u00f3n DRA. DELMA FLORES FARF\u00c1NVicepresidenta de Investigaci\u00f3nAprobada con Resoluci\u00f3n Viceministerial N\u00b0 080-2023-MINEDUDocente principal de la Facultad de Ciencias Sociales y Educaci\u00f3n de la Universidad Nacional de Piura (UNP), comprometida con la mejora continua y la b\u00fasqueda de la excelencia educativa. Tiene una amplia experiencia como docente de pregrado y posgrado. Adem\u00e1s, es mag\u00edster en Ciencias de la Educaci\u00f3n con menci\u00f3n en Docencia Universitaria (UNP) y licenciada en Educaci\u00f3n, especialidad Educaci\u00f3n Primaria por la Universidad Nacional Pedro Ruiz Gallo \u2013 Lambayeque.Entre sus cargos desempe\u00f1ados, se encuentran:Docente nombrada, categor\u00eda principal adscrita a la Facultad de Ciencias Sociales y Educaci\u00f3n - Universidad Nacional de Piura (desde abril 2000)Directora de la Escuela Profesional de Educaci\u00f3n Primaria de la FCCSSE-UNP (del 7 de enero 2020 al 22 de junio de 2023)Asesora y jurado de tesis de pre y posgrado https:\/\/scholar.google.com\/citations?user=gXYQKVAAAAAJ&hl=esEvaluadora externa, reconocida por SINEACE mediante Resoluci\u00f3n de Presidencia de Consejo Directivo Ad Hoc N\u00b0 192-2018-SINEACE\/CDAH-P (del 14 de noviembre de 2018 al 2020)Jefa de la Oficina Central de Cooperaci\u00f3n T\u00e9cnica de la UNP. Resoluci\u00f3n Rectoral N\u00b0 0008-R-2017 (de enero a diciembre 2017)Directora de la Unidad de Posgrado de la Facultad de Ciencias Sociales y Educaci\u00f3n y Coordinadora del Programa de Maestr\u00eda en Educaci\u00f3n. Resoluci\u00f3n N\u00b0 004-16-D-FCCSSE-UNP (del 04 de enero del 2016 al 30 de diciembre del 2016)Coordinadora del Programa de Doctorado en Ciencias de la Educaci\u00f3n. Resoluci\u00f3n Directoral de la EPG N\u00b0 023-UNP-2010 (del 05 de febrero de 2010 a diciembre 2015).Secretaria Acad\u00e9mica de la Facultad de Ciencias Sociales y Educaci\u00f3n de la UNP. Resoluci\u00f3n N\u00b0 001-D.FCSSE-UNP-2011 (del 10 de enero de 2011 hasta el 15 de febrero de 2013)Directora del Colegio de Aplicaci\u00f3n Privado \u201cCarlota Ramos de Santolaya\u201d de la Universidad Nacional de Piura (del 02 de febrero de 2006 al 28 de febrero de 2007)Directora de la IE Jos\u00e9 Abelardo Qui\u00f1ones del AA.HH. Los Almendros-CastillaSub directora del nivel primaria de la IE. Tnte. Miguel Cort\u00e9s de Castilla-PiuraAsimismo, en el 2013 ha publicado un art\u00edculo en el libro Comparative Education: Views from Latin America: Situaci\u00f3n actual de la educaci\u00f3n comparada y calidad educativa en el Per\u00fa. Actualmente, es Vicepresidenta de Investigaci\u00f3n de la Comisi\u00f3n de la Comisi\u00f3n Organizadora de la Universidad Nacional Daniel Alom\u00eda Robles de Hu\u00e1nuco mediante RVM N\u00b0 080-2023-MINEDU. VOLVER A COMISI\u00d3N ORGANIZADORA \u00a0\", \"UK English Female\");\n                }\n            };\n        <\/script>\n    \u00a0<\/span><\/p>\t\t\t\t\t\t<\/div>\n\t\t\t\t<\/div>\n\t\t\t\t\t<\/div>\n\t\t<\/div>\n\t\t\t\t\t<\/div>\n\t\t<\/section>\n\t\t\t\t<\/div>\n\t\t","protected":false},"excerpt":{"rendered":"<p>Universidad Nacional Daniel Alom\u00eda Robles &#8211; La Universidad &#8211; Comisi\u00f3n Organizadora &#8211; Vicepresidencia de Investigaci\u00f3n DRA. DELMA FLORES FARF\u00c1N Vicepresidenta de Investigaci\u00f3n Aprobada con Resoluci\u00f3n Viceministerial N\u00b0 080-2023-MINEDU Docente principal de la Facultad de Ciencias Sociales y Educaci\u00f3n de la Universidad Nacional de Piura (UNP), comprometida con la mejora continua y la b\u00fasqueda de la [&hellip;]<\/p>\n","protected":false},"author":1,"featured_media":0,"parent":0,"menu_order":0,"comment_status":"closed","ping_status":"closed","template":"","meta":{"_uf_show_specific_survey":0,"_uf_disable_surveys":false,"footnotes":""},"class_list":["post-1960","page","type-page","status-publish","hentry"],"aioseo_notices":[],"_links":{"self":[{"href":"http:\/\/www.undar.edu.pe\/index.php\/wp-json\/wp\/v2\/pages\/1960","targetHints":{"allow":["GET"]}}],"collection":[{"href":"http:\/\/www.undar.edu.pe\/index.php\/wp-json\/wp\/v2\/pages"}],"about":[{"href":"http:\/\/www.undar.edu.pe\/index.php\/wp-json\/wp\/v2\/types\/page"}],"author":[{"embeddable":true,"href":"http:\/\/www.undar.edu.pe\/index.php\/wp-json\/wp\/v2\/users\/1"}],"replies":[{"embeddable":true,"href":"http:\/\/www.undar.edu.pe\/index.php\/wp-json\/wp\/v2\/comments?post=1960"}],"version-history":[{"count":240,"href":"http:\/\/www.undar.edu.pe\/index.php\/wp-json\/wp\/v2\/pages\/1960\/revisions"}],"predecessor-version":[{"id":61133,"href":"http:\/\/www.undar.edu.pe\/index.php\/wp-json\/wp\/v2\/pages\/1960\/revisions\/61133"}],"wp:attachment":[{"href":"http:\/\/www.undar.edu.pe\/index.php\/wp-json\/wp\/v2\/media?parent=1960"}],"curies":[{"name":"wp","href":"https:\/\/api.w.org\/{rel}","templated":true}]}}