{"id":1938,"date":"2021-08-23T23:59:54","date_gmt":"2021-08-24T04:59:54","guid":{"rendered":"http:\/\/web.undar.edu.pe\/?page_id=1938"},"modified":"2025-03-25T12:52:33","modified_gmt":"2025-03-25T17:52:33","slug":"universidad-comision-organizadora-vicepresidencia-academica","status":"publish","type":"page","link":"http:\/\/www.undar.edu.pe\/index.php\/universidad-comision-organizadora-vicepresidencia-academica\/","title":{"rendered":"UNIVERSIDAD &#8211; CO &#8211; VICEPRESIDENCIA ACAD\u00c9MICA"},"content":{"rendered":"\t\t<div data-elementor-type=\"wp-page\" data-elementor-id=\"1938\" class=\"elementor elementor-1938\" data-elementor-post-type=\"page\">\n\t\t\t\t\t\t<section class=\"elementor-section elementor-top-section elementor-element elementor-element-2541d118 elementor-section-full_width elementor-section-content-space-between elementor-section-height-default elementor-section-height-default\" data-id=\"2541d118\" data-element_type=\"section\">\n\t\t\t\t\t\t<div class=\"elementor-container elementor-column-gap-no\">\n\t\t\t\t\t<div class=\"elementor-column elementor-col-100 elementor-top-column elementor-element elementor-element-77433701\" data-id=\"77433701\" data-element_type=\"column\">\n\t\t\t<div class=\"elementor-widget-wrap elementor-element-populated\">\n\t\t\t\t\t\t<div class=\"elementor-element elementor-element-3b259fa0 elementor-widget__width-inherit elementor--h-position-center elementor--v-position-middle elementor-arrows-position-inside elementor-widget elementor-widget-slides\" data-id=\"3b259fa0\" data-element_type=\"widget\" data-settings=\"{&quot;navigation&quot;:&quot;arrows&quot;,&quot;motion_fx_motion_fx_scrolling&quot;:&quot;yes&quot;,&quot;autoplay&quot;:&quot;yes&quot;,&quot;pause_on_hover&quot;:&quot;yes&quot;,&quot;pause_on_interaction&quot;:&quot;yes&quot;,&quot;autoplay_speed&quot;:5000,&quot;infinite&quot;:&quot;yes&quot;,&quot;transition&quot;:&quot;slide&quot;,&quot;transition_speed&quot;:500,&quot;motion_fx_devices&quot;:[&quot;desktop&quot;,&quot;tablet&quot;,&quot;mobile&quot;]}\" data-widget_type=\"slides.default\">\n\t\t\t\t<div class=\"elementor-widget-container\">\n\t\t\t\t\t<div class=\"elementor-swiper\">\n\t\t\t<div class=\"elementor-slides-wrapper elementor-main-swiper swiper\" dir=\"ltr\" data-animation=\"fadeInUp\">\n\t\t\t\t<div class=\"swiper-wrapper elementor-slides\">\n\t\t\t\t\t\t\t\t\t\t<div class=\"elementor-repeater-item-378399b swiper-slide\"><div class=\"swiper-slide-bg\" role=\"img\"><\/div><div class=\"elementor-background-overlay\"><\/div><div class=\"swiper-slide-inner\" ><div class=\"swiper-slide-contents\"><\/div><\/div><\/div>\t\t\t\t<\/div>\n\t\t\t\t\t\t\t<\/div>\n\t\t<\/div>\n\t\t\t\t<\/div>\n\t\t\t\t<\/div>\n\t\t\t\t\t<\/div>\n\t\t<\/div>\n\t\t\t\t\t<\/div>\n\t\t<\/section>\n\t\t\t\t<section class=\"elementor-section elementor-top-section elementor-element elementor-element-9cd7ae7 elementor-section-boxed elementor-section-height-default elementor-section-height-default\" data-id=\"9cd7ae7\" data-element_type=\"section\">\n\t\t\t\t\t\t<div class=\"elementor-container elementor-column-gap-default\">\n\t\t\t\t\t<div class=\"elementor-column elementor-col-100 elementor-top-column elementor-element elementor-element-7c44c6b\" data-id=\"7c44c6b\" data-element_type=\"column\">\n\t\t\t<div class=\"elementor-widget-wrap elementor-element-populated\">\n\t\t\t\t\t\t<div class=\"elementor-element elementor-element-04962fc elementor-widget elementor-widget-heading\" data-id=\"04962fc\" data-element_type=\"widget\" data-widget_type=\"heading.default\">\n\t\t\t\t<div class=\"elementor-widget-container\">\n\t\t\t<h6 class=\"elementor-heading-title elementor-size-small\"><b>Universidad Nacional Daniel Alom\u00eda Robles<\/b> - La Universidad - Comisi\u00f3n Organizadora - Vicepresidencia Acad\u00e9mica<\/h6>\t\t<\/div>\n\t\t\t\t<\/div>\n\t\t\t\t\t<\/div>\n\t\t<\/div>\n\t\t\t\t\t<\/div>\n\t\t<\/section>\n\t\t\t\t<section class=\"elementor-section elementor-top-section elementor-element elementor-element-c1ad6b3 elementor-section-boxed elementor-section-height-default elementor-section-height-default\" data-id=\"c1ad6b3\" data-element_type=\"section\">\n\t\t\t\t\t\t<div class=\"elementor-container elementor-column-gap-default\">\n\t\t\t\t\t<div class=\"elementor-column elementor-col-50 elementor-top-column elementor-element elementor-element-c834fa7\" data-id=\"c834fa7\" data-element_type=\"column\">\n\t\t\t<div class=\"elementor-widget-wrap elementor-element-populated\">\n\t\t\t\t\t\t<div class=\"elementor-element elementor-element-a24d36b elementor-nav-menu--dropdown-tablet elementor-nav-menu__text-align-aside elementor-nav-menu--toggle elementor-nav-menu--burger elementor-widget elementor-widget-nav-menu\" data-id=\"a24d36b\" data-element_type=\"widget\" data-settings=\"{&quot;layout&quot;:&quot;vertical&quot;,&quot;submenu_icon&quot;:{&quot;value&quot;:&quot;&lt;i class=\\&quot;fas fa-caret-down\\&quot;&gt;&lt;\\\/i&gt;&quot;,&quot;library&quot;:&quot;fa-solid&quot;},&quot;toggle&quot;:&quot;burger&quot;}\" data-widget_type=\"nav-menu.default\">\n\t\t\t\t<div class=\"elementor-widget-container\">\n\t\t\t\t\t\t<nav aria-label=\"Men\u00fa\" class=\"elementor-nav-menu--main elementor-nav-menu__container elementor-nav-menu--layout-vertical e--pointer-underline e--animation-fade\">\n\t\t\t\t<ul id=\"menu-1-a24d36b\" class=\"elementor-nav-menu sm-vertical\"><li class=\"menu-item menu-item-type-custom menu-item-object-custom menu-item-305\"><a href=\"https:\/\/www.undar.edu.pe\/index.php\/universidad-resenia-historica\" class=\"elementor-item\">Rese\u00f1a hist\u00f3rica<\/a><\/li>\n<li class=\"menu-item menu-item-type-custom menu-item-object-custom menu-item-309\"><a href=\"https:\/\/www.undar.edu.pe\/index.php\/universidad-mision-y-valores\/\" class=\"elementor-item\">Misi\u00f3n y valores<\/a><\/li>\n<li class=\"menu-item menu-item-type-custom menu-item-object-custom menu-item-306\"><a href=\"https:\/\/www.undar.edu.pe\/index.php\/universidad-comision-organizadora\/\" class=\"elementor-item\">Comisi\u00f3n Organizadora<\/a><\/li>\n<li class=\"menu-item menu-item-type-custom menu-item-object-custom menu-item-976\"><a href=\"https:\/\/www.undar.edu.pe\/index.php\/universidad-plana-docente\" class=\"elementor-item\">Plana docente<\/a><\/li>\n<li class=\"menu-item menu-item-type-custom menu-item-object-custom menu-item-307\"><a href=\"https:\/\/www.undar.edu.pe\/index.php\/universidad-licenciamiento\/\" class=\"elementor-item\">Licenciamiento<\/a><\/li>\n<\/ul>\t\t\t<\/nav>\n\t\t\t\t\t<div class=\"elementor-menu-toggle\" role=\"button\" tabindex=\"0\" aria-label=\"Alternar men\u00fa\" aria-expanded=\"false\">\n\t\t\t<i aria-hidden=\"true\" role=\"presentation\" class=\"elementor-menu-toggle__icon--open eicon-menu-bar\"><\/i><i aria-hidden=\"true\" role=\"presentation\" class=\"elementor-menu-toggle__icon--close eicon-close\"><\/i>\t\t\t<span class=\"elementor-screen-only\">Men\u00fa<\/span>\n\t\t<\/div>\n\t\t\t\t\t<nav class=\"elementor-nav-menu--dropdown elementor-nav-menu__container\" aria-hidden=\"true\">\n\t\t\t\t<ul id=\"menu-2-a24d36b\" class=\"elementor-nav-menu sm-vertical\"><li class=\"menu-item menu-item-type-custom menu-item-object-custom menu-item-305\"><a href=\"https:\/\/www.undar.edu.pe\/index.php\/universidad-resenia-historica\" class=\"elementor-item\" tabindex=\"-1\">Rese\u00f1a hist\u00f3rica<\/a><\/li>\n<li class=\"menu-item menu-item-type-custom menu-item-object-custom menu-item-309\"><a href=\"https:\/\/www.undar.edu.pe\/index.php\/universidad-mision-y-valores\/\" class=\"elementor-item\" tabindex=\"-1\">Misi\u00f3n y valores<\/a><\/li>\n<li class=\"menu-item menu-item-type-custom menu-item-object-custom menu-item-306\"><a href=\"https:\/\/www.undar.edu.pe\/index.php\/universidad-comision-organizadora\/\" class=\"elementor-item\" tabindex=\"-1\">Comisi\u00f3n Organizadora<\/a><\/li>\n<li class=\"menu-item menu-item-type-custom menu-item-object-custom menu-item-976\"><a href=\"https:\/\/www.undar.edu.pe\/index.php\/universidad-plana-docente\" class=\"elementor-item\" tabindex=\"-1\">Plana docente<\/a><\/li>\n<li class=\"menu-item menu-item-type-custom menu-item-object-custom menu-item-307\"><a href=\"https:\/\/www.undar.edu.pe\/index.php\/universidad-licenciamiento\/\" class=\"elementor-item\" tabindex=\"-1\">Licenciamiento<\/a><\/li>\n<\/ul>\t\t\t<\/nav>\n\t\t\t\t<\/div>\n\t\t\t\t<\/div>\n\t\t\t\t\t<\/div>\n\t\t<\/div>\n\t\t\t\t<div class=\"elementor-column elementor-col-50 elementor-top-column elementor-element elementor-element-203f329\" data-id=\"203f329\" data-element_type=\"column\">\n\t\t\t<div class=\"elementor-widget-wrap elementor-element-populated\">\n\t\t\t\t\t\t<section class=\"elementor-section elementor-inner-section elementor-element elementor-element-13a39d2 elementor-section-boxed elementor-section-height-default elementor-section-height-default\" data-id=\"13a39d2\" data-element_type=\"section\">\n\t\t\t\t\t\t<div class=\"elementor-container elementor-column-gap-default\">\n\t\t\t\t\t<div class=\"elementor-column elementor-col-50 elementor-inner-column elementor-element elementor-element-d3a649c\" data-id=\"d3a649c\" data-element_type=\"column\">\n\t\t\t<div class=\"elementor-widget-wrap elementor-element-populated\">\n\t\t\t\t\t\t<div class=\"elementor-element elementor-element-d361bc4 elementor-widget elementor-widget-image\" data-id=\"d361bc4\" data-element_type=\"widget\" data-widget_type=\"image.default\">\n\t\t\t\t<div class=\"elementor-widget-container\">\n\t\t\t\t\t\t\t\t\t\t\t\t\t<img fetchpriority=\"high\" decoding=\"async\" width=\"800\" height=\"534\" src=\"http:\/\/www.undar.edu.pe\/wp-content\/uploads\/2023\/07\/VICEPRESIDENTE_ACADEMICO_1-1024x683.png\" class=\"attachment-large size-large wp-image-47386\" alt=\"Foto del vicepresidente acad\u00e9mico de la Comisi\u00f3n Organizadora de la UNDAR\" srcset=\"http:\/\/www.undar.edu.pe\/wp-content\/uploads\/2023\/07\/VICEPRESIDENTE_ACADEMICO_1-1024x683.png 1024w, http:\/\/www.undar.edu.pe\/wp-content\/uploads\/2023\/07\/VICEPRESIDENTE_ACADEMICO_1-300x200.png 300w, http:\/\/www.undar.edu.pe\/wp-content\/uploads\/2023\/07\/VICEPRESIDENTE_ACADEMICO_1-768x512.png 768w, http:\/\/www.undar.edu.pe\/wp-content\/uploads\/2023\/07\/VICEPRESIDENTE_ACADEMICO_1-1536x1024.png 1536w, http:\/\/www.undar.edu.pe\/wp-content\/uploads\/2023\/07\/VICEPRESIDENTE_ACADEMICO_1-2048x1365.png 2048w\" sizes=\"(max-width: 800px) 100vw, 800px\" \/>\t\t\t\t\t\t\t\t\t\t\t\t\t<\/div>\n\t\t\t\t<\/div>\n\t\t\t\t\t<\/div>\n\t\t<\/div>\n\t\t\t\t<div class=\"elementor-column elementor-col-50 elementor-inner-column elementor-element elementor-element-d5bbcc9\" data-id=\"d5bbcc9\" data-element_type=\"column\">\n\t\t\t<div class=\"elementor-widget-wrap\">\n\t\t\t\t\t\t\t<\/div>\n\t\t<\/div>\n\t\t\t\t\t<\/div>\n\t\t<\/section>\n\t\t\t\t<div class=\"elementor-element elementor-element-3dfffa9 elementor-widget elementor-widget-text-editor\" data-id=\"3dfffa9\" data-element_type=\"widget\" data-widget_type=\"text-editor.default\">\n\t\t\t\t<div class=\"elementor-widget-container\">\n\t\t\t\t\t\t\t<p><span style=\"color: #b3224e;\"><strong>DR. AMANCIO RODOLFO VALDIVIESO ECHEVARR\u00cdA<\/strong><\/span><\/p>\n<p style=\"margin: 0.5% 0;\">Vicepresidente acad\u00e9mico de la Comisi\u00f3n Organizadora<\/p>\n<hr>\n<p style=\"margin: 0.5% 0;\">Aprobado con Resoluci\u00f3n Viceministerial N\u00b0 800-2023-MINEDU<\/p>\t\t\t\t\t\t<\/div>\n\t\t\t\t<\/div>\n\t\t\t\t\t<\/div>\n\t\t<\/div>\n\t\t\t\t\t<\/div>\n\t\t<\/section>\n\t\t\t\t<section class=\"elementor-section elementor-top-section elementor-element elementor-element-5bc1673 elementor-section-boxed elementor-section-height-default elementor-section-height-default\" data-id=\"5bc1673\" data-element_type=\"section\">\n\t\t\t\t\t\t<div class=\"elementor-container elementor-column-gap-default\">\n\t\t\t\t\t<div class=\"elementor-column elementor-col-50 elementor-top-column elementor-element elementor-element-c4c7c89\" data-id=\"c4c7c89\" data-element_type=\"column\">\n\t\t\t<div class=\"elementor-widget-wrap\">\n\t\t\t\t\t\t\t<\/div>\n\t\t<\/div>\n\t\t\t\t<div class=\"elementor-column elementor-col-50 elementor-top-column elementor-element elementor-element-1dd2e61\" data-id=\"1dd2e61\" data-element_type=\"column\">\n\t\t\t<div class=\"elementor-widget-wrap elementor-element-populated\">\n\t\t\t\t\t\t<section class=\"elementor-section elementor-inner-section elementor-element elementor-element-d5a1501 elementor-section-boxed elementor-section-height-default elementor-section-height-default\" data-id=\"d5a1501\" data-element_type=\"section\">\n\t\t\t\t\t\t<div class=\"elementor-container elementor-column-gap-default\">\n\t\t\t\t\t<div class=\"elementor-column elementor-col-100 elementor-inner-column elementor-element elementor-element-09bc738\" data-id=\"09bc738\" data-element_type=\"column\">\n\t\t\t<div class=\"elementor-widget-wrap elementor-element-populated\">\n\t\t\t\t\t\t<div class=\"elementor-element elementor-element-a6d08c2 elementor-widget elementor-widget-text-editor\" data-id=\"a6d08c2\" data-element_type=\"widget\" data-widget_type=\"text-editor.default\">\n\t\t\t\t<div class=\"elementor-widget-container\">\n\t\t\t\t\t\t\t<p>El Dr. Amancio Rodolfo Valdivieso Echevarr\u00eda fue director de la Unidad de Posgrado de la Facultad de Ciencias Administrativas y Turismo de la Universidad Nacional Hermilio Valdiz\u00e1n de Hu\u00e1nuco (UNHEVAL), miembro del Consejo Consultivo de la Escuela de Posgrado de la UNHEVAL y past decano del Colegio de Licenciados en Administraci\u00f3n Regi\u00f3n Hu\u00e1nuco. Adem\u00e1s, es licenciado en administraci\u00f3n, profesor y abogado.<\/p>\n<p>Formador en Gesti\u00f3n por Procesos del II PROGRAMA DE ENTRENAMIENTO Y TUTOR\u00cdA EN GESTI\u00d3N POR PROCESOS, de la PCM, con experiencia en Gesti\u00f3n Sostenible del Agua; exdirector de la Oficina Central de Planificaci\u00f3n y Presupuesto en los a\u00f1os 2010, 2011, 2016 en la UNHEVAL; exdirector de EPS-SEDA HU\u00c1NUCO; m\u00e1ster internacional en Gerencia P\u00fablica por EUSIN-BUSINESS SCHOOL-EUROPA; mag\u00edster en Planeamiento y Gesti\u00f3n; doctor en Administraci\u00f3n; maestr\u00eda en Gesti\u00f3n P\u00fablica por la Universidad San Mart\u00edn Lima-Per\u00fa; diplomado internacional en Gesti\u00f3n del Conocimiento e Investigaci\u00f3n; docente universitario a nivel de pre y posgrado en universidades muy importantes, entre ellas la Universidad Nacional \u201cSan Martin\u201d de Tarapoto. Exdirector de la carrera profesional de Administraci\u00f3n de la UNHEVAL, docente invitado en diversas universidades como la Universidad Nacional de Ucayali, Universidad de Hu\u00e1nuco, Universidad Nacional Agraria de la Selva en Tingo Mar\u00eda, Universidad Nacional Daniel Alcides Carri\u00f3n de Pasco, Universidad Nacional de Huancavelica, Universidad Garcilaso de la Vega etc.<\/p>\n<p>Fue incorporado a la Sociedad Civil \u201cSembrando Valores\u201d mediante resoluci\u00f3n ejecutiva (Resoluci\u00f3n N\u00b0495-2007), obtuvo el m\u00e1ximo reconocimiento Medalla \u201cMadre Teresa de Calcuta\u201d y la incorporaci\u00f3n como Miembro Honorario en la ciudad de Lima. Es autor de libros: Modernizaci\u00f3n de la Gesti\u00f3n P\u00fablica, Modelo de la Nueva Gesti\u00f3n P\u00fablica, Administraci\u00f3n I, Administraci\u00f3n II, Administraci\u00f3n de Justicia, Matem\u00e1tica Aplicada a la Administraci\u00f3n.<\/p>\n<p>Asimismo, ha sido reconocido como hijo predilecto mediante Resoluci\u00f3n de Alcald\u00eda N\u00b0 382-2011-MPP-A y por su identificaci\u00f3n y participaci\u00f3n en las diferentes actividades acad\u00e9micas, de investigaci\u00f3n, extensi\u00f3n y desarrollo universitario. Este reconocimiento le fue otorgado por la UNHEVAL en diciembre del 2007.<\/p>\n<p>Cuenta con los siguientes diplomados en:<\/p>\n<ul>\n<li>Formaci\u00f3n de Docentes por Competencias de la Academia de la Magistratura \u2013 AMAG (certificado N\u00b0 34), remitido en la ciudad de Lima el 30 de mayo de 2013.<\/li>\n<li>Formaci\u00f3n de Gestores P\u00fablicas en Desarrollo Social, otorgado por la Universidad ESAN y realizado en Lima, del 12 de mayo del 2009 al 22 de setiembre del 2010.<\/li>\n<li>Investigaci\u00f3n Cualitativa, otorgado por la Universidad Nacional de C\u00f3rdova (CEA) \u2013 Argentina, Universidad Nacional Hermilio Valdiz\u00e1n, pasant\u00eda en la Pontificia Universidad Cat\u00f3lica del Per\u00fa.<\/li>\n<\/ul>\n<\/p><p>Se ha desempe\u00f1ado como docente principal en la Universidad Nacional Hermilio Valdizan de Hu\u00e1nuco, organizador y ponente de congresos internacionales. Actualmente, es Vicepresidente Acad\u00e9mico de la Universidad Nacional Daniel Alom\u00eda Robles mediante Resoluci\u00f3n Viceministerial N\u00b0 080-2023-MINEDU.<\/p>\t\t\t\t\t\t<\/div>\n\t\t\t\t<\/div>\n\t\t\t\t\t<\/div>\n\t\t<\/div>\n\t\t\t\t\t<\/div>\n\t\t<\/section>\n\t\t\t\t<section class=\"elementor-section elementor-inner-section elementor-element elementor-element-9102b57 elementor-section-boxed elementor-section-height-default elementor-section-height-default\" data-id=\"9102b57\" data-element_type=\"section\">\n\t\t\t\t\t\t<div class=\"elementor-container elementor-column-gap-default\">\n\t\t\t\t\t<div class=\"elementor-column elementor-col-100 elementor-inner-column elementor-element elementor-element-b6bb92b\" data-id=\"b6bb92b\" data-element_type=\"column\">\n\t\t\t<div class=\"elementor-widget-wrap elementor-element-populated\">\n\t\t\t\t\t\t<div class=\"elementor-element elementor-element-e8d4a64 elementor-align-justify elementor-widget__width-inherit elementor-widget elementor-widget-button\" data-id=\"e8d4a64\" data-element_type=\"widget\" data-widget_type=\"button.default\">\n\t\t\t\t<div class=\"elementor-widget-container\">\n\t\t\t\t\t\t\t<div class=\"elementor-button-wrapper\">\n\t\t\t\t\t<a class=\"elementor-button elementor-button-link elementor-size-md\" href=\"https:\/\/www.undar.edu.pe\/index.php\/universidad-comision-organizadora\/\">\n\t\t\t\t\t\t<span class=\"elementor-button-content-wrapper\">\n\t\t\t\t\t\t<span class=\"elementor-button-icon\">\n\t\t\t\t<i aria-hidden=\"true\" class=\"fas fa-arrow-left\"><\/i>\t\t\t<\/span>\n\t\t\t\t\t\t\t\t\t<span class=\"elementor-button-text\">VOLVER A COMISI\u00d3N ORGANIZADORA<\/span>\n\t\t\t\t\t<\/span>\n\t\t\t\t\t<\/a>\n\t\t\t\t<\/div>\n\t\t\t\t\t\t<\/div>\n\t\t\t\t<\/div>\n\t\t\t\t\t<\/div>\n\t\t<\/div>\n\t\t\t\t\t<\/div>\n\t\t<\/section>\n\t\t\t\t<div class=\"elementor-element elementor-element-d0c594c elementor-widget elementor-widget-text-editor\" data-id=\"d0c594c\" data-element_type=\"widget\" data-widget_type=\"text-editor.default\">\n\t\t\t\t<div class=\"elementor-widget-container\">\n\t\t\t\t\t\t\t<p><span style=\"color: #343434;\"><button id=\"listenButton1\" class=\"responsivevoice-button\" type=\"button\" value=\"Play\" title=\"ResponsiveVoice Tap to Start\/Stop Speech\"><span>&#128266; Listen to this<\/span><\/button>\n        <script>\n            listenButton1.onclick = function(){\n                if(responsiveVoice.isPlaying()){\n                    responsiveVoice.cancel();\n                }else{\n                    responsiveVoice.speak(\"Universidad Nacional Daniel Alom\u00eda Robles - La Universidad - Comisi\u00f3n Organizadora - Vicepresidencia Acad\u00e9mica DR. AMANCIO RODOLFO VALDIVIESO ECHEVARR\u00cdA Vicepresidente acad\u00e9mico de la Comisi\u00f3n Organizadora Aprobado con Resoluci\u00f3n Viceministerial N\u00b0 800-2023-MINEDUEl Dr. Amancio Rodolfo Valdivieso Echevarr\u00eda fue director de la Unidad de Posgrado de la Facultad de Ciencias Administrativas y Turismo de la Universidad Nacional Hermilio Valdiz\u00e1n de Hu\u00e1nuco (UNHEVAL), miembro del Consejo Consultivo de la Escuela de Posgrado de la UNHEVAL y past decano del Colegio de Licenciados en Administraci\u00f3n Regi\u00f3n Hu\u00e1nuco. Adem\u00e1s, es licenciado en administraci\u00f3n, profesor y abogado. Formador en Gesti\u00f3n por Procesos del II PROGRAMA DE ENTRENAMIENTO Y TUTOR\u00cdA EN GESTI\u00d3N POR PROCESOS, de la PCM, con experiencia en Gesti\u00f3n Sostenible del Agua; exdirector de la Oficina Central de Planificaci\u00f3n y Presupuesto en los a\u00f1os 2010, 2011, 2016 en la UNHEVAL; exdirector de EPS-SEDA HU\u00c1NUCO; m\u00e1ster internacional en Gerencia P\u00fablica por EUSIN-BUSINESS SCHOOL-EUROPA; mag\u00edster en Planeamiento y Gesti\u00f3n; doctor en Administraci\u00f3n; maestr\u00eda en Gesti\u00f3n P\u00fablica por la Universidad San Mart\u00edn Lima-Per\u00fa; diplomado internacional en Gesti\u00f3n del Conocimiento e Investigaci\u00f3n; docente universitario a nivel de pre y posgrado en universidades muy importantes, entre ellas la Universidad Nacional \u201cSan Martin\u201d de Tarapoto. Exdirector de la carrera profesional de Administraci\u00f3n de la UNHEVAL, docente invitado en diversas universidades como la Universidad Nacional de Ucayali, Universidad de Hu\u00e1nuco, Universidad Nacional Agraria de la Selva en Tingo Mar\u00eda, Universidad Nacional Daniel Alcides Carri\u00f3n de Pasco, Universidad Nacional de Huancavelica, Universidad Garcilaso de la Vega etc. Fue incorporado a la Sociedad Civil \u201cSembrando Valores\u201d mediante resoluci\u00f3n ejecutiva (Resoluci\u00f3n N\u00b0495-2007), obtuvo el m\u00e1ximo reconocimiento Medalla \u201cMadre Teresa de Calcuta\u201d y la incorporaci\u00f3n como Miembro Honorario en la ciudad de Lima. Es autor de libros: Modernizaci\u00f3n de la Gesti\u00f3n P\u00fablica, Modelo de la Nueva Gesti\u00f3n P\u00fablica, Administraci\u00f3n I, Administraci\u00f3n II, Administraci\u00f3n de Justicia, Matem\u00e1tica Aplicada a la Administraci\u00f3n. Asimismo, ha sido reconocido como hijo predilecto mediante Resoluci\u00f3n de Alcald\u00eda N\u00b0 382-2011-MPP-A y por su identificaci\u00f3n y participaci\u00f3n en las diferentes actividades acad\u00e9micas, de investigaci\u00f3n, extensi\u00f3n y desarrollo universitario. Este reconocimiento le fue otorgado por la UNHEVAL en diciembre del 2007. Cuenta con los siguientes diplomados en: Formaci\u00f3n de Docentes por Competencias de la Academia de la Magistratura \u2013 AMAG (certificado N\u00b0 34), remitido en la ciudad de Lima el 30 de mayo de 2013. Formaci\u00f3n de Gestores P\u00fablicas en Desarrollo Social, otorgado por la Universidad ESAN y realizado en Lima, del 12 de mayo del 2009 al 22 de setiembre del 2010. Investigaci\u00f3n Cualitativa, otorgado por la Universidad Nacional de C\u00f3rdova (CEA) \u2013 Argentina, Universidad Nacional Hermilio Valdiz\u00e1n, pasant\u00eda en la Pontificia Universidad Cat\u00f3lica del Per\u00fa. Se ha desempe\u00f1ado como docente principal en la Universidad Nacional Hermilio Valdizan de Hu\u00e1nuco, organizador y ponente de congresos internacionales. Actualmente, es Vicepresidente Acad\u00e9mico de la Universidad Nacional Daniel Alom\u00eda Robles mediante Resoluci\u00f3n Viceministerial N\u00b0 080-2023-MINEDU. VOLVER A COMISI\u00d3N ORGANIZADORA \u00a0\", \"UK English Female\");\n                }\n            };\n        <\/script>\n    \u00a0<\/span><\/p>\t\t\t\t\t\t<\/div>\n\t\t\t\t<\/div>\n\t\t\t\t\t<\/div>\n\t\t<\/div>\n\t\t\t\t\t<\/div>\n\t\t<\/section>\n\t\t\t\t<\/div>\n\t\t","protected":false},"excerpt":{"rendered":"<p>Universidad Nacional Daniel Alom\u00eda Robles &#8211; La Universidad &#8211; Comisi\u00f3n Organizadora &#8211; Vicepresidencia Acad\u00e9mica DR. AMANCIO RODOLFO VALDIVIESO ECHEVARR\u00cdA Vicepresidente acad\u00e9mico de la Comisi\u00f3n Organizadora Aprobado con Resoluci\u00f3n Viceministerial N\u00b0 800-2023-MINEDU El Dr. Amancio Rodolfo Valdivieso Echevarr\u00eda fue director de la Unidad de Posgrado de la Facultad de Ciencias Administrativas y Turismo de la Universidad [&hellip;]<\/p>\n","protected":false},"author":1,"featured_media":0,"parent":0,"menu_order":0,"comment_status":"closed","ping_status":"closed","template":"","meta":{"_uf_show_specific_survey":0,"_uf_disable_surveys":false,"footnotes":""},"class_list":["post-1938","page","type-page","status-publish","hentry"],"aioseo_notices":[],"_links":{"self":[{"href":"http:\/\/www.undar.edu.pe\/index.php\/wp-json\/wp\/v2\/pages\/1938","targetHints":{"allow":["GET"]}}],"collection":[{"href":"http:\/\/www.undar.edu.pe\/index.php\/wp-json\/wp\/v2\/pages"}],"about":[{"href":"http:\/\/www.undar.edu.pe\/index.php\/wp-json\/wp\/v2\/types\/page"}],"author":[{"embeddable":true,"href":"http:\/\/www.undar.edu.pe\/index.php\/wp-json\/wp\/v2\/users\/1"}],"replies":[{"embeddable":true,"href":"http:\/\/www.undar.edu.pe\/index.php\/wp-json\/wp\/v2\/comments?post=1938"}],"version-history":[{"count":267,"href":"http:\/\/www.undar.edu.pe\/index.php\/wp-json\/wp\/v2\/pages\/1938\/revisions"}],"predecessor-version":[{"id":61130,"href":"http:\/\/www.undar.edu.pe\/index.php\/wp-json\/wp\/v2\/pages\/1938\/revisions\/61130"}],"wp:attachment":[{"href":"http:\/\/www.undar.edu.pe\/index.php\/wp-json\/wp\/v2\/media?parent=1938"}],"curies":[{"name":"wp","href":"https:\/\/api.w.org\/{rel}","templated":true}]}}