{"id":1870,"date":"2021-08-23T04:12:08","date_gmt":"2021-08-23T09:12:08","guid":{"rendered":"http:\/\/web.undar.edu.pe\/?page_id=1870"},"modified":"2026-02-18T10:02:24","modified_gmt":"2026-02-18T15:02:24","slug":"investigacion-vicepresidencia-de-investigacion-informacion-de-interes","status":"publish","type":"page","link":"http:\/\/www.undar.edu.pe\/index.php\/investigacion-vicepresidencia-de-investigacion-informacion-de-interes\/","title":{"rendered":"INVESTIGACI\u00d3N &#8211; VICEPRESIDENCIA DE INVESTIGACI\u00d3N &#8211; INFORMACI\u00d3N DE INTER\u00c9S"},"content":{"rendered":"\t\t<div data-elementor-type=\"wp-page\" data-elementor-id=\"1870\" class=\"elementor elementor-1870\" data-elementor-post-type=\"page\">\n\t\t\t\t\t\t<section class=\"elementor-section elementor-top-section elementor-element elementor-element-13d7aaa elementor-section-full_width elementor-section-content-space-between elementor-section-height-default elementor-section-height-default\" data-id=\"13d7aaa\" data-element_type=\"section\">\n\t\t\t\t\t\t<div class=\"elementor-container elementor-column-gap-no\">\n\t\t\t\t\t<div class=\"elementor-column elementor-col-100 elementor-top-column elementor-element elementor-element-1b4673cd\" data-id=\"1b4673cd\" data-element_type=\"column\">\n\t\t\t<div class=\"elementor-widget-wrap elementor-element-populated\">\n\t\t\t\t\t\t<div class=\"elementor-element elementor-element-3f8abedb elementor-widget__width-inherit elementor--h-position-center elementor--v-position-middle elementor-arrows-position-inside elementor-widget elementor-widget-slides\" data-id=\"3f8abedb\" data-element_type=\"widget\" data-settings=\"{&quot;navigation&quot;:&quot;arrows&quot;,&quot;motion_fx_motion_fx_scrolling&quot;:&quot;yes&quot;,&quot;autoplay&quot;:&quot;yes&quot;,&quot;pause_on_hover&quot;:&quot;yes&quot;,&quot;pause_on_interaction&quot;:&quot;yes&quot;,&quot;autoplay_speed&quot;:5000,&quot;infinite&quot;:&quot;yes&quot;,&quot;transition&quot;:&quot;slide&quot;,&quot;transition_speed&quot;:500,&quot;motion_fx_devices&quot;:[&quot;desktop&quot;,&quot;tablet&quot;,&quot;mobile&quot;]}\" data-widget_type=\"slides.default\">\n\t\t\t\t<div class=\"elementor-widget-container\">\n\t\t\t\t\t<div class=\"elementor-swiper\">\n\t\t\t<div class=\"elementor-slides-wrapper elementor-main-swiper swiper\" dir=\"ltr\" data-animation=\"fadeInUp\">\n\t\t\t\t<div class=\"swiper-wrapper elementor-slides\">\n\t\t\t\t\t\t\t\t\t\t<div class=\"elementor-repeater-item-378399b swiper-slide\"><div class=\"swiper-slide-bg\" role=\"img\"><\/div><div class=\"elementor-background-overlay\"><\/div><div class=\"swiper-slide-inner\" ><div class=\"swiper-slide-contents\"><div class=\"elementor-slide-heading\">VICEPRESIDENCIA DE INVESTIGACI\u00d3N<\/div><\/div><\/div><\/div>\t\t\t\t<\/div>\n\t\t\t\t\t\t\t<\/div>\n\t\t<\/div>\n\t\t\t\t<\/div>\n\t\t\t\t<\/div>\n\t\t\t\t\t<\/div>\n\t\t<\/div>\n\t\t\t\t\t<\/div>\n\t\t<\/section>\n\t\t\t\t<section class=\"elementor-section elementor-top-section elementor-element elementor-element-2b41355b elementor-section-boxed elementor-section-height-default elementor-section-height-default\" data-id=\"2b41355b\" data-element_type=\"section\" data-settings=\"{&quot;background_background&quot;:&quot;classic&quot;}\">\n\t\t\t\t\t\t<div class=\"elementor-container elementor-column-gap-default\">\n\t\t\t\t\t<div class=\"elementor-column elementor-col-100 elementor-top-column elementor-element elementor-element-3721556c\" data-id=\"3721556c\" data-element_type=\"column\">\n\t\t\t<div class=\"elementor-widget-wrap elementor-element-populated\">\n\t\t\t\t\t\t<div class=\"elementor-element elementor-element-30c8765 elementor-nav-menu__align-start elementor-widget__width-initial elementor-nav-menu--dropdown-tablet elementor-nav-menu__text-align-aside elementor-nav-menu--toggle elementor-nav-menu--burger elementor-widget elementor-widget-nav-menu\" data-id=\"30c8765\" data-element_type=\"widget\" data-settings=\"{&quot;layout&quot;:&quot;horizontal&quot;,&quot;submenu_icon&quot;:{&quot;value&quot;:&quot;&lt;i class=\\&quot;fas fa-caret-down\\&quot;&gt;&lt;\\\/i&gt;&quot;,&quot;library&quot;:&quot;fa-solid&quot;},&quot;toggle&quot;:&quot;burger&quot;}\" data-widget_type=\"nav-menu.default\">\n\t\t\t\t<div class=\"elementor-widget-container\">\n\t\t\t\t\t\t<nav aria-label=\"Men\u00fa\" class=\"elementor-nav-menu--main elementor-nav-menu__container elementor-nav-menu--layout-horizontal e--pointer-underline e--animation-fade\">\n\t\t\t\t<ul id=\"menu-1-30c8765\" class=\"elementor-nav-menu\"><li class=\"menu-item menu-item-type-custom menu-item-object-custom menu-item-1856\"><a href=\"https:\/\/www.undar.edu.pe\/index.php\/investigacion-vicepresidencia-de-investigacion-inicio\" class=\"elementor-item\">Inicio<\/a><\/li>\n<li class=\"menu-item menu-item-type-custom menu-item-object-custom menu-item-1857\"><a href=\"https:\/\/www.undar.edu.pe\/index.php\/investigacion-vicepresidencia-de-investigacion-organos-dependientes\" class=\"elementor-item\">\u00d3rganos dependientes<\/a><\/li>\n<li class=\"menu-item menu-item-type-custom menu-item-object-custom menu-item-1858\"><a href=\"https:\/\/www.undar.edu.pe\/index.php\/investigacion-vicepresidencia-de-investigacion-capacitaciones-y-eventos\" class=\"elementor-item\">Capacitaciones y eventos<\/a><\/li>\n<li class=\"menu-item menu-item-type-custom menu-item-object-custom menu-item-1859\"><a href=\"https:\/\/www.undar.edu.pe\/index.php\/investigacion-vicepresidencia-de-investigacion-informacion-de-interes\" class=\"elementor-item\">Informaci\u00f3n de inter\u00e9s<\/a><\/li>\n<li class=\"menu-item menu-item-type-post_type menu-item-object-page menu-item-62322\"><a href=\"http:\/\/www.undar.edu.pe\/index.php\/vicepresidencia-de-investigacion-docentes-investigadores\/\" class=\"elementor-item\">Docentes Investigadores<\/a><\/li>\n<\/ul>\t\t\t<\/nav>\n\t\t\t\t\t<div class=\"elementor-menu-toggle\" role=\"button\" tabindex=\"0\" aria-label=\"Alternar men\u00fa\" aria-expanded=\"false\">\n\t\t\t<i aria-hidden=\"true\" role=\"presentation\" class=\"elementor-menu-toggle__icon--open eicon-menu-bar\"><\/i><i aria-hidden=\"true\" role=\"presentation\" class=\"elementor-menu-toggle__icon--close eicon-close\"><\/i>\t\t\t<span class=\"elementor-screen-only\">Men\u00fa<\/span>\n\t\t<\/div>\n\t\t\t\t\t<nav class=\"elementor-nav-menu--dropdown elementor-nav-menu__container\" aria-hidden=\"true\">\n\t\t\t\t<ul id=\"menu-2-30c8765\" class=\"elementor-nav-menu\"><li class=\"menu-item menu-item-type-custom menu-item-object-custom menu-item-1856\"><a href=\"https:\/\/www.undar.edu.pe\/index.php\/investigacion-vicepresidencia-de-investigacion-inicio\" class=\"elementor-item\" tabindex=\"-1\">Inicio<\/a><\/li>\n<li class=\"menu-item menu-item-type-custom menu-item-object-custom menu-item-1857\"><a href=\"https:\/\/www.undar.edu.pe\/index.php\/investigacion-vicepresidencia-de-investigacion-organos-dependientes\" class=\"elementor-item\" tabindex=\"-1\">\u00d3rganos dependientes<\/a><\/li>\n<li class=\"menu-item menu-item-type-custom menu-item-object-custom menu-item-1858\"><a href=\"https:\/\/www.undar.edu.pe\/index.php\/investigacion-vicepresidencia-de-investigacion-capacitaciones-y-eventos\" class=\"elementor-item\" tabindex=\"-1\">Capacitaciones y eventos<\/a><\/li>\n<li class=\"menu-item menu-item-type-custom menu-item-object-custom menu-item-1859\"><a href=\"https:\/\/www.undar.edu.pe\/index.php\/investigacion-vicepresidencia-de-investigacion-informacion-de-interes\" class=\"elementor-item\" tabindex=\"-1\">Informaci\u00f3n de inter\u00e9s<\/a><\/li>\n<li class=\"menu-item menu-item-type-post_type menu-item-object-page menu-item-62322\"><a href=\"http:\/\/www.undar.edu.pe\/index.php\/vicepresidencia-de-investigacion-docentes-investigadores\/\" class=\"elementor-item\" tabindex=\"-1\">Docentes Investigadores<\/a><\/li>\n<\/ul>\t\t\t<\/nav>\n\t\t\t\t<\/div>\n\t\t\t\t<\/div>\n\t\t\t\t\t<\/div>\n\t\t<\/div>\n\t\t\t\t\t<\/div>\n\t\t<\/section>\n\t\t\t\t<section class=\"elementor-section elementor-top-section elementor-element elementor-element-ef3ac15 elementor-section-boxed elementor-section-height-default elementor-section-height-default\" data-id=\"ef3ac15\" data-element_type=\"section\">\n\t\t\t\t\t\t<div class=\"elementor-container elementor-column-gap-default\">\n\t\t\t\t\t<div class=\"elementor-column elementor-col-100 elementor-top-column elementor-element elementor-element-563d2fb\" data-id=\"563d2fb\" data-element_type=\"column\">\n\t\t\t<div class=\"elementor-widget-wrap elementor-element-populated\">\n\t\t\t\t\t\t<div class=\"elementor-element elementor-element-97fd665 elementor-widget elementor-widget-heading\" data-id=\"97fd665\" data-element_type=\"widget\" data-widget_type=\"heading.default\">\n\t\t\t\t<div class=\"elementor-widget-container\">\n\t\t\t<h6 class=\"elementor-heading-title elementor-size-small\"><b>Universidad Nacional Daniel Alom\u00eda Robles<\/b> - Investigaci\u00f3n - Vicepresidencia de Investigaci\u00f3n - Informaci\u00f3n de inter\u00e9s<\/h6>\t\t<\/div>\n\t\t\t\t<\/div>\n\t\t\t\t\t<\/div>\n\t\t<\/div>\n\t\t\t\t\t<\/div>\n\t\t<\/section>\n\t\t\t\t<section class=\"elementor-section elementor-top-section elementor-element elementor-element-30a54f elementor-section-boxed elementor-section-height-default elementor-section-height-default\" data-id=\"30a54f\" data-element_type=\"section\">\n\t\t\t\t\t\t<div class=\"elementor-container elementor-column-gap-default\">\n\t\t\t\t\t<div class=\"elementor-column elementor-col-100 elementor-top-column elementor-element elementor-element-08a53b3\" data-id=\"08a53b3\" data-element_type=\"column\">\n\t\t\t<div class=\"elementor-widget-wrap elementor-element-populated\">\n\t\t\t\t\t\t<div class=\"elementor-element elementor-element-e9a1175 elementor-widget elementor-widget-heading\" data-id=\"e9a1175\" data-element_type=\"widget\" data-widget_type=\"heading.default\">\n\t\t\t\t<div class=\"elementor-widget-container\">\n\t\t\t<h2 class=\"elementor-heading-title elementor-size-default\">MEMORIA ANUAL<\/h2>\t\t<\/div>\n\t\t\t\t<\/div>\n\t\t\t\t\t<\/div>\n\t\t<\/div>\n\t\t\t\t\t<\/div>\n\t\t<\/section>\n\t\t\t\t<section class=\"elementor-section elementor-top-section elementor-element elementor-element-128bddb elementor-section-boxed elementor-section-height-default elementor-section-height-default\" data-id=\"128bddb\" data-element_type=\"section\">\n\t\t\t\t\t\t<div class=\"elementor-container elementor-column-gap-default\">\n\t\t\t\t\t<div class=\"elementor-column elementor-col-100 elementor-top-column elementor-element elementor-element-6371027\" data-id=\"6371027\" data-element_type=\"column\">\n\t\t\t<div class=\"elementor-widget-wrap elementor-element-populated\">\n\t\t\t\t\t\t<section class=\"elementor-section elementor-inner-section elementor-element elementor-element-38bdd5f elementor-section-boxed elementor-section-height-default elementor-section-height-default\" data-id=\"38bdd5f\" data-element_type=\"section\">\n\t\t\t\t\t\t<div class=\"elementor-container elementor-column-gap-default\">\n\t\t\t\t\t<div class=\"elementor-column elementor-col-50 elementor-inner-column elementor-element elementor-element-cf26e32\" data-id=\"cf26e32\" data-element_type=\"column\">\n\t\t\t<div class=\"elementor-widget-wrap elementor-element-populated\">\n\t\t\t\t\t\t<div class=\"elementor-element elementor-element-07a197e elementor-widget elementor-widget-image\" data-id=\"07a197e\" data-element_type=\"widget\" data-widget_type=\"image.default\">\n\t\t\t\t<div class=\"elementor-widget-container\">\n\t\t\t\t\t\t\t\t\t\t\t\t\t\t<a href=\"http:\/\/www.undar.edu.pe\/wp-content\/uploads\/2026\/02\/MEMORIA-VPI-UNDAR-2025-1_compressed.pdf\" target=\"_blank\">\n\t\t\t\t\t\t\t<img decoding=\"async\" src=\"http:\/\/www.undar.edu.pe\/wp-content\/uploads\/elementor\/thumbs\/Mesa-de-trabajo-2-pagzsqywrx02odgjg0130mwl7x35wql6f9pxixgrvk.png\" title=\"Documento PDF\" alt=\"\u00cdcono de documento PDF\" loading=\"lazy\" \/>\t\t\t\t\t\t\t\t<\/a>\n\t\t\t\t\t\t\t\t\t\t\t\t\t<\/div>\n\t\t\t\t<\/div>\n\t\t\t\t\t<\/div>\n\t\t<\/div>\n\t\t\t\t<div class=\"elementor-column elementor-col-50 elementor-inner-column elementor-element elementor-element-4c22430\" data-id=\"4c22430\" data-element_type=\"column\">\n\t\t\t<div class=\"elementor-widget-wrap elementor-element-populated\">\n\t\t\t\t\t\t<div class=\"elementor-element elementor-element-39f77ee elementor-widget elementor-widget-text-editor\" data-id=\"39f77ee\" data-element_type=\"widget\" data-widget_type=\"text-editor.default\">\n\t\t\t\t<div class=\"elementor-widget-container\">\n\t\t\t\t\t\t\t<p><strong>Memoria Anual 2025<\/strong><\/p>\t\t\t\t\t\t<\/div>\n\t\t\t\t<\/div>\n\t\t\t\t\t<\/div>\n\t\t<\/div>\n\t\t\t\t\t<\/div>\n\t\t<\/section>\n\t\t\t\t\t<\/div>\n\t\t<\/div>\n\t\t\t\t\t<\/div>\n\t\t<\/section>\n\t\t\t\t<section class=\"elementor-section elementor-top-section elementor-element elementor-element-e99bca3 elementor-section-boxed elementor-section-height-default elementor-section-height-default\" data-id=\"e99bca3\" data-element_type=\"section\">\n\t\t\t\t\t\t<div class=\"elementor-container elementor-column-gap-default\">\n\t\t\t\t\t<div class=\"elementor-column elementor-col-100 elementor-top-column elementor-element elementor-element-a598fba\" data-id=\"a598fba\" data-element_type=\"column\">\n\t\t\t<div class=\"elementor-widget-wrap elementor-element-populated\">\n\t\t\t\t\t\t<section class=\"elementor-section elementor-inner-section elementor-element elementor-element-95b7136 elementor-section-boxed elementor-section-height-default elementor-section-height-default\" data-id=\"95b7136\" data-element_type=\"section\">\n\t\t\t\t\t\t<div class=\"elementor-container elementor-column-gap-default\">\n\t\t\t\t\t<div class=\"elementor-column elementor-col-50 elementor-inner-column elementor-element elementor-element-4bcf252\" data-id=\"4bcf252\" data-element_type=\"column\">\n\t\t\t<div class=\"elementor-widget-wrap elementor-element-populated\">\n\t\t\t\t\t\t<div class=\"elementor-element elementor-element-5170f9b elementor-widget elementor-widget-image\" data-id=\"5170f9b\" data-element_type=\"widget\" data-widget_type=\"image.default\">\n\t\t\t\t<div class=\"elementor-widget-container\">\n\t\t\t\t\t\t\t\t\t\t\t\t\t\t<a href=\"http:\/\/www.undar.edu.pe\/wp-content\/uploads\/2025\/07\/MEMORIA-VPI-2024.pdf\" target=\"_blank\">\n\t\t\t\t\t\t\t<img decoding=\"async\" src=\"http:\/\/www.undar.edu.pe\/wp-content\/uploads\/elementor\/thumbs\/Mesa-de-trabajo-2-pagzsqywrx02odgjg0130mwl7x35wql6f9pxixgrvk.png\" title=\"Documento PDF\" alt=\"\u00cdcono de documento PDF\" loading=\"lazy\" \/>\t\t\t\t\t\t\t\t<\/a>\n\t\t\t\t\t\t\t\t\t\t\t\t\t<\/div>\n\t\t\t\t<\/div>\n\t\t\t\t\t<\/div>\n\t\t<\/div>\n\t\t\t\t<div class=\"elementor-column elementor-col-50 elementor-inner-column elementor-element elementor-element-f12286a\" data-id=\"f12286a\" data-element_type=\"column\">\n\t\t\t<div class=\"elementor-widget-wrap elementor-element-populated\">\n\t\t\t\t\t\t<div class=\"elementor-element elementor-element-b00a819 elementor-widget elementor-widget-text-editor\" data-id=\"b00a819\" data-element_type=\"widget\" data-widget_type=\"text-editor.default\">\n\t\t\t\t<div class=\"elementor-widget-container\">\n\t\t\t\t\t\t\t<p><strong>Memoria Anual 2024<\/strong><\/p>\t\t\t\t\t\t<\/div>\n\t\t\t\t<\/div>\n\t\t\t\t\t<\/div>\n\t\t<\/div>\n\t\t\t\t\t<\/div>\n\t\t<\/section>\n\t\t\t\t\t<\/div>\n\t\t<\/div>\n\t\t\t\t\t<\/div>\n\t\t<\/section>\n\t\t\t\t<section class=\"elementor-section elementor-top-section elementor-element elementor-element-198d60d elementor-section-boxed elementor-section-height-default elementor-section-height-default\" data-id=\"198d60d\" data-element_type=\"section\">\n\t\t\t\t\t\t<div class=\"elementor-container elementor-column-gap-default\">\n\t\t\t\t\t<div class=\"elementor-column elementor-col-100 elementor-top-column elementor-element elementor-element-882d489\" data-id=\"882d489\" data-element_type=\"column\">\n\t\t\t<div class=\"elementor-widget-wrap elementor-element-populated\">\n\t\t\t\t\t\t<div class=\"elementor-element elementor-element-93a62e0 elementor-widget elementor-widget-heading\" data-id=\"93a62e0\" data-element_type=\"widget\" data-widget_type=\"heading.default\">\n\t\t\t\t<div class=\"elementor-widget-container\">\n\t\t\t<h2 class=\"elementor-heading-title elementor-size-default\">REGLAMENTO<\/h2>\t\t<\/div>\n\t\t\t\t<\/div>\n\t\t\t\t\t<\/div>\n\t\t<\/div>\n\t\t\t\t\t<\/div>\n\t\t<\/section>\n\t\t\t\t<section class=\"elementor-section elementor-top-section elementor-element elementor-element-062b3bc elementor-section-boxed elementor-section-height-default elementor-section-height-default\" data-id=\"062b3bc\" data-element_type=\"section\">\n\t\t\t\t\t\t<div class=\"elementor-container elementor-column-gap-default\">\n\t\t\t\t\t<div class=\"elementor-column elementor-col-100 elementor-top-column elementor-element elementor-element-2a2260e\" data-id=\"2a2260e\" data-element_type=\"column\">\n\t\t\t<div class=\"elementor-widget-wrap elementor-element-populated\">\n\t\t\t\t\t\t<section class=\"elementor-section elementor-inner-section elementor-element elementor-element-7456aab elementor-section-boxed elementor-section-height-default elementor-section-height-default\" data-id=\"7456aab\" data-element_type=\"section\">\n\t\t\t\t\t\t<div class=\"elementor-container elementor-column-gap-default\">\n\t\t\t\t\t<div class=\"elementor-column elementor-col-50 elementor-inner-column elementor-element elementor-element-b50af3d\" data-id=\"b50af3d\" data-element_type=\"column\">\n\t\t\t<div class=\"elementor-widget-wrap elementor-element-populated\">\n\t\t\t\t\t\t<div class=\"elementor-element elementor-element-3022afe elementor-widget elementor-widget-image\" data-id=\"3022afe\" data-element_type=\"widget\" data-widget_type=\"image.default\">\n\t\t\t\t<div class=\"elementor-widget-container\">\n\t\t\t\t\t\t\t\t\t\t\t\t\t<img decoding=\"async\" src=\"http:\/\/www.undar.edu.pe\/wp-content\/uploads\/elementor\/thumbs\/Mesa-de-trabajo-2-pagzsqywrx02odgjg0130mwl7x35wql6f9pxixgrvk.png\" title=\"Documento PDF\" alt=\"\u00cdcono de documento PDF\" loading=\"lazy\" \/>\t\t\t\t\t\t\t\t\t\t\t\t\t<\/div>\n\t\t\t\t<\/div>\n\t\t\t\t\t<\/div>\n\t\t<\/div>\n\t\t\t\t<div class=\"elementor-column elementor-col-50 elementor-inner-column elementor-element elementor-element-ffc2a0f\" data-id=\"ffc2a0f\" data-element_type=\"column\">\n\t\t\t<div class=\"elementor-widget-wrap elementor-element-populated\">\n\t\t\t\t\t\t<div class=\"elementor-element elementor-element-9e4062a elementor-widget elementor-widget-text-editor\" data-id=\"9e4062a\" data-element_type=\"widget\" data-widget_type=\"text-editor.default\">\n\t\t\t\t<div class=\"elementor-widget-container\">\n\t\t\t\t\t\t\t<p><strong>Reglamento de Investigaci\u00f3n<\/strong><\/p>\t\t\t\t\t\t<\/div>\n\t\t\t\t<\/div>\n\t\t\t\t\t<\/div>\n\t\t<\/div>\n\t\t\t\t\t<\/div>\n\t\t<\/section>\n\t\t\t\t\t<\/div>\n\t\t<\/div>\n\t\t\t\t\t<\/div>\n\t\t<\/section>\n\t\t\t\t<section class=\"elementor-section elementor-top-section elementor-element elementor-element-1409117 elementor-section-boxed elementor-section-height-default elementor-section-height-default\" data-id=\"1409117\" data-element_type=\"section\">\n\t\t\t\t\t\t<div class=\"elementor-container elementor-column-gap-default\">\n\t\t\t\t\t<div class=\"elementor-column elementor-col-100 elementor-top-column elementor-element elementor-element-7fe3432\" data-id=\"7fe3432\" data-element_type=\"column\">\n\t\t\t<div class=\"elementor-widget-wrap elementor-element-populated\">\n\t\t\t\t\t\t<div class=\"elementor-element elementor-element-e3bfd51 elementor-widget elementor-widget-text-editor\" data-id=\"e3bfd51\" data-element_type=\"widget\" data-widget_type=\"text-editor.default\">\n\t\t\t\t<div class=\"elementor-widget-container\">\n\t\t\t\t\t\t\t<p><span style=\"color: #343434;\"><button id=\"listenButton1\" class=\"responsivevoice-button\" type=\"button\" value=\"Play\" title=\"ResponsiveVoice Tap to Start\/Stop Speech\"><span>&#128266; Listen to this<\/span><\/button>\n        <script>\n            listenButton1.onclick = function(){\n                if(responsiveVoice.isPlaying()){\n                    responsiveVoice.cancel();\n                }else{\n                    responsiveVoice.speak(\"VICEPRESIDENCIA DE INVESTIGACI\u00d3N Universidad Nacional Daniel Alom\u00eda Robles - Investigaci\u00f3n - Vicepresidencia de Investigaci\u00f3n - Informaci\u00f3n de inter\u00e9s MEMORIA ANUAL Memoria Anual 2025 Memoria Anual 2024 REGLAMENTO Reglamento de Investigaci\u00f3n\u00a0\", \"UK English Female\");\n                }\n            };\n        <\/script>\n    \u00a0<\/span><\/p>\t\t\t\t\t\t<\/div>\n\t\t\t\t<\/div>\n\t\t\t\t\t<\/div>\n\t\t<\/div>\n\t\t\t\t\t<\/div>\n\t\t<\/section>\n\t\t\t\t<\/div>\n\t\t","protected":false},"excerpt":{"rendered":"<p>VICEPRESIDENCIA DE INVESTIGACI\u00d3N Universidad Nacional Daniel Alom\u00eda Robles &#8211; Investigaci\u00f3n &#8211; Vicepresidencia de Investigaci\u00f3n &#8211; Informaci\u00f3n de inter\u00e9s MEMORIA ANUAL Memoria Anual 2025 Memoria Anual 2024 REGLAMENTO Reglamento de Investigaci\u00f3n \u00a0<\/p>\n","protected":false},"author":1,"featured_media":0,"parent":0,"menu_order":0,"comment_status":"closed","ping_status":"closed","template":"","meta":{"_uf_show_specific_survey":0,"_uf_disable_surveys":false,"footnotes":""},"class_list":["post-1870","page","type-page","status-publish","hentry"],"aioseo_notices":[],"_links":{"self":[{"href":"http:\/\/www.undar.edu.pe\/index.php\/wp-json\/wp\/v2\/pages\/1870","targetHints":{"allow":["GET"]}}],"collection":[{"href":"http:\/\/www.undar.edu.pe\/index.php\/wp-json\/wp\/v2\/pages"}],"about":[{"href":"http:\/\/www.undar.edu.pe\/index.php\/wp-json\/wp\/v2\/types\/page"}],"author":[{"embeddable":true,"href":"http:\/\/www.undar.edu.pe\/index.php\/wp-json\/wp\/v2\/users\/1"}],"replies":[{"embeddable":true,"href":"http:\/\/www.undar.edu.pe\/index.php\/wp-json\/wp\/v2\/comments?post=1870"}],"version-history":[{"count":139,"href":"http:\/\/www.undar.edu.pe\/index.php\/wp-json\/wp\/v2\/pages\/1870\/revisions"}],"predecessor-version":[{"id":64569,"href":"http:\/\/www.undar.edu.pe\/index.php\/wp-json\/wp\/v2\/pages\/1870\/revisions\/64569"}],"wp:attachment":[{"href":"http:\/\/www.undar.edu.pe\/index.php\/wp-json\/wp\/v2\/media?parent=1870"}],"curies":[{"name":"wp","href":"https:\/\/api.w.org\/{rel}","templated":true}]}}